{"id":99501,"date":"2026-01-27T11:23:08","date_gmt":"2026-01-27T10:23:08","guid":{"rendered":"https:\/\/www.profumixluxurybrands.it\/?post_type=product&#038;p=99501"},"modified":"2026-01-27T11:41:50","modified_gmt":"2026-01-27T10:41:50","slug":"jonathan-blanc-parfumerie-francaise-deliceuse-creme-brulee-50ml-extrait-de-parfum-spray","status":"publish","type":"product","link":"https:\/\/www.profumixluxurybrands.it\/en\/brands\/jonathan-blanc-parfumerie-francaise-deliceuse-creme-brulee-50ml-extrait-de-parfum-spray\/","title":{"rendered":"JONATHAN BLANC PARFUMERIE FRAN\u00c7AISE D\u00c9LICEUSE CR\u00c8ME BRUL\u00c9E 50ML EXTRAIT DE PARFUM SPRAY"},"content":{"rendered":"","protected":false},"excerpt":{"rendered":"<div class=\"lRu31\" dir=\"ltr\"><span class=\"HwtZe\" lang=\"it\"><span class=\"jCAhz ChMk0b\"><span class=\"ryNqvb\">At the heart of this olfactory composition, Madagascar vanilla unfolds its richness and depth, creating a sweet and captivating first impression.<\/span><\/span> <span class=\"jCAhz ChMk0b\"><span class=\"ryNqvb\">The amber jewels of caramelized cane sugar blend harmoniously, bringing a soft and deliciously comforting touch, while tonka bean, with its woody and vanilla accents, gives a sensual and enveloping dimension.<\/span><\/span><\/span><\/div>\n<div class=\"lRu31\" dir=\"ltr\"><span class=\"HwtZe\" lang=\"it\"> <span class=\"jCAhz ChMk0b\"><span class=\"ryNqvb\">Each splash of this fragrance reveals a gourmand sensory bouquet, reminiscent of the magical moment when a spoon breaks the thin caramelized layer of the cr\u00e8me br\u00fbl\u00e9e.<\/span><\/span> <\/span><\/div>\n<div dir=\"ltr\"><\/div>\n<div class=\"lRu31\" dir=\"ltr\">\n<p><span class=\"HwtZe\" lang=\"it\"><span class=\"jCAhz ChMk0b\"><span class=\"ryNqvb\">&#8220;D\u00e9licieuse Cr\u00e8me Br\u00fbl\u00e9e&#8221; by Jonathan Blanc is much more than a fragrance: it is an olfactory experience that transports you on a unique journey, awakening your senses and creating unforgettable memories.<\/span><\/span> <span class=\"jCAhz ChMk0b\"><span class=\"ryNqvb\">Let yourself be enchanted by the magic of this fragrance that transcends time and space to offer you captivating elegance, exquisite delicacy and enveloping warmth at all times.<\/span><\/span> <span class=\"jCAhz ChMk0b\"><span class=\"ryNqvb\">Discover this exceptional olfactory experience and create unique scented memories.<\/span><\/span><\/span><\/p>\n<div class=\"OvtS8d\"><\/div>\n<div class=\"NQSJo\"><\/div>\n<\/div>\n<div class=\"UdTY9 WdefRb\" aria-hidden=\"true\" data-location=\"2\">\n<div class=\"kO6q6e\"><\/div>\n<\/div>\n","protected":false},"featured_media":99503,"comment_status":"open","ping_status":"closed","template":"","meta":{"_et_pb_use_builder":"","_et_pb_old_content":"","_et_gb_content_width":"","_themeisle_gutenberg_block_has_review":false},"product_brand":[],"product_cat":[4879,4857,4874,4888,7183,4891,4865,4887,6787,4860],"product_tag":[],"class_list":{"0":"post-99501","1":"product","2":"type-product","3":"status-publish","4":"has-post-thumbnail","6":"product_cat-brands-en","7":"product_cat-fragrances","8":"product_cat-gourmand-en","9":"product_cat-in-evidence","10":"product_cat-jonathan-blanc","11":"product_cat-prodotti_luxury","12":"product_cat-olfactory-families","13":"product_cat-products","14":"product_cat-samples-en","15":"product_cat-unisex-fragrances","16":"pa_categoria_desc-unisex-perfumes","17":"pa_confezione_desc-original-blister-box","18":"pa_formato_filtro-10ml-en","19":"pa_formato_filtro-2ml-en","20":"pa_formato_filtro-50ml-en","21":"pa_produttore-jonathan-blanc","22":"pa_spedizione_gratuita-no-en","23":"pa_tipo_filtro-extrait-de-parfum","25":"first","26":"instock","27":"shipping-taxable","28":"purchasable","29":"product-type-variable"},"yoast_head":"<!-- This site is optimized with the Yoast SEO plugin v27.4 - https:\/\/yoast.com\/product\/yoast-seo-wordpress\/ -->\n<title>JONATHAN BLANC PARFUMERIE FRAN\u00c7AISE D\u00c9LICEUSE CR\u00c8ME BRUL\u00c9E 50ML EXTRAIT DE PARFUM SPRAY<\/title>\n<meta name=\"robots\" content=\"index, follow, max-snippet:-1, max-image-preview:large, max-video-preview:-1\" \/>\n<link rel=\"canonical\" href=\"https:\/\/www.profumixluxurybrands.it\/en\/brands\/jonathan-blanc-parfumerie-francaise-deliceuse-creme-brulee-50ml-extrait-de-parfum-spray\/\" \/>\n<meta property=\"og:locale\" content=\"en_US\" \/>\n<meta property=\"og:type\" content=\"article\" \/>\n<meta property=\"og:title\" content=\"JONATHAN BLANC PARFUMERIE FRAN\u00c7AISE D\u00c9LICEUSE CR\u00c8ME BRUL\u00c9E 50ML EXTRAIT DE PARFUM SPRAY\" \/>\n<meta property=\"og:description\" content=\"At the heart of this olfactory composition, Madagascar vanilla unfolds its richness and depth, creating a sweet and captivating first impression. The amber jewels of caramelized cane sugar blend harmoniously, bringing a soft and deliciously comforting touch, while tonka bean, with its woody and vanilla accents, gives a sensual and enveloping dimension.  Each splash of this fragrance reveals a gourmand sensory bouquet, reminiscent of the magical moment when a spoon breaks the thin caramelized layer of the cr\u00e8me br\u00fbl\u00e9e.     &quot;D\u00e9licieuse Cr\u00e8me Br\u00fbl\u00e9e&quot; by Jonathan Blanc is much more than a fragrance: it is an olfactory experience that transports you on a unique journey, awakening your senses and creating unforgettable memories. Let yourself be enchanted by the magic of this fragrance that transcends time and space to offer you captivating elegance, exquisite delicacy and enveloping warmth at all times. Discover this exceptional olfactory experience and create unique scented memories.\" \/>\n<meta property=\"og:url\" content=\"https:\/\/www.profumixluxurybrands.it\/en\/brands\/jonathan-blanc-parfumerie-francaise-deliceuse-creme-brulee-50ml-extrait-de-parfum-spray\/\" \/>\n<meta property=\"og:site_name\" content=\"Profumix Luxury Perfumes\" \/>\n<meta property=\"article:publisher\" content=\"https:\/\/www.facebook.com\/profumix\" \/>\n<meta property=\"article:modified_time\" content=\"2026-01-27T10:41:50+00:00\" \/>\n<meta property=\"og:image\" content=\"https:\/\/www.profumixluxurybrands.it\/wp-content\/uploads\/2026\/01\/DELICIEUSE_CREME_BRULEE.jpg\" \/>\n\t<meta property=\"og:image:width\" content=\"1512\" \/>\n\t<meta property=\"og:image:height\" content=\"1512\" \/>\n\t<meta property=\"og:image:type\" content=\"image\/jpeg\" \/>\n<meta name=\"twitter:card\" content=\"summary_large_image\" \/>\n<meta name=\"twitter:label1\" content=\"Est. reading time\" \/>\n\t<meta name=\"twitter:data1\" content=\"1 minute\" \/>\n<script type=\"application\/ld+json\" class=\"yoast-schema-graph\">{\"@context\":\"https:\\\/\\\/schema.org\",\"@graph\":[{\"@type\":\"WebPage\",\"@id\":\"https:\\\/\\\/www.profumixluxurybrands.it\\\/en\\\/brands\\\/jonathan-blanc-parfumerie-francaise-deliceuse-creme-brulee-50ml-extrait-de-parfum-spray\\\/\",\"url\":\"https:\\\/\\\/www.profumixluxurybrands.it\\\/en\\\/brands\\\/jonathan-blanc-parfumerie-francaise-deliceuse-creme-brulee-50ml-extrait-de-parfum-spray\\\/\",\"name\":\"JONATHAN BLANC PARFUMERIE FRAN\u00c7AISE D\u00c9LICEUSE CR\u00c8ME BRUL\u00c9E 50ML EXTRAIT DE PARFUM SPRAY\",\"isPartOf\":{\"@id\":\"https:\\\/\\\/www.profumixluxurybrands.it\\\/en\\\/#website\"},\"primaryImageOfPage\":{\"@id\":\"https:\\\/\\\/www.profumixluxurybrands.it\\\/en\\\/brands\\\/jonathan-blanc-parfumerie-francaise-deliceuse-creme-brulee-50ml-extrait-de-parfum-spray\\\/#primaryimage\"},\"image\":{\"@id\":\"https:\\\/\\\/www.profumixluxurybrands.it\\\/en\\\/brands\\\/jonathan-blanc-parfumerie-francaise-deliceuse-creme-brulee-50ml-extrait-de-parfum-spray\\\/#primaryimage\"},\"thumbnailUrl\":\"https:\\\/\\\/www.profumixluxurybrands.it\\\/wp-content\\\/uploads\\\/2026\\\/01\\\/DELICIEUSE_CREME_BRULEE.jpg\",\"datePublished\":\"2026-01-27T10:23:08+00:00\",\"dateModified\":\"2026-01-27T10:41:50+00:00\",\"breadcrumb\":{\"@id\":\"https:\\\/\\\/www.profumixluxurybrands.it\\\/en\\\/brands\\\/jonathan-blanc-parfumerie-francaise-deliceuse-creme-brulee-50ml-extrait-de-parfum-spray\\\/#breadcrumb\"},\"inLanguage\":\"en-US\",\"potentialAction\":[{\"@type\":\"ReadAction\",\"target\":[\"https:\\\/\\\/www.profumixluxurybrands.it\\\/en\\\/brands\\\/jonathan-blanc-parfumerie-francaise-deliceuse-creme-brulee-50ml-extrait-de-parfum-spray\\\/\"]}]},{\"@type\":\"ImageObject\",\"inLanguage\":\"en-US\",\"@id\":\"https:\\\/\\\/www.profumixluxurybrands.it\\\/en\\\/brands\\\/jonathan-blanc-parfumerie-francaise-deliceuse-creme-brulee-50ml-extrait-de-parfum-spray\\\/#primaryimage\",\"url\":\"https:\\\/\\\/www.profumixluxurybrands.it\\\/wp-content\\\/uploads\\\/2026\\\/01\\\/DELICIEUSE_CREME_BRULEE.jpg\",\"contentUrl\":\"https:\\\/\\\/www.profumixluxurybrands.it\\\/wp-content\\\/uploads\\\/2026\\\/01\\\/DELICIEUSE_CREME_BRULEE.jpg\",\"width\":1512,\"height\":1512},{\"@type\":\"BreadcrumbList\",\"@id\":\"https:\\\/\\\/www.profumixluxurybrands.it\\\/en\\\/brands\\\/jonathan-blanc-parfumerie-francaise-deliceuse-creme-brulee-50ml-extrait-de-parfum-spray\\\/#breadcrumb\",\"itemListElement\":[{\"@type\":\"ListItem\",\"position\":1,\"name\":\"Home\",\"item\":\"https:\\\/\\\/www.profumixluxurybrands.it\\\/en\\\/\"},{\"@type\":\"ListItem\",\"position\":2,\"name\":\"Shop\",\"item\":\"https:\\\/\\\/www.profumixluxurybrands.it\\\/en\\\/shop\\\/\"},{\"@type\":\"ListItem\",\"position\":3,\"name\":\"JONATHAN BLANC\",\"item\":\"https:\\\/\\\/www.profumixluxurybrands.it\\\/en\\\/produttore\\\/jonathan-blanc\\\/\"},{\"@type\":\"ListItem\",\"position\":4,\"name\":\"JONATHAN BLANC PARFUMERIE FRAN\u00c7AISE D\u00c9LICEUSE CR\u00c8ME BRUL\u00c9E 50ML EXTRAIT DE PARFUM SPRAY\"}]},{\"@type\":\"WebSite\",\"@id\":\"https:\\\/\\\/www.profumixluxurybrands.it\\\/en\\\/#website\",\"url\":\"https:\\\/\\\/www.profumixluxurybrands.it\\\/en\\\/\",\"name\":\"Profumix Luxury Perfumes\",\"description\":\"\",\"publisher\":{\"@id\":\"https:\\\/\\\/www.profumixluxurybrands.it\\\/en\\\/#organization\"},\"potentialAction\":[{\"@type\":\"SearchAction\",\"target\":{\"@type\":\"EntryPoint\",\"urlTemplate\":\"https:\\\/\\\/www.profumixluxurybrands.it\\\/en\\\/?s={search_term_string}\"},\"query-input\":{\"@type\":\"PropertyValueSpecification\",\"valueRequired\":true,\"valueName\":\"search_term_string\"}}],\"inLanguage\":\"en-US\"},{\"@type\":\"Organization\",\"@id\":\"https:\\\/\\\/www.profumixluxurybrands.it\\\/en\\\/#organization\",\"name\":\"Profumix Luxury Perfumes\",\"url\":\"https:\\\/\\\/www.profumixluxurybrands.it\\\/en\\\/\",\"logo\":{\"@type\":\"ImageObject\",\"inLanguage\":\"en-US\",\"@id\":\"https:\\\/\\\/www.profumixluxurybrands.it\\\/en\\\/#\\\/schema\\\/logo\\\/image\\\/\",\"url\":\"https:\\\/\\\/www.profumixluxurybrands.it\\\/wp-content\\\/uploads\\\/2022\\\/09\\\/logo-profumixluxury-ev.png\",\"contentUrl\":\"https:\\\/\\\/www.profumixluxurybrands.it\\\/wp-content\\\/uploads\\\/2022\\\/09\\\/logo-profumixluxury-ev.png\",\"width\":374,\"height\":176,\"caption\":\"Profumix Luxury Perfumes\"},\"image\":{\"@id\":\"https:\\\/\\\/www.profumixluxurybrands.it\\\/en\\\/#\\\/schema\\\/logo\\\/image\\\/\"},\"sameAs\":[\"https:\\\/\\\/www.facebook.com\\\/profumix\",\"https:\\\/\\\/www.instagram.com\\\/profumix_luxury_brands\\\/\"]}]}<\/script>\n<!-- \/ Yoast SEO plugin. -->","yoast_head_json":{"title":"JONATHAN BLANC PARFUMERIE FRAN\u00c7AISE D\u00c9LICEUSE CR\u00c8ME BRUL\u00c9E 50ML EXTRAIT DE PARFUM SPRAY","robots":{"index":"index","follow":"follow","max-snippet":"max-snippet:-1","max-image-preview":"max-image-preview:large","max-video-preview":"max-video-preview:-1"},"canonical":"https:\/\/www.profumixluxurybrands.it\/en\/brands\/jonathan-blanc-parfumerie-francaise-deliceuse-creme-brulee-50ml-extrait-de-parfum-spray\/","og_locale":"en_US","og_type":"article","og_title":"JONATHAN BLANC PARFUMERIE FRAN\u00c7AISE D\u00c9LICEUSE CR\u00c8ME BRUL\u00c9E 50ML EXTRAIT DE PARFUM SPRAY","og_description":"At the heart of this olfactory composition, Madagascar vanilla unfolds its richness and depth, creating a sweet and captivating first impression. The amber jewels of caramelized cane sugar blend harmoniously, bringing a soft and deliciously comforting touch, while tonka bean, with its woody and vanilla accents, gives a sensual and enveloping dimension.  Each splash of this fragrance reveals a gourmand sensory bouquet, reminiscent of the magical moment when a spoon breaks the thin caramelized layer of the cr\u00e8me br\u00fbl\u00e9e.     \"D\u00e9licieuse Cr\u00e8me Br\u00fbl\u00e9e\" by Jonathan Blanc is much more than a fragrance: it is an olfactory experience that transports you on a unique journey, awakening your senses and creating unforgettable memories. Let yourself be enchanted by the magic of this fragrance that transcends time and space to offer you captivating elegance, exquisite delicacy and enveloping warmth at all times. Discover this exceptional olfactory experience and create unique scented memories.","og_url":"https:\/\/www.profumixluxurybrands.it\/en\/brands\/jonathan-blanc-parfumerie-francaise-deliceuse-creme-brulee-50ml-extrait-de-parfum-spray\/","og_site_name":"Profumix Luxury Perfumes","article_publisher":"https:\/\/www.facebook.com\/profumix","article_modified_time":"2026-01-27T10:41:50+00:00","og_image":[{"width":1512,"height":1512,"url":"https:\/\/www.profumixluxurybrands.it\/wp-content\/uploads\/2026\/01\/DELICIEUSE_CREME_BRULEE.jpg","type":"image\/jpeg"}],"twitter_card":"summary_large_image","twitter_misc":{"Est. reading time":"1 minute"},"schema":{"@context":"https:\/\/schema.org","@graph":[{"@type":"WebPage","@id":"https:\/\/www.profumixluxurybrands.it\/en\/brands\/jonathan-blanc-parfumerie-francaise-deliceuse-creme-brulee-50ml-extrait-de-parfum-spray\/","url":"https:\/\/www.profumixluxurybrands.it\/en\/brands\/jonathan-blanc-parfumerie-francaise-deliceuse-creme-brulee-50ml-extrait-de-parfum-spray\/","name":"JONATHAN BLANC PARFUMERIE FRAN\u00c7AISE D\u00c9LICEUSE CR\u00c8ME BRUL\u00c9E 50ML EXTRAIT DE PARFUM SPRAY","isPartOf":{"@id":"https:\/\/www.profumixluxurybrands.it\/en\/#website"},"primaryImageOfPage":{"@id":"https:\/\/www.profumixluxurybrands.it\/en\/brands\/jonathan-blanc-parfumerie-francaise-deliceuse-creme-brulee-50ml-extrait-de-parfum-spray\/#primaryimage"},"image":{"@id":"https:\/\/www.profumixluxurybrands.it\/en\/brands\/jonathan-blanc-parfumerie-francaise-deliceuse-creme-brulee-50ml-extrait-de-parfum-spray\/#primaryimage"},"thumbnailUrl":"https:\/\/www.profumixluxurybrands.it\/wp-content\/uploads\/2026\/01\/DELICIEUSE_CREME_BRULEE.jpg","datePublished":"2026-01-27T10:23:08+00:00","dateModified":"2026-01-27T10:41:50+00:00","breadcrumb":{"@id":"https:\/\/www.profumixluxurybrands.it\/en\/brands\/jonathan-blanc-parfumerie-francaise-deliceuse-creme-brulee-50ml-extrait-de-parfum-spray\/#breadcrumb"},"inLanguage":"en-US","potentialAction":[{"@type":"ReadAction","target":["https:\/\/www.profumixluxurybrands.it\/en\/brands\/jonathan-blanc-parfumerie-francaise-deliceuse-creme-brulee-50ml-extrait-de-parfum-spray\/"]}]},{"@type":"ImageObject","inLanguage":"en-US","@id":"https:\/\/www.profumixluxurybrands.it\/en\/brands\/jonathan-blanc-parfumerie-francaise-deliceuse-creme-brulee-50ml-extrait-de-parfum-spray\/#primaryimage","url":"https:\/\/www.profumixluxurybrands.it\/wp-content\/uploads\/2026\/01\/DELICIEUSE_CREME_BRULEE.jpg","contentUrl":"https:\/\/www.profumixluxurybrands.it\/wp-content\/uploads\/2026\/01\/DELICIEUSE_CREME_BRULEE.jpg","width":1512,"height":1512},{"@type":"BreadcrumbList","@id":"https:\/\/www.profumixluxurybrands.it\/en\/brands\/jonathan-blanc-parfumerie-francaise-deliceuse-creme-brulee-50ml-extrait-de-parfum-spray\/#breadcrumb","itemListElement":[{"@type":"ListItem","position":1,"name":"Home","item":"https:\/\/www.profumixluxurybrands.it\/en\/"},{"@type":"ListItem","position":2,"name":"Shop","item":"https:\/\/www.profumixluxurybrands.it\/en\/shop\/"},{"@type":"ListItem","position":3,"name":"JONATHAN BLANC","item":"https:\/\/www.profumixluxurybrands.it\/en\/produttore\/jonathan-blanc\/"},{"@type":"ListItem","position":4,"name":"JONATHAN BLANC PARFUMERIE FRAN\u00c7AISE D\u00c9LICEUSE CR\u00c8ME BRUL\u00c9E 50ML EXTRAIT DE PARFUM SPRAY"}]},{"@type":"WebSite","@id":"https:\/\/www.profumixluxurybrands.it\/en\/#website","url":"https:\/\/www.profumixluxurybrands.it\/en\/","name":"Profumix Luxury Perfumes","description":"","publisher":{"@id":"https:\/\/www.profumixluxurybrands.it\/en\/#organization"},"potentialAction":[{"@type":"SearchAction","target":{"@type":"EntryPoint","urlTemplate":"https:\/\/www.profumixluxurybrands.it\/en\/?s={search_term_string}"},"query-input":{"@type":"PropertyValueSpecification","valueRequired":true,"valueName":"search_term_string"}}],"inLanguage":"en-US"},{"@type":"Organization","@id":"https:\/\/www.profumixluxurybrands.it\/en\/#organization","name":"Profumix Luxury Perfumes","url":"https:\/\/www.profumixluxurybrands.it\/en\/","logo":{"@type":"ImageObject","inLanguage":"en-US","@id":"https:\/\/www.profumixluxurybrands.it\/en\/#\/schema\/logo\/image\/","url":"https:\/\/www.profumixluxurybrands.it\/wp-content\/uploads\/2022\/09\/logo-profumixluxury-ev.png","contentUrl":"https:\/\/www.profumixluxurybrands.it\/wp-content\/uploads\/2022\/09\/logo-profumixluxury-ev.png","width":374,"height":176,"caption":"Profumix Luxury Perfumes"},"image":{"@id":"https:\/\/www.profumixluxurybrands.it\/en\/#\/schema\/logo\/image\/"},"sameAs":["https:\/\/www.facebook.com\/profumix","https:\/\/www.instagram.com\/profumix_luxury_brands\/"]}]}},"_links":{"self":[{"href":"https:\/\/www.profumixluxurybrands.it\/en\/wp-json\/wp\/v2\/product\/99501","targetHints":{"allow":["GET"]}}],"collection":[{"href":"https:\/\/www.profumixluxurybrands.it\/en\/wp-json\/wp\/v2\/product"}],"about":[{"href":"https:\/\/www.profumixluxurybrands.it\/en\/wp-json\/wp\/v2\/types\/product"}],"replies":[{"embeddable":true,"href":"https:\/\/www.profumixluxurybrands.it\/en\/wp-json\/wp\/v2\/comments?post=99501"}],"wp:featuredmedia":[{"embeddable":true,"href":"https:\/\/www.profumixluxurybrands.it\/en\/wp-json\/wp\/v2\/media\/99503"}],"wp:attachment":[{"href":"https:\/\/www.profumixluxurybrands.it\/en\/wp-json\/wp\/v2\/media?parent=99501"}],"wp:term":[{"taxonomy":"product_brand","embeddable":true,"href":"https:\/\/www.profumixluxurybrands.it\/en\/wp-json\/wp\/v2\/product_brand?post=99501"},{"taxonomy":"product_cat","embeddable":true,"href":"https:\/\/www.profumixluxurybrands.it\/en\/wp-json\/wp\/v2\/product_cat?post=99501"},{"taxonomy":"product_tag","embeddable":true,"href":"https:\/\/www.profumixluxurybrands.it\/en\/wp-json\/wp\/v2\/product_tag?post=99501"}],"curies":[{"name":"wp","href":"https:\/\/api.w.org\/{rel}","templated":true}]}}