{"id":96217,"date":"2025-10-23T10:53:29","date_gmt":"2025-10-23T08:53:29","guid":{"rendered":"https:\/\/www.profumixluxurybrands.it\/?post_type=product&#038;p=96217"},"modified":"2025-10-23T10:57:19","modified_gmt":"2025-10-23T08:57:19","slug":"maison-incens-encens-pyro-50ml-eau-de-parfum-spray","status":"publish","type":"product","link":"https:\/\/www.profumixluxurybrands.it\/en\/brands\/maison-incens-encens-pyro-50ml-eau-de-parfum-spray\/","title":{"rendered":"MAISON INCENS ENCENS PYRO 50ML EAU DE PARFUM SPRAY"},"content":{"rendered":"<p><span class=\"HwtZe\" lang=\"it\"><span class=\"jCAhz ChMk0b\"><span class=\"ryNqvb\">CREIAMO PROFUMI DIVERSI, CON UN SAPORE DI DESJ\u00c0-VU<\/span><\/span><\/span><\/p>\n<p><span class=\"HwtZe\" lang=\"it\"><span class=\"jCAhz ChMk0b\"><span class=\"ryNqvb\">Maison Incens \u00e8 una casa di profumi francese fondata da Philippe CONSTANTIN nel 2013. <\/span><\/span><\/span><span class=\"HwtZe\" lang=\"it\"><span class=\"jCAhz ChMk0b\"><span class=\"ryNqvb\">Tutti i prodotti sono realizzati con una particolare attenzione all&#8217;artigianalit\u00e0, all&#8217;originalit\u00e0 e alla qualit\u00e0.<\/span><\/span><\/span><\/p>\n","protected":false},"excerpt":{"rendered":"<p><span class=\"HwtZe\" lang=\"it\"><span class=\"jCAhz ChMk0b\"><span class=\"ryNqvb\">UN PROFUMO INTIMO, INCANDESCENTE E SENSUALE, UNA SECONDA PELLE. LE SFUMATURE DELICATE, SOTTILI, BRILLANTI, CREMOSE E GOURMAND SI UNISCONO A UN INCENSO FUMOSO E INCANDESCENTE CHE SCATENA VICINO AL CAMINO, ANCORA CALDO.<\/span><\/span><span class=\"jCAhz ChMk0b\"><span class=\"ryNqvb\">\u00a0<\/span><\/span><\/span><\/p>\n<p><span class=\"HwtZe\" lang=\"it\"><span class=\"jCAhz ChMk0b\"><span class=\"ryNqvb\"> LEGNOSO SPEZIATO CUOIO FUMATO E POLVEROSO <\/span><\/span><\/span><\/p>\n<p><span class=\"HwtZe\" lang=\"it\"><span class=\"jCAhz ChMk0b\"><span class=\"ryNqvb\">NOTE DI TESTA: BERGAMOTTO, FUOCO SPEZIATO <\/span><\/span><\/span><\/p>\n<p><span class=\"HwtZe\" lang=\"it\"><span class=\"jCAhz ChMk0b\"><span class=\"ryNqvb\">NOTE DI CUORE: IRIS, GELSOMINO, MIELE, LEGNO DI CEDRO, ANIMALE, INCENSO <\/span><\/span><\/span><\/p>\n<p><span class=\"HwtZe\" lang=\"it\"><span class=\"jCAhz ChMk0b\"><span class=\"ryNqvb\">NOTE DI FONDO: LEGNO DI SANDALO, CUOIO, MUSCHIATO, VANIGLIA, GOURMAND, PATCHOULI.<\/span><\/span><span class=\"jCAhz ChMk0b\"><span class=\"ryNqvb\"> INGREDIENTI NATURALI PRINCIPALI.<\/span><\/span> <span class=\"jCAhz ChMk0b\"><span class=\"ryNqvb\">OLIO ESSENZIALE DI INCENSO SOMALIA, RESINOIDE DI INCENSO SOMALIA, CEDRO DELL&#8217;ATLAS MAROCCO, CEDRO DELLA VIRGINIA, PATCHOULI INDONESIA, BENZOINO DI SUMATRA.<\/span><\/span><\/span><\/p>\n<p>&nbsp;<\/p>\n<p><span class=\"HwtZe\" lang=\"it\"><span class=\"jCAhz ChMk0b\"><span class=\"ryNqvb\"> INGREDIENTI NATURALI PRINCIPALI.<\/span><\/span> <span class=\"jCAhz ChMk0b\"><span class=\"ryNqvb\">OLIO ESSENZIALE DI INCENSO SOMALIA, RESINOIDE DI INCENSO SOMALIA, CEDRO DELL&#8217;ATLAS MAROCCO, CEDRO DELLA VIRGINIA, PATCHOULI INDONESIA, BENZOINO DI SUMATRA.<\/span><\/span><\/span><\/p>\n","protected":false},"featured_media":96192,"comment_status":"open","ping_status":"closed","template":"","meta":{"_et_pb_use_builder":"","_et_pb_old_content":"","_et_gb_content_width":"","_themeisle_gutenberg_block_has_review":false},"product_brand":[],"product_cat":[4650,4661,4649,4648,4711,7126,4558,4647],"product_tag":[],"class_list":{"0":"post-96217","1":"product","2":"type-product","3":"status-publish","4":"has-post-thumbnail","6":"product_cat-brands","7":"product_cat-cuoiata","8":"product_cat-gruppo-olfattivo","9":"product_cat-profumi-1","10":"product_cat-fragranze-unisex","11":"product_cat-maison-incens","12":"product_cat-default-category","13":"product_cat-prodotti-luxury","14":"pa_categoria_desc-profumiunisex","15":"pa_confezione_desc-scatolaoriginalenotester","16":"pa_formato_filtro-50ml","17":"pa_produttore-maison-incens","18":"pa_spedizione_gratuita-si","19":"pa_tipo_filtro-sprayeaudeparfum","21":"first","22":"instock","23":"shipping-taxable","24":"purchasable","25":"product-type-simple"},"yoast_head":"<!-- This site is optimized with the Yoast SEO plugin v27.4 - https:\/\/yoast.com\/product\/yoast-seo-wordpress\/ -->\n<title>MAISON INCENS ENCENS PYRO 50ML EAU DE PARFUM SPRAY<\/title>\n<meta name=\"robots\" content=\"index, follow, max-snippet:-1, max-image-preview:large, max-video-preview:-1\" \/>\n<link rel=\"canonical\" href=\"https:\/\/www.profumixluxurybrands.it\/en\/brands\/maison-incens-encens-pyro-50ml-eau-de-parfum-spray\/\" \/>\n<meta property=\"og:locale\" content=\"en_US\" \/>\n<meta property=\"og:type\" content=\"article\" \/>\n<meta property=\"og:title\" content=\"MAISON INCENS ENCENS PYRO 50ML EAU DE PARFUM SPRAY\" \/>\n<meta property=\"og:description\" content=\"UN PROFUMO INTIMO, INCANDESCENTE E SENSUALE, UNA SECONDA PELLE. LE SFUMATURE DELICATE, SOTTILI, BRILLANTI, CREMOSE E GOURMAND SI UNISCONO A UN INCENSO FUMOSO E INCANDESCENTE CHE SCATENA VICINO AL CAMINO, ANCORA CALDO.\u00a0   LEGNOSO SPEZIATO CUOIO FUMATO E POLVEROSO   NOTE DI TESTA: BERGAMOTTO, FUOCO SPEZIATO   NOTE DI CUORE: IRIS, GELSOMINO, MIELE, LEGNO DI CEDRO, ANIMALE, INCENSO   NOTE DI FONDO: LEGNO DI SANDALO, CUOIO, MUSCHIATO, VANIGLIA, GOURMAND, PATCHOULI. INGREDIENTI NATURALI PRINCIPALI. OLIO ESSENZIALE DI INCENSO SOMALIA, RESINOIDE DI INCENSO SOMALIA, CEDRO DELL&#039;ATLAS MAROCCO, CEDRO DELLA VIRGINIA, PATCHOULI INDONESIA, BENZOINO DI SUMATRA.  &nbsp;   INGREDIENTI NATURALI PRINCIPALI. OLIO ESSENZIALE DI INCENSO SOMALIA, RESINOIDE DI INCENSO SOMALIA, CEDRO DELL&#039;ATLAS MAROCCO, CEDRO DELLA VIRGINIA, PATCHOULI INDONESIA, BENZOINO DI SUMATRA.\" \/>\n<meta property=\"og:url\" content=\"https:\/\/www.profumixluxurybrands.it\/en\/brands\/maison-incens-encens-pyro-50ml-eau-de-parfum-spray\/\" \/>\n<meta property=\"og:site_name\" content=\"Profumix Luxury Perfumes\" \/>\n<meta property=\"article:publisher\" content=\"https:\/\/www.facebook.com\/profumix\" \/>\n<meta property=\"article:modified_time\" content=\"2025-10-23T08:57:19+00:00\" \/>\n<meta property=\"og:image\" content=\"https:\/\/www.profumixluxurybrands.it\/wp-content\/uploads\/2025\/10\/ENCENS_PYRO.jpg\" \/>\n\t<meta property=\"og:image:width\" content=\"1028\" \/>\n\t<meta property=\"og:image:height\" content=\"808\" \/>\n\t<meta property=\"og:image:type\" content=\"image\/jpeg\" \/>\n<meta name=\"twitter:card\" content=\"summary_large_image\" \/>\n<meta name=\"twitter:label1\" content=\"Est. reading time\" \/>\n\t<meta name=\"twitter:data1\" content=\"1 minute\" \/>\n<script type=\"application\/ld+json\" class=\"yoast-schema-graph\">{\"@context\":\"https:\\\/\\\/schema.org\",\"@graph\":[{\"@type\":\"WebPage\",\"@id\":\"https:\\\/\\\/www.profumixluxurybrands.it\\\/en\\\/brands\\\/maison-incens-encens-pyro-50ml-eau-de-parfum-spray\\\/\",\"url\":\"https:\\\/\\\/www.profumixluxurybrands.it\\\/en\\\/brands\\\/maison-incens-encens-pyro-50ml-eau-de-parfum-spray\\\/\",\"name\":\"MAISON INCENS ENCENS PYRO 50ML EAU DE PARFUM SPRAY\",\"isPartOf\":{\"@id\":\"https:\\\/\\\/www.profumixluxurybrands.it\\\/en\\\/#website\"},\"primaryImageOfPage\":{\"@id\":\"https:\\\/\\\/www.profumixluxurybrands.it\\\/en\\\/brands\\\/maison-incens-encens-pyro-50ml-eau-de-parfum-spray\\\/#primaryimage\"},\"image\":{\"@id\":\"https:\\\/\\\/www.profumixluxurybrands.it\\\/en\\\/brands\\\/maison-incens-encens-pyro-50ml-eau-de-parfum-spray\\\/#primaryimage\"},\"thumbnailUrl\":\"https:\\\/\\\/www.profumixluxurybrands.it\\\/wp-content\\\/uploads\\\/2025\\\/10\\\/ENCENS_PYRO.jpg\",\"datePublished\":\"2025-10-23T08:53:29+00:00\",\"dateModified\":\"2025-10-23T08:57:19+00:00\",\"breadcrumb\":{\"@id\":\"https:\\\/\\\/www.profumixluxurybrands.it\\\/en\\\/brands\\\/maison-incens-encens-pyro-50ml-eau-de-parfum-spray\\\/#breadcrumb\"},\"inLanguage\":\"en-US\",\"potentialAction\":[{\"@type\":\"ReadAction\",\"target\":[\"https:\\\/\\\/www.profumixluxurybrands.it\\\/en\\\/brands\\\/maison-incens-encens-pyro-50ml-eau-de-parfum-spray\\\/\"]}]},{\"@type\":\"ImageObject\",\"inLanguage\":\"en-US\",\"@id\":\"https:\\\/\\\/www.profumixluxurybrands.it\\\/en\\\/brands\\\/maison-incens-encens-pyro-50ml-eau-de-parfum-spray\\\/#primaryimage\",\"url\":\"https:\\\/\\\/www.profumixluxurybrands.it\\\/wp-content\\\/uploads\\\/2025\\\/10\\\/ENCENS_PYRO.jpg\",\"contentUrl\":\"https:\\\/\\\/www.profumixluxurybrands.it\\\/wp-content\\\/uploads\\\/2025\\\/10\\\/ENCENS_PYRO.jpg\",\"width\":1028,\"height\":808},{\"@type\":\"BreadcrumbList\",\"@id\":\"https:\\\/\\\/www.profumixluxurybrands.it\\\/en\\\/brands\\\/maison-incens-encens-pyro-50ml-eau-de-parfum-spray\\\/#breadcrumb\",\"itemListElement\":[{\"@type\":\"ListItem\",\"position\":1,\"name\":\"Home\",\"item\":\"https:\\\/\\\/www.profumixluxurybrands.it\\\/en\\\/\"},{\"@type\":\"ListItem\",\"position\":2,\"name\":\"Shop\",\"item\":\"https:\\\/\\\/www.profumixluxurybrands.it\\\/en\\\/shop\\\/\"},{\"@type\":\"ListItem\",\"position\":3,\"name\":\"MAISON INCENS\",\"item\":\"https:\\\/\\\/www.profumixluxurybrands.it\\\/en\\\/produttore\\\/maison-incens-en\\\/\"},{\"@type\":\"ListItem\",\"position\":4,\"name\":\"MAISON INCENS ENCENS PYRO 50ML EAU DE PARFUM SPRAY\"}]},{\"@type\":\"WebSite\",\"@id\":\"https:\\\/\\\/www.profumixluxurybrands.it\\\/en\\\/#website\",\"url\":\"https:\\\/\\\/www.profumixluxurybrands.it\\\/en\\\/\",\"name\":\"Profumix Luxury Perfumes\",\"description\":\"\",\"publisher\":{\"@id\":\"https:\\\/\\\/www.profumixluxurybrands.it\\\/en\\\/#organization\"},\"potentialAction\":[{\"@type\":\"SearchAction\",\"target\":{\"@type\":\"EntryPoint\",\"urlTemplate\":\"https:\\\/\\\/www.profumixluxurybrands.it\\\/en\\\/?s={search_term_string}\"},\"query-input\":{\"@type\":\"PropertyValueSpecification\",\"valueRequired\":true,\"valueName\":\"search_term_string\"}}],\"inLanguage\":\"en-US\"},{\"@type\":\"Organization\",\"@id\":\"https:\\\/\\\/www.profumixluxurybrands.it\\\/en\\\/#organization\",\"name\":\"Profumix Luxury Perfumes\",\"url\":\"https:\\\/\\\/www.profumixluxurybrands.it\\\/en\\\/\",\"logo\":{\"@type\":\"ImageObject\",\"inLanguage\":\"en-US\",\"@id\":\"https:\\\/\\\/www.profumixluxurybrands.it\\\/en\\\/#\\\/schema\\\/logo\\\/image\\\/\",\"url\":\"https:\\\/\\\/www.profumixluxurybrands.it\\\/wp-content\\\/uploads\\\/2022\\\/09\\\/logo-profumixluxury-ev.png\",\"contentUrl\":\"https:\\\/\\\/www.profumixluxurybrands.it\\\/wp-content\\\/uploads\\\/2022\\\/09\\\/logo-profumixluxury-ev.png\",\"width\":374,\"height\":176,\"caption\":\"Profumix Luxury Perfumes\"},\"image\":{\"@id\":\"https:\\\/\\\/www.profumixluxurybrands.it\\\/en\\\/#\\\/schema\\\/logo\\\/image\\\/\"},\"sameAs\":[\"https:\\\/\\\/www.facebook.com\\\/profumix\",\"https:\\\/\\\/www.instagram.com\\\/profumix_luxury_brands\\\/\"]}]}<\/script>\n<!-- \/ Yoast SEO plugin. -->","yoast_head_json":{"title":"MAISON INCENS ENCENS PYRO 50ML EAU DE PARFUM SPRAY","robots":{"index":"index","follow":"follow","max-snippet":"max-snippet:-1","max-image-preview":"max-image-preview:large","max-video-preview":"max-video-preview:-1"},"canonical":"https:\/\/www.profumixluxurybrands.it\/en\/brands\/maison-incens-encens-pyro-50ml-eau-de-parfum-spray\/","og_locale":"en_US","og_type":"article","og_title":"MAISON INCENS ENCENS PYRO 50ML EAU DE PARFUM SPRAY","og_description":"UN PROFUMO INTIMO, INCANDESCENTE E SENSUALE, UNA SECONDA PELLE. LE SFUMATURE DELICATE, SOTTILI, BRILLANTI, CREMOSE E GOURMAND SI UNISCONO A UN INCENSO FUMOSO E INCANDESCENTE CHE SCATENA VICINO AL CAMINO, ANCORA CALDO.\u00a0   LEGNOSO SPEZIATO CUOIO FUMATO E POLVEROSO   NOTE DI TESTA: BERGAMOTTO, FUOCO SPEZIATO   NOTE DI CUORE: IRIS, GELSOMINO, MIELE, LEGNO DI CEDRO, ANIMALE, INCENSO   NOTE DI FONDO: LEGNO DI SANDALO, CUOIO, MUSCHIATO, VANIGLIA, GOURMAND, PATCHOULI. INGREDIENTI NATURALI PRINCIPALI. OLIO ESSENZIALE DI INCENSO SOMALIA, RESINOIDE DI INCENSO SOMALIA, CEDRO DELL'ATLAS MAROCCO, CEDRO DELLA VIRGINIA, PATCHOULI INDONESIA, BENZOINO DI SUMATRA.  &nbsp;   INGREDIENTI NATURALI PRINCIPALI. OLIO ESSENZIALE DI INCENSO SOMALIA, RESINOIDE DI INCENSO SOMALIA, CEDRO DELL'ATLAS MAROCCO, CEDRO DELLA VIRGINIA, PATCHOULI INDONESIA, BENZOINO DI SUMATRA.","og_url":"https:\/\/www.profumixluxurybrands.it\/en\/brands\/maison-incens-encens-pyro-50ml-eau-de-parfum-spray\/","og_site_name":"Profumix Luxury Perfumes","article_publisher":"https:\/\/www.facebook.com\/profumix","article_modified_time":"2025-10-23T08:57:19+00:00","og_image":[{"width":1028,"height":808,"url":"https:\/\/www.profumixluxurybrands.it\/wp-content\/uploads\/2025\/10\/ENCENS_PYRO.jpg","type":"image\/jpeg"}],"twitter_card":"summary_large_image","twitter_misc":{"Est. reading time":"1 minute"},"schema":{"@context":"https:\/\/schema.org","@graph":[{"@type":"WebPage","@id":"https:\/\/www.profumixluxurybrands.it\/en\/brands\/maison-incens-encens-pyro-50ml-eau-de-parfum-spray\/","url":"https:\/\/www.profumixluxurybrands.it\/en\/brands\/maison-incens-encens-pyro-50ml-eau-de-parfum-spray\/","name":"MAISON INCENS ENCENS PYRO 50ML EAU DE PARFUM SPRAY","isPartOf":{"@id":"https:\/\/www.profumixluxurybrands.it\/en\/#website"},"primaryImageOfPage":{"@id":"https:\/\/www.profumixluxurybrands.it\/en\/brands\/maison-incens-encens-pyro-50ml-eau-de-parfum-spray\/#primaryimage"},"image":{"@id":"https:\/\/www.profumixluxurybrands.it\/en\/brands\/maison-incens-encens-pyro-50ml-eau-de-parfum-spray\/#primaryimage"},"thumbnailUrl":"https:\/\/www.profumixluxurybrands.it\/wp-content\/uploads\/2025\/10\/ENCENS_PYRO.jpg","datePublished":"2025-10-23T08:53:29+00:00","dateModified":"2025-10-23T08:57:19+00:00","breadcrumb":{"@id":"https:\/\/www.profumixluxurybrands.it\/en\/brands\/maison-incens-encens-pyro-50ml-eau-de-parfum-spray\/#breadcrumb"},"inLanguage":"en-US","potentialAction":[{"@type":"ReadAction","target":["https:\/\/www.profumixluxurybrands.it\/en\/brands\/maison-incens-encens-pyro-50ml-eau-de-parfum-spray\/"]}]},{"@type":"ImageObject","inLanguage":"en-US","@id":"https:\/\/www.profumixluxurybrands.it\/en\/brands\/maison-incens-encens-pyro-50ml-eau-de-parfum-spray\/#primaryimage","url":"https:\/\/www.profumixluxurybrands.it\/wp-content\/uploads\/2025\/10\/ENCENS_PYRO.jpg","contentUrl":"https:\/\/www.profumixluxurybrands.it\/wp-content\/uploads\/2025\/10\/ENCENS_PYRO.jpg","width":1028,"height":808},{"@type":"BreadcrumbList","@id":"https:\/\/www.profumixluxurybrands.it\/en\/brands\/maison-incens-encens-pyro-50ml-eau-de-parfum-spray\/#breadcrumb","itemListElement":[{"@type":"ListItem","position":1,"name":"Home","item":"https:\/\/www.profumixluxurybrands.it\/en\/"},{"@type":"ListItem","position":2,"name":"Shop","item":"https:\/\/www.profumixluxurybrands.it\/en\/shop\/"},{"@type":"ListItem","position":3,"name":"MAISON INCENS","item":"https:\/\/www.profumixluxurybrands.it\/en\/produttore\/maison-incens-en\/"},{"@type":"ListItem","position":4,"name":"MAISON INCENS ENCENS PYRO 50ML EAU DE PARFUM SPRAY"}]},{"@type":"WebSite","@id":"https:\/\/www.profumixluxurybrands.it\/en\/#website","url":"https:\/\/www.profumixluxurybrands.it\/en\/","name":"Profumix Luxury Perfumes","description":"","publisher":{"@id":"https:\/\/www.profumixluxurybrands.it\/en\/#organization"},"potentialAction":[{"@type":"SearchAction","target":{"@type":"EntryPoint","urlTemplate":"https:\/\/www.profumixluxurybrands.it\/en\/?s={search_term_string}"},"query-input":{"@type":"PropertyValueSpecification","valueRequired":true,"valueName":"search_term_string"}}],"inLanguage":"en-US"},{"@type":"Organization","@id":"https:\/\/www.profumixluxurybrands.it\/en\/#organization","name":"Profumix Luxury Perfumes","url":"https:\/\/www.profumixluxurybrands.it\/en\/","logo":{"@type":"ImageObject","inLanguage":"en-US","@id":"https:\/\/www.profumixluxurybrands.it\/en\/#\/schema\/logo\/image\/","url":"https:\/\/www.profumixluxurybrands.it\/wp-content\/uploads\/2022\/09\/logo-profumixluxury-ev.png","contentUrl":"https:\/\/www.profumixluxurybrands.it\/wp-content\/uploads\/2022\/09\/logo-profumixluxury-ev.png","width":374,"height":176,"caption":"Profumix Luxury Perfumes"},"image":{"@id":"https:\/\/www.profumixluxurybrands.it\/en\/#\/schema\/logo\/image\/"},"sameAs":["https:\/\/www.facebook.com\/profumix","https:\/\/www.instagram.com\/profumix_luxury_brands\/"]}]}},"_links":{"self":[{"href":"https:\/\/www.profumixluxurybrands.it\/en\/wp-json\/wp\/v2\/product\/96217","targetHints":{"allow":["GET"]}}],"collection":[{"href":"https:\/\/www.profumixluxurybrands.it\/en\/wp-json\/wp\/v2\/product"}],"about":[{"href":"https:\/\/www.profumixluxurybrands.it\/en\/wp-json\/wp\/v2\/types\/product"}],"replies":[{"embeddable":true,"href":"https:\/\/www.profumixluxurybrands.it\/en\/wp-json\/wp\/v2\/comments?post=96217"}],"wp:featuredmedia":[{"embeddable":true,"href":"https:\/\/www.profumixluxurybrands.it\/en\/wp-json\/wp\/v2\/media\/96192"}],"wp:attachment":[{"href":"https:\/\/www.profumixluxurybrands.it\/en\/wp-json\/wp\/v2\/media?parent=96217"}],"wp:term":[{"taxonomy":"product_brand","embeddable":true,"href":"https:\/\/www.profumixluxurybrands.it\/en\/wp-json\/wp\/v2\/product_brand?post=96217"},{"taxonomy":"product_cat","embeddable":true,"href":"https:\/\/www.profumixluxurybrands.it\/en\/wp-json\/wp\/v2\/product_cat?post=96217"},{"taxonomy":"product_tag","embeddable":true,"href":"https:\/\/www.profumixluxurybrands.it\/en\/wp-json\/wp\/v2\/product_tag?post=96217"}],"curies":[{"name":"wp","href":"https:\/\/api.w.org\/{rel}","templated":true}]}}