{"id":95271,"date":"2025-10-01T12:31:56","date_gmt":"2025-10-01T10:31:56","guid":{"rendered":"https:\/\/www.profumixluxurybrands.it\/?post_type=product&#038;p=95271"},"modified":"2025-11-05T20:47:07","modified_gmt":"2025-11-05T19:47:07","slug":"born-to-stand-out-cuvee-skin-100ml-spray-eau-intimite","status":"publish","type":"product","link":"https:\/\/www.profumixluxurybrands.it\/en\/brands\/born-to-stand-out-cuvee-skin-100ml-spray-eau-intimite\/","title":{"rendered":"BORN TO STAND OUT CUV\u00c9E SKIN 100ML SPRAY EAU INTIMIT\u00c8"},"content":{"rendered":"<p><span class=\"HwtZe\" lang=\"it\"><span class=\"jCAhz ChMk0b\"><span class=\"ryNqvb\">Born To Stand Out is a Korean perfume brand. The perfume bottle is inspired by Joseon white porcelain bottles, with refined curves and an elegant structure. The pure white color is the basis of the design, while the crimson red represents the brand&#8217;s provocative and unconventional identity.<\/span><\/span><\/span><\/p>\n","protected":false},"excerpt":{"rendered":"<p>CUV\u00c9E SKIN<\/p>\n<p>The fragrance opens with the soft musk of ambrette and the subtle earthy tension of oakmoss. It quickly blends into the creamy, velvety richness of tonka, infused, absolute and resinous, layered with vanilla orchid and soft suede.<x id=\"gid_0\"><\/x>As it settles, blond woods and white leather emerge, enveloping the leather in an invisible second layer. Sensual, persistent and intimately engaging, CUV\u00c9E SKIN does not perfume the body, but transforms it.  <\/p>\n<p>Top Notes: Ambret Absolute, Oakmoss Absolute<br \/>\nHeart Notes: Vanilla Orchid, Tonka Bean Infusion, Tonka Bean, Absolute, Tonka<br \/>\nBean Resinoid Base Notes: Blond Woods, White Leather<\/p>\n<p><strong>Olfactory family<\/strong>: Oriental<\/p>\n","protected":false},"featured_media":95252,"comment_status":"open","ping_status":"closed","template":"","meta":{"_et_pb_use_builder":"","_et_pb_old_content":"","_et_gb_content_width":"","_themeisle_gutenberg_block_has_review":false},"product_brand":[],"product_cat":[4867,6689,4879,4857,4888,4891,6213,4865,4887,4860],"product_tag":[],"class_list":{"0":"post-95271","1":"product","2":"type-product","3":"status-publish","4":"has-post-thumbnail","6":"product_cat-amber-oriental","7":"product_cat-born-to-stand-out-en","8":"product_cat-brands-en","9":"product_cat-fragrances","10":"product_cat-in-evidence","11":"product_cat-prodotti_luxury","12":"product_cat-offerte-da-non-perdere-en","13":"product_cat-olfactory-families","14":"product_cat-products","15":"product_cat-unisex-fragrances","16":"pa_categoria_desc-unisex-perfumes","17":"pa_confezione_desc-original-packaging-no-tester","18":"pa_formato_filtro-100ml-en","19":"pa_spedizione_gratuita-no-en","20":"pa_tipo_filtro-spray-en","22":"first","23":"instock","24":"shipping-taxable","25":"purchasable","26":"product-type-simple"},"yoast_head":"<!-- This site is optimized with the Yoast SEO plugin v27.3 - https:\/\/yoast.com\/product\/yoast-seo-wordpress\/ -->\n<title>BORN TO STAND OUT CUV\u00c9E SKIN 100ML SPRAY EAU INTIMIT\u00c8<\/title>\n<meta name=\"robots\" content=\"index, follow, max-snippet:-1, max-image-preview:large, max-video-preview:-1\" \/>\n<link rel=\"canonical\" href=\"https:\/\/www.profumixluxurybrands.it\/en\/brands\/born-to-stand-out-cuvee-skin-100ml-spray-eau-intimite\/\" \/>\n<meta property=\"og:locale\" content=\"en_US\" \/>\n<meta property=\"og:type\" content=\"article\" \/>\n<meta property=\"og:title\" content=\"BORN TO STAND OUT CUV\u00c9E SKIN 100ML SPRAY EAU INTIMIT\u00c8\" \/>\n<meta property=\"og:description\" content=\"CUV\u00c9E SKIN  The fragrance opens with the soft musk of ambrette and the subtle earthy tension of oakmoss. It quickly blends into the creamy, velvety richness of tonka, infused, absolute and resinous, layered with vanilla orchid and soft suede.As it settles, blond woods and white leather emerge, enveloping the leather in an invisible second layer. Sensual, persistent and intimately engaging, CUV\u00c9E SKIN does not perfume the body, but transforms it.   Top Notes: Ambret Absolute, Oakmoss Absolute Heart Notes: Vanilla Orchid, Tonka Bean Infusion, Tonka Bean, Absolute, Tonka Bean Resinoid Base Notes: Blond Woods, White Leather  Olfactory family: Oriental\" \/>\n<meta property=\"og:url\" content=\"https:\/\/www.profumixluxurybrands.it\/en\/brands\/born-to-stand-out-cuvee-skin-100ml-spray-eau-intimite\/\" \/>\n<meta property=\"og:site_name\" content=\"Profumix Luxury Perfumes\" \/>\n<meta property=\"article:publisher\" content=\"https:\/\/www.facebook.com\/profumix\" \/>\n<meta property=\"article:modified_time\" content=\"2025-11-05T19:47:07+00:00\" \/>\n<meta property=\"og:image\" content=\"https:\/\/www.profumixluxurybrands.it\/wp-content\/uploads\/2025\/10\/CUVEE_SKIN_100ML.jpg\" \/>\n\t<meta property=\"og:image:width\" content=\"1512\" \/>\n\t<meta property=\"og:image:height\" content=\"1512\" \/>\n\t<meta property=\"og:image:type\" content=\"image\/jpeg\" \/>\n<meta name=\"twitter:card\" content=\"summary_large_image\" \/>\n<meta name=\"twitter:label1\" content=\"Est. reading time\" \/>\n\t<meta name=\"twitter:data1\" content=\"1 minute\" \/>\n<script type=\"application\/ld+json\" class=\"yoast-schema-graph\">{\"@context\":\"https:\\\/\\\/schema.org\",\"@graph\":[{\"@type\":\"WebPage\",\"@id\":\"https:\\\/\\\/www.profumixluxurybrands.it\\\/en\\\/brands\\\/born-to-stand-out-cuvee-skin-100ml-spray-eau-intimite\\\/\",\"url\":\"https:\\\/\\\/www.profumixluxurybrands.it\\\/en\\\/brands\\\/born-to-stand-out-cuvee-skin-100ml-spray-eau-intimite\\\/\",\"name\":\"BORN TO STAND OUT CUV\u00c9E SKIN 100ML SPRAY EAU INTIMIT\u00c8\",\"isPartOf\":{\"@id\":\"https:\\\/\\\/www.profumixluxurybrands.it\\\/en\\\/#website\"},\"primaryImageOfPage\":{\"@id\":\"https:\\\/\\\/www.profumixluxurybrands.it\\\/en\\\/brands\\\/born-to-stand-out-cuvee-skin-100ml-spray-eau-intimite\\\/#primaryimage\"},\"image\":{\"@id\":\"https:\\\/\\\/www.profumixluxurybrands.it\\\/en\\\/brands\\\/born-to-stand-out-cuvee-skin-100ml-spray-eau-intimite\\\/#primaryimage\"},\"thumbnailUrl\":\"https:\\\/\\\/www.profumixluxurybrands.it\\\/wp-content\\\/uploads\\\/2025\\\/10\\\/CUVEE_SKIN_100ML.jpg\",\"datePublished\":\"2025-10-01T10:31:56+00:00\",\"dateModified\":\"2025-11-05T19:47:07+00:00\",\"breadcrumb\":{\"@id\":\"https:\\\/\\\/www.profumixluxurybrands.it\\\/en\\\/brands\\\/born-to-stand-out-cuvee-skin-100ml-spray-eau-intimite\\\/#breadcrumb\"},\"inLanguage\":\"en-US\",\"potentialAction\":[{\"@type\":\"ReadAction\",\"target\":[\"https:\\\/\\\/www.profumixluxurybrands.it\\\/en\\\/brands\\\/born-to-stand-out-cuvee-skin-100ml-spray-eau-intimite\\\/\"]}]},{\"@type\":\"ImageObject\",\"inLanguage\":\"en-US\",\"@id\":\"https:\\\/\\\/www.profumixluxurybrands.it\\\/en\\\/brands\\\/born-to-stand-out-cuvee-skin-100ml-spray-eau-intimite\\\/#primaryimage\",\"url\":\"https:\\\/\\\/www.profumixluxurybrands.it\\\/wp-content\\\/uploads\\\/2025\\\/10\\\/CUVEE_SKIN_100ML.jpg\",\"contentUrl\":\"https:\\\/\\\/www.profumixluxurybrands.it\\\/wp-content\\\/uploads\\\/2025\\\/10\\\/CUVEE_SKIN_100ML.jpg\",\"width\":1512,\"height\":1512},{\"@type\":\"BreadcrumbList\",\"@id\":\"https:\\\/\\\/www.profumixluxurybrands.it\\\/en\\\/brands\\\/born-to-stand-out-cuvee-skin-100ml-spray-eau-intimite\\\/#breadcrumb\",\"itemListElement\":[{\"@type\":\"ListItem\",\"position\":1,\"name\":\"Home\",\"item\":\"https:\\\/\\\/www.profumixluxurybrands.it\\\/en\\\/\"},{\"@type\":\"ListItem\",\"position\":2,\"name\":\"Shop\",\"item\":\"https:\\\/\\\/www.profumixluxurybrands.it\\\/en\\\/shop\\\/\"},{\"@type\":\"ListItem\",\"position\":3,\"name\":\"BORN TO STAND OUT CUV\u00c9E SKIN 100ML SPRAY EAU INTIMIT\u00c8\"}]},{\"@type\":\"WebSite\",\"@id\":\"https:\\\/\\\/www.profumixluxurybrands.it\\\/en\\\/#website\",\"url\":\"https:\\\/\\\/www.profumixluxurybrands.it\\\/en\\\/\",\"name\":\"Profumix Luxury Perfumes\",\"description\":\"\",\"publisher\":{\"@id\":\"https:\\\/\\\/www.profumixluxurybrands.it\\\/en\\\/#organization\"},\"potentialAction\":[{\"@type\":\"SearchAction\",\"target\":{\"@type\":\"EntryPoint\",\"urlTemplate\":\"https:\\\/\\\/www.profumixluxurybrands.it\\\/en\\\/?s={search_term_string}\"},\"query-input\":{\"@type\":\"PropertyValueSpecification\",\"valueRequired\":true,\"valueName\":\"search_term_string\"}}],\"inLanguage\":\"en-US\"},{\"@type\":\"Organization\",\"@id\":\"https:\\\/\\\/www.profumixluxurybrands.it\\\/en\\\/#organization\",\"name\":\"Profumix Luxury Perfumes\",\"url\":\"https:\\\/\\\/www.profumixluxurybrands.it\\\/en\\\/\",\"logo\":{\"@type\":\"ImageObject\",\"inLanguage\":\"en-US\",\"@id\":\"https:\\\/\\\/www.profumixluxurybrands.it\\\/en\\\/#\\\/schema\\\/logo\\\/image\\\/\",\"url\":\"https:\\\/\\\/www.profumixluxurybrands.it\\\/wp-content\\\/uploads\\\/2022\\\/09\\\/logo-profumixluxury-ev.png\",\"contentUrl\":\"https:\\\/\\\/www.profumixluxurybrands.it\\\/wp-content\\\/uploads\\\/2022\\\/09\\\/logo-profumixluxury-ev.png\",\"width\":374,\"height\":176,\"caption\":\"Profumix Luxury Perfumes\"},\"image\":{\"@id\":\"https:\\\/\\\/www.profumixluxurybrands.it\\\/en\\\/#\\\/schema\\\/logo\\\/image\\\/\"},\"sameAs\":[\"https:\\\/\\\/www.facebook.com\\\/profumix\",\"https:\\\/\\\/www.instagram.com\\\/profumix_luxury_brands\\\/\"]}]}<\/script>\n<!-- \/ Yoast SEO plugin. -->","yoast_head_json":{"title":"BORN TO STAND OUT CUV\u00c9E SKIN 100ML SPRAY EAU INTIMIT\u00c8","robots":{"index":"index","follow":"follow","max-snippet":"max-snippet:-1","max-image-preview":"max-image-preview:large","max-video-preview":"max-video-preview:-1"},"canonical":"https:\/\/www.profumixluxurybrands.it\/en\/brands\/born-to-stand-out-cuvee-skin-100ml-spray-eau-intimite\/","og_locale":"en_US","og_type":"article","og_title":"BORN TO STAND OUT CUV\u00c9E SKIN 100ML SPRAY EAU INTIMIT\u00c8","og_description":"CUV\u00c9E SKIN  The fragrance opens with the soft musk of ambrette and the subtle earthy tension of oakmoss. It quickly blends into the creamy, velvety richness of tonka, infused, absolute and resinous, layered with vanilla orchid and soft suede.As it settles, blond woods and white leather emerge, enveloping the leather in an invisible second layer. Sensual, persistent and intimately engaging, CUV\u00c9E SKIN does not perfume the body, but transforms it.   Top Notes: Ambret Absolute, Oakmoss Absolute Heart Notes: Vanilla Orchid, Tonka Bean Infusion, Tonka Bean, Absolute, Tonka Bean Resinoid Base Notes: Blond Woods, White Leather  Olfactory family: Oriental","og_url":"https:\/\/www.profumixluxurybrands.it\/en\/brands\/born-to-stand-out-cuvee-skin-100ml-spray-eau-intimite\/","og_site_name":"Profumix Luxury Perfumes","article_publisher":"https:\/\/www.facebook.com\/profumix","article_modified_time":"2025-11-05T19:47:07+00:00","og_image":[{"width":1512,"height":1512,"url":"https:\/\/www.profumixluxurybrands.it\/wp-content\/uploads\/2025\/10\/CUVEE_SKIN_100ML.jpg","type":"image\/jpeg"}],"twitter_card":"summary_large_image","twitter_misc":{"Est. reading time":"1 minute"},"schema":{"@context":"https:\/\/schema.org","@graph":[{"@type":"WebPage","@id":"https:\/\/www.profumixluxurybrands.it\/en\/brands\/born-to-stand-out-cuvee-skin-100ml-spray-eau-intimite\/","url":"https:\/\/www.profumixluxurybrands.it\/en\/brands\/born-to-stand-out-cuvee-skin-100ml-spray-eau-intimite\/","name":"BORN TO STAND OUT CUV\u00c9E SKIN 100ML SPRAY EAU INTIMIT\u00c8","isPartOf":{"@id":"https:\/\/www.profumixluxurybrands.it\/en\/#website"},"primaryImageOfPage":{"@id":"https:\/\/www.profumixluxurybrands.it\/en\/brands\/born-to-stand-out-cuvee-skin-100ml-spray-eau-intimite\/#primaryimage"},"image":{"@id":"https:\/\/www.profumixluxurybrands.it\/en\/brands\/born-to-stand-out-cuvee-skin-100ml-spray-eau-intimite\/#primaryimage"},"thumbnailUrl":"https:\/\/www.profumixluxurybrands.it\/wp-content\/uploads\/2025\/10\/CUVEE_SKIN_100ML.jpg","datePublished":"2025-10-01T10:31:56+00:00","dateModified":"2025-11-05T19:47:07+00:00","breadcrumb":{"@id":"https:\/\/www.profumixluxurybrands.it\/en\/brands\/born-to-stand-out-cuvee-skin-100ml-spray-eau-intimite\/#breadcrumb"},"inLanguage":"en-US","potentialAction":[{"@type":"ReadAction","target":["https:\/\/www.profumixluxurybrands.it\/en\/brands\/born-to-stand-out-cuvee-skin-100ml-spray-eau-intimite\/"]}]},{"@type":"ImageObject","inLanguage":"en-US","@id":"https:\/\/www.profumixluxurybrands.it\/en\/brands\/born-to-stand-out-cuvee-skin-100ml-spray-eau-intimite\/#primaryimage","url":"https:\/\/www.profumixluxurybrands.it\/wp-content\/uploads\/2025\/10\/CUVEE_SKIN_100ML.jpg","contentUrl":"https:\/\/www.profumixluxurybrands.it\/wp-content\/uploads\/2025\/10\/CUVEE_SKIN_100ML.jpg","width":1512,"height":1512},{"@type":"BreadcrumbList","@id":"https:\/\/www.profumixluxurybrands.it\/en\/brands\/born-to-stand-out-cuvee-skin-100ml-spray-eau-intimite\/#breadcrumb","itemListElement":[{"@type":"ListItem","position":1,"name":"Home","item":"https:\/\/www.profumixluxurybrands.it\/en\/"},{"@type":"ListItem","position":2,"name":"Shop","item":"https:\/\/www.profumixluxurybrands.it\/en\/shop\/"},{"@type":"ListItem","position":3,"name":"BORN TO STAND OUT CUV\u00c9E SKIN 100ML SPRAY EAU INTIMIT\u00c8"}]},{"@type":"WebSite","@id":"https:\/\/www.profumixluxurybrands.it\/en\/#website","url":"https:\/\/www.profumixluxurybrands.it\/en\/","name":"Profumix Luxury Perfumes","description":"","publisher":{"@id":"https:\/\/www.profumixluxurybrands.it\/en\/#organization"},"potentialAction":[{"@type":"SearchAction","target":{"@type":"EntryPoint","urlTemplate":"https:\/\/www.profumixluxurybrands.it\/en\/?s={search_term_string}"},"query-input":{"@type":"PropertyValueSpecification","valueRequired":true,"valueName":"search_term_string"}}],"inLanguage":"en-US"},{"@type":"Organization","@id":"https:\/\/www.profumixluxurybrands.it\/en\/#organization","name":"Profumix Luxury Perfumes","url":"https:\/\/www.profumixluxurybrands.it\/en\/","logo":{"@type":"ImageObject","inLanguage":"en-US","@id":"https:\/\/www.profumixluxurybrands.it\/en\/#\/schema\/logo\/image\/","url":"https:\/\/www.profumixluxurybrands.it\/wp-content\/uploads\/2022\/09\/logo-profumixluxury-ev.png","contentUrl":"https:\/\/www.profumixluxurybrands.it\/wp-content\/uploads\/2022\/09\/logo-profumixluxury-ev.png","width":374,"height":176,"caption":"Profumix Luxury Perfumes"},"image":{"@id":"https:\/\/www.profumixluxurybrands.it\/en\/#\/schema\/logo\/image\/"},"sameAs":["https:\/\/www.facebook.com\/profumix","https:\/\/www.instagram.com\/profumix_luxury_brands\/"]}]}},"_links":{"self":[{"href":"https:\/\/www.profumixluxurybrands.it\/en\/wp-json\/wp\/v2\/product\/95271","targetHints":{"allow":["GET"]}}],"collection":[{"href":"https:\/\/www.profumixluxurybrands.it\/en\/wp-json\/wp\/v2\/product"}],"about":[{"href":"https:\/\/www.profumixluxurybrands.it\/en\/wp-json\/wp\/v2\/types\/product"}],"replies":[{"embeddable":true,"href":"https:\/\/www.profumixluxurybrands.it\/en\/wp-json\/wp\/v2\/comments?post=95271"}],"wp:featuredmedia":[{"embeddable":true,"href":"https:\/\/www.profumixluxurybrands.it\/en\/wp-json\/wp\/v2\/media\/95252"}],"wp:attachment":[{"href":"https:\/\/www.profumixluxurybrands.it\/en\/wp-json\/wp\/v2\/media?parent=95271"}],"wp:term":[{"taxonomy":"product_brand","embeddable":true,"href":"https:\/\/www.profumixluxurybrands.it\/en\/wp-json\/wp\/v2\/product_brand?post=95271"},{"taxonomy":"product_cat","embeddable":true,"href":"https:\/\/www.profumixluxurybrands.it\/en\/wp-json\/wp\/v2\/product_cat?post=95271"},{"taxonomy":"product_tag","embeddable":true,"href":"https:\/\/www.profumixluxurybrands.it\/en\/wp-json\/wp\/v2\/product_tag?post=95271"}],"curies":[{"name":"wp","href":"https:\/\/api.w.org\/{rel}","templated":true}]}}