{"id":95266,"date":"2025-10-01T12:01:32","date_gmt":"2025-10-01T10:01:32","guid":{"rendered":"https:\/\/www.profumixluxurybrands.it\/?post_type=product&#038;p=95266"},"modified":"2025-11-05T20:50:20","modified_gmt":"2025-11-05T19:50:20","slug":"born-to-stand-out-gold-juice-100ml-spray-eau-intimite","status":"publish","type":"product","link":"https:\/\/www.profumixluxurybrands.it\/en\/brands\/born-to-stand-out-gold-juice-100ml-spray-eau-intimite\/","title":{"rendered":"BORN TO STAND OUT GOLD JUICE 100ML SPRAY EAU INTIMIT\u00c8"},"content":{"rendered":"<p><span class=\"HwtZe\" lang=\"it\"><span class=\"jCAhz ChMk0b\"><span class=\"ryNqvb\">Born To Stand Out is a Korean perfume brand. The perfume bottle is inspired by Joseon white porcelain bottles, with refined curves and an elegant structure. The pure white color is the basis of the design, while the crimson red represents the brand&#8217;s provocative and unconventional identity.<\/span><\/span><\/span><\/p>\n","protected":false},"excerpt":{"rendered":"<p>GOLD JUICE<\/p>\n<p>Il rabarbaro pungente e il morso pungente del durian aprono la fragranza con un&#8217;intensit\u00e0 viscerale. Il cuore \u00e8 sorprendentemente delicato: assoluta di osmanto e fiori bianchi che brillano di calore solare. Ma il fondo racconta una storia diversa: mandorla caramellata e guaiaco legnoso si fondono in un nettare oscuro, carico di pericolo.  <\/p>\n<p>Top Notes: Rhubarb, Durian, Mango<br \/>\nHeart Notes: Osmanthus Absolute, White Flowers, Sunny Notes<br \/>\nBase Notes: Caramel, Almond, Guaiac Wood<\/p>\n<p><strong>Olfactory family<\/strong>: Oriental Fruity<\/p>\n","protected":false},"featured_media":95254,"comment_status":"open","ping_status":"closed","template":"","meta":{"_et_pb_use_builder":"","_et_pb_old_content":"","_et_gb_content_width":"","_themeisle_gutenberg_block_has_review":false},"product_brand":[],"product_cat":[4867,6689,4879,4857,4873,4888,4891,6213,4865,4887,4860],"product_tag":[],"class_list":{"0":"post-95266","1":"product","2":"type-product","3":"status-publish","4":"has-post-thumbnail","6":"product_cat-amber-oriental","7":"product_cat-born-to-stand-out-en","8":"product_cat-brands-en","9":"product_cat-fragrances","10":"product_cat-fruity","11":"product_cat-in-evidence","12":"product_cat-prodotti_luxury","13":"product_cat-offerte-da-non-perdere-en","14":"product_cat-olfactory-families","15":"product_cat-products","16":"product_cat-unisex-fragrances","17":"pa_categoria_desc-unisex-perfumes","18":"pa_confezione_desc-original-packaging-no-tester","19":"pa_formato_filtro-100ml-en","20":"pa_spedizione_gratuita-no-en","21":"pa_tipo_filtro-spray-en","23":"first","24":"instock","25":"shipping-taxable","26":"purchasable","27":"product-type-simple"},"yoast_head":"<!-- This site is optimized with the Yoast SEO plugin v27.3 - https:\/\/yoast.com\/product\/yoast-seo-wordpress\/ -->\n<title>BORN TO STAND OUT GOLD JUICE 100ML SPRAY EAU INTIMIT\u00c8<\/title>\n<meta name=\"robots\" content=\"index, follow, max-snippet:-1, max-image-preview:large, max-video-preview:-1\" \/>\n<link rel=\"canonical\" href=\"https:\/\/www.profumixluxurybrands.it\/en\/brands\/born-to-stand-out-gold-juice-100ml-spray-eau-intimite\/\" \/>\n<meta property=\"og:locale\" content=\"en_US\" \/>\n<meta property=\"og:type\" content=\"article\" \/>\n<meta property=\"og:title\" content=\"BORN TO STAND OUT GOLD JUICE 100ML SPRAY EAU INTIMIT\u00c8\" \/>\n<meta property=\"og:description\" content=\"GOLD JUICE  Il rabarbaro pungente e il morso pungente del durian aprono la fragranza con un&#039;intensit\u00e0 viscerale. Il cuore \u00e8 sorprendentemente delicato: assoluta di osmanto e fiori bianchi che brillano di calore solare. Ma il fondo racconta una storia diversa: mandorla caramellata e guaiaco legnoso si fondono in un nettare oscuro, carico di pericolo.   Top Notes: Rhubarb, Durian, Mango Heart Notes: Osmanthus Absolute, White Flowers, Sunny Notes Base Notes: Caramel, Almond, Guaiac Wood  Olfactory family: Oriental Fruity\" \/>\n<meta property=\"og:url\" content=\"https:\/\/www.profumixluxurybrands.it\/en\/brands\/born-to-stand-out-gold-juice-100ml-spray-eau-intimite\/\" \/>\n<meta property=\"og:site_name\" content=\"Profumix Luxury Perfumes\" \/>\n<meta property=\"article:publisher\" content=\"https:\/\/www.facebook.com\/profumix\" \/>\n<meta property=\"article:modified_time\" content=\"2025-11-05T19:50:20+00:00\" \/>\n<meta property=\"og:image\" content=\"https:\/\/www.profumixluxurybrands.it\/wp-content\/uploads\/2025\/10\/GOLD_JUICE_30M.jpg\" \/>\n\t<meta property=\"og:image:width\" content=\"1512\" \/>\n\t<meta property=\"og:image:height\" content=\"1512\" \/>\n\t<meta property=\"og:image:type\" content=\"image\/jpeg\" \/>\n<meta name=\"twitter:card\" content=\"summary_large_image\" \/>\n<meta name=\"twitter:label1\" content=\"Est. reading time\" \/>\n\t<meta name=\"twitter:data1\" content=\"1 minute\" \/>\n<script type=\"application\/ld+json\" class=\"yoast-schema-graph\">{\"@context\":\"https:\\\/\\\/schema.org\",\"@graph\":[{\"@type\":\"WebPage\",\"@id\":\"https:\\\/\\\/www.profumixluxurybrands.it\\\/en\\\/brands\\\/born-to-stand-out-gold-juice-100ml-spray-eau-intimite\\\/\",\"url\":\"https:\\\/\\\/www.profumixluxurybrands.it\\\/en\\\/brands\\\/born-to-stand-out-gold-juice-100ml-spray-eau-intimite\\\/\",\"name\":\"BORN TO STAND OUT GOLD JUICE 100ML SPRAY EAU INTIMIT\u00c8\",\"isPartOf\":{\"@id\":\"https:\\\/\\\/www.profumixluxurybrands.it\\\/en\\\/#website\"},\"primaryImageOfPage\":{\"@id\":\"https:\\\/\\\/www.profumixluxurybrands.it\\\/en\\\/brands\\\/born-to-stand-out-gold-juice-100ml-spray-eau-intimite\\\/#primaryimage\"},\"image\":{\"@id\":\"https:\\\/\\\/www.profumixluxurybrands.it\\\/en\\\/brands\\\/born-to-stand-out-gold-juice-100ml-spray-eau-intimite\\\/#primaryimage\"},\"thumbnailUrl\":\"https:\\\/\\\/www.profumixluxurybrands.it\\\/wp-content\\\/uploads\\\/2025\\\/10\\\/GOLD_JUICE_30M.jpg\",\"datePublished\":\"2025-10-01T10:01:32+00:00\",\"dateModified\":\"2025-11-05T19:50:20+00:00\",\"breadcrumb\":{\"@id\":\"https:\\\/\\\/www.profumixluxurybrands.it\\\/en\\\/brands\\\/born-to-stand-out-gold-juice-100ml-spray-eau-intimite\\\/#breadcrumb\"},\"inLanguage\":\"en-US\",\"potentialAction\":[{\"@type\":\"ReadAction\",\"target\":[\"https:\\\/\\\/www.profumixluxurybrands.it\\\/en\\\/brands\\\/born-to-stand-out-gold-juice-100ml-spray-eau-intimite\\\/\"]}]},{\"@type\":\"ImageObject\",\"inLanguage\":\"en-US\",\"@id\":\"https:\\\/\\\/www.profumixluxurybrands.it\\\/en\\\/brands\\\/born-to-stand-out-gold-juice-100ml-spray-eau-intimite\\\/#primaryimage\",\"url\":\"https:\\\/\\\/www.profumixluxurybrands.it\\\/wp-content\\\/uploads\\\/2025\\\/10\\\/GOLD_JUICE_30M.jpg\",\"contentUrl\":\"https:\\\/\\\/www.profumixluxurybrands.it\\\/wp-content\\\/uploads\\\/2025\\\/10\\\/GOLD_JUICE_30M.jpg\",\"width\":1512,\"height\":1512},{\"@type\":\"BreadcrumbList\",\"@id\":\"https:\\\/\\\/www.profumixluxurybrands.it\\\/en\\\/brands\\\/born-to-stand-out-gold-juice-100ml-spray-eau-intimite\\\/#breadcrumb\",\"itemListElement\":[{\"@type\":\"ListItem\",\"position\":1,\"name\":\"Home\",\"item\":\"https:\\\/\\\/www.profumixluxurybrands.it\\\/en\\\/\"},{\"@type\":\"ListItem\",\"position\":2,\"name\":\"Shop\",\"item\":\"https:\\\/\\\/www.profumixluxurybrands.it\\\/en\\\/shop\\\/\"},{\"@type\":\"ListItem\",\"position\":3,\"name\":\"BORN TO STAND OUT GOLD JUICE 100ML SPRAY EAU INTIMIT\u00c8\"}]},{\"@type\":\"WebSite\",\"@id\":\"https:\\\/\\\/www.profumixluxurybrands.it\\\/en\\\/#website\",\"url\":\"https:\\\/\\\/www.profumixluxurybrands.it\\\/en\\\/\",\"name\":\"Profumix Luxury Perfumes\",\"description\":\"\",\"publisher\":{\"@id\":\"https:\\\/\\\/www.profumixluxurybrands.it\\\/en\\\/#organization\"},\"potentialAction\":[{\"@type\":\"SearchAction\",\"target\":{\"@type\":\"EntryPoint\",\"urlTemplate\":\"https:\\\/\\\/www.profumixluxurybrands.it\\\/en\\\/?s={search_term_string}\"},\"query-input\":{\"@type\":\"PropertyValueSpecification\",\"valueRequired\":true,\"valueName\":\"search_term_string\"}}],\"inLanguage\":\"en-US\"},{\"@type\":\"Organization\",\"@id\":\"https:\\\/\\\/www.profumixluxurybrands.it\\\/en\\\/#organization\",\"name\":\"Profumix Luxury Perfumes\",\"url\":\"https:\\\/\\\/www.profumixluxurybrands.it\\\/en\\\/\",\"logo\":{\"@type\":\"ImageObject\",\"inLanguage\":\"en-US\",\"@id\":\"https:\\\/\\\/www.profumixluxurybrands.it\\\/en\\\/#\\\/schema\\\/logo\\\/image\\\/\",\"url\":\"https:\\\/\\\/www.profumixluxurybrands.it\\\/wp-content\\\/uploads\\\/2022\\\/09\\\/logo-profumixluxury-ev.png\",\"contentUrl\":\"https:\\\/\\\/www.profumixluxurybrands.it\\\/wp-content\\\/uploads\\\/2022\\\/09\\\/logo-profumixluxury-ev.png\",\"width\":374,\"height\":176,\"caption\":\"Profumix Luxury Perfumes\"},\"image\":{\"@id\":\"https:\\\/\\\/www.profumixluxurybrands.it\\\/en\\\/#\\\/schema\\\/logo\\\/image\\\/\"},\"sameAs\":[\"https:\\\/\\\/www.facebook.com\\\/profumix\",\"https:\\\/\\\/www.instagram.com\\\/profumix_luxury_brands\\\/\"]}]}<\/script>\n<!-- \/ Yoast SEO plugin. -->","yoast_head_json":{"title":"BORN TO STAND OUT GOLD JUICE 100ML SPRAY EAU INTIMIT\u00c8","robots":{"index":"index","follow":"follow","max-snippet":"max-snippet:-1","max-image-preview":"max-image-preview:large","max-video-preview":"max-video-preview:-1"},"canonical":"https:\/\/www.profumixluxurybrands.it\/en\/brands\/born-to-stand-out-gold-juice-100ml-spray-eau-intimite\/","og_locale":"en_US","og_type":"article","og_title":"BORN TO STAND OUT GOLD JUICE 100ML SPRAY EAU INTIMIT\u00c8","og_description":"GOLD JUICE  Il rabarbaro pungente e il morso pungente del durian aprono la fragranza con un'intensit\u00e0 viscerale. Il cuore \u00e8 sorprendentemente delicato: assoluta di osmanto e fiori bianchi che brillano di calore solare. Ma il fondo racconta una storia diversa: mandorla caramellata e guaiaco legnoso si fondono in un nettare oscuro, carico di pericolo.   Top Notes: Rhubarb, Durian, Mango Heart Notes: Osmanthus Absolute, White Flowers, Sunny Notes Base Notes: Caramel, Almond, Guaiac Wood  Olfactory family: Oriental Fruity","og_url":"https:\/\/www.profumixluxurybrands.it\/en\/brands\/born-to-stand-out-gold-juice-100ml-spray-eau-intimite\/","og_site_name":"Profumix Luxury Perfumes","article_publisher":"https:\/\/www.facebook.com\/profumix","article_modified_time":"2025-11-05T19:50:20+00:00","og_image":[{"width":1512,"height":1512,"url":"https:\/\/www.profumixluxurybrands.it\/wp-content\/uploads\/2025\/10\/GOLD_JUICE_30M.jpg","type":"image\/jpeg"}],"twitter_card":"summary_large_image","twitter_misc":{"Est. reading time":"1 minute"},"schema":{"@context":"https:\/\/schema.org","@graph":[{"@type":"WebPage","@id":"https:\/\/www.profumixluxurybrands.it\/en\/brands\/born-to-stand-out-gold-juice-100ml-spray-eau-intimite\/","url":"https:\/\/www.profumixluxurybrands.it\/en\/brands\/born-to-stand-out-gold-juice-100ml-spray-eau-intimite\/","name":"BORN TO STAND OUT GOLD JUICE 100ML SPRAY EAU INTIMIT\u00c8","isPartOf":{"@id":"https:\/\/www.profumixluxurybrands.it\/en\/#website"},"primaryImageOfPage":{"@id":"https:\/\/www.profumixluxurybrands.it\/en\/brands\/born-to-stand-out-gold-juice-100ml-spray-eau-intimite\/#primaryimage"},"image":{"@id":"https:\/\/www.profumixluxurybrands.it\/en\/brands\/born-to-stand-out-gold-juice-100ml-spray-eau-intimite\/#primaryimage"},"thumbnailUrl":"https:\/\/www.profumixluxurybrands.it\/wp-content\/uploads\/2025\/10\/GOLD_JUICE_30M.jpg","datePublished":"2025-10-01T10:01:32+00:00","dateModified":"2025-11-05T19:50:20+00:00","breadcrumb":{"@id":"https:\/\/www.profumixluxurybrands.it\/en\/brands\/born-to-stand-out-gold-juice-100ml-spray-eau-intimite\/#breadcrumb"},"inLanguage":"en-US","potentialAction":[{"@type":"ReadAction","target":["https:\/\/www.profumixluxurybrands.it\/en\/brands\/born-to-stand-out-gold-juice-100ml-spray-eau-intimite\/"]}]},{"@type":"ImageObject","inLanguage":"en-US","@id":"https:\/\/www.profumixluxurybrands.it\/en\/brands\/born-to-stand-out-gold-juice-100ml-spray-eau-intimite\/#primaryimage","url":"https:\/\/www.profumixluxurybrands.it\/wp-content\/uploads\/2025\/10\/GOLD_JUICE_30M.jpg","contentUrl":"https:\/\/www.profumixluxurybrands.it\/wp-content\/uploads\/2025\/10\/GOLD_JUICE_30M.jpg","width":1512,"height":1512},{"@type":"BreadcrumbList","@id":"https:\/\/www.profumixluxurybrands.it\/en\/brands\/born-to-stand-out-gold-juice-100ml-spray-eau-intimite\/#breadcrumb","itemListElement":[{"@type":"ListItem","position":1,"name":"Home","item":"https:\/\/www.profumixluxurybrands.it\/en\/"},{"@type":"ListItem","position":2,"name":"Shop","item":"https:\/\/www.profumixluxurybrands.it\/en\/shop\/"},{"@type":"ListItem","position":3,"name":"BORN TO STAND OUT GOLD JUICE 100ML SPRAY EAU INTIMIT\u00c8"}]},{"@type":"WebSite","@id":"https:\/\/www.profumixluxurybrands.it\/en\/#website","url":"https:\/\/www.profumixluxurybrands.it\/en\/","name":"Profumix Luxury Perfumes","description":"","publisher":{"@id":"https:\/\/www.profumixluxurybrands.it\/en\/#organization"},"potentialAction":[{"@type":"SearchAction","target":{"@type":"EntryPoint","urlTemplate":"https:\/\/www.profumixluxurybrands.it\/en\/?s={search_term_string}"},"query-input":{"@type":"PropertyValueSpecification","valueRequired":true,"valueName":"search_term_string"}}],"inLanguage":"en-US"},{"@type":"Organization","@id":"https:\/\/www.profumixluxurybrands.it\/en\/#organization","name":"Profumix Luxury Perfumes","url":"https:\/\/www.profumixluxurybrands.it\/en\/","logo":{"@type":"ImageObject","inLanguage":"en-US","@id":"https:\/\/www.profumixluxurybrands.it\/en\/#\/schema\/logo\/image\/","url":"https:\/\/www.profumixluxurybrands.it\/wp-content\/uploads\/2022\/09\/logo-profumixluxury-ev.png","contentUrl":"https:\/\/www.profumixluxurybrands.it\/wp-content\/uploads\/2022\/09\/logo-profumixluxury-ev.png","width":374,"height":176,"caption":"Profumix Luxury Perfumes"},"image":{"@id":"https:\/\/www.profumixluxurybrands.it\/en\/#\/schema\/logo\/image\/"},"sameAs":["https:\/\/www.facebook.com\/profumix","https:\/\/www.instagram.com\/profumix_luxury_brands\/"]}]}},"_links":{"self":[{"href":"https:\/\/www.profumixluxurybrands.it\/en\/wp-json\/wp\/v2\/product\/95266","targetHints":{"allow":["GET"]}}],"collection":[{"href":"https:\/\/www.profumixluxurybrands.it\/en\/wp-json\/wp\/v2\/product"}],"about":[{"href":"https:\/\/www.profumixluxurybrands.it\/en\/wp-json\/wp\/v2\/types\/product"}],"replies":[{"embeddable":true,"href":"https:\/\/www.profumixluxurybrands.it\/en\/wp-json\/wp\/v2\/comments?post=95266"}],"wp:featuredmedia":[{"embeddable":true,"href":"https:\/\/www.profumixluxurybrands.it\/en\/wp-json\/wp\/v2\/media\/95254"}],"wp:attachment":[{"href":"https:\/\/www.profumixluxurybrands.it\/en\/wp-json\/wp\/v2\/media?parent=95266"}],"wp:term":[{"taxonomy":"product_brand","embeddable":true,"href":"https:\/\/www.profumixluxurybrands.it\/en\/wp-json\/wp\/v2\/product_brand?post=95266"},{"taxonomy":"product_cat","embeddable":true,"href":"https:\/\/www.profumixluxurybrands.it\/en\/wp-json\/wp\/v2\/product_cat?post=95266"},{"taxonomy":"product_tag","embeddable":true,"href":"https:\/\/www.profumixluxurybrands.it\/en\/wp-json\/wp\/v2\/product_tag?post=95266"}],"curies":[{"name":"wp","href":"https:\/\/api.w.org\/{rel}","templated":true}]}}