{"id":89963,"date":"2025-03-27T19:15:48","date_gmt":"2025-03-27T18:15:48","guid":{"rendered":"https:\/\/www.profumixluxurybrands.it\/?post_type=product&#038;p=89963"},"modified":"2025-03-27T19:59:29","modified_gmt":"2025-03-27T18:59:29","slug":"jupilo-exoticoud-50ml-extrait-de-parfum-spray-copia-2","status":"publish","type":"product","link":"https:\/\/www.profumixluxurybrands.it\/en\/brands\/jupilo-exoticoud-50ml-extrait-de-parfum-spray-copia-2\/","title":{"rendered":"JUPILO OUD KARKAD\u00c8 50ML EXTRAIT DE PARFUM SPRAY"},"content":{"rendered":"<p>Jupil\u00f2 is the perfect harmony between apparent contrasts and unexpected harmony.<\/p>\n<p>It is the geographical crossroads of a life path that links Rome and Paris, bohemian and dolce vita environments, French nose workshops and oenology methods.<\/p>\n<p>It is, last but not least, the echo of family memories that resonate in the heart and mind of Lorenzo Zaccheo, the soul of the brand, who manages to combine the delicate sensitivity of the sommelier, the demanding rationality of the prince of the forum and the virile and impetuous instinct of the boxer.<\/p>\n<p>The passion for beauty, with a simple and exclusive taste, is the common thread of the whole project.<\/p>\n<p>The eclectic perfectionism that Lorenzo places in the careful and rigorous selection of the best essences, symbologies and quality materials that characterize the packaging, translate into an essential style with refined details, elegantly luxurious.<\/p>\n<p>&nbsp;<\/p>\n<p>Jupil\u00f2 is the search for the &#8220;great perfume&#8221;, conducted in collaboration with some of the best noses in the world: Vanina Muracciole, Arturetto Landi, Christian Carbonnel.<\/p>\n<p>A cathartic and metaphysical process that starts from a memory and the attempt to bridge distances. Because perfume is divine essence and its memory can make us eternal. <\/p>\n","protected":false},"excerpt":{"rendered":"<p>Oud Karkad\u00e8 by Jupil\u00f2 is a fragrance that explores the encounter between the floral freshness of karkad\u00e8 and the sensual power of oud. The result is a complex and balanced scent, with a fresh and lively start, followed by a warm and earthy heart of oud, with spicy and floral undertones. The soft base of amber, sandalwood and musk creates an enveloping and persistent trail, ideal for those who love intense fragrances, but with a component of freshness and lightness. Perfect for the colder seasons, but also for those who want a unique and sophisticated scent at any time of the year.     <\/p>\n<p>TOP NOTES<br \/>\nPassion fruit, mango, pink pepper, raspberry, saffron, guava, grapefruit, peach, apple, blackcurrant.<br \/>\nHEART<br \/>\nNOTES: Lily of the Valley, Rose, Geranium, Jasmine.<br \/>\nBASE<br \/>\nNOTES Oud, Leather, Benzoin, Sandalwood, Musks, Frankincense, Ambergris, Vanilla and Patchouli.<\/p>\n","protected":false},"featured_media":89967,"comment_status":"open","ping_status":"closed","template":"","meta":{"_et_pb_use_builder":"","_et_pb_old_content":"","_et_gb_content_width":"","_themeisle_gutenberg_block_has_review":false},"product_brand":[],"product_cat":[4879,4857,4888,6902,4891,4865,4887,6787,4860],"product_tag":[],"class_list":{"0":"post-89963","1":"product","2":"type-product","3":"status-publish","4":"has-post-thumbnail","6":"product_cat-brands-en","7":"product_cat-fragrances","8":"product_cat-in-evidence","9":"product_cat-jupilo-en","10":"product_cat-prodotti_luxury","11":"product_cat-olfactory-families","12":"product_cat-products","13":"product_cat-samples-en","14":"product_cat-unisex-fragrances","15":"pa_categoria_desc-unisex-perfumes","16":"pa_confezione_desc-original-packaging-no-tester","17":"pa_formato_filtro-2ml-en","18":"pa_formato_filtro-50ml-en","19":"pa_produttore-jupilo-en","20":"pa_spedizione_gratuita-yes","21":"pa_tipo_filtro-extrait-de-parfum","23":"first","24":"instock","25":"shipping-taxable","26":"purchasable","27":"product-type-variable"},"yoast_head":"<!-- This site is optimized with the Yoast SEO plugin v27.5 - https:\/\/yoast.com\/product\/yoast-seo-wordpress\/ -->\n<title>JUPILO OUD KARKAD\u00c8 50ML EXTRAIT DE PARFUM SPRAY<\/title>\n<meta name=\"robots\" content=\"index, follow, max-snippet:-1, max-image-preview:large, max-video-preview:-1\" \/>\n<link rel=\"canonical\" href=\"https:\/\/www.profumixluxurybrands.it\/en\/brands\/jupilo-exoticoud-50ml-extrait-de-parfum-spray-copia-2\/\" \/>\n<meta property=\"og:locale\" content=\"en_US\" \/>\n<meta property=\"og:type\" content=\"article\" \/>\n<meta property=\"og:title\" content=\"JUPILO OUD KARKAD\u00c8 50ML EXTRAIT DE PARFUM SPRAY\" \/>\n<meta property=\"og:description\" content=\"Oud Karkad\u00e8 by Jupil\u00f2 is a fragrance that explores the encounter between the floral freshness of karkad\u00e8 and the sensual power of oud. The result is a complex and balanced scent, with a fresh and lively start, followed by a warm and earthy heart of oud, with spicy and floral undertones. The soft base of amber, sandalwood and musk creates an enveloping and persistent trail, ideal for those who love intense fragrances, but with a component of freshness and lightness. Perfect for the colder seasons, but also for those who want a unique and sophisticated scent at any time of the year.     TOP NOTES Passion fruit, mango, pink pepper, raspberry, saffron, guava, grapefruit, peach, apple, blackcurrant. HEART NOTES: Lily of the Valley, Rose, Geranium, Jasmine. BASE NOTES Oud, Leather, Benzoin, Sandalwood, Musks, Frankincense, Ambergris, Vanilla and Patchouli.\" \/>\n<meta property=\"og:url\" content=\"https:\/\/www.profumixluxurybrands.it\/en\/brands\/jupilo-exoticoud-50ml-extrait-de-parfum-spray-copia-2\/\" \/>\n<meta property=\"og:site_name\" content=\"Profumix Luxury Perfumes\" \/>\n<meta property=\"article:publisher\" content=\"https:\/\/www.facebook.com\/profumix\" \/>\n<meta property=\"article:modified_time\" content=\"2025-03-27T18:59:29+00:00\" \/>\n<meta property=\"og:image\" content=\"https:\/\/www.profumixluxurybrands.it\/wp-content\/uploads\/2025\/03\/Jupilo-Oud-Karkade.webp\" \/>\n\t<meta property=\"og:image:width\" content=\"1000\" \/>\n\t<meta property=\"og:image:height\" content=\"1000\" \/>\n\t<meta property=\"og:image:type\" content=\"image\/webp\" \/>\n<meta name=\"twitter:card\" content=\"summary_large_image\" \/>\n<meta name=\"twitter:label1\" content=\"Est. reading time\" \/>\n\t<meta name=\"twitter:data1\" content=\"2 minutes\" \/>\n<script type=\"application\/ld+json\" class=\"yoast-schema-graph\">{\"@context\":\"https:\\\/\\\/schema.org\",\"@graph\":[{\"@type\":\"WebPage\",\"@id\":\"https:\\\/\\\/www.profumixluxurybrands.it\\\/en\\\/brands\\\/jupilo-exoticoud-50ml-extrait-de-parfum-spray-copia-2\\\/\",\"url\":\"https:\\\/\\\/www.profumixluxurybrands.it\\\/en\\\/brands\\\/jupilo-exoticoud-50ml-extrait-de-parfum-spray-copia-2\\\/\",\"name\":\"JUPILO OUD KARKAD\u00c8 50ML EXTRAIT DE PARFUM SPRAY\",\"isPartOf\":{\"@id\":\"https:\\\/\\\/www.profumixluxurybrands.it\\\/en\\\/#website\"},\"primaryImageOfPage\":{\"@id\":\"https:\\\/\\\/www.profumixluxurybrands.it\\\/en\\\/brands\\\/jupilo-exoticoud-50ml-extrait-de-parfum-spray-copia-2\\\/#primaryimage\"},\"image\":{\"@id\":\"https:\\\/\\\/www.profumixluxurybrands.it\\\/en\\\/brands\\\/jupilo-exoticoud-50ml-extrait-de-parfum-spray-copia-2\\\/#primaryimage\"},\"thumbnailUrl\":\"https:\\\/\\\/www.profumixluxurybrands.it\\\/wp-content\\\/uploads\\\/2025\\\/03\\\/Jupilo-Oud-Karkade.webp\",\"datePublished\":\"2025-03-27T18:15:48+00:00\",\"dateModified\":\"2025-03-27T18:59:29+00:00\",\"breadcrumb\":{\"@id\":\"https:\\\/\\\/www.profumixluxurybrands.it\\\/en\\\/brands\\\/jupilo-exoticoud-50ml-extrait-de-parfum-spray-copia-2\\\/#breadcrumb\"},\"inLanguage\":\"en-US\",\"potentialAction\":[{\"@type\":\"ReadAction\",\"target\":[\"https:\\\/\\\/www.profumixluxurybrands.it\\\/en\\\/brands\\\/jupilo-exoticoud-50ml-extrait-de-parfum-spray-copia-2\\\/\"]}]},{\"@type\":\"ImageObject\",\"inLanguage\":\"en-US\",\"@id\":\"https:\\\/\\\/www.profumixluxurybrands.it\\\/en\\\/brands\\\/jupilo-exoticoud-50ml-extrait-de-parfum-spray-copia-2\\\/#primaryimage\",\"url\":\"https:\\\/\\\/www.profumixluxurybrands.it\\\/wp-content\\\/uploads\\\/2025\\\/03\\\/Jupilo-Oud-Karkade.webp\",\"contentUrl\":\"https:\\\/\\\/www.profumixluxurybrands.it\\\/wp-content\\\/uploads\\\/2025\\\/03\\\/Jupilo-Oud-Karkade.webp\",\"width\":1000,\"height\":1000},{\"@type\":\"BreadcrumbList\",\"@id\":\"https:\\\/\\\/www.profumixluxurybrands.it\\\/en\\\/brands\\\/jupilo-exoticoud-50ml-extrait-de-parfum-spray-copia-2\\\/#breadcrumb\",\"itemListElement\":[{\"@type\":\"ListItem\",\"position\":1,\"name\":\"Home\",\"item\":\"https:\\\/\\\/www.profumixluxurybrands.it\\\/en\\\/\"},{\"@type\":\"ListItem\",\"position\":2,\"name\":\"Shop\",\"item\":\"https:\\\/\\\/www.profumixluxurybrands.it\\\/en\\\/shop\\\/\"},{\"@type\":\"ListItem\",\"position\":3,\"name\":\"JUPILO OUD KARKAD\u00c8 50ML EXTRAIT DE PARFUM SPRAY\"}]},{\"@type\":\"WebSite\",\"@id\":\"https:\\\/\\\/www.profumixluxurybrands.it\\\/en\\\/#website\",\"url\":\"https:\\\/\\\/www.profumixluxurybrands.it\\\/en\\\/\",\"name\":\"Profumix Luxury Perfumes\",\"description\":\"\",\"publisher\":{\"@id\":\"https:\\\/\\\/www.profumixluxurybrands.it\\\/en\\\/#organization\"},\"potentialAction\":[{\"@type\":\"SearchAction\",\"target\":{\"@type\":\"EntryPoint\",\"urlTemplate\":\"https:\\\/\\\/www.profumixluxurybrands.it\\\/en\\\/?s={search_term_string}\"},\"query-input\":{\"@type\":\"PropertyValueSpecification\",\"valueRequired\":true,\"valueName\":\"search_term_string\"}}],\"inLanguage\":\"en-US\"},{\"@type\":\"Organization\",\"@id\":\"https:\\\/\\\/www.profumixluxurybrands.it\\\/en\\\/#organization\",\"name\":\"Profumix Luxury Perfumes\",\"url\":\"https:\\\/\\\/www.profumixluxurybrands.it\\\/en\\\/\",\"logo\":{\"@type\":\"ImageObject\",\"inLanguage\":\"en-US\",\"@id\":\"https:\\\/\\\/www.profumixluxurybrands.it\\\/en\\\/#\\\/schema\\\/logo\\\/image\\\/\",\"url\":\"https:\\\/\\\/www.profumixluxurybrands.it\\\/wp-content\\\/uploads\\\/2022\\\/09\\\/logo-profumixluxury-ev.png\",\"contentUrl\":\"https:\\\/\\\/www.profumixluxurybrands.it\\\/wp-content\\\/uploads\\\/2022\\\/09\\\/logo-profumixluxury-ev.png\",\"width\":374,\"height\":176,\"caption\":\"Profumix Luxury Perfumes\"},\"image\":{\"@id\":\"https:\\\/\\\/www.profumixluxurybrands.it\\\/en\\\/#\\\/schema\\\/logo\\\/image\\\/\"},\"sameAs\":[\"https:\\\/\\\/www.facebook.com\\\/profumix\",\"https:\\\/\\\/www.instagram.com\\\/profumix_luxury_brands\\\/\"]}]}<\/script>\n<!-- \/ Yoast SEO plugin. -->","yoast_head_json":{"title":"JUPILO OUD KARKAD\u00c8 50ML EXTRAIT DE PARFUM SPRAY","robots":{"index":"index","follow":"follow","max-snippet":"max-snippet:-1","max-image-preview":"max-image-preview:large","max-video-preview":"max-video-preview:-1"},"canonical":"https:\/\/www.profumixluxurybrands.it\/en\/brands\/jupilo-exoticoud-50ml-extrait-de-parfum-spray-copia-2\/","og_locale":"en_US","og_type":"article","og_title":"JUPILO OUD KARKAD\u00c8 50ML EXTRAIT DE PARFUM SPRAY","og_description":"Oud Karkad\u00e8 by Jupil\u00f2 is a fragrance that explores the encounter between the floral freshness of karkad\u00e8 and the sensual power of oud. The result is a complex and balanced scent, with a fresh and lively start, followed by a warm and earthy heart of oud, with spicy and floral undertones. The soft base of amber, sandalwood and musk creates an enveloping and persistent trail, ideal for those who love intense fragrances, but with a component of freshness and lightness. Perfect for the colder seasons, but also for those who want a unique and sophisticated scent at any time of the year.     TOP NOTES Passion fruit, mango, pink pepper, raspberry, saffron, guava, grapefruit, peach, apple, blackcurrant. HEART NOTES: Lily of the Valley, Rose, Geranium, Jasmine. BASE NOTES Oud, Leather, Benzoin, Sandalwood, Musks, Frankincense, Ambergris, Vanilla and Patchouli.","og_url":"https:\/\/www.profumixluxurybrands.it\/en\/brands\/jupilo-exoticoud-50ml-extrait-de-parfum-spray-copia-2\/","og_site_name":"Profumix Luxury Perfumes","article_publisher":"https:\/\/www.facebook.com\/profumix","article_modified_time":"2025-03-27T18:59:29+00:00","og_image":[{"width":1000,"height":1000,"url":"https:\/\/www.profumixluxurybrands.it\/wp-content\/uploads\/2025\/03\/Jupilo-Oud-Karkade.webp","type":"image\/webp"}],"twitter_card":"summary_large_image","twitter_misc":{"Est. reading time":"2 minutes"},"schema":{"@context":"https:\/\/schema.org","@graph":[{"@type":"WebPage","@id":"https:\/\/www.profumixluxurybrands.it\/en\/brands\/jupilo-exoticoud-50ml-extrait-de-parfum-spray-copia-2\/","url":"https:\/\/www.profumixluxurybrands.it\/en\/brands\/jupilo-exoticoud-50ml-extrait-de-parfum-spray-copia-2\/","name":"JUPILO OUD KARKAD\u00c8 50ML EXTRAIT DE PARFUM SPRAY","isPartOf":{"@id":"https:\/\/www.profumixluxurybrands.it\/en\/#website"},"primaryImageOfPage":{"@id":"https:\/\/www.profumixluxurybrands.it\/en\/brands\/jupilo-exoticoud-50ml-extrait-de-parfum-spray-copia-2\/#primaryimage"},"image":{"@id":"https:\/\/www.profumixluxurybrands.it\/en\/brands\/jupilo-exoticoud-50ml-extrait-de-parfum-spray-copia-2\/#primaryimage"},"thumbnailUrl":"https:\/\/www.profumixluxurybrands.it\/wp-content\/uploads\/2025\/03\/Jupilo-Oud-Karkade.webp","datePublished":"2025-03-27T18:15:48+00:00","dateModified":"2025-03-27T18:59:29+00:00","breadcrumb":{"@id":"https:\/\/www.profumixluxurybrands.it\/en\/brands\/jupilo-exoticoud-50ml-extrait-de-parfum-spray-copia-2\/#breadcrumb"},"inLanguage":"en-US","potentialAction":[{"@type":"ReadAction","target":["https:\/\/www.profumixluxurybrands.it\/en\/brands\/jupilo-exoticoud-50ml-extrait-de-parfum-spray-copia-2\/"]}]},{"@type":"ImageObject","inLanguage":"en-US","@id":"https:\/\/www.profumixluxurybrands.it\/en\/brands\/jupilo-exoticoud-50ml-extrait-de-parfum-spray-copia-2\/#primaryimage","url":"https:\/\/www.profumixluxurybrands.it\/wp-content\/uploads\/2025\/03\/Jupilo-Oud-Karkade.webp","contentUrl":"https:\/\/www.profumixluxurybrands.it\/wp-content\/uploads\/2025\/03\/Jupilo-Oud-Karkade.webp","width":1000,"height":1000},{"@type":"BreadcrumbList","@id":"https:\/\/www.profumixluxurybrands.it\/en\/brands\/jupilo-exoticoud-50ml-extrait-de-parfum-spray-copia-2\/#breadcrumb","itemListElement":[{"@type":"ListItem","position":1,"name":"Home","item":"https:\/\/www.profumixluxurybrands.it\/en\/"},{"@type":"ListItem","position":2,"name":"Shop","item":"https:\/\/www.profumixluxurybrands.it\/en\/shop\/"},{"@type":"ListItem","position":3,"name":"JUPILO OUD KARKAD\u00c8 50ML EXTRAIT DE PARFUM SPRAY"}]},{"@type":"WebSite","@id":"https:\/\/www.profumixluxurybrands.it\/en\/#website","url":"https:\/\/www.profumixluxurybrands.it\/en\/","name":"Profumix Luxury Perfumes","description":"","publisher":{"@id":"https:\/\/www.profumixluxurybrands.it\/en\/#organization"},"potentialAction":[{"@type":"SearchAction","target":{"@type":"EntryPoint","urlTemplate":"https:\/\/www.profumixluxurybrands.it\/en\/?s={search_term_string}"},"query-input":{"@type":"PropertyValueSpecification","valueRequired":true,"valueName":"search_term_string"}}],"inLanguage":"en-US"},{"@type":"Organization","@id":"https:\/\/www.profumixluxurybrands.it\/en\/#organization","name":"Profumix Luxury Perfumes","url":"https:\/\/www.profumixluxurybrands.it\/en\/","logo":{"@type":"ImageObject","inLanguage":"en-US","@id":"https:\/\/www.profumixluxurybrands.it\/en\/#\/schema\/logo\/image\/","url":"https:\/\/www.profumixluxurybrands.it\/wp-content\/uploads\/2022\/09\/logo-profumixluxury-ev.png","contentUrl":"https:\/\/www.profumixluxurybrands.it\/wp-content\/uploads\/2022\/09\/logo-profumixluxury-ev.png","width":374,"height":176,"caption":"Profumix Luxury Perfumes"},"image":{"@id":"https:\/\/www.profumixluxurybrands.it\/en\/#\/schema\/logo\/image\/"},"sameAs":["https:\/\/www.facebook.com\/profumix","https:\/\/www.instagram.com\/profumix_luxury_brands\/"]}]}},"_links":{"self":[{"href":"https:\/\/www.profumixluxurybrands.it\/en\/wp-json\/wp\/v2\/product\/89963","targetHints":{"allow":["GET"]}}],"collection":[{"href":"https:\/\/www.profumixluxurybrands.it\/en\/wp-json\/wp\/v2\/product"}],"about":[{"href":"https:\/\/www.profumixluxurybrands.it\/en\/wp-json\/wp\/v2\/types\/product"}],"replies":[{"embeddable":true,"href":"https:\/\/www.profumixluxurybrands.it\/en\/wp-json\/wp\/v2\/comments?post=89963"}],"wp:featuredmedia":[{"embeddable":true,"href":"https:\/\/www.profumixluxurybrands.it\/en\/wp-json\/wp\/v2\/media\/89967"}],"wp:attachment":[{"href":"https:\/\/www.profumixluxurybrands.it\/en\/wp-json\/wp\/v2\/media?parent=89963"}],"wp:term":[{"taxonomy":"product_brand","embeddable":true,"href":"https:\/\/www.profumixluxurybrands.it\/en\/wp-json\/wp\/v2\/product_brand?post=89963"},{"taxonomy":"product_cat","embeddable":true,"href":"https:\/\/www.profumixluxurybrands.it\/en\/wp-json\/wp\/v2\/product_cat?post=89963"},{"taxonomy":"product_tag","embeddable":true,"href":"https:\/\/www.profumixluxurybrands.it\/en\/wp-json\/wp\/v2\/product_tag?post=89963"}],"curies":[{"name":"wp","href":"https:\/\/api.w.org\/{rel}","templated":true}]}}