{"id":88542,"date":"2025-02-27T10:13:56","date_gmt":"2025-02-27T09:13:56","guid":{"rendered":"https:\/\/www.profumixluxurybrands.it\/?post_type=product&#038;p=88542"},"modified":"2025-02-27T10:34:47","modified_gmt":"2025-02-27T09:34:47","slug":"xponential-null-eau-de-parfum-spray-50ml-copia","status":"publish","type":"product","link":"https:\/\/www.profumixluxurybrands.it\/en\/brands\/xponential-null-eau-de-parfum-spray-50ml-copia\/","title":{"rendered":"XPONENTIAL OUD BOOST EAU DE PARFUM SPRAY 50ML"},"content":{"rendered":"","protected":false},"excerpt":{"rendered":"<div class=\"lRu31\" dir=\"ltr\"><span class=\"HwtZe\" lang=\"it\"><span class=\"jCAhz ChMk0b\"><span class=\"ryNqvb\">Increase the elegance of your perfume<\/span><\/span><\/span><\/div>\n<div dir=\"ltr\"><\/div>\n<div class=\"lRu31\" dir=\"ltr\"><span class=\"HwtZe\" lang=\"it\"> <span class=\"jCAhz ChMk0b\"><span class=\"ryNqvb\">Xponential Oud Boost has been designed to be paired with your favorite fragrances and enhance their aroma.<\/span><\/span> <span class=\"jCAhz ChMk0b\"><span class=\"ryNqvb\">However, its acceptance and popularity have shown that it is just as effective when used alone.<\/span><\/span><\/span><\/div>\n<div dir=\"ltr\"><span class=\"HwtZe\" lang=\"it\"> <span class=\"jCAhz ChMk0b\"><span class=\"ryNqvb\">Thanks to the inclusion of oud, the most luxurious and sought-after note in the world of perfumery, Oud Boost infuses a richness and depth incomparable to any other aroma. <\/span><\/span><span class=\"jCAhz ChMk0b\"><span class=\"ryNqvb\">This oud heart is the same base as our Xponential Day, Night and Animalic Boost, a proven combination of elements that guarantees perfect balance and dynamic evolution of the aroma.<\/span><\/span><\/span><\/div>\n<div dir=\"ltr\"><\/div>\n<div class=\"lRu31\" dir=\"ltr\"><span class=\"HwtZe\" lang=\"it\"><span class=\"jCAhz ChMk0b\"><span class=\"ryNqvb\">With Xponential Oud Boost, your fragrance will not only last a long time, but it will also project an enveloping presence, leaving an olfactory mouth that will be remembered. <\/span><\/span><\/span><\/div>\n<div class=\"lRu31\" dir=\"ltr\">\n<div class=\"OvtS8d\"><\/div>\n<div id=\"ow24\"><\/div>\n<\/div>\n<div class=\"UdTY9 WdefRb\" aria-hidden=\"true\" data-location=\"2\">\n<div class=\"kO6q6e\"><\/div>\n<\/div>\n<div class=\"XL3Kf XExWNc\">\n<div class=\"a8FIud X0rvP\">\n<div data-show-delay-ms=\"250\" data-append-to-body=\"false\" data-propagate-tooltip-mouseover-events=\"true\" data-anchor-corner=\"bottom-end\" data-enable-skip-handler=\"true\" data-popup-corner=\"top-end\">\n<div class=\"dig2sb\"><\/div>\n<\/div>\n<\/div>\n<\/div>\n<div class=\"XL3Kf XExWNc\">\n<div class=\"a8FIud X0rvP\">\n<div data-show-delay-ms=\"250\" data-append-to-body=\"false\" data-propagate-tooltip-mouseover-events=\"true\" data-anchor-corner=\"bottom-end\" data-enable-skip-handler=\"true\" data-popup-corner=\"top-end\"><\/div>\n<\/div>\n<\/div>\n<div class=\"ebT7ne VOLvac sMVRZe\">\n<div class=\"F0pQVc\"><\/div>\n<\/div>\n<div class=\"VO9ucd\">\n<div class=\"aJIq1d\" dir=\"ltr\" data-language-code=\"it\" data-language-name=\"Italiano\" data-text=\"Aumenta l'eleganza del tuo profumo Vuoi che il tuo profumo diventi un campione di eleganza e raffinatezza? Scopri Xponential Oud Boost. Xponential Oud Boost \u00e8 il segreto meglio custodito per trasformare qualsiasi fragranza in un'esperienza di lusso senza pari. Questo potente booster porta i tuoi profumi preferiti a nuovi livelli, aggiungendo una profondit\u00e0 e un rischio che non passerai inosservato. Con Xponential Oud Boost, la tua fragranza non solo durer\u00e0 a lungo, ma proietter\u00e0 anche una presenza avvolgente, lasciando una bocca olfattiva che verr\u00e0 ricordata. Qual \u00e8 la lista che porta le tue fragranze al massimo livello di raffinatezza? Xponential Oud Boost \u00e8 il compagno perfetto per chi desidera scoprire una fragranza unica e potente. Sforzatevi di brillare con eleganza!\" data-crosslingual-hint=\"\" data-location=\"2\" data-enable-toggle-playback-speed=\"true\" data-results-count=\"1\" data-result-index=\"1\">\n<div class=\"m0Qfkd\"><\/div>\n<\/div>\n<\/div>\n","protected":false},"featured_media":88544,"comment_status":"open","ping_status":"closed","template":"","meta":{"_et_pb_use_builder":"","_et_pb_old_content":"","_et_gb_content_width":"","_themeisle_gutenberg_block_has_review":false},"product_brand":[],"product_cat":[4879,4857,4888,4891,4877,4887,4860,6465],"product_tag":[],"class_list":{"0":"post-88542","1":"product","2":"type-product","3":"status-publish","4":"has-post-thumbnail","6":"product_cat-brands-en","7":"product_cat-fragrances","8":"product_cat-in-evidence","9":"product_cat-prodotti_luxury","10":"product_cat-moleculars","11":"product_cat-products","12":"product_cat-unisex-fragrances","13":"product_cat-xponential-en","14":"pa_categoria_desc-unisex-perfumes","15":"pa_confezione_desc-original-packaging-no-tester","16":"pa_formato_filtro-50ml-en","17":"pa_spedizione_gratuita-yes","18":"pa_tipo_filtro-spray-eau-de-parfum","20":"first","21":"instock","22":"shipping-taxable","23":"purchasable","24":"product-type-simple"},"yoast_head":"<!-- This site is optimized with the Yoast SEO plugin v27.5 - https:\/\/yoast.com\/product\/yoast-seo-wordpress\/ -->\n<title>XPONENTIAL OUD BOOST EAU DE PARFUM SPRAY 50ML<\/title>\n<meta name=\"robots\" content=\"index, follow, max-snippet:-1, max-image-preview:large, max-video-preview:-1\" \/>\n<link rel=\"canonical\" href=\"https:\/\/www.profumixluxurybrands.it\/en\/brands\/xponential-null-eau-de-parfum-spray-50ml-copia\/\" \/>\n<meta property=\"og:locale\" content=\"en_US\" \/>\n<meta property=\"og:type\" content=\"article\" \/>\n<meta property=\"og:title\" content=\"XPONENTIAL OUD BOOST EAU DE PARFUM SPRAY 50ML\" \/>\n<meta property=\"og:description\" content=\"Increase the elegance of your perfume  Xponential Oud Boost has been designed to be paired with your favorite fragrances and enhance their aroma. However, its acceptance and popularity have shown that it is just as effective when used alone. Thanks to the inclusion of oud, the most luxurious and sought-after note in the world of perfumery, Oud Boost infuses a richness and depth incomparable to any other aroma. This oud heart is the same base as our Xponential Day, Night and Animalic Boost, a proven combination of elements that guarantees perfect balance and dynamic evolution of the aroma. With Xponential Oud Boost, your fragrance will not only last a long time, but it will also project an enveloping presence, leaving an olfactory mouth that will be remembered.\" \/>\n<meta property=\"og:url\" content=\"https:\/\/www.profumixluxurybrands.it\/en\/brands\/xponential-null-eau-de-parfum-spray-50ml-copia\/\" \/>\n<meta property=\"og:site_name\" content=\"Profumix Luxury Perfumes\" \/>\n<meta property=\"article:publisher\" content=\"https:\/\/www.facebook.com\/profumix\" \/>\n<meta property=\"article:modified_time\" content=\"2025-02-27T09:34:47+00:00\" \/>\n<meta property=\"og:image\" content=\"https:\/\/www.profumixluxurybrands.it\/wp-content\/uploads\/2025\/02\/XPONENTIAL_OUDBOOST.jpg\" \/>\n\t<meta property=\"og:image:width\" content=\"1170\" \/>\n\t<meta property=\"og:image:height\" content=\"1068\" \/>\n\t<meta property=\"og:image:type\" content=\"image\/jpeg\" \/>\n<meta name=\"twitter:card\" content=\"summary_large_image\" \/>\n<meta name=\"twitter:label1\" content=\"Est. reading time\" \/>\n\t<meta name=\"twitter:data1\" content=\"1 minute\" \/>\n<script type=\"application\/ld+json\" class=\"yoast-schema-graph\">{\"@context\":\"https:\\\/\\\/schema.org\",\"@graph\":[{\"@type\":\"WebPage\",\"@id\":\"https:\\\/\\\/www.profumixluxurybrands.it\\\/en\\\/brands\\\/xponential-null-eau-de-parfum-spray-50ml-copia\\\/\",\"url\":\"https:\\\/\\\/www.profumixluxurybrands.it\\\/en\\\/brands\\\/xponential-null-eau-de-parfum-spray-50ml-copia\\\/\",\"name\":\"XPONENTIAL OUD BOOST EAU DE PARFUM SPRAY 50ML\",\"isPartOf\":{\"@id\":\"https:\\\/\\\/www.profumixluxurybrands.it\\\/en\\\/#website\"},\"primaryImageOfPage\":{\"@id\":\"https:\\\/\\\/www.profumixluxurybrands.it\\\/en\\\/brands\\\/xponential-null-eau-de-parfum-spray-50ml-copia\\\/#primaryimage\"},\"image\":{\"@id\":\"https:\\\/\\\/www.profumixluxurybrands.it\\\/en\\\/brands\\\/xponential-null-eau-de-parfum-spray-50ml-copia\\\/#primaryimage\"},\"thumbnailUrl\":\"https:\\\/\\\/www.profumixluxurybrands.it\\\/wp-content\\\/uploads\\\/2025\\\/02\\\/XPONENTIAL_OUDBOOST.jpg\",\"datePublished\":\"2025-02-27T09:13:56+00:00\",\"dateModified\":\"2025-02-27T09:34:47+00:00\",\"breadcrumb\":{\"@id\":\"https:\\\/\\\/www.profumixluxurybrands.it\\\/en\\\/brands\\\/xponential-null-eau-de-parfum-spray-50ml-copia\\\/#breadcrumb\"},\"inLanguage\":\"en-US\",\"potentialAction\":[{\"@type\":\"ReadAction\",\"target\":[\"https:\\\/\\\/www.profumixluxurybrands.it\\\/en\\\/brands\\\/xponential-null-eau-de-parfum-spray-50ml-copia\\\/\"]}]},{\"@type\":\"ImageObject\",\"inLanguage\":\"en-US\",\"@id\":\"https:\\\/\\\/www.profumixluxurybrands.it\\\/en\\\/brands\\\/xponential-null-eau-de-parfum-spray-50ml-copia\\\/#primaryimage\",\"url\":\"https:\\\/\\\/www.profumixluxurybrands.it\\\/wp-content\\\/uploads\\\/2025\\\/02\\\/XPONENTIAL_OUDBOOST.jpg\",\"contentUrl\":\"https:\\\/\\\/www.profumixluxurybrands.it\\\/wp-content\\\/uploads\\\/2025\\\/02\\\/XPONENTIAL_OUDBOOST.jpg\",\"width\":1170,\"height\":1068},{\"@type\":\"BreadcrumbList\",\"@id\":\"https:\\\/\\\/www.profumixluxurybrands.it\\\/en\\\/brands\\\/xponential-null-eau-de-parfum-spray-50ml-copia\\\/#breadcrumb\",\"itemListElement\":[{\"@type\":\"ListItem\",\"position\":1,\"name\":\"Home\",\"item\":\"https:\\\/\\\/www.profumixluxurybrands.it\\\/en\\\/\"},{\"@type\":\"ListItem\",\"position\":2,\"name\":\"Shop\",\"item\":\"https:\\\/\\\/www.profumixluxurybrands.it\\\/en\\\/shop\\\/\"},{\"@type\":\"ListItem\",\"position\":3,\"name\":\"XPONENTIAL OUD BOOST EAU DE PARFUM SPRAY 50ML\"}]},{\"@type\":\"WebSite\",\"@id\":\"https:\\\/\\\/www.profumixluxurybrands.it\\\/en\\\/#website\",\"url\":\"https:\\\/\\\/www.profumixluxurybrands.it\\\/en\\\/\",\"name\":\"Profumix Luxury Perfumes\",\"description\":\"\",\"publisher\":{\"@id\":\"https:\\\/\\\/www.profumixluxurybrands.it\\\/en\\\/#organization\"},\"potentialAction\":[{\"@type\":\"SearchAction\",\"target\":{\"@type\":\"EntryPoint\",\"urlTemplate\":\"https:\\\/\\\/www.profumixluxurybrands.it\\\/en\\\/?s={search_term_string}\"},\"query-input\":{\"@type\":\"PropertyValueSpecification\",\"valueRequired\":true,\"valueName\":\"search_term_string\"}}],\"inLanguage\":\"en-US\"},{\"@type\":\"Organization\",\"@id\":\"https:\\\/\\\/www.profumixluxurybrands.it\\\/en\\\/#organization\",\"name\":\"Profumix Luxury Perfumes\",\"url\":\"https:\\\/\\\/www.profumixluxurybrands.it\\\/en\\\/\",\"logo\":{\"@type\":\"ImageObject\",\"inLanguage\":\"en-US\",\"@id\":\"https:\\\/\\\/www.profumixluxurybrands.it\\\/en\\\/#\\\/schema\\\/logo\\\/image\\\/\",\"url\":\"https:\\\/\\\/www.profumixluxurybrands.it\\\/wp-content\\\/uploads\\\/2022\\\/09\\\/logo-profumixluxury-ev.png\",\"contentUrl\":\"https:\\\/\\\/www.profumixluxurybrands.it\\\/wp-content\\\/uploads\\\/2022\\\/09\\\/logo-profumixluxury-ev.png\",\"width\":374,\"height\":176,\"caption\":\"Profumix Luxury Perfumes\"},\"image\":{\"@id\":\"https:\\\/\\\/www.profumixluxurybrands.it\\\/en\\\/#\\\/schema\\\/logo\\\/image\\\/\"},\"sameAs\":[\"https:\\\/\\\/www.facebook.com\\\/profumix\",\"https:\\\/\\\/www.instagram.com\\\/profumix_luxury_brands\\\/\"]}]}<\/script>\n<!-- \/ Yoast SEO plugin. -->","yoast_head_json":{"title":"XPONENTIAL OUD BOOST EAU DE PARFUM SPRAY 50ML","robots":{"index":"index","follow":"follow","max-snippet":"max-snippet:-1","max-image-preview":"max-image-preview:large","max-video-preview":"max-video-preview:-1"},"canonical":"https:\/\/www.profumixluxurybrands.it\/en\/brands\/xponential-null-eau-de-parfum-spray-50ml-copia\/","og_locale":"en_US","og_type":"article","og_title":"XPONENTIAL OUD BOOST EAU DE PARFUM SPRAY 50ML","og_description":"Increase the elegance of your perfume  Xponential Oud Boost has been designed to be paired with your favorite fragrances and enhance their aroma. However, its acceptance and popularity have shown that it is just as effective when used alone. Thanks to the inclusion of oud, the most luxurious and sought-after note in the world of perfumery, Oud Boost infuses a richness and depth incomparable to any other aroma. This oud heart is the same base as our Xponential Day, Night and Animalic Boost, a proven combination of elements that guarantees perfect balance and dynamic evolution of the aroma. With Xponential Oud Boost, your fragrance will not only last a long time, but it will also project an enveloping presence, leaving an olfactory mouth that will be remembered.","og_url":"https:\/\/www.profumixluxurybrands.it\/en\/brands\/xponential-null-eau-de-parfum-spray-50ml-copia\/","og_site_name":"Profumix Luxury Perfumes","article_publisher":"https:\/\/www.facebook.com\/profumix","article_modified_time":"2025-02-27T09:34:47+00:00","og_image":[{"width":1170,"height":1068,"url":"https:\/\/www.profumixluxurybrands.it\/wp-content\/uploads\/2025\/02\/XPONENTIAL_OUDBOOST.jpg","type":"image\/jpeg"}],"twitter_card":"summary_large_image","twitter_misc":{"Est. reading time":"1 minute"},"schema":{"@context":"https:\/\/schema.org","@graph":[{"@type":"WebPage","@id":"https:\/\/www.profumixluxurybrands.it\/en\/brands\/xponential-null-eau-de-parfum-spray-50ml-copia\/","url":"https:\/\/www.profumixluxurybrands.it\/en\/brands\/xponential-null-eau-de-parfum-spray-50ml-copia\/","name":"XPONENTIAL OUD BOOST EAU DE PARFUM SPRAY 50ML","isPartOf":{"@id":"https:\/\/www.profumixluxurybrands.it\/en\/#website"},"primaryImageOfPage":{"@id":"https:\/\/www.profumixluxurybrands.it\/en\/brands\/xponential-null-eau-de-parfum-spray-50ml-copia\/#primaryimage"},"image":{"@id":"https:\/\/www.profumixluxurybrands.it\/en\/brands\/xponential-null-eau-de-parfum-spray-50ml-copia\/#primaryimage"},"thumbnailUrl":"https:\/\/www.profumixluxurybrands.it\/wp-content\/uploads\/2025\/02\/XPONENTIAL_OUDBOOST.jpg","datePublished":"2025-02-27T09:13:56+00:00","dateModified":"2025-02-27T09:34:47+00:00","breadcrumb":{"@id":"https:\/\/www.profumixluxurybrands.it\/en\/brands\/xponential-null-eau-de-parfum-spray-50ml-copia\/#breadcrumb"},"inLanguage":"en-US","potentialAction":[{"@type":"ReadAction","target":["https:\/\/www.profumixluxurybrands.it\/en\/brands\/xponential-null-eau-de-parfum-spray-50ml-copia\/"]}]},{"@type":"ImageObject","inLanguage":"en-US","@id":"https:\/\/www.profumixluxurybrands.it\/en\/brands\/xponential-null-eau-de-parfum-spray-50ml-copia\/#primaryimage","url":"https:\/\/www.profumixluxurybrands.it\/wp-content\/uploads\/2025\/02\/XPONENTIAL_OUDBOOST.jpg","contentUrl":"https:\/\/www.profumixluxurybrands.it\/wp-content\/uploads\/2025\/02\/XPONENTIAL_OUDBOOST.jpg","width":1170,"height":1068},{"@type":"BreadcrumbList","@id":"https:\/\/www.profumixluxurybrands.it\/en\/brands\/xponential-null-eau-de-parfum-spray-50ml-copia\/#breadcrumb","itemListElement":[{"@type":"ListItem","position":1,"name":"Home","item":"https:\/\/www.profumixluxurybrands.it\/en\/"},{"@type":"ListItem","position":2,"name":"Shop","item":"https:\/\/www.profumixluxurybrands.it\/en\/shop\/"},{"@type":"ListItem","position":3,"name":"XPONENTIAL OUD BOOST EAU DE PARFUM SPRAY 50ML"}]},{"@type":"WebSite","@id":"https:\/\/www.profumixluxurybrands.it\/en\/#website","url":"https:\/\/www.profumixluxurybrands.it\/en\/","name":"Profumix Luxury Perfumes","description":"","publisher":{"@id":"https:\/\/www.profumixluxurybrands.it\/en\/#organization"},"potentialAction":[{"@type":"SearchAction","target":{"@type":"EntryPoint","urlTemplate":"https:\/\/www.profumixluxurybrands.it\/en\/?s={search_term_string}"},"query-input":{"@type":"PropertyValueSpecification","valueRequired":true,"valueName":"search_term_string"}}],"inLanguage":"en-US"},{"@type":"Organization","@id":"https:\/\/www.profumixluxurybrands.it\/en\/#organization","name":"Profumix Luxury Perfumes","url":"https:\/\/www.profumixluxurybrands.it\/en\/","logo":{"@type":"ImageObject","inLanguage":"en-US","@id":"https:\/\/www.profumixluxurybrands.it\/en\/#\/schema\/logo\/image\/","url":"https:\/\/www.profumixluxurybrands.it\/wp-content\/uploads\/2022\/09\/logo-profumixluxury-ev.png","contentUrl":"https:\/\/www.profumixluxurybrands.it\/wp-content\/uploads\/2022\/09\/logo-profumixluxury-ev.png","width":374,"height":176,"caption":"Profumix Luxury Perfumes"},"image":{"@id":"https:\/\/www.profumixluxurybrands.it\/en\/#\/schema\/logo\/image\/"},"sameAs":["https:\/\/www.facebook.com\/profumix","https:\/\/www.instagram.com\/profumix_luxury_brands\/"]}]}},"_links":{"self":[{"href":"https:\/\/www.profumixluxurybrands.it\/en\/wp-json\/wp\/v2\/product\/88542","targetHints":{"allow":["GET"]}}],"collection":[{"href":"https:\/\/www.profumixluxurybrands.it\/en\/wp-json\/wp\/v2\/product"}],"about":[{"href":"https:\/\/www.profumixluxurybrands.it\/en\/wp-json\/wp\/v2\/types\/product"}],"replies":[{"embeddable":true,"href":"https:\/\/www.profumixluxurybrands.it\/en\/wp-json\/wp\/v2\/comments?post=88542"}],"wp:featuredmedia":[{"embeddable":true,"href":"https:\/\/www.profumixluxurybrands.it\/en\/wp-json\/wp\/v2\/media\/88544"}],"wp:attachment":[{"href":"https:\/\/www.profumixluxurybrands.it\/en\/wp-json\/wp\/v2\/media?parent=88542"}],"wp:term":[{"taxonomy":"product_brand","embeddable":true,"href":"https:\/\/www.profumixluxurybrands.it\/en\/wp-json\/wp\/v2\/product_brand?post=88542"},{"taxonomy":"product_cat","embeddable":true,"href":"https:\/\/www.profumixluxurybrands.it\/en\/wp-json\/wp\/v2\/product_cat?post=88542"},{"taxonomy":"product_tag","embeddable":true,"href":"https:\/\/www.profumixluxurybrands.it\/en\/wp-json\/wp\/v2\/product_tag?post=88542"}],"curies":[{"name":"wp","href":"https:\/\/api.w.org\/{rel}","templated":true}]}}