{"id":84140,"date":"2024-10-15T12:20:30","date_gmt":"2024-10-15T10:20:30","guid":{"rendered":"https:\/\/www.profumixluxurybrands.it\/?post_type=product&#038;p=84140"},"modified":"2026-02-08T18:34:43","modified_gmt":"2026-02-08T17:34:43","slug":"obvious-un-vanille-eau-de-parfum-spray-100ml-copia","status":"publish","type":"product","link":"https:\/\/www.profumixluxurybrands.it\/en\/brands\/obvious-un-vanille-eau-de-parfum-spray-100ml-copia\/","title":{"rendered":"OBVIOUS UN \u00c9T\u00c9 EAU DE PARFUM SPRAY 100ML"},"content":{"rendered":"","protected":false},"excerpt":{"rendered":"<div class=\"lRu31\" dir=\"ltr\">\n<div id=\"ow20\"><span class=\"HwtZe\" lang=\"it\"><span class=\"jCAhz ChMk0b\"><span class=\"ryNqvb\">This is the scent of your memories, this is Un \u00c9t\u00e9.<\/span><\/span><\/span><\/div>\n<div><span class=\"HwtZe\" lang=\"it\"><span class=\"jCAhz ChMk0b\"><span class=\"ryNqvb\">Body and soul warmed and freed from the sun.<\/span><\/span> <span class=\"jCAhz\"><span class=\"ryNqvb\">This sacred interlude is: Un \u00c9t\u00e9.<\/span><\/span> <span class=\"jCAhz ChMk0b\"><span class=\"ryNqvb\">Close your eyes and remember your last summer at the beach.<\/span><\/span> <span class=\"jCAhz ChMk0b\"><span class=\"ryNqvb\">It remembers the wind in your hair, the sun on your skin, the sand warmed by the sun, the salty smell of the sea&#8230;<\/span><\/span><\/span><\/div>\n<\/div>\n<p><span class=\"HwtZe\" lang=\"it\"><span class=\"jCAhz ChMk0b\"><span class=\"ryNqvb\">This fragrance will remind you of the creamy notes of sunscreen on your skin after a long day at the beach.<\/span><\/span> <span class=\"jCAhz ChMk0b\"><span class=\"ryNqvb\">Top notes with tangerine, ginger and mandarin oil give the fragrance a fresh and sparkling atmosphere.<\/span><\/span> <span class=\"jCAhz ChMk0b\"><span class=\"ryNqvb\">Then, the vanilla bean and matcha accord make it last on your skin.<\/span><\/span><\/span><\/p>\n<p><span class=\"HwtZe\" lang=\"it\"><span class=\"jCAhz ChMk0b\"><span class=\"ryNqvb\"> TOP NOTES: ginger oil, mandarin heart, mandarin oil.<\/span><\/span> <\/span><\/p>\n<p><span class=\"HwtZe\" lang=\"it\"><span class=\"jCAhz ChMk0b\"><span class=\"ryNqvb\">HEART NOTES: matcha accord, orange blossom absolute, mate oil.<\/span><\/span> <\/span><\/p>\n<p><span class=\"HwtZe\" lang=\"it\"><span class=\"jCAhz ChMk0b\"><span class=\"ryNqvb\">BASE NOTES: vanilla bean extract, tonka bean absolute, balsam oil from Peru.<\/span><\/span><\/span><\/p>\n","protected":false},"featured_media":84142,"comment_status":"open","ping_status":"closed","template":"","meta":{"_et_pb_use_builder":"","_et_pb_old_content":"","_et_gb_content_width":"","_themeisle_gutenberg_block_has_review":false},"product_brand":[],"product_cat":[4879,4857,6865,4865,6716,4860],"product_tag":[],"class_list":{"0":"post-84140","1":"product","2":"type-product","3":"status-publish","4":"has-post-thumbnail","6":"product_cat-brands-en","7":"product_cat-fragrances","8":"product_cat-obvious-en","9":"product_cat-olfactory-families","10":"product_cat-outlet-en","11":"product_cat-unisex-fragrances","12":"pa_categoria_desc-unisex-perfumes","13":"pa_confezione_desc-original-blister-package","14":"pa_formato_filtro-100ml-en","15":"pa_produttore-obvious-en","16":"pa_spedizione_gratuita-yes","17":"pa_tipo_filtro-spray-eau-de-parfum","19":"first","20":"outofstock","21":"sale","22":"shipping-taxable","23":"purchasable","24":"product-type-simple"},"yoast_head":"<!-- This site is optimized with the Yoast SEO plugin v27.5 - https:\/\/yoast.com\/product\/yoast-seo-wordpress\/ -->\n<title>OBVIOUS UN \u00c9T\u00c9 EAU DE PARFUM SPRAY 100ML<\/title>\n<meta name=\"robots\" content=\"index, follow, max-snippet:-1, max-image-preview:large, max-video-preview:-1\" \/>\n<link rel=\"canonical\" href=\"https:\/\/www.profumixluxurybrands.it\/en\/brands\/obvious-un-vanille-eau-de-parfum-spray-100ml-copia\/\" \/>\n<meta property=\"og:locale\" content=\"en_US\" \/>\n<meta property=\"og:type\" content=\"article\" \/>\n<meta property=\"og:title\" content=\"OBVIOUS UN \u00c9T\u00c9 EAU DE PARFUM SPRAY 100ML\" \/>\n<meta property=\"og:description\" content=\"This is the scent of your memories, this is Un \u00c9t\u00e9. Body and soul warmed and freed from the sun. This sacred interlude is: Un \u00c9t\u00e9. Close your eyes and remember your last summer at the beach. It remembers the wind in your hair, the sun on your skin, the sand warmed by the sun, the salty smell of the sea...  This fragrance will remind you of the creamy notes of sunscreen on your skin after a long day at the beach. Top notes with tangerine, ginger and mandarin oil give the fragrance a fresh and sparkling atmosphere. Then, the vanilla bean and matcha accord make it last on your skin.   TOP NOTES: ginger oil, mandarin heart, mandarin oil.   HEART NOTES: matcha accord, orange blossom absolute, mate oil.   BASE NOTES: vanilla bean extract, tonka bean absolute, balsam oil from Peru.\" \/>\n<meta property=\"og:url\" content=\"https:\/\/www.profumixluxurybrands.it\/en\/brands\/obvious-un-vanille-eau-de-parfum-spray-100ml-copia\/\" \/>\n<meta property=\"og:site_name\" content=\"Profumix Luxury Perfumes\" \/>\n<meta property=\"article:publisher\" content=\"https:\/\/www.facebook.com\/profumix\" \/>\n<meta property=\"article:modified_time\" content=\"2026-02-08T17:34:43+00:00\" \/>\n<meta property=\"og:image\" content=\"https:\/\/www.profumixluxurybrands.it\/wp-content\/uploads\/2024\/10\/UN_ETE.jpg\" \/>\n\t<meta property=\"og:image:width\" content=\"959\" \/>\n\t<meta property=\"og:image:height\" content=\"998\" \/>\n\t<meta property=\"og:image:type\" content=\"image\/jpeg\" \/>\n<meta name=\"twitter:card\" content=\"summary_large_image\" \/>\n<meta name=\"twitter:label1\" content=\"Est. reading time\" \/>\n\t<meta name=\"twitter:data1\" content=\"1 minute\" \/>\n<script type=\"application\/ld+json\" class=\"yoast-schema-graph\">{\"@context\":\"https:\\\/\\\/schema.org\",\"@graph\":[{\"@type\":\"WebPage\",\"@id\":\"https:\\\/\\\/www.profumixluxurybrands.it\\\/en\\\/brands\\\/obvious-un-vanille-eau-de-parfum-spray-100ml-copia\\\/\",\"url\":\"https:\\\/\\\/www.profumixluxurybrands.it\\\/en\\\/brands\\\/obvious-un-vanille-eau-de-parfum-spray-100ml-copia\\\/\",\"name\":\"OBVIOUS UN \u00c9T\u00c9 EAU DE PARFUM SPRAY 100ML\",\"isPartOf\":{\"@id\":\"https:\\\/\\\/www.profumixluxurybrands.it\\\/en\\\/#website\"},\"primaryImageOfPage\":{\"@id\":\"https:\\\/\\\/www.profumixluxurybrands.it\\\/en\\\/brands\\\/obvious-un-vanille-eau-de-parfum-spray-100ml-copia\\\/#primaryimage\"},\"image\":{\"@id\":\"https:\\\/\\\/www.profumixluxurybrands.it\\\/en\\\/brands\\\/obvious-un-vanille-eau-de-parfum-spray-100ml-copia\\\/#primaryimage\"},\"thumbnailUrl\":\"https:\\\/\\\/www.profumixluxurybrands.it\\\/wp-content\\\/uploads\\\/2024\\\/10\\\/UN_ETE.jpg\",\"datePublished\":\"2024-10-15T10:20:30+00:00\",\"dateModified\":\"2026-02-08T17:34:43+00:00\",\"breadcrumb\":{\"@id\":\"https:\\\/\\\/www.profumixluxurybrands.it\\\/en\\\/brands\\\/obvious-un-vanille-eau-de-parfum-spray-100ml-copia\\\/#breadcrumb\"},\"inLanguage\":\"en-US\",\"potentialAction\":[{\"@type\":\"ReadAction\",\"target\":[\"https:\\\/\\\/www.profumixluxurybrands.it\\\/en\\\/brands\\\/obvious-un-vanille-eau-de-parfum-spray-100ml-copia\\\/\"]}]},{\"@type\":\"ImageObject\",\"inLanguage\":\"en-US\",\"@id\":\"https:\\\/\\\/www.profumixluxurybrands.it\\\/en\\\/brands\\\/obvious-un-vanille-eau-de-parfum-spray-100ml-copia\\\/#primaryimage\",\"url\":\"https:\\\/\\\/www.profumixluxurybrands.it\\\/wp-content\\\/uploads\\\/2024\\\/10\\\/UN_ETE.jpg\",\"contentUrl\":\"https:\\\/\\\/www.profumixluxurybrands.it\\\/wp-content\\\/uploads\\\/2024\\\/10\\\/UN_ETE.jpg\",\"width\":959,\"height\":998},{\"@type\":\"BreadcrumbList\",\"@id\":\"https:\\\/\\\/www.profumixluxurybrands.it\\\/en\\\/brands\\\/obvious-un-vanille-eau-de-parfum-spray-100ml-copia\\\/#breadcrumb\",\"itemListElement\":[{\"@type\":\"ListItem\",\"position\":1,\"name\":\"Home\",\"item\":\"https:\\\/\\\/www.profumixluxurybrands.it\\\/en\\\/\"},{\"@type\":\"ListItem\",\"position\":2,\"name\":\"Shop\",\"item\":\"https:\\\/\\\/www.profumixluxurybrands.it\\\/en\\\/shop\\\/\"},{\"@type\":\"ListItem\",\"position\":3,\"name\":\"OBVIOUS UN \u00c9T\u00c9 EAU DE PARFUM SPRAY 100ML\"}]},{\"@type\":\"WebSite\",\"@id\":\"https:\\\/\\\/www.profumixluxurybrands.it\\\/en\\\/#website\",\"url\":\"https:\\\/\\\/www.profumixluxurybrands.it\\\/en\\\/\",\"name\":\"Profumix Luxury Perfumes\",\"description\":\"\",\"publisher\":{\"@id\":\"https:\\\/\\\/www.profumixluxurybrands.it\\\/en\\\/#organization\"},\"potentialAction\":[{\"@type\":\"SearchAction\",\"target\":{\"@type\":\"EntryPoint\",\"urlTemplate\":\"https:\\\/\\\/www.profumixluxurybrands.it\\\/en\\\/?s={search_term_string}\"},\"query-input\":{\"@type\":\"PropertyValueSpecification\",\"valueRequired\":true,\"valueName\":\"search_term_string\"}}],\"inLanguage\":\"en-US\"},{\"@type\":\"Organization\",\"@id\":\"https:\\\/\\\/www.profumixluxurybrands.it\\\/en\\\/#organization\",\"name\":\"Profumix Luxury Perfumes\",\"url\":\"https:\\\/\\\/www.profumixluxurybrands.it\\\/en\\\/\",\"logo\":{\"@type\":\"ImageObject\",\"inLanguage\":\"en-US\",\"@id\":\"https:\\\/\\\/www.profumixluxurybrands.it\\\/en\\\/#\\\/schema\\\/logo\\\/image\\\/\",\"url\":\"https:\\\/\\\/www.profumixluxurybrands.it\\\/wp-content\\\/uploads\\\/2022\\\/09\\\/logo-profumixluxury-ev.png\",\"contentUrl\":\"https:\\\/\\\/www.profumixluxurybrands.it\\\/wp-content\\\/uploads\\\/2022\\\/09\\\/logo-profumixluxury-ev.png\",\"width\":374,\"height\":176,\"caption\":\"Profumix Luxury Perfumes\"},\"image\":{\"@id\":\"https:\\\/\\\/www.profumixluxurybrands.it\\\/en\\\/#\\\/schema\\\/logo\\\/image\\\/\"},\"sameAs\":[\"https:\\\/\\\/www.facebook.com\\\/profumix\",\"https:\\\/\\\/www.instagram.com\\\/profumix_luxury_brands\\\/\"]}]}<\/script>\n<!-- \/ Yoast SEO plugin. -->","yoast_head_json":{"title":"OBVIOUS UN \u00c9T\u00c9 EAU DE PARFUM SPRAY 100ML","robots":{"index":"index","follow":"follow","max-snippet":"max-snippet:-1","max-image-preview":"max-image-preview:large","max-video-preview":"max-video-preview:-1"},"canonical":"https:\/\/www.profumixluxurybrands.it\/en\/brands\/obvious-un-vanille-eau-de-parfum-spray-100ml-copia\/","og_locale":"en_US","og_type":"article","og_title":"OBVIOUS UN \u00c9T\u00c9 EAU DE PARFUM SPRAY 100ML","og_description":"This is the scent of your memories, this is Un \u00c9t\u00e9. Body and soul warmed and freed from the sun. This sacred interlude is: Un \u00c9t\u00e9. Close your eyes and remember your last summer at the beach. It remembers the wind in your hair, the sun on your skin, the sand warmed by the sun, the salty smell of the sea...  This fragrance will remind you of the creamy notes of sunscreen on your skin after a long day at the beach. Top notes with tangerine, ginger and mandarin oil give the fragrance a fresh and sparkling atmosphere. Then, the vanilla bean and matcha accord make it last on your skin.   TOP NOTES: ginger oil, mandarin heart, mandarin oil.   HEART NOTES: matcha accord, orange blossom absolute, mate oil.   BASE NOTES: vanilla bean extract, tonka bean absolute, balsam oil from Peru.","og_url":"https:\/\/www.profumixluxurybrands.it\/en\/brands\/obvious-un-vanille-eau-de-parfum-spray-100ml-copia\/","og_site_name":"Profumix Luxury Perfumes","article_publisher":"https:\/\/www.facebook.com\/profumix","article_modified_time":"2026-02-08T17:34:43+00:00","og_image":[{"width":959,"height":998,"url":"https:\/\/www.profumixluxurybrands.it\/wp-content\/uploads\/2024\/10\/UN_ETE.jpg","type":"image\/jpeg"}],"twitter_card":"summary_large_image","twitter_misc":{"Est. reading time":"1 minute"},"schema":{"@context":"https:\/\/schema.org","@graph":[{"@type":"WebPage","@id":"https:\/\/www.profumixluxurybrands.it\/en\/brands\/obvious-un-vanille-eau-de-parfum-spray-100ml-copia\/","url":"https:\/\/www.profumixluxurybrands.it\/en\/brands\/obvious-un-vanille-eau-de-parfum-spray-100ml-copia\/","name":"OBVIOUS UN \u00c9T\u00c9 EAU DE PARFUM SPRAY 100ML","isPartOf":{"@id":"https:\/\/www.profumixluxurybrands.it\/en\/#website"},"primaryImageOfPage":{"@id":"https:\/\/www.profumixluxurybrands.it\/en\/brands\/obvious-un-vanille-eau-de-parfum-spray-100ml-copia\/#primaryimage"},"image":{"@id":"https:\/\/www.profumixluxurybrands.it\/en\/brands\/obvious-un-vanille-eau-de-parfum-spray-100ml-copia\/#primaryimage"},"thumbnailUrl":"https:\/\/www.profumixluxurybrands.it\/wp-content\/uploads\/2024\/10\/UN_ETE.jpg","datePublished":"2024-10-15T10:20:30+00:00","dateModified":"2026-02-08T17:34:43+00:00","breadcrumb":{"@id":"https:\/\/www.profumixluxurybrands.it\/en\/brands\/obvious-un-vanille-eau-de-parfum-spray-100ml-copia\/#breadcrumb"},"inLanguage":"en-US","potentialAction":[{"@type":"ReadAction","target":["https:\/\/www.profumixluxurybrands.it\/en\/brands\/obvious-un-vanille-eau-de-parfum-spray-100ml-copia\/"]}]},{"@type":"ImageObject","inLanguage":"en-US","@id":"https:\/\/www.profumixluxurybrands.it\/en\/brands\/obvious-un-vanille-eau-de-parfum-spray-100ml-copia\/#primaryimage","url":"https:\/\/www.profumixluxurybrands.it\/wp-content\/uploads\/2024\/10\/UN_ETE.jpg","contentUrl":"https:\/\/www.profumixluxurybrands.it\/wp-content\/uploads\/2024\/10\/UN_ETE.jpg","width":959,"height":998},{"@type":"BreadcrumbList","@id":"https:\/\/www.profumixluxurybrands.it\/en\/brands\/obvious-un-vanille-eau-de-parfum-spray-100ml-copia\/#breadcrumb","itemListElement":[{"@type":"ListItem","position":1,"name":"Home","item":"https:\/\/www.profumixluxurybrands.it\/en\/"},{"@type":"ListItem","position":2,"name":"Shop","item":"https:\/\/www.profumixluxurybrands.it\/en\/shop\/"},{"@type":"ListItem","position":3,"name":"OBVIOUS UN \u00c9T\u00c9 EAU DE PARFUM SPRAY 100ML"}]},{"@type":"WebSite","@id":"https:\/\/www.profumixluxurybrands.it\/en\/#website","url":"https:\/\/www.profumixluxurybrands.it\/en\/","name":"Profumix Luxury Perfumes","description":"","publisher":{"@id":"https:\/\/www.profumixluxurybrands.it\/en\/#organization"},"potentialAction":[{"@type":"SearchAction","target":{"@type":"EntryPoint","urlTemplate":"https:\/\/www.profumixluxurybrands.it\/en\/?s={search_term_string}"},"query-input":{"@type":"PropertyValueSpecification","valueRequired":true,"valueName":"search_term_string"}}],"inLanguage":"en-US"},{"@type":"Organization","@id":"https:\/\/www.profumixluxurybrands.it\/en\/#organization","name":"Profumix Luxury Perfumes","url":"https:\/\/www.profumixluxurybrands.it\/en\/","logo":{"@type":"ImageObject","inLanguage":"en-US","@id":"https:\/\/www.profumixluxurybrands.it\/en\/#\/schema\/logo\/image\/","url":"https:\/\/www.profumixluxurybrands.it\/wp-content\/uploads\/2022\/09\/logo-profumixluxury-ev.png","contentUrl":"https:\/\/www.profumixluxurybrands.it\/wp-content\/uploads\/2022\/09\/logo-profumixluxury-ev.png","width":374,"height":176,"caption":"Profumix Luxury Perfumes"},"image":{"@id":"https:\/\/www.profumixluxurybrands.it\/en\/#\/schema\/logo\/image\/"},"sameAs":["https:\/\/www.facebook.com\/profumix","https:\/\/www.instagram.com\/profumix_luxury_brands\/"]}]}},"_links":{"self":[{"href":"https:\/\/www.profumixluxurybrands.it\/en\/wp-json\/wp\/v2\/product\/84140","targetHints":{"allow":["GET"]}}],"collection":[{"href":"https:\/\/www.profumixluxurybrands.it\/en\/wp-json\/wp\/v2\/product"}],"about":[{"href":"https:\/\/www.profumixluxurybrands.it\/en\/wp-json\/wp\/v2\/types\/product"}],"replies":[{"embeddable":true,"href":"https:\/\/www.profumixluxurybrands.it\/en\/wp-json\/wp\/v2\/comments?post=84140"}],"wp:featuredmedia":[{"embeddable":true,"href":"https:\/\/www.profumixluxurybrands.it\/en\/wp-json\/wp\/v2\/media\/84142"}],"wp:attachment":[{"href":"https:\/\/www.profumixluxurybrands.it\/en\/wp-json\/wp\/v2\/media?parent=84140"}],"wp:term":[{"taxonomy":"product_brand","embeddable":true,"href":"https:\/\/www.profumixluxurybrands.it\/en\/wp-json\/wp\/v2\/product_brand?post=84140"},{"taxonomy":"product_cat","embeddable":true,"href":"https:\/\/www.profumixluxurybrands.it\/en\/wp-json\/wp\/v2\/product_cat?post=84140"},{"taxonomy":"product_tag","embeddable":true,"href":"https:\/\/www.profumixluxurybrands.it\/en\/wp-json\/wp\/v2\/product_tag?post=84140"}],"curies":[{"name":"wp","href":"https:\/\/api.w.org\/{rel}","templated":true}]}}