{"id":83563,"date":"2024-10-04T12:52:36","date_gmt":"2024-10-04T10:52:36","guid":{"rendered":"https:\/\/www.profumixluxurybrands.it\/?post_type=product&#038;p=83563"},"modified":"2024-10-04T12:57:13","modified_gmt":"2024-10-04T10:57:13","slug":"coreterno-oceanoir-100ml-spray-eau-de-parfum-copia-2","status":"publish","type":"product","link":"https:\/\/www.profumixluxurybrands.it\/en\/brands\/coreterno-oceanoir-100ml-spray-eau-de-parfum-copia-2\/","title":{"rendered":"CORETERNO NIGHT IDOL 100ML SPRAY EAU DE PARFUM"},"content":{"rendered":"","protected":false},"excerpt":{"rendered":"<div class=\"elementor-element elementor-element-56203d88 elementor-widget elementor-widget-heading\" data-id=\"56203d88\" data-element_type=\"widget\" data-widget_type=\"heading.default\">\n<div class=\"elementor-widget-container\">\n<p class=\"elementor-heading-title elementor-size-default\">Legno Intenso e Ambrato<\/p>\n<\/div>\n<\/div>\n<div class=\"elementor-element elementor-element-7e9a7b8e elementor-widget elementor-widget-woocommerce-product-short-description\" data-id=\"7e9a7b8e\" data-element_type=\"widget\" data-widget_type=\"woocommerce-product-short-description.default\">\n<div class=\"elementor-widget-container\">\n<div class=\"woocommerce-product-details__short-description\">\n<p><span class=\"TextRun SCXW68682220 BCX0\" lang=\"IT-IT\" xml:lang=\"IT-IT\" data-contrast=\"none\"><span class=\"NormalTextRun SCXW68682220 BCX0\">Le luci si abbassano. Il silenzio spegne le voci della folla in attesa del tuo primo accordo. Il cuore batte forte, il respiro sembra mancare, ma la tua sicurezza \u00e8 incrollabile, il tuo destino gi\u00e0 scritto. Night <\/span><span class=\"NormalTextRun SCXW68682220 BCX0\">Idol<\/span> <span class=\"NormalTextRun SCXW68682220 BCX0\">\u00e8 <\/span> <span class=\"NormalTextRun SCXW68682220 BCX0\">una fragranza irresistibile, unica nel suo genere, che combina elementi rari con una sensualit\u00e0 selvaggia. La nota di testa si apre con un accordo affascinante tra mango fresco e maturo, zafferano e miele. Al centro, le note di cuore fioriscono rivelando un prezioso bouquet floreale, umido come dopo la pioggia. Il fondo della fragranza regala una ricchezza avvolgente, con una nota di base persistente di legni pregiati, in cui l\u2019 <\/span><span class=\"NormalTextRun SCXW68682220 BCX0\">oud<\/span><span class=\"NormalTextRun SCXW68682220 BCX0\"> gioca il ruolo principale; la legnosit\u00e0 \u00e8 esaltata da una sinfonia di note sensuali: ambra grigia mistica, cuoio raffinato, muschio caldo e vaniglia cremosa, che conferiscono profondit\u00e0 e sensualit\u00e0, creando una composizione unica, potente e graffiante. Adesso nessun limite \u00e8 invalicabile, ama follemente, balla sulla tua musica, vivi la tua vita da rockstar. <\/span><\/span><\/p>\n<\/div>\n<\/div>\n<\/div>\n<p>Olfactory notes:<\/p>\n<div>\n<div><strong>TESTA<\/strong>: MANGO, ZAFFERANO, MIELE;<\/div>\n<div><strong>CUORE<\/strong>: ROSA, MUGHETTO, GELSOMINO, ELIOTROPO, IRIS;<\/div>\n<div><strong>BASE<\/strong>: VANIGLIA, TONKA, LEGNO DI AGAR, PELLE, MUSCHIO BIANCO, PATCHOULI, LEGNO DI SANDALO, BENZOINO DI SUMATRA, AMBRA GRIGIA, CASTOREUM, MUSCHIO D\u2019ALBERO.<\/div>\n<\/div>\n","protected":false},"featured_media":83565,"comment_status":"open","ping_status":"closed","template":"","meta":{"_et_pb_use_builder":"","_et_pb_old_content":"","_et_gb_content_width":"","_themeisle_gutenberg_block_has_review":false},"product_brand":[],"product_cat":[4879,5376,4857,4888,4891,6213,4865,4887,4860],"product_tag":[],"class_list":{"0":"post-83563","1":"product","2":"type-product","3":"status-publish","4":"has-post-thumbnail","6":"product_cat-brands-en","7":"product_cat-coreterno-en","8":"product_cat-fragrances","9":"product_cat-in-evidence","10":"product_cat-prodotti_luxury","11":"product_cat-offerte-da-non-perdere-en","12":"product_cat-olfactory-families","13":"product_cat-products","14":"product_cat-unisex-fragrances","15":"pa_categoria_desc-unisex-perfumes","16":"pa_confezione_desc-original-packaging-no-tester-blister","17":"pa_formato_filtro-100ml-en","18":"pa_produttore-coreterno-en","19":"pa_spedizione_gratuita-yes","20":"pa_tipo_filtro-spray-eau-de-parfum","22":"first","23":"instock","24":"shipping-taxable","25":"purchasable","26":"product-type-simple"},"yoast_head":"<!-- This site is optimized with the Yoast SEO plugin v27.5 - https:\/\/yoast.com\/product\/yoast-seo-wordpress\/ -->\n<title>CORETERNO NIGHT IDOL 100ML SPRAY EAU DE PARFUM<\/title>\n<meta name=\"robots\" content=\"index, follow, max-snippet:-1, max-image-preview:large, max-video-preview:-1\" \/>\n<link rel=\"canonical\" href=\"https:\/\/www.profumixluxurybrands.it\/en\/brands\/coreterno-oceanoir-100ml-spray-eau-de-parfum-copia-2\/\" \/>\n<meta property=\"og:locale\" content=\"en_US\" \/>\n<meta property=\"og:type\" content=\"article\" \/>\n<meta property=\"og:title\" content=\"CORETERNO NIGHT IDOL 100ML SPRAY EAU DE PARFUM\" \/>\n<meta property=\"og:description\" content=\"Legno Intenso e Ambrato        Le luci si abbassano. Il silenzio spegne le voci della folla in attesa del tuo primo accordo. Il cuore batte forte, il respiro sembra mancare, ma la tua sicurezza \u00e8 incrollabile, il tuo destino gi\u00e0 scritto. Night Idol \u00e8 una fragranza irresistibile, unica nel suo genere, che combina elementi rari con una sensualit\u00e0 selvaggia. La nota di testa si apre con un accordo affascinante tra mango fresco e maturo, zafferano e miele. Al centro, le note di cuore fioriscono rivelando un prezioso bouquet floreale, umido come dopo la pioggia. Il fondo della fragranza regala una ricchezza avvolgente, con una nota di base persistente di legni pregiati, in cui l\u2019 oud gioca il ruolo principale; la legnosit\u00e0 \u00e8 esaltata da una sinfonia di note sensuali: ambra grigia mistica, cuoio raffinato, muschio caldo e vaniglia cremosa, che conferiscono profondit\u00e0 e sensualit\u00e0, creando una composizione unica, potente e graffiante. Adesso nessun limite \u00e8 invalicabile, ama follemente, balla sulla tua musica, vivi la tua vita da rockstar.      Olfactory notes:  TESTA: MANGO, ZAFFERANO, MIELE; CUORE: ROSA, MUGHETTO, GELSOMINO, ELIOTROPO, IRIS; BASE: VANIGLIA, TONKA, LEGNO DI AGAR, PELLE, MUSCHIO BIANCO, PATCHOULI, LEGNO DI SANDALO, BENZOINO DI SUMATRA, AMBRA GRIGIA, CASTOREUM, MUSCHIO D\u2019ALBERO.\" \/>\n<meta property=\"og:url\" content=\"https:\/\/www.profumixluxurybrands.it\/en\/brands\/coreterno-oceanoir-100ml-spray-eau-de-parfum-copia-2\/\" \/>\n<meta property=\"og:site_name\" content=\"Profumix Luxury Perfumes\" \/>\n<meta property=\"article:publisher\" content=\"https:\/\/www.facebook.com\/profumix\" \/>\n<meta property=\"article:modified_time\" content=\"2024-10-04T10:57:13+00:00\" \/>\n<meta property=\"og:image\" content=\"https:\/\/www.profumixluxurybrands.it\/wp-content\/uploads\/2024\/10\/NIGHT-IDOL.jpg\" \/>\n\t<meta property=\"og:image:width\" content=\"618\" \/>\n\t<meta property=\"og:image:height\" content=\"640\" \/>\n\t<meta property=\"og:image:type\" content=\"image\/jpeg\" \/>\n<meta name=\"twitter:card\" content=\"summary_large_image\" \/>\n<meta name=\"twitter:label1\" content=\"Est. reading time\" \/>\n\t<meta name=\"twitter:data1\" content=\"1 minute\" \/>\n<script type=\"application\/ld+json\" class=\"yoast-schema-graph\">{\"@context\":\"https:\\\/\\\/schema.org\",\"@graph\":[{\"@type\":\"WebPage\",\"@id\":\"https:\\\/\\\/www.profumixluxurybrands.it\\\/en\\\/brands\\\/coreterno-oceanoir-100ml-spray-eau-de-parfum-copia-2\\\/\",\"url\":\"https:\\\/\\\/www.profumixluxurybrands.it\\\/en\\\/brands\\\/coreterno-oceanoir-100ml-spray-eau-de-parfum-copia-2\\\/\",\"name\":\"CORETERNO NIGHT IDOL 100ML SPRAY EAU DE PARFUM\",\"isPartOf\":{\"@id\":\"https:\\\/\\\/www.profumixluxurybrands.it\\\/en\\\/#website\"},\"primaryImageOfPage\":{\"@id\":\"https:\\\/\\\/www.profumixluxurybrands.it\\\/en\\\/brands\\\/coreterno-oceanoir-100ml-spray-eau-de-parfum-copia-2\\\/#primaryimage\"},\"image\":{\"@id\":\"https:\\\/\\\/www.profumixluxurybrands.it\\\/en\\\/brands\\\/coreterno-oceanoir-100ml-spray-eau-de-parfum-copia-2\\\/#primaryimage\"},\"thumbnailUrl\":\"https:\\\/\\\/www.profumixluxurybrands.it\\\/wp-content\\\/uploads\\\/2024\\\/10\\\/NIGHT-IDOL.jpg\",\"datePublished\":\"2024-10-04T10:52:36+00:00\",\"dateModified\":\"2024-10-04T10:57:13+00:00\",\"breadcrumb\":{\"@id\":\"https:\\\/\\\/www.profumixluxurybrands.it\\\/en\\\/brands\\\/coreterno-oceanoir-100ml-spray-eau-de-parfum-copia-2\\\/#breadcrumb\"},\"inLanguage\":\"en-US\",\"potentialAction\":[{\"@type\":\"ReadAction\",\"target\":[\"https:\\\/\\\/www.profumixluxurybrands.it\\\/en\\\/brands\\\/coreterno-oceanoir-100ml-spray-eau-de-parfum-copia-2\\\/\"]}]},{\"@type\":\"ImageObject\",\"inLanguage\":\"en-US\",\"@id\":\"https:\\\/\\\/www.profumixluxurybrands.it\\\/en\\\/brands\\\/coreterno-oceanoir-100ml-spray-eau-de-parfum-copia-2\\\/#primaryimage\",\"url\":\"https:\\\/\\\/www.profumixluxurybrands.it\\\/wp-content\\\/uploads\\\/2024\\\/10\\\/NIGHT-IDOL.jpg\",\"contentUrl\":\"https:\\\/\\\/www.profumixluxurybrands.it\\\/wp-content\\\/uploads\\\/2024\\\/10\\\/NIGHT-IDOL.jpg\",\"width\":618,\"height\":640},{\"@type\":\"BreadcrumbList\",\"@id\":\"https:\\\/\\\/www.profumixluxurybrands.it\\\/en\\\/brands\\\/coreterno-oceanoir-100ml-spray-eau-de-parfum-copia-2\\\/#breadcrumb\",\"itemListElement\":[{\"@type\":\"ListItem\",\"position\":1,\"name\":\"Home\",\"item\":\"https:\\\/\\\/www.profumixluxurybrands.it\\\/en\\\/\"},{\"@type\":\"ListItem\",\"position\":2,\"name\":\"Shop\",\"item\":\"https:\\\/\\\/www.profumixluxurybrands.it\\\/en\\\/shop\\\/\"},{\"@type\":\"ListItem\",\"position\":3,\"name\":\"CORETERNO NIGHT IDOL 100ML SPRAY EAU DE PARFUM\"}]},{\"@type\":\"WebSite\",\"@id\":\"https:\\\/\\\/www.profumixluxurybrands.it\\\/en\\\/#website\",\"url\":\"https:\\\/\\\/www.profumixluxurybrands.it\\\/en\\\/\",\"name\":\"Profumix Luxury Perfumes\",\"description\":\"\",\"publisher\":{\"@id\":\"https:\\\/\\\/www.profumixluxurybrands.it\\\/en\\\/#organization\"},\"potentialAction\":[{\"@type\":\"SearchAction\",\"target\":{\"@type\":\"EntryPoint\",\"urlTemplate\":\"https:\\\/\\\/www.profumixluxurybrands.it\\\/en\\\/?s={search_term_string}\"},\"query-input\":{\"@type\":\"PropertyValueSpecification\",\"valueRequired\":true,\"valueName\":\"search_term_string\"}}],\"inLanguage\":\"en-US\"},{\"@type\":\"Organization\",\"@id\":\"https:\\\/\\\/www.profumixluxurybrands.it\\\/en\\\/#organization\",\"name\":\"Profumix Luxury Perfumes\",\"url\":\"https:\\\/\\\/www.profumixluxurybrands.it\\\/en\\\/\",\"logo\":{\"@type\":\"ImageObject\",\"inLanguage\":\"en-US\",\"@id\":\"https:\\\/\\\/www.profumixluxurybrands.it\\\/en\\\/#\\\/schema\\\/logo\\\/image\\\/\",\"url\":\"https:\\\/\\\/www.profumixluxurybrands.it\\\/wp-content\\\/uploads\\\/2022\\\/09\\\/logo-profumixluxury-ev.png\",\"contentUrl\":\"https:\\\/\\\/www.profumixluxurybrands.it\\\/wp-content\\\/uploads\\\/2022\\\/09\\\/logo-profumixluxury-ev.png\",\"width\":374,\"height\":176,\"caption\":\"Profumix Luxury Perfumes\"},\"image\":{\"@id\":\"https:\\\/\\\/www.profumixluxurybrands.it\\\/en\\\/#\\\/schema\\\/logo\\\/image\\\/\"},\"sameAs\":[\"https:\\\/\\\/www.facebook.com\\\/profumix\",\"https:\\\/\\\/www.instagram.com\\\/profumix_luxury_brands\\\/\"]}]}<\/script>\n<!-- \/ Yoast SEO plugin. -->","yoast_head_json":{"title":"CORETERNO NIGHT IDOL 100ML SPRAY EAU DE PARFUM","robots":{"index":"index","follow":"follow","max-snippet":"max-snippet:-1","max-image-preview":"max-image-preview:large","max-video-preview":"max-video-preview:-1"},"canonical":"https:\/\/www.profumixluxurybrands.it\/en\/brands\/coreterno-oceanoir-100ml-spray-eau-de-parfum-copia-2\/","og_locale":"en_US","og_type":"article","og_title":"CORETERNO NIGHT IDOL 100ML SPRAY EAU DE PARFUM","og_description":"Legno Intenso e Ambrato        Le luci si abbassano. Il silenzio spegne le voci della folla in attesa del tuo primo accordo. Il cuore batte forte, il respiro sembra mancare, ma la tua sicurezza \u00e8 incrollabile, il tuo destino gi\u00e0 scritto. Night Idol \u00e8 una fragranza irresistibile, unica nel suo genere, che combina elementi rari con una sensualit\u00e0 selvaggia. La nota di testa si apre con un accordo affascinante tra mango fresco e maturo, zafferano e miele. Al centro, le note di cuore fioriscono rivelando un prezioso bouquet floreale, umido come dopo la pioggia. Il fondo della fragranza regala una ricchezza avvolgente, con una nota di base persistente di legni pregiati, in cui l\u2019 oud gioca il ruolo principale; la legnosit\u00e0 \u00e8 esaltata da una sinfonia di note sensuali: ambra grigia mistica, cuoio raffinato, muschio caldo e vaniglia cremosa, che conferiscono profondit\u00e0 e sensualit\u00e0, creando una composizione unica, potente e graffiante. Adesso nessun limite \u00e8 invalicabile, ama follemente, balla sulla tua musica, vivi la tua vita da rockstar.      Olfactory notes:  TESTA: MANGO, ZAFFERANO, MIELE; CUORE: ROSA, MUGHETTO, GELSOMINO, ELIOTROPO, IRIS; BASE: VANIGLIA, TONKA, LEGNO DI AGAR, PELLE, MUSCHIO BIANCO, PATCHOULI, LEGNO DI SANDALO, BENZOINO DI SUMATRA, AMBRA GRIGIA, CASTOREUM, MUSCHIO D\u2019ALBERO.","og_url":"https:\/\/www.profumixluxurybrands.it\/en\/brands\/coreterno-oceanoir-100ml-spray-eau-de-parfum-copia-2\/","og_site_name":"Profumix Luxury Perfumes","article_publisher":"https:\/\/www.facebook.com\/profumix","article_modified_time":"2024-10-04T10:57:13+00:00","og_image":[{"width":618,"height":640,"url":"https:\/\/www.profumixluxurybrands.it\/wp-content\/uploads\/2024\/10\/NIGHT-IDOL.jpg","type":"image\/jpeg"}],"twitter_card":"summary_large_image","twitter_misc":{"Est. reading time":"1 minute"},"schema":{"@context":"https:\/\/schema.org","@graph":[{"@type":"WebPage","@id":"https:\/\/www.profumixluxurybrands.it\/en\/brands\/coreterno-oceanoir-100ml-spray-eau-de-parfum-copia-2\/","url":"https:\/\/www.profumixluxurybrands.it\/en\/brands\/coreterno-oceanoir-100ml-spray-eau-de-parfum-copia-2\/","name":"CORETERNO NIGHT IDOL 100ML SPRAY EAU DE PARFUM","isPartOf":{"@id":"https:\/\/www.profumixluxurybrands.it\/en\/#website"},"primaryImageOfPage":{"@id":"https:\/\/www.profumixluxurybrands.it\/en\/brands\/coreterno-oceanoir-100ml-spray-eau-de-parfum-copia-2\/#primaryimage"},"image":{"@id":"https:\/\/www.profumixluxurybrands.it\/en\/brands\/coreterno-oceanoir-100ml-spray-eau-de-parfum-copia-2\/#primaryimage"},"thumbnailUrl":"https:\/\/www.profumixluxurybrands.it\/wp-content\/uploads\/2024\/10\/NIGHT-IDOL.jpg","datePublished":"2024-10-04T10:52:36+00:00","dateModified":"2024-10-04T10:57:13+00:00","breadcrumb":{"@id":"https:\/\/www.profumixluxurybrands.it\/en\/brands\/coreterno-oceanoir-100ml-spray-eau-de-parfum-copia-2\/#breadcrumb"},"inLanguage":"en-US","potentialAction":[{"@type":"ReadAction","target":["https:\/\/www.profumixluxurybrands.it\/en\/brands\/coreterno-oceanoir-100ml-spray-eau-de-parfum-copia-2\/"]}]},{"@type":"ImageObject","inLanguage":"en-US","@id":"https:\/\/www.profumixluxurybrands.it\/en\/brands\/coreterno-oceanoir-100ml-spray-eau-de-parfum-copia-2\/#primaryimage","url":"https:\/\/www.profumixluxurybrands.it\/wp-content\/uploads\/2024\/10\/NIGHT-IDOL.jpg","contentUrl":"https:\/\/www.profumixluxurybrands.it\/wp-content\/uploads\/2024\/10\/NIGHT-IDOL.jpg","width":618,"height":640},{"@type":"BreadcrumbList","@id":"https:\/\/www.profumixluxurybrands.it\/en\/brands\/coreterno-oceanoir-100ml-spray-eau-de-parfum-copia-2\/#breadcrumb","itemListElement":[{"@type":"ListItem","position":1,"name":"Home","item":"https:\/\/www.profumixluxurybrands.it\/en\/"},{"@type":"ListItem","position":2,"name":"Shop","item":"https:\/\/www.profumixluxurybrands.it\/en\/shop\/"},{"@type":"ListItem","position":3,"name":"CORETERNO NIGHT IDOL 100ML SPRAY EAU DE PARFUM"}]},{"@type":"WebSite","@id":"https:\/\/www.profumixluxurybrands.it\/en\/#website","url":"https:\/\/www.profumixluxurybrands.it\/en\/","name":"Profumix Luxury Perfumes","description":"","publisher":{"@id":"https:\/\/www.profumixluxurybrands.it\/en\/#organization"},"potentialAction":[{"@type":"SearchAction","target":{"@type":"EntryPoint","urlTemplate":"https:\/\/www.profumixluxurybrands.it\/en\/?s={search_term_string}"},"query-input":{"@type":"PropertyValueSpecification","valueRequired":true,"valueName":"search_term_string"}}],"inLanguage":"en-US"},{"@type":"Organization","@id":"https:\/\/www.profumixluxurybrands.it\/en\/#organization","name":"Profumix Luxury Perfumes","url":"https:\/\/www.profumixluxurybrands.it\/en\/","logo":{"@type":"ImageObject","inLanguage":"en-US","@id":"https:\/\/www.profumixluxurybrands.it\/en\/#\/schema\/logo\/image\/","url":"https:\/\/www.profumixluxurybrands.it\/wp-content\/uploads\/2022\/09\/logo-profumixluxury-ev.png","contentUrl":"https:\/\/www.profumixluxurybrands.it\/wp-content\/uploads\/2022\/09\/logo-profumixluxury-ev.png","width":374,"height":176,"caption":"Profumix Luxury Perfumes"},"image":{"@id":"https:\/\/www.profumixluxurybrands.it\/en\/#\/schema\/logo\/image\/"},"sameAs":["https:\/\/www.facebook.com\/profumix","https:\/\/www.instagram.com\/profumix_luxury_brands\/"]}]}},"_links":{"self":[{"href":"https:\/\/www.profumixluxurybrands.it\/en\/wp-json\/wp\/v2\/product\/83563","targetHints":{"allow":["GET"]}}],"collection":[{"href":"https:\/\/www.profumixluxurybrands.it\/en\/wp-json\/wp\/v2\/product"}],"about":[{"href":"https:\/\/www.profumixluxurybrands.it\/en\/wp-json\/wp\/v2\/types\/product"}],"replies":[{"embeddable":true,"href":"https:\/\/www.profumixluxurybrands.it\/en\/wp-json\/wp\/v2\/comments?post=83563"}],"wp:featuredmedia":[{"embeddable":true,"href":"https:\/\/www.profumixluxurybrands.it\/en\/wp-json\/wp\/v2\/media\/83565"}],"wp:attachment":[{"href":"https:\/\/www.profumixluxurybrands.it\/en\/wp-json\/wp\/v2\/media?parent=83563"}],"wp:term":[{"taxonomy":"product_brand","embeddable":true,"href":"https:\/\/www.profumixluxurybrands.it\/en\/wp-json\/wp\/v2\/product_brand?post=83563"},{"taxonomy":"product_cat","embeddable":true,"href":"https:\/\/www.profumixluxurybrands.it\/en\/wp-json\/wp\/v2\/product_cat?post=83563"},{"taxonomy":"product_tag","embeddable":true,"href":"https:\/\/www.profumixluxurybrands.it\/en\/wp-json\/wp\/v2\/product_tag?post=83563"}],"curies":[{"name":"wp","href":"https:\/\/api.w.org\/{rel}","templated":true}]}}