{"id":83272,"date":"2024-09-28T10:22:05","date_gmt":"2024-09-28T08:22:05","guid":{"rendered":"https:\/\/www.profumixluxurybrands.it\/?post_type=product&#038;p=83272"},"modified":"2025-07-13T07:31:17","modified_gmt":"2025-07-13T05:31:17","slug":"perris-monte-carlo-encens-sacre-50ml-spray-eau-de-parfum-copia","status":"publish","type":"product","link":"https:\/\/www.profumixluxurybrands.it\/en\/brands\/perris-monte-carlo-encens-sacre-50ml-spray-eau-de-parfum-copia\/","title":{"rendered":"WOHA PARFUMS CALAHORRA 30ML SPRAY EXTRAIT DE PARFUM"},"content":{"rendered":"<div class=\"t pg-1m0 pg-1x1 pg-1h2 pg-1y2 pg-1ff1 pg-1fs0 pg-1fc0 pg-1sc0 pg-1ls0 pg-1ws0\">WOHA Parfums \u00e8 un progetto nato dal nostro studio di architettura Word Of Holistic Architecture, che ricerca la fusione tra l&#8217;architettura e il mondo degli aromi e delle fragranze, dando vita a una collezione chiamata\u201cLiquid Architecture\u201d, composta da 10 fragranze ispirate a 10 progetti architettonici.<\/div>\n","protected":false},"excerpt":{"rendered":"<div class=\"t pg-2m0 pg-2x1 pg-2h6 pg-2y16 pg-2ff6 pg-2fs0 pg-2fc0 pg-2sc0 pg-2ls0 pg-2ws0\"><span class=\"pg-2ff8\">Calahorra, il primo profumo della collezione Arquitectura L\u00edquida, \u00e8 ispirato al progetto <\/span>\u201cCaffetteria all&#8217;interno di un giardino verticale\u201d della Torre Calahorra di Elche. Ciascuna delle fragranze della collezione si basa su progetti architttonici e non solo cerca di tradurre l&#8217;architettura nel senso dell&#8217;olfatto, ma integra anche i concetti architettonici nel design del flacone, esplorando l&#8217;estetica, la composizione, la materialit\u00e0, l&#8217;equilibrio e il processo creativo.<\/div>\n<div>NOTE DI TESTA: <span class=\"HwtZe\" lang=\"it\"><span class=\"jCAhz ChMk0b\"><span class=\"ryNqvb\">Mandarino verde <\/span><\/span><span class=\"jCAhz ChMk0b\"><span class=\"ryNqvb\">Papiro <\/span><\/span><span class=\"jCAhz ChMk0b\"><span class=\"ryNqvb\">Pimienta Giamaica;<\/span><\/span><\/span><\/div>\n<div>NOTE DI CUORE: <span class=\"HwtZe\" lang=\"it\"><span class=\"jCAhz ChMk0b\"><span class=\"ryNqvb\">Katafray, <\/span><\/span><span class=\"jCAhz ChMk0b\"><span class=\"ryNqvb\">Masticina al timo, <\/span><\/span><span class=\"jCAhz ChMk0b\"><span class=\"ryNqvb\">amamelide, <\/span><\/span><span class=\"jCAhz ChMk0b\"><span class=\"ryNqvb\">Canna da zucchero, <\/span><\/span><span class=\"jCAhz ChMk0b\"><span class=\"ryNqvb\">Palissandro<\/span><\/span><\/span><span class=\"HwtZe\" lang=\"it\"><span class=\"jCAhz\"><span class=\"ryNqvb\">;<\/span><\/span><\/span><\/div>\n<div>NOTE DI FONDO: <span class=\"HwtZe\" lang=\"it\"><span class=\"jCAhz ChMk0b\"><span class=\"ryNqvb\">Patchouli giava, <\/span><\/span><span class=\"jCAhz ChMk0b\"><span class=\"ryNqvb\">Balsamo di Copaiba, <\/span><\/span><span class=\"jCAhz\"><span class=\"ryNqvb\">Tsuga <\/span><\/span><span class=\"jCAhz\"><span class=\"ryNqvb\">Stoccaggio <\/span><\/span><span class=\"jCAhz ChMk0b\"><span class=\"ryNqvb\">legno ho.<\/span><\/span><\/span><\/div>\n<div><\/div>\n<div>\n<div class=\"t pg-1m0 pg-1x1 pg-1h3 pg-1y20 pg-1ff2 pg-1fs0 pg-1fc0 pg-1sc0 pg-1ls0 pg-1ws0\">Il profumo Calahorra segna l&#8217;inizio della collezione &#8220;Arquitectura L\u00edquida&#8221;, ispirata a un progetto architettonico nato da un concorso per la progettazione di una caffetteria nei dintorni storici di Elche. La Torre di Calahorra, testimone di secoli di trasformazioni, funge da punto di partenza. La proposta architettonica non vuole competere, ma integrarsi rispettosamente con l&#8217;ambiente circostante. La caffetteria diventa parte dello spazio urbano, guadagnando terreno nella citt\u00e0 e introducendo il verde nell&#8217;ambiente circostante. Il profumiere, conoscendo l&#8217;ambiente, quando la caffetteria \u00e8 gi\u00e0 presente, si immerge nell&#8217;esperienza olfattiva. Osserva come il profumo cambia durante il giorno e la notte, influenzato da diverse condizioni come la temperatura, l&#8217;umidit\u00e0 e le attivit\u00e0 del luogo stesso. Questo processo meticoloso si traduce in una fragranza che cattura l&#8217;essenza di questo ambiente unico.<\/div>\n<\/div>\n","protected":false},"featured_media":83274,"comment_status":"open","ping_status":"closed","template":"","meta":{"_et_pb_use_builder":"","_et_pb_old_content":"","_et_gb_content_width":"","_themeisle_gutenberg_block_has_review":false},"product_brand":[],"product_cat":[4879,4891,6787,4860,6849],"product_tag":[],"class_list":{"0":"post-83272","1":"product","2":"type-product","3":"status-publish","4":"has-post-thumbnail","6":"product_cat-brands-en","7":"product_cat-prodotti_luxury","8":"product_cat-samples-en","9":"product_cat-unisex-fragrances","10":"product_cat-woha-parfums-en","11":"pa_categoria_desc-unisex-perfumes","12":"pa_confezione_desc-21-scatolaoriginaleblisterata-en","13":"pa_formato_filtro-2ml-en","14":"pa_formato_filtro-30ml-en","15":"pa_produttore-woha-parfums-en","16":"pa_spedizione_gratuita-no-en","17":"pa_tipo_filtro-extrait-de-parfum","19":"first","20":"instock","21":"shipping-taxable","22":"purchasable","23":"product-type-variable"},"yoast_head":"<!-- This site is optimized with the Yoast SEO plugin v27.5 - https:\/\/yoast.com\/product\/yoast-seo-wordpress\/ -->\n<title>WOHA PARFUMS CALAHORRA 30ML SPRAY EXTRAIT DE PARFUM<\/title>\n<meta name=\"robots\" content=\"index, follow, max-snippet:-1, max-image-preview:large, max-video-preview:-1\" \/>\n<link rel=\"canonical\" href=\"https:\/\/www.profumixluxurybrands.it\/en\/brands\/perris-monte-carlo-encens-sacre-50ml-spray-eau-de-parfum-copia\/\" \/>\n<meta property=\"og:locale\" content=\"en_US\" \/>\n<meta property=\"og:type\" content=\"article\" \/>\n<meta property=\"og:title\" content=\"WOHA PARFUMS CALAHORRA 30ML SPRAY EXTRAIT DE PARFUM\" \/>\n<meta property=\"og:description\" content=\"Calahorra, il primo profumo della collezione Arquitectura L\u00edquida, \u00e8 ispirato al progetto \u201cCaffetteria all&#039;interno di un giardino verticale\u201d della Torre Calahorra di Elche. Ciascuna delle fragranze della collezione si basa su progetti architttonici e non solo cerca di tradurre l&#039;architettura nel senso dell&#039;olfatto, ma integra anche i concetti architettonici nel design del flacone, esplorando l&#039;estetica, la composizione, la materialit\u00e0, l&#039;equilibrio e il processo creativo. NOTE DI TESTA: Mandarino verde Papiro Pimienta Giamaica; NOTE DI CUORE: Katafray, Masticina al timo, amamelide, Canna da zucchero, Palissandro; NOTE DI FONDO: Patchouli giava, Balsamo di Copaiba, Tsuga Stoccaggio legno ho.   Il profumo Calahorra segna l&#039;inizio della collezione &quot;Arquitectura L\u00edquida&quot;, ispirata a un progetto architettonico nato da un concorso per la progettazione di una caffetteria nei dintorni storici di Elche. La Torre di Calahorra, testimone di secoli di trasformazioni, funge da punto di partenza. La proposta architettonica non vuole competere, ma integrarsi rispettosamente con l&#039;ambiente circostante. La caffetteria diventa parte dello spazio urbano, guadagnando terreno nella citt\u00e0 e introducendo il verde nell&#039;ambiente circostante. Il profumiere, conoscendo l&#039;ambiente, quando la caffetteria \u00e8 gi\u00e0 presente, si immerge nell&#039;esperienza olfattiva. Osserva come il profumo cambia durante il giorno e la notte, influenzato da diverse condizioni come la temperatura, l&#039;umidit\u00e0 e le attivit\u00e0 del luogo stesso. Questo processo meticoloso si traduce in una fragranza che cattura l&#039;essenza di questo ambiente unico.\" \/>\n<meta property=\"og:url\" content=\"https:\/\/www.profumixluxurybrands.it\/en\/brands\/perris-monte-carlo-encens-sacre-50ml-spray-eau-de-parfum-copia\/\" \/>\n<meta property=\"og:site_name\" content=\"Profumix Luxury Perfumes\" \/>\n<meta property=\"article:publisher\" content=\"https:\/\/www.facebook.com\/profumix\" \/>\n<meta property=\"article:modified_time\" content=\"2025-07-13T05:31:17+00:00\" \/>\n<meta property=\"og:image\" content=\"https:\/\/www.profumixluxurybrands.it\/wp-content\/uploads\/2024\/09\/CALAHORRA.jpg\" \/>\n\t<meta property=\"og:image:width\" content=\"951\" \/>\n\t<meta property=\"og:image:height\" content=\"918\" \/>\n\t<meta property=\"og:image:type\" content=\"image\/jpeg\" \/>\n<meta name=\"twitter:card\" content=\"summary_large_image\" \/>\n<meta name=\"twitter:label1\" content=\"Est. reading time\" \/>\n\t<meta name=\"twitter:data1\" content=\"1 minute\" \/>\n<script type=\"application\/ld+json\" class=\"yoast-schema-graph\">{\"@context\":\"https:\\\/\\\/schema.org\",\"@graph\":[{\"@type\":\"WebPage\",\"@id\":\"https:\\\/\\\/www.profumixluxurybrands.it\\\/en\\\/brands\\\/perris-monte-carlo-encens-sacre-50ml-spray-eau-de-parfum-copia\\\/\",\"url\":\"https:\\\/\\\/www.profumixluxurybrands.it\\\/en\\\/brands\\\/perris-monte-carlo-encens-sacre-50ml-spray-eau-de-parfum-copia\\\/\",\"name\":\"WOHA PARFUMS CALAHORRA 30ML SPRAY EXTRAIT DE PARFUM\",\"isPartOf\":{\"@id\":\"https:\\\/\\\/www.profumixluxurybrands.it\\\/en\\\/#website\"},\"primaryImageOfPage\":{\"@id\":\"https:\\\/\\\/www.profumixluxurybrands.it\\\/en\\\/brands\\\/perris-monte-carlo-encens-sacre-50ml-spray-eau-de-parfum-copia\\\/#primaryimage\"},\"image\":{\"@id\":\"https:\\\/\\\/www.profumixluxurybrands.it\\\/en\\\/brands\\\/perris-monte-carlo-encens-sacre-50ml-spray-eau-de-parfum-copia\\\/#primaryimage\"},\"thumbnailUrl\":\"https:\\\/\\\/www.profumixluxurybrands.it\\\/wp-content\\\/uploads\\\/2024\\\/09\\\/CALAHORRA.jpg\",\"datePublished\":\"2024-09-28T08:22:05+00:00\",\"dateModified\":\"2025-07-13T05:31:17+00:00\",\"breadcrumb\":{\"@id\":\"https:\\\/\\\/www.profumixluxurybrands.it\\\/en\\\/brands\\\/perris-monte-carlo-encens-sacre-50ml-spray-eau-de-parfum-copia\\\/#breadcrumb\"},\"inLanguage\":\"en-US\",\"potentialAction\":[{\"@type\":\"ReadAction\",\"target\":[\"https:\\\/\\\/www.profumixluxurybrands.it\\\/en\\\/brands\\\/perris-monte-carlo-encens-sacre-50ml-spray-eau-de-parfum-copia\\\/\"]}]},{\"@type\":\"ImageObject\",\"inLanguage\":\"en-US\",\"@id\":\"https:\\\/\\\/www.profumixluxurybrands.it\\\/en\\\/brands\\\/perris-monte-carlo-encens-sacre-50ml-spray-eau-de-parfum-copia\\\/#primaryimage\",\"url\":\"https:\\\/\\\/www.profumixluxurybrands.it\\\/wp-content\\\/uploads\\\/2024\\\/09\\\/CALAHORRA.jpg\",\"contentUrl\":\"https:\\\/\\\/www.profumixluxurybrands.it\\\/wp-content\\\/uploads\\\/2024\\\/09\\\/CALAHORRA.jpg\",\"width\":951,\"height\":918},{\"@type\":\"BreadcrumbList\",\"@id\":\"https:\\\/\\\/www.profumixluxurybrands.it\\\/en\\\/brands\\\/perris-monte-carlo-encens-sacre-50ml-spray-eau-de-parfum-copia\\\/#breadcrumb\",\"itemListElement\":[{\"@type\":\"ListItem\",\"position\":1,\"name\":\"Home\",\"item\":\"https:\\\/\\\/www.profumixluxurybrands.it\\\/en\\\/\"},{\"@type\":\"ListItem\",\"position\":2,\"name\":\"Shop\",\"item\":\"https:\\\/\\\/www.profumixluxurybrands.it\\\/en\\\/shop\\\/\"},{\"@type\":\"ListItem\",\"position\":3,\"name\":\"WOHA PARFUMS CALAHORRA 30ML SPRAY EXTRAIT DE PARFUM\"}]},{\"@type\":\"WebSite\",\"@id\":\"https:\\\/\\\/www.profumixluxurybrands.it\\\/en\\\/#website\",\"url\":\"https:\\\/\\\/www.profumixluxurybrands.it\\\/en\\\/\",\"name\":\"Profumix Luxury Perfumes\",\"description\":\"\",\"publisher\":{\"@id\":\"https:\\\/\\\/www.profumixluxurybrands.it\\\/en\\\/#organization\"},\"potentialAction\":[{\"@type\":\"SearchAction\",\"target\":{\"@type\":\"EntryPoint\",\"urlTemplate\":\"https:\\\/\\\/www.profumixluxurybrands.it\\\/en\\\/?s={search_term_string}\"},\"query-input\":{\"@type\":\"PropertyValueSpecification\",\"valueRequired\":true,\"valueName\":\"search_term_string\"}}],\"inLanguage\":\"en-US\"},{\"@type\":\"Organization\",\"@id\":\"https:\\\/\\\/www.profumixluxurybrands.it\\\/en\\\/#organization\",\"name\":\"Profumix Luxury Perfumes\",\"url\":\"https:\\\/\\\/www.profumixluxurybrands.it\\\/en\\\/\",\"logo\":{\"@type\":\"ImageObject\",\"inLanguage\":\"en-US\",\"@id\":\"https:\\\/\\\/www.profumixluxurybrands.it\\\/en\\\/#\\\/schema\\\/logo\\\/image\\\/\",\"url\":\"https:\\\/\\\/www.profumixluxurybrands.it\\\/wp-content\\\/uploads\\\/2022\\\/09\\\/logo-profumixluxury-ev.png\",\"contentUrl\":\"https:\\\/\\\/www.profumixluxurybrands.it\\\/wp-content\\\/uploads\\\/2022\\\/09\\\/logo-profumixluxury-ev.png\",\"width\":374,\"height\":176,\"caption\":\"Profumix Luxury Perfumes\"},\"image\":{\"@id\":\"https:\\\/\\\/www.profumixluxurybrands.it\\\/en\\\/#\\\/schema\\\/logo\\\/image\\\/\"},\"sameAs\":[\"https:\\\/\\\/www.facebook.com\\\/profumix\",\"https:\\\/\\\/www.instagram.com\\\/profumix_luxury_brands\\\/\"]}]}<\/script>\n<!-- \/ Yoast SEO plugin. -->","yoast_head_json":{"title":"WOHA PARFUMS CALAHORRA 30ML SPRAY EXTRAIT DE PARFUM","robots":{"index":"index","follow":"follow","max-snippet":"max-snippet:-1","max-image-preview":"max-image-preview:large","max-video-preview":"max-video-preview:-1"},"canonical":"https:\/\/www.profumixluxurybrands.it\/en\/brands\/perris-monte-carlo-encens-sacre-50ml-spray-eau-de-parfum-copia\/","og_locale":"en_US","og_type":"article","og_title":"WOHA PARFUMS CALAHORRA 30ML SPRAY EXTRAIT DE PARFUM","og_description":"Calahorra, il primo profumo della collezione Arquitectura L\u00edquida, \u00e8 ispirato al progetto \u201cCaffetteria all'interno di un giardino verticale\u201d della Torre Calahorra di Elche. Ciascuna delle fragranze della collezione si basa su progetti architttonici e non solo cerca di tradurre l'architettura nel senso dell'olfatto, ma integra anche i concetti architettonici nel design del flacone, esplorando l'estetica, la composizione, la materialit\u00e0, l'equilibrio e il processo creativo. NOTE DI TESTA: Mandarino verde Papiro Pimienta Giamaica; NOTE DI CUORE: Katafray, Masticina al timo, amamelide, Canna da zucchero, Palissandro; NOTE DI FONDO: Patchouli giava, Balsamo di Copaiba, Tsuga Stoccaggio legno ho.   Il profumo Calahorra segna l'inizio della collezione \"Arquitectura L\u00edquida\", ispirata a un progetto architettonico nato da un concorso per la progettazione di una caffetteria nei dintorni storici di Elche. La Torre di Calahorra, testimone di secoli di trasformazioni, funge da punto di partenza. La proposta architettonica non vuole competere, ma integrarsi rispettosamente con l'ambiente circostante. La caffetteria diventa parte dello spazio urbano, guadagnando terreno nella citt\u00e0 e introducendo il verde nell'ambiente circostante. Il profumiere, conoscendo l'ambiente, quando la caffetteria \u00e8 gi\u00e0 presente, si immerge nell'esperienza olfattiva. Osserva come il profumo cambia durante il giorno e la notte, influenzato da diverse condizioni come la temperatura, l'umidit\u00e0 e le attivit\u00e0 del luogo stesso. Questo processo meticoloso si traduce in una fragranza che cattura l'essenza di questo ambiente unico.","og_url":"https:\/\/www.profumixluxurybrands.it\/en\/brands\/perris-monte-carlo-encens-sacre-50ml-spray-eau-de-parfum-copia\/","og_site_name":"Profumix Luxury Perfumes","article_publisher":"https:\/\/www.facebook.com\/profumix","article_modified_time":"2025-07-13T05:31:17+00:00","og_image":[{"width":951,"height":918,"url":"https:\/\/www.profumixluxurybrands.it\/wp-content\/uploads\/2024\/09\/CALAHORRA.jpg","type":"image\/jpeg"}],"twitter_card":"summary_large_image","twitter_misc":{"Est. reading time":"1 minute"},"schema":{"@context":"https:\/\/schema.org","@graph":[{"@type":"WebPage","@id":"https:\/\/www.profumixluxurybrands.it\/en\/brands\/perris-monte-carlo-encens-sacre-50ml-spray-eau-de-parfum-copia\/","url":"https:\/\/www.profumixluxurybrands.it\/en\/brands\/perris-monte-carlo-encens-sacre-50ml-spray-eau-de-parfum-copia\/","name":"WOHA PARFUMS CALAHORRA 30ML SPRAY EXTRAIT DE PARFUM","isPartOf":{"@id":"https:\/\/www.profumixluxurybrands.it\/en\/#website"},"primaryImageOfPage":{"@id":"https:\/\/www.profumixluxurybrands.it\/en\/brands\/perris-monte-carlo-encens-sacre-50ml-spray-eau-de-parfum-copia\/#primaryimage"},"image":{"@id":"https:\/\/www.profumixluxurybrands.it\/en\/brands\/perris-monte-carlo-encens-sacre-50ml-spray-eau-de-parfum-copia\/#primaryimage"},"thumbnailUrl":"https:\/\/www.profumixluxurybrands.it\/wp-content\/uploads\/2024\/09\/CALAHORRA.jpg","datePublished":"2024-09-28T08:22:05+00:00","dateModified":"2025-07-13T05:31:17+00:00","breadcrumb":{"@id":"https:\/\/www.profumixluxurybrands.it\/en\/brands\/perris-monte-carlo-encens-sacre-50ml-spray-eau-de-parfum-copia\/#breadcrumb"},"inLanguage":"en-US","potentialAction":[{"@type":"ReadAction","target":["https:\/\/www.profumixluxurybrands.it\/en\/brands\/perris-monte-carlo-encens-sacre-50ml-spray-eau-de-parfum-copia\/"]}]},{"@type":"ImageObject","inLanguage":"en-US","@id":"https:\/\/www.profumixluxurybrands.it\/en\/brands\/perris-monte-carlo-encens-sacre-50ml-spray-eau-de-parfum-copia\/#primaryimage","url":"https:\/\/www.profumixluxurybrands.it\/wp-content\/uploads\/2024\/09\/CALAHORRA.jpg","contentUrl":"https:\/\/www.profumixluxurybrands.it\/wp-content\/uploads\/2024\/09\/CALAHORRA.jpg","width":951,"height":918},{"@type":"BreadcrumbList","@id":"https:\/\/www.profumixluxurybrands.it\/en\/brands\/perris-monte-carlo-encens-sacre-50ml-spray-eau-de-parfum-copia\/#breadcrumb","itemListElement":[{"@type":"ListItem","position":1,"name":"Home","item":"https:\/\/www.profumixluxurybrands.it\/en\/"},{"@type":"ListItem","position":2,"name":"Shop","item":"https:\/\/www.profumixluxurybrands.it\/en\/shop\/"},{"@type":"ListItem","position":3,"name":"WOHA PARFUMS CALAHORRA 30ML SPRAY EXTRAIT DE PARFUM"}]},{"@type":"WebSite","@id":"https:\/\/www.profumixluxurybrands.it\/en\/#website","url":"https:\/\/www.profumixluxurybrands.it\/en\/","name":"Profumix Luxury Perfumes","description":"","publisher":{"@id":"https:\/\/www.profumixluxurybrands.it\/en\/#organization"},"potentialAction":[{"@type":"SearchAction","target":{"@type":"EntryPoint","urlTemplate":"https:\/\/www.profumixluxurybrands.it\/en\/?s={search_term_string}"},"query-input":{"@type":"PropertyValueSpecification","valueRequired":true,"valueName":"search_term_string"}}],"inLanguage":"en-US"},{"@type":"Organization","@id":"https:\/\/www.profumixluxurybrands.it\/en\/#organization","name":"Profumix Luxury Perfumes","url":"https:\/\/www.profumixluxurybrands.it\/en\/","logo":{"@type":"ImageObject","inLanguage":"en-US","@id":"https:\/\/www.profumixluxurybrands.it\/en\/#\/schema\/logo\/image\/","url":"https:\/\/www.profumixluxurybrands.it\/wp-content\/uploads\/2022\/09\/logo-profumixluxury-ev.png","contentUrl":"https:\/\/www.profumixluxurybrands.it\/wp-content\/uploads\/2022\/09\/logo-profumixluxury-ev.png","width":374,"height":176,"caption":"Profumix Luxury Perfumes"},"image":{"@id":"https:\/\/www.profumixluxurybrands.it\/en\/#\/schema\/logo\/image\/"},"sameAs":["https:\/\/www.facebook.com\/profumix","https:\/\/www.instagram.com\/profumix_luxury_brands\/"]}]}},"_links":{"self":[{"href":"https:\/\/www.profumixluxurybrands.it\/en\/wp-json\/wp\/v2\/product\/83272","targetHints":{"allow":["GET"]}}],"collection":[{"href":"https:\/\/www.profumixluxurybrands.it\/en\/wp-json\/wp\/v2\/product"}],"about":[{"href":"https:\/\/www.profumixluxurybrands.it\/en\/wp-json\/wp\/v2\/types\/product"}],"replies":[{"embeddable":true,"href":"https:\/\/www.profumixluxurybrands.it\/en\/wp-json\/wp\/v2\/comments?post=83272"}],"wp:featuredmedia":[{"embeddable":true,"href":"https:\/\/www.profumixluxurybrands.it\/en\/wp-json\/wp\/v2\/media\/83274"}],"wp:attachment":[{"href":"https:\/\/www.profumixluxurybrands.it\/en\/wp-json\/wp\/v2\/media?parent=83272"}],"wp:term":[{"taxonomy":"product_brand","embeddable":true,"href":"https:\/\/www.profumixluxurybrands.it\/en\/wp-json\/wp\/v2\/product_brand?post=83272"},{"taxonomy":"product_cat","embeddable":true,"href":"https:\/\/www.profumixluxurybrands.it\/en\/wp-json\/wp\/v2\/product_cat?post=83272"},{"taxonomy":"product_tag","embeddable":true,"href":"https:\/\/www.profumixluxurybrands.it\/en\/wp-json\/wp\/v2\/product_tag?post=83272"}],"curies":[{"name":"wp","href":"https:\/\/api.w.org\/{rel}","templated":true}]}}