{"id":80686,"date":"2024-06-11T10:16:27","date_gmt":"2024-06-11T08:16:27","guid":{"rendered":"https:\/\/www.profumixluxurybrands.it\/?post_type=product&#038;p=80686"},"modified":"2024-06-11T10:21:51","modified_gmt":"2024-06-11T08:21:51","slug":"jacques-zolty-saint-barth-sueno-suave-eau-de-parfum-spray-100ml-copia-2","status":"publish","type":"product","link":"https:\/\/www.profumixluxurybrands.it\/en\/brands\/jacques-zolty-saint-barth-sueno-suave-eau-de-parfum-spray-100ml-copia-2\/","title":{"rendered":"JACQUES ZOLTY SAINT BARTH \u00c9XTASE DU REVE EAU DE PARFUM SPRAY 100ML"},"content":{"rendered":"","protected":false},"excerpt":{"rendered":"<p>Extase du R\u00eave \u00e8 il sogno della vita di Jacques, sempre alla ricerca di un sogno da vivere. L\u2019evadere dalla noia di ogni giorno, librandosi in volo per vedere la bellezza del mondo. E\u2019 una metafora della vita, volare via verso i propri sogni, senza prendersi troppo sul serio, godendosi ogni goccia che la propria vita pu\u00f2 far trasudare.<\/p>\n<p>Note testa: elemi, bergamotto, prugna mirabella, accenti acquatici, sale marino.<\/p>\n<p>Note cuore: gelsomino, geranio, viola, cardamomo, note speziate.<\/p>\n<p>Note base: rizomi di iris, vetiver, legno di cedro, sandalo, pathcouli, ambra.<\/p>\n","protected":false},"featured_media":80688,"comment_status":"open","ping_status":"closed","template":"","meta":{"_et_pb_use_builder":"","_et_pb_old_content":"","_et_gb_content_width":"","_themeisle_gutenberg_block_has_review":false},"product_brand":[],"product_cat":[4879,4857,4888,5274,4865,4887,4859],"product_tag":[],"class_list":{"0":"post-80686","1":"product","2":"type-product","3":"status-publish","4":"has-post-thumbnail","6":"product_cat-brands-en","7":"product_cat-fragrances","8":"product_cat-in-evidence","9":"product_cat-jacques-zolty-en","10":"product_cat-olfactory-families","11":"product_cat-products","12":"product_cat-woman-fragrances","13":"pa_categoria_desc-womens-perfumes","14":"pa_confezione_desc-original-blister-package","15":"pa_formato_filtro-100ml-en","16":"pa_produttore-jacqueszolty-en","17":"pa_spedizione_gratuita-yes","18":"pa_tipo_filtro-spray-eau-de-parfum","20":"first","21":"instock","22":"shipping-taxable","23":"purchasable","24":"product-type-simple"},"yoast_head":"<!-- This site is optimized with the Yoast SEO plugin v27.5 - https:\/\/yoast.com\/product\/yoast-seo-wordpress\/ -->\n<title>JACQUES ZOLTY SAINT BARTH \u00c9XTASE DU REVE EAU DE PARFUM SPRAY 100ML<\/title>\n<meta name=\"robots\" content=\"index, follow, max-snippet:-1, max-image-preview:large, max-video-preview:-1\" \/>\n<link rel=\"canonical\" href=\"https:\/\/www.profumixluxurybrands.it\/en\/brands\/jacques-zolty-saint-barth-sueno-suave-eau-de-parfum-spray-100ml-copia-2\/\" \/>\n<meta property=\"og:locale\" content=\"en_US\" \/>\n<meta property=\"og:type\" content=\"article\" \/>\n<meta property=\"og:title\" content=\"JACQUES ZOLTY SAINT BARTH \u00c9XTASE DU REVE EAU DE PARFUM SPRAY 100ML\" \/>\n<meta property=\"og:description\" content=\"Extase du R\u00eave \u00e8 il sogno della vita di Jacques, sempre alla ricerca di un sogno da vivere. L\u2019evadere dalla noia di ogni giorno, librandosi in volo per vedere la bellezza del mondo. E\u2019 una metafora della vita, volare via verso i propri sogni, senza prendersi troppo sul serio, godendosi ogni goccia che la propria vita pu\u00f2 far trasudare.  Note testa: elemi, bergamotto, prugna mirabella, accenti acquatici, sale marino.  Note cuore: gelsomino, geranio, viola, cardamomo, note speziate.  Note base: rizomi di iris, vetiver, legno di cedro, sandalo, pathcouli, ambra.\" \/>\n<meta property=\"og:url\" content=\"https:\/\/www.profumixluxurybrands.it\/en\/brands\/jacques-zolty-saint-barth-sueno-suave-eau-de-parfum-spray-100ml-copia-2\/\" \/>\n<meta property=\"og:site_name\" content=\"Profumix Luxury Perfumes\" \/>\n<meta property=\"article:publisher\" content=\"https:\/\/www.facebook.com\/profumix\" \/>\n<meta property=\"article:modified_time\" content=\"2024-06-11T08:21:51+00:00\" \/>\n<meta property=\"og:image\" content=\"https:\/\/www.profumixluxurybrands.it\/wp-content\/uploads\/2024\/06\/EXTASE-DU-REVE.jpg\" \/>\n\t<meta property=\"og:image:width\" content=\"1500\" \/>\n\t<meta property=\"og:image:height\" content=\"1500\" \/>\n\t<meta property=\"og:image:type\" content=\"image\/jpeg\" \/>\n<meta name=\"twitter:card\" content=\"summary_large_image\" \/>\n<meta name=\"twitter:label1\" content=\"Est. reading time\" \/>\n\t<meta name=\"twitter:data1\" content=\"1 minute\" \/>\n<script type=\"application\/ld+json\" class=\"yoast-schema-graph\">{\"@context\":\"https:\\\/\\\/schema.org\",\"@graph\":[{\"@type\":\"WebPage\",\"@id\":\"https:\\\/\\\/www.profumixluxurybrands.it\\\/en\\\/brands\\\/jacques-zolty-saint-barth-sueno-suave-eau-de-parfum-spray-100ml-copia-2\\\/\",\"url\":\"https:\\\/\\\/www.profumixluxurybrands.it\\\/en\\\/brands\\\/jacques-zolty-saint-barth-sueno-suave-eau-de-parfum-spray-100ml-copia-2\\\/\",\"name\":\"JACQUES ZOLTY SAINT BARTH \u00c9XTASE DU REVE EAU DE PARFUM SPRAY 100ML\",\"isPartOf\":{\"@id\":\"https:\\\/\\\/www.profumixluxurybrands.it\\\/en\\\/#website\"},\"primaryImageOfPage\":{\"@id\":\"https:\\\/\\\/www.profumixluxurybrands.it\\\/en\\\/brands\\\/jacques-zolty-saint-barth-sueno-suave-eau-de-parfum-spray-100ml-copia-2\\\/#primaryimage\"},\"image\":{\"@id\":\"https:\\\/\\\/www.profumixluxurybrands.it\\\/en\\\/brands\\\/jacques-zolty-saint-barth-sueno-suave-eau-de-parfum-spray-100ml-copia-2\\\/#primaryimage\"},\"thumbnailUrl\":\"https:\\\/\\\/www.profumixluxurybrands.it\\\/wp-content\\\/uploads\\\/2024\\\/06\\\/EXTASE-DU-REVE.jpg\",\"datePublished\":\"2024-06-11T08:16:27+00:00\",\"dateModified\":\"2024-06-11T08:21:51+00:00\",\"breadcrumb\":{\"@id\":\"https:\\\/\\\/www.profumixluxurybrands.it\\\/en\\\/brands\\\/jacques-zolty-saint-barth-sueno-suave-eau-de-parfum-spray-100ml-copia-2\\\/#breadcrumb\"},\"inLanguage\":\"en-US\",\"potentialAction\":[{\"@type\":\"ReadAction\",\"target\":[\"https:\\\/\\\/www.profumixluxurybrands.it\\\/en\\\/brands\\\/jacques-zolty-saint-barth-sueno-suave-eau-de-parfum-spray-100ml-copia-2\\\/\"]}]},{\"@type\":\"ImageObject\",\"inLanguage\":\"en-US\",\"@id\":\"https:\\\/\\\/www.profumixluxurybrands.it\\\/en\\\/brands\\\/jacques-zolty-saint-barth-sueno-suave-eau-de-parfum-spray-100ml-copia-2\\\/#primaryimage\",\"url\":\"https:\\\/\\\/www.profumixluxurybrands.it\\\/wp-content\\\/uploads\\\/2024\\\/06\\\/EXTASE-DU-REVE.jpg\",\"contentUrl\":\"https:\\\/\\\/www.profumixluxurybrands.it\\\/wp-content\\\/uploads\\\/2024\\\/06\\\/EXTASE-DU-REVE.jpg\",\"width\":1500,\"height\":1500},{\"@type\":\"BreadcrumbList\",\"@id\":\"https:\\\/\\\/www.profumixluxurybrands.it\\\/en\\\/brands\\\/jacques-zolty-saint-barth-sueno-suave-eau-de-parfum-spray-100ml-copia-2\\\/#breadcrumb\",\"itemListElement\":[{\"@type\":\"ListItem\",\"position\":1,\"name\":\"Home\",\"item\":\"https:\\\/\\\/www.profumixluxurybrands.it\\\/en\\\/\"},{\"@type\":\"ListItem\",\"position\":2,\"name\":\"Shop\",\"item\":\"https:\\\/\\\/www.profumixluxurybrands.it\\\/en\\\/shop\\\/\"},{\"@type\":\"ListItem\",\"position\":3,\"name\":\"JACQUES ZOLTY\",\"item\":\"https:\\\/\\\/www.profumixluxurybrands.it\\\/en\\\/produttore\\\/jacqueszolty-en\\\/\"},{\"@type\":\"ListItem\",\"position\":4,\"name\":\"JACQUES ZOLTY SAINT BARTH \u00c9XTASE DU REVE EAU DE PARFUM SPRAY 100ML\"}]},{\"@type\":\"WebSite\",\"@id\":\"https:\\\/\\\/www.profumixluxurybrands.it\\\/en\\\/#website\",\"url\":\"https:\\\/\\\/www.profumixluxurybrands.it\\\/en\\\/\",\"name\":\"Profumix Luxury Perfumes\",\"description\":\"\",\"publisher\":{\"@id\":\"https:\\\/\\\/www.profumixluxurybrands.it\\\/en\\\/#organization\"},\"potentialAction\":[{\"@type\":\"SearchAction\",\"target\":{\"@type\":\"EntryPoint\",\"urlTemplate\":\"https:\\\/\\\/www.profumixluxurybrands.it\\\/en\\\/?s={search_term_string}\"},\"query-input\":{\"@type\":\"PropertyValueSpecification\",\"valueRequired\":true,\"valueName\":\"search_term_string\"}}],\"inLanguage\":\"en-US\"},{\"@type\":\"Organization\",\"@id\":\"https:\\\/\\\/www.profumixluxurybrands.it\\\/en\\\/#organization\",\"name\":\"Profumix Luxury Perfumes\",\"url\":\"https:\\\/\\\/www.profumixluxurybrands.it\\\/en\\\/\",\"logo\":{\"@type\":\"ImageObject\",\"inLanguage\":\"en-US\",\"@id\":\"https:\\\/\\\/www.profumixluxurybrands.it\\\/en\\\/#\\\/schema\\\/logo\\\/image\\\/\",\"url\":\"https:\\\/\\\/www.profumixluxurybrands.it\\\/wp-content\\\/uploads\\\/2022\\\/09\\\/logo-profumixluxury-ev.png\",\"contentUrl\":\"https:\\\/\\\/www.profumixluxurybrands.it\\\/wp-content\\\/uploads\\\/2022\\\/09\\\/logo-profumixluxury-ev.png\",\"width\":374,\"height\":176,\"caption\":\"Profumix Luxury Perfumes\"},\"image\":{\"@id\":\"https:\\\/\\\/www.profumixluxurybrands.it\\\/en\\\/#\\\/schema\\\/logo\\\/image\\\/\"},\"sameAs\":[\"https:\\\/\\\/www.facebook.com\\\/profumix\",\"https:\\\/\\\/www.instagram.com\\\/profumix_luxury_brands\\\/\"]}]}<\/script>\n<!-- \/ Yoast SEO plugin. -->","yoast_head_json":{"title":"JACQUES ZOLTY SAINT BARTH \u00c9XTASE DU REVE EAU DE PARFUM SPRAY 100ML","robots":{"index":"index","follow":"follow","max-snippet":"max-snippet:-1","max-image-preview":"max-image-preview:large","max-video-preview":"max-video-preview:-1"},"canonical":"https:\/\/www.profumixluxurybrands.it\/en\/brands\/jacques-zolty-saint-barth-sueno-suave-eau-de-parfum-spray-100ml-copia-2\/","og_locale":"en_US","og_type":"article","og_title":"JACQUES ZOLTY SAINT BARTH \u00c9XTASE DU REVE EAU DE PARFUM SPRAY 100ML","og_description":"Extase du R\u00eave \u00e8 il sogno della vita di Jacques, sempre alla ricerca di un sogno da vivere. L\u2019evadere dalla noia di ogni giorno, librandosi in volo per vedere la bellezza del mondo. E\u2019 una metafora della vita, volare via verso i propri sogni, senza prendersi troppo sul serio, godendosi ogni goccia che la propria vita pu\u00f2 far trasudare.  Note testa: elemi, bergamotto, prugna mirabella, accenti acquatici, sale marino.  Note cuore: gelsomino, geranio, viola, cardamomo, note speziate.  Note base: rizomi di iris, vetiver, legno di cedro, sandalo, pathcouli, ambra.","og_url":"https:\/\/www.profumixluxurybrands.it\/en\/brands\/jacques-zolty-saint-barth-sueno-suave-eau-de-parfum-spray-100ml-copia-2\/","og_site_name":"Profumix Luxury Perfumes","article_publisher":"https:\/\/www.facebook.com\/profumix","article_modified_time":"2024-06-11T08:21:51+00:00","og_image":[{"width":1500,"height":1500,"url":"https:\/\/www.profumixluxurybrands.it\/wp-content\/uploads\/2024\/06\/EXTASE-DU-REVE.jpg","type":"image\/jpeg"}],"twitter_card":"summary_large_image","twitter_misc":{"Est. reading time":"1 minute"},"schema":{"@context":"https:\/\/schema.org","@graph":[{"@type":"WebPage","@id":"https:\/\/www.profumixluxurybrands.it\/en\/brands\/jacques-zolty-saint-barth-sueno-suave-eau-de-parfum-spray-100ml-copia-2\/","url":"https:\/\/www.profumixluxurybrands.it\/en\/brands\/jacques-zolty-saint-barth-sueno-suave-eau-de-parfum-spray-100ml-copia-2\/","name":"JACQUES ZOLTY SAINT BARTH \u00c9XTASE DU REVE EAU DE PARFUM SPRAY 100ML","isPartOf":{"@id":"https:\/\/www.profumixluxurybrands.it\/en\/#website"},"primaryImageOfPage":{"@id":"https:\/\/www.profumixluxurybrands.it\/en\/brands\/jacques-zolty-saint-barth-sueno-suave-eau-de-parfum-spray-100ml-copia-2\/#primaryimage"},"image":{"@id":"https:\/\/www.profumixluxurybrands.it\/en\/brands\/jacques-zolty-saint-barth-sueno-suave-eau-de-parfum-spray-100ml-copia-2\/#primaryimage"},"thumbnailUrl":"https:\/\/www.profumixluxurybrands.it\/wp-content\/uploads\/2024\/06\/EXTASE-DU-REVE.jpg","datePublished":"2024-06-11T08:16:27+00:00","dateModified":"2024-06-11T08:21:51+00:00","breadcrumb":{"@id":"https:\/\/www.profumixluxurybrands.it\/en\/brands\/jacques-zolty-saint-barth-sueno-suave-eau-de-parfum-spray-100ml-copia-2\/#breadcrumb"},"inLanguage":"en-US","potentialAction":[{"@type":"ReadAction","target":["https:\/\/www.profumixluxurybrands.it\/en\/brands\/jacques-zolty-saint-barth-sueno-suave-eau-de-parfum-spray-100ml-copia-2\/"]}]},{"@type":"ImageObject","inLanguage":"en-US","@id":"https:\/\/www.profumixluxurybrands.it\/en\/brands\/jacques-zolty-saint-barth-sueno-suave-eau-de-parfum-spray-100ml-copia-2\/#primaryimage","url":"https:\/\/www.profumixluxurybrands.it\/wp-content\/uploads\/2024\/06\/EXTASE-DU-REVE.jpg","contentUrl":"https:\/\/www.profumixluxurybrands.it\/wp-content\/uploads\/2024\/06\/EXTASE-DU-REVE.jpg","width":1500,"height":1500},{"@type":"BreadcrumbList","@id":"https:\/\/www.profumixluxurybrands.it\/en\/brands\/jacques-zolty-saint-barth-sueno-suave-eau-de-parfum-spray-100ml-copia-2\/#breadcrumb","itemListElement":[{"@type":"ListItem","position":1,"name":"Home","item":"https:\/\/www.profumixluxurybrands.it\/en\/"},{"@type":"ListItem","position":2,"name":"Shop","item":"https:\/\/www.profumixluxurybrands.it\/en\/shop\/"},{"@type":"ListItem","position":3,"name":"JACQUES ZOLTY","item":"https:\/\/www.profumixluxurybrands.it\/en\/produttore\/jacqueszolty-en\/"},{"@type":"ListItem","position":4,"name":"JACQUES ZOLTY SAINT BARTH \u00c9XTASE DU REVE EAU DE PARFUM SPRAY 100ML"}]},{"@type":"WebSite","@id":"https:\/\/www.profumixluxurybrands.it\/en\/#website","url":"https:\/\/www.profumixluxurybrands.it\/en\/","name":"Profumix Luxury Perfumes","description":"","publisher":{"@id":"https:\/\/www.profumixluxurybrands.it\/en\/#organization"},"potentialAction":[{"@type":"SearchAction","target":{"@type":"EntryPoint","urlTemplate":"https:\/\/www.profumixluxurybrands.it\/en\/?s={search_term_string}"},"query-input":{"@type":"PropertyValueSpecification","valueRequired":true,"valueName":"search_term_string"}}],"inLanguage":"en-US"},{"@type":"Organization","@id":"https:\/\/www.profumixluxurybrands.it\/en\/#organization","name":"Profumix Luxury Perfumes","url":"https:\/\/www.profumixluxurybrands.it\/en\/","logo":{"@type":"ImageObject","inLanguage":"en-US","@id":"https:\/\/www.profumixluxurybrands.it\/en\/#\/schema\/logo\/image\/","url":"https:\/\/www.profumixluxurybrands.it\/wp-content\/uploads\/2022\/09\/logo-profumixluxury-ev.png","contentUrl":"https:\/\/www.profumixluxurybrands.it\/wp-content\/uploads\/2022\/09\/logo-profumixluxury-ev.png","width":374,"height":176,"caption":"Profumix Luxury Perfumes"},"image":{"@id":"https:\/\/www.profumixluxurybrands.it\/en\/#\/schema\/logo\/image\/"},"sameAs":["https:\/\/www.facebook.com\/profumix","https:\/\/www.instagram.com\/profumix_luxury_brands\/"]}]}},"_links":{"self":[{"href":"https:\/\/www.profumixluxurybrands.it\/en\/wp-json\/wp\/v2\/product\/80686","targetHints":{"allow":["GET"]}}],"collection":[{"href":"https:\/\/www.profumixluxurybrands.it\/en\/wp-json\/wp\/v2\/product"}],"about":[{"href":"https:\/\/www.profumixluxurybrands.it\/en\/wp-json\/wp\/v2\/types\/product"}],"replies":[{"embeddable":true,"href":"https:\/\/www.profumixluxurybrands.it\/en\/wp-json\/wp\/v2\/comments?post=80686"}],"wp:featuredmedia":[{"embeddable":true,"href":"https:\/\/www.profumixluxurybrands.it\/en\/wp-json\/wp\/v2\/media\/80688"}],"wp:attachment":[{"href":"https:\/\/www.profumixluxurybrands.it\/en\/wp-json\/wp\/v2\/media?parent=80686"}],"wp:term":[{"taxonomy":"product_brand","embeddable":true,"href":"https:\/\/www.profumixluxurybrands.it\/en\/wp-json\/wp\/v2\/product_brand?post=80686"},{"taxonomy":"product_cat","embeddable":true,"href":"https:\/\/www.profumixluxurybrands.it\/en\/wp-json\/wp\/v2\/product_cat?post=80686"},{"taxonomy":"product_tag","embeddable":true,"href":"https:\/\/www.profumixluxurybrands.it\/en\/wp-json\/wp\/v2\/product_tag?post=80686"}],"curies":[{"name":"wp","href":"https:\/\/api.w.org\/{rel}","templated":true}]}}