{"id":80613,"date":"2024-06-07T11:42:27","date_gmt":"2024-06-07T09:42:27","guid":{"rendered":"https:\/\/www.profumixluxurybrands.it\/?post_type=product&#038;p=80613"},"modified":"2025-08-18T13:36:46","modified_gmt":"2025-08-18T11:36:46","slug":"__trashed-2","status":"publish","type":"product","link":"https:\/\/www.profumixluxurybrands.it\/en\/brands\/__trashed-2\/","title":{"rendered":"MEO FUSCIUNI LITTLE SONG PARFUM SPRAY 100ML"},"content":{"rendered":"<p class=\"font_8 wixui-rich-text__text\"><span class=\"color_13 wixui-rich-text__text\"><span class=\"wixui-rich-text__text\">\u201cTutto inizia dal sentire,<\/span><\/span><\/p>\n<p class=\"font_8 wixui-rich-text__text\"><span class=\"color_13 wixui-rich-text__text\"><span class=\"wixui-rich-text__text\">l\u2019ascolto attento dell\u2019emozione olfattiva durante il viaggio,<\/span><\/span><\/p>\n<p class=\"font_8 wixui-rich-text__text\"><span class=\"color_13 wixui-rich-text__text\"><span class=\"wixui-rich-text__text\">nel mondo attorno e dentro me.<\/span><\/span><\/p>\n<p class=\"font_8 wixui-rich-text__text\"><span class=\"color_13 wixui-rich-text__text\"><span class=\"wixui-rich-text__text\">Cos\u00ec inizia il mio lavoro,<\/span><\/span><\/p>\n<p class=\"font_8 wixui-rich-text__text\"><span class=\"color_13 wixui-rich-text__text\"><span class=\"wixui-rich-text__text\">cos\u00ec prende forma nel mio cammino la nascita di un profumo\u201d.<\/span><\/span><\/p>\n<p>&#8220;Il profumo \u00e8 un&#8217;anima che disegna la nostra ombra&#8221;<\/p>\n<p>Meo Fusciuni<\/p>\n","protected":false},"excerpt":{"rendered":"<p><span class=\"wixui-rich-text__text\"><span class=\"color_15 wixui-rich-text__text\">TRILOGIA DELLA METAMORFOSI.<\/span><\/span><\/p>\n<p class=\"font_7 wixui-rich-text__text\"><span class=\"wixui-rich-text__text\"><span class=\"color_15 wixui-rich-text__text\">Little song mi ha portato a confrontarmi con la mia solitudine di uomo. La metamorfosi attraversa uno stato di coscienza, l\u2019umana condizione.<br class=\"wixui-rich-text__text\" \/>Fermarmi \u00e8 necessario, pensare \u00e8 fondamentale al mio proseguire, capire che il nulla \u00e8 tutto e che ogni frammento di questo lavoro trascorso con me stesso, racconta\u2026<br class=\"wixui-rich-text__text\" \/>La solitudine \u00e8 nella mia vita, \u00e8 una componente che vive con il mio respiro, ma non sempre ho potuto parlare con lei. L\u2019ho fatto ora, grazie a questo passaggio, al cambiamento fisico dal passato, un nuovo luogo dove rinchiudermi, dove nascondermi, dove ascoltare il suono del profumo. Il precedente stato di dimenticanza dell\u2019obli\u00f2 ha lasciato ora spazio ad uno mondo di ricordi, come una frana improvvisa. Io sono ancora l\u00ec, in una piccola stanza e aspetto. Fuori passa il tempo, passano le stagioni, passano le persone. Volano gli ombrelli nel cortile della quiete. Scrivevo tempo fa: \u201cla metamorfosi che noi cerchiamo \u00e8 nel cammino che stiamo facendo. Cadiamo, nel fondo, nel buio, nella grotta della vita, e da l\u00ec, sentiamo l\u2019odore del cambiamento, della nostra metamorfosi\u201d.<br class=\"wixui-rich-text__text\" \/>La personale solitudine dell\u2019uomo con il tempo, con lo spazio, con le cose che ci circondano e mutano.<\/span><\/span><\/p>\n<p class=\"font_7 wixui-rich-text__text\"><span class=\"wixui-rich-text__text\"><span class=\"color_15 wixui-rich-text__text\">C<\/span><\/span><span class=\"wixui-rich-text__text\"><span class=\"color_15 wixui-rich-text__text\">omposizione: Caff\u00e8, Rosa, Tabacco<\/span><\/span><\/p>\n","protected":false},"featured_media":80616,"comment_status":"open","ping_status":"closed","template":"","meta":{"_et_pb_use_builder":"","_et_pb_old_content":"","_et_gb_content_width":"","_themeisle_gutenberg_block_has_review":false},"product_brand":[],"product_cat":[4879,4871,4857,4874,4888,4891,6765,4887,6787,4860],"product_tag":[],"class_list":{"0":"post-80613","1":"product","2":"type-product","3":"status-publish","4":"has-post-thumbnail","6":"product_cat-brands-en","7":"product_cat-floral-flowered","8":"product_cat-fragrances","9":"product_cat-gourmand-en","10":"product_cat-in-evidence","11":"product_cat-prodotti_luxury","12":"product_cat-meo-fusciuni-en","13":"product_cat-products","14":"product_cat-samples-en","15":"product_cat-unisex-fragrances","16":"pa_categoria_desc-unisex-perfumes","17":"pa_confezione_desc-original-packaging-no-tester","18":"pa_formato_filtro-100ml-en","19":"pa_formato_filtro-2ml-en","20":"pa_produttore-meo-fusciuni-en","21":"pa_spedizione_gratuita-yes","22":"pa_tipo_filtro-parfum-en","24":"first","25":"instock","26":"shipping-taxable","27":"purchasable","28":"product-type-variable"},"yoast_head":"<!-- This site is optimized with the Yoast SEO plugin v27.5 - https:\/\/yoast.com\/product\/yoast-seo-wordpress\/ -->\n<title>MEO FUSCIUNI LITTLE SONG PARFUM SPRAY 100ML<\/title>\n<meta name=\"robots\" content=\"index, follow, max-snippet:-1, max-image-preview:large, max-video-preview:-1\" \/>\n<link rel=\"canonical\" href=\"https:\/\/www.profumixluxurybrands.it\/en\/brands\/__trashed-2\/\" \/>\n<meta property=\"og:locale\" content=\"en_US\" \/>\n<meta property=\"og:type\" content=\"article\" \/>\n<meta property=\"og:title\" content=\"MEO FUSCIUNI LITTLE SONG PARFUM SPRAY 100ML\" \/>\n<meta property=\"og:description\" content=\"TRILOGIA DELLA METAMORFOSI. Little song mi ha portato a confrontarmi con la mia solitudine di uomo. La metamorfosi attraversa uno stato di coscienza, l\u2019umana condizione.Fermarmi \u00e8 necessario, pensare \u00e8 fondamentale al mio proseguire, capire che il nulla \u00e8 tutto e che ogni frammento di questo lavoro trascorso con me stesso, racconta\u2026La solitudine \u00e8 nella mia vita, \u00e8 una componente che vive con il mio respiro, ma non sempre ho potuto parlare con lei. L\u2019ho fatto ora, grazie a questo passaggio, al cambiamento fisico dal passato, un nuovo luogo dove rinchiudermi, dove nascondermi, dove ascoltare il suono del profumo. Il precedente stato di dimenticanza dell\u2019obli\u00f2 ha lasciato ora spazio ad uno mondo di ricordi, come una frana improvvisa. Io sono ancora l\u00ec, in una piccola stanza e aspetto. Fuori passa il tempo, passano le stagioni, passano le persone. Volano gli ombrelli nel cortile della quiete. Scrivevo tempo fa: \u201cla metamorfosi che noi cerchiamo \u00e8 nel cammino che stiamo facendo. Cadiamo, nel fondo, nel buio, nella grotta della vita, e da l\u00ec, sentiamo l\u2019odore del cambiamento, della nostra metamorfosi\u201d.La personale solitudine dell\u2019uomo con il tempo, con lo spazio, con le cose che ci circondano e mutano. Composizione: Caff\u00e8, Rosa, Tabacco\" \/>\n<meta property=\"og:url\" content=\"https:\/\/www.profumixluxurybrands.it\/en\/brands\/__trashed-2\/\" \/>\n<meta property=\"og:site_name\" content=\"Profumix Luxury Perfumes\" \/>\n<meta property=\"article:publisher\" content=\"https:\/\/www.facebook.com\/profumix\" \/>\n<meta property=\"article:modified_time\" content=\"2025-08-18T11:36:46+00:00\" \/>\n<meta property=\"og:image\" content=\"https:\/\/www.profumixluxurybrands.it\/wp-content\/uploads\/2024\/06\/meo_fusciuni_little_song_extrait_de_parfum_1.jpg\" \/>\n\t<meta property=\"og:image:width\" content=\"1500\" \/>\n\t<meta property=\"og:image:height\" content=\"1500\" \/>\n\t<meta property=\"og:image:type\" content=\"image\/jpeg\" \/>\n<meta name=\"twitter:card\" content=\"summary_large_image\" \/>\n<meta name=\"twitter:label1\" content=\"Est. reading time\" \/>\n\t<meta name=\"twitter:data1\" content=\"1 minute\" \/>\n<script type=\"application\/ld+json\" class=\"yoast-schema-graph\">{\"@context\":\"https:\\\/\\\/schema.org\",\"@graph\":[{\"@type\":\"WebPage\",\"@id\":\"https:\\\/\\\/www.profumixluxurybrands.it\\\/en\\\/brands\\\/__trashed-2\\\/\",\"url\":\"https:\\\/\\\/www.profumixluxurybrands.it\\\/en\\\/brands\\\/__trashed-2\\\/\",\"name\":\"MEO FUSCIUNI LITTLE SONG PARFUM SPRAY 100ML\",\"isPartOf\":{\"@id\":\"https:\\\/\\\/www.profumixluxurybrands.it\\\/en\\\/#website\"},\"primaryImageOfPage\":{\"@id\":\"https:\\\/\\\/www.profumixluxurybrands.it\\\/en\\\/brands\\\/__trashed-2\\\/#primaryimage\"},\"image\":{\"@id\":\"https:\\\/\\\/www.profumixluxurybrands.it\\\/en\\\/brands\\\/__trashed-2\\\/#primaryimage\"},\"thumbnailUrl\":\"https:\\\/\\\/www.profumixluxurybrands.it\\\/wp-content\\\/uploads\\\/2024\\\/06\\\/meo_fusciuni_little_song_extrait_de_parfum_1.jpg\",\"datePublished\":\"2024-06-07T09:42:27+00:00\",\"dateModified\":\"2025-08-18T11:36:46+00:00\",\"breadcrumb\":{\"@id\":\"https:\\\/\\\/www.profumixluxurybrands.it\\\/en\\\/brands\\\/__trashed-2\\\/#breadcrumb\"},\"inLanguage\":\"en-US\",\"potentialAction\":[{\"@type\":\"ReadAction\",\"target\":[\"https:\\\/\\\/www.profumixluxurybrands.it\\\/en\\\/brands\\\/__trashed-2\\\/\"]}]},{\"@type\":\"ImageObject\",\"inLanguage\":\"en-US\",\"@id\":\"https:\\\/\\\/www.profumixluxurybrands.it\\\/en\\\/brands\\\/__trashed-2\\\/#primaryimage\",\"url\":\"https:\\\/\\\/www.profumixluxurybrands.it\\\/wp-content\\\/uploads\\\/2024\\\/06\\\/meo_fusciuni_little_song_extrait_de_parfum_1.jpg\",\"contentUrl\":\"https:\\\/\\\/www.profumixluxurybrands.it\\\/wp-content\\\/uploads\\\/2024\\\/06\\\/meo_fusciuni_little_song_extrait_de_parfum_1.jpg\",\"width\":1500,\"height\":1500},{\"@type\":\"BreadcrumbList\",\"@id\":\"https:\\\/\\\/www.profumixluxurybrands.it\\\/en\\\/brands\\\/__trashed-2\\\/#breadcrumb\",\"itemListElement\":[{\"@type\":\"ListItem\",\"position\":1,\"name\":\"Home\",\"item\":\"https:\\\/\\\/www.profumixluxurybrands.it\\\/en\\\/\"},{\"@type\":\"ListItem\",\"position\":2,\"name\":\"Shop\",\"item\":\"https:\\\/\\\/www.profumixluxurybrands.it\\\/en\\\/shop\\\/\"},{\"@type\":\"ListItem\",\"position\":3,\"name\":\"MEO FUSCIUNI LITTLE SONG PARFUM SPRAY 100ML\"}]},{\"@type\":\"WebSite\",\"@id\":\"https:\\\/\\\/www.profumixluxurybrands.it\\\/en\\\/#website\",\"url\":\"https:\\\/\\\/www.profumixluxurybrands.it\\\/en\\\/\",\"name\":\"Profumix Luxury Perfumes\",\"description\":\"\",\"publisher\":{\"@id\":\"https:\\\/\\\/www.profumixluxurybrands.it\\\/en\\\/#organization\"},\"potentialAction\":[{\"@type\":\"SearchAction\",\"target\":{\"@type\":\"EntryPoint\",\"urlTemplate\":\"https:\\\/\\\/www.profumixluxurybrands.it\\\/en\\\/?s={search_term_string}\"},\"query-input\":{\"@type\":\"PropertyValueSpecification\",\"valueRequired\":true,\"valueName\":\"search_term_string\"}}],\"inLanguage\":\"en-US\"},{\"@type\":\"Organization\",\"@id\":\"https:\\\/\\\/www.profumixluxurybrands.it\\\/en\\\/#organization\",\"name\":\"Profumix Luxury Perfumes\",\"url\":\"https:\\\/\\\/www.profumixluxurybrands.it\\\/en\\\/\",\"logo\":{\"@type\":\"ImageObject\",\"inLanguage\":\"en-US\",\"@id\":\"https:\\\/\\\/www.profumixluxurybrands.it\\\/en\\\/#\\\/schema\\\/logo\\\/image\\\/\",\"url\":\"https:\\\/\\\/www.profumixluxurybrands.it\\\/wp-content\\\/uploads\\\/2022\\\/09\\\/logo-profumixluxury-ev.png\",\"contentUrl\":\"https:\\\/\\\/www.profumixluxurybrands.it\\\/wp-content\\\/uploads\\\/2022\\\/09\\\/logo-profumixluxury-ev.png\",\"width\":374,\"height\":176,\"caption\":\"Profumix Luxury Perfumes\"},\"image\":{\"@id\":\"https:\\\/\\\/www.profumixluxurybrands.it\\\/en\\\/#\\\/schema\\\/logo\\\/image\\\/\"},\"sameAs\":[\"https:\\\/\\\/www.facebook.com\\\/profumix\",\"https:\\\/\\\/www.instagram.com\\\/profumix_luxury_brands\\\/\"]}]}<\/script>\n<!-- \/ Yoast SEO plugin. -->","yoast_head_json":{"title":"MEO FUSCIUNI LITTLE SONG PARFUM SPRAY 100ML","robots":{"index":"index","follow":"follow","max-snippet":"max-snippet:-1","max-image-preview":"max-image-preview:large","max-video-preview":"max-video-preview:-1"},"canonical":"https:\/\/www.profumixluxurybrands.it\/en\/brands\/__trashed-2\/","og_locale":"en_US","og_type":"article","og_title":"MEO FUSCIUNI LITTLE SONG PARFUM SPRAY 100ML","og_description":"TRILOGIA DELLA METAMORFOSI. Little song mi ha portato a confrontarmi con la mia solitudine di uomo. La metamorfosi attraversa uno stato di coscienza, l\u2019umana condizione.Fermarmi \u00e8 necessario, pensare \u00e8 fondamentale al mio proseguire, capire che il nulla \u00e8 tutto e che ogni frammento di questo lavoro trascorso con me stesso, racconta\u2026La solitudine \u00e8 nella mia vita, \u00e8 una componente che vive con il mio respiro, ma non sempre ho potuto parlare con lei. L\u2019ho fatto ora, grazie a questo passaggio, al cambiamento fisico dal passato, un nuovo luogo dove rinchiudermi, dove nascondermi, dove ascoltare il suono del profumo. Il precedente stato di dimenticanza dell\u2019obli\u00f2 ha lasciato ora spazio ad uno mondo di ricordi, come una frana improvvisa. Io sono ancora l\u00ec, in una piccola stanza e aspetto. Fuori passa il tempo, passano le stagioni, passano le persone. Volano gli ombrelli nel cortile della quiete. Scrivevo tempo fa: \u201cla metamorfosi che noi cerchiamo \u00e8 nel cammino che stiamo facendo. Cadiamo, nel fondo, nel buio, nella grotta della vita, e da l\u00ec, sentiamo l\u2019odore del cambiamento, della nostra metamorfosi\u201d.La personale solitudine dell\u2019uomo con il tempo, con lo spazio, con le cose che ci circondano e mutano. Composizione: Caff\u00e8, Rosa, Tabacco","og_url":"https:\/\/www.profumixluxurybrands.it\/en\/brands\/__trashed-2\/","og_site_name":"Profumix Luxury Perfumes","article_publisher":"https:\/\/www.facebook.com\/profumix","article_modified_time":"2025-08-18T11:36:46+00:00","og_image":[{"width":1500,"height":1500,"url":"https:\/\/www.profumixluxurybrands.it\/wp-content\/uploads\/2024\/06\/meo_fusciuni_little_song_extrait_de_parfum_1.jpg","type":"image\/jpeg"}],"twitter_card":"summary_large_image","twitter_misc":{"Est. reading time":"1 minute"},"schema":{"@context":"https:\/\/schema.org","@graph":[{"@type":"WebPage","@id":"https:\/\/www.profumixluxurybrands.it\/en\/brands\/__trashed-2\/","url":"https:\/\/www.profumixluxurybrands.it\/en\/brands\/__trashed-2\/","name":"MEO FUSCIUNI LITTLE SONG PARFUM SPRAY 100ML","isPartOf":{"@id":"https:\/\/www.profumixluxurybrands.it\/en\/#website"},"primaryImageOfPage":{"@id":"https:\/\/www.profumixluxurybrands.it\/en\/brands\/__trashed-2\/#primaryimage"},"image":{"@id":"https:\/\/www.profumixluxurybrands.it\/en\/brands\/__trashed-2\/#primaryimage"},"thumbnailUrl":"https:\/\/www.profumixluxurybrands.it\/wp-content\/uploads\/2024\/06\/meo_fusciuni_little_song_extrait_de_parfum_1.jpg","datePublished":"2024-06-07T09:42:27+00:00","dateModified":"2025-08-18T11:36:46+00:00","breadcrumb":{"@id":"https:\/\/www.profumixluxurybrands.it\/en\/brands\/__trashed-2\/#breadcrumb"},"inLanguage":"en-US","potentialAction":[{"@type":"ReadAction","target":["https:\/\/www.profumixluxurybrands.it\/en\/brands\/__trashed-2\/"]}]},{"@type":"ImageObject","inLanguage":"en-US","@id":"https:\/\/www.profumixluxurybrands.it\/en\/brands\/__trashed-2\/#primaryimage","url":"https:\/\/www.profumixluxurybrands.it\/wp-content\/uploads\/2024\/06\/meo_fusciuni_little_song_extrait_de_parfum_1.jpg","contentUrl":"https:\/\/www.profumixluxurybrands.it\/wp-content\/uploads\/2024\/06\/meo_fusciuni_little_song_extrait_de_parfum_1.jpg","width":1500,"height":1500},{"@type":"BreadcrumbList","@id":"https:\/\/www.profumixluxurybrands.it\/en\/brands\/__trashed-2\/#breadcrumb","itemListElement":[{"@type":"ListItem","position":1,"name":"Home","item":"https:\/\/www.profumixluxurybrands.it\/en\/"},{"@type":"ListItem","position":2,"name":"Shop","item":"https:\/\/www.profumixluxurybrands.it\/en\/shop\/"},{"@type":"ListItem","position":3,"name":"MEO FUSCIUNI LITTLE SONG PARFUM SPRAY 100ML"}]},{"@type":"WebSite","@id":"https:\/\/www.profumixluxurybrands.it\/en\/#website","url":"https:\/\/www.profumixluxurybrands.it\/en\/","name":"Profumix Luxury Perfumes","description":"","publisher":{"@id":"https:\/\/www.profumixluxurybrands.it\/en\/#organization"},"potentialAction":[{"@type":"SearchAction","target":{"@type":"EntryPoint","urlTemplate":"https:\/\/www.profumixluxurybrands.it\/en\/?s={search_term_string}"},"query-input":{"@type":"PropertyValueSpecification","valueRequired":true,"valueName":"search_term_string"}}],"inLanguage":"en-US"},{"@type":"Organization","@id":"https:\/\/www.profumixluxurybrands.it\/en\/#organization","name":"Profumix Luxury Perfumes","url":"https:\/\/www.profumixluxurybrands.it\/en\/","logo":{"@type":"ImageObject","inLanguage":"en-US","@id":"https:\/\/www.profumixluxurybrands.it\/en\/#\/schema\/logo\/image\/","url":"https:\/\/www.profumixluxurybrands.it\/wp-content\/uploads\/2022\/09\/logo-profumixluxury-ev.png","contentUrl":"https:\/\/www.profumixluxurybrands.it\/wp-content\/uploads\/2022\/09\/logo-profumixluxury-ev.png","width":374,"height":176,"caption":"Profumix Luxury Perfumes"},"image":{"@id":"https:\/\/www.profumixluxurybrands.it\/en\/#\/schema\/logo\/image\/"},"sameAs":["https:\/\/www.facebook.com\/profumix","https:\/\/www.instagram.com\/profumix_luxury_brands\/"]}]}},"_links":{"self":[{"href":"https:\/\/www.profumixluxurybrands.it\/en\/wp-json\/wp\/v2\/product\/80613","targetHints":{"allow":["GET"]}}],"collection":[{"href":"https:\/\/www.profumixluxurybrands.it\/en\/wp-json\/wp\/v2\/product"}],"about":[{"href":"https:\/\/www.profumixluxurybrands.it\/en\/wp-json\/wp\/v2\/types\/product"}],"replies":[{"embeddable":true,"href":"https:\/\/www.profumixluxurybrands.it\/en\/wp-json\/wp\/v2\/comments?post=80613"}],"wp:featuredmedia":[{"embeddable":true,"href":"https:\/\/www.profumixluxurybrands.it\/en\/wp-json\/wp\/v2\/media\/80616"}],"wp:attachment":[{"href":"https:\/\/www.profumixluxurybrands.it\/en\/wp-json\/wp\/v2\/media?parent=80613"}],"wp:term":[{"taxonomy":"product_brand","embeddable":true,"href":"https:\/\/www.profumixluxurybrands.it\/en\/wp-json\/wp\/v2\/product_brand?post=80613"},{"taxonomy":"product_cat","embeddable":true,"href":"https:\/\/www.profumixluxurybrands.it\/en\/wp-json\/wp\/v2\/product_cat?post=80613"},{"taxonomy":"product_tag","embeddable":true,"href":"https:\/\/www.profumixluxurybrands.it\/en\/wp-json\/wp\/v2\/product_tag?post=80613"}],"curies":[{"name":"wp","href":"https:\/\/api.w.org\/{rel}","templated":true}]}}