{"id":80610,"date":"2024-06-07T11:39:32","date_gmt":"2024-06-07T09:39:32","guid":{"rendered":"https:\/\/www.profumixluxurybrands.it\/?post_type=product&#038;p=80610"},"modified":"2026-03-11T08:52:16","modified_gmt":"2026-03-11T07:52:16","slug":"meo-fusciuni-odor-93-parfum-spray-100ml-copia","status":"publish","type":"product","link":"https:\/\/www.profumixluxurybrands.it\/en\/brands\/meo-fusciuni-odor-93-parfum-spray-100ml-copia\/","title":{"rendered":"MEO FUSCIUNI L&#8217;OBLIO PARFUM SPRAY 100ML"},"content":{"rendered":"<p class=\"font_8 wixui-rich-text__text\"><span class=\"color_13 wixui-rich-text__text\"><span class=\"wixui-rich-text__text\">\u201cTutto inizia dal sentire,<\/span><\/span><\/p>\n<p class=\"font_8 wixui-rich-text__text\"><span class=\"color_13 wixui-rich-text__text\"><span class=\"wixui-rich-text__text\">l\u2019ascolto attento dell\u2019emozione olfattiva durante il viaggio,<\/span><\/span><\/p>\n<p class=\"font_8 wixui-rich-text__text\"><span class=\"color_13 wixui-rich-text__text\"><span class=\"wixui-rich-text__text\">nel mondo attorno e dentro me.<\/span><\/span><\/p>\n<p class=\"font_8 wixui-rich-text__text\"><span class=\"color_13 wixui-rich-text__text\"><span class=\"wixui-rich-text__text\">Cos\u00ec inizia il mio lavoro,<\/span><\/span><\/p>\n<p class=\"font_8 wixui-rich-text__text\"><span class=\"color_13 wixui-rich-text__text\"><span class=\"wixui-rich-text__text\">cos\u00ec prende forma nel mio cammino la nascita di un profumo\u201d.<\/span><\/span><\/p>\n<p>&#8220;Il profumo \u00e8 un&#8217;anima che disegna la nostra ombra&#8221;<\/p>\n<p>Meo Fusciuni<\/p>\n","protected":false},"excerpt":{"rendered":"<p><span class=\"wixui-rich-text__text\"><span class=\"color_15 wixui-rich-text__text\">TRILOGIA DELLA MISTICA.<\/span><\/span><\/p>\n<p class=\"font_7 wixui-rich-text__text\"><span class=\"color_15 wixui-rich-text__text\"><span class=\"wixui-rich-text__text\">Le note olfattive luminose e aspre aprono questo lavoro, una luce vibratile e intensa, come labirinto lucente. Nel cuore lo sguardo \u00e8 sereno, fluttua nel corpo liquido del grande fiume, nel silenzio, nell\u2019anima vegetale di questo lavoro.<br class=\"wixui-rich-text__text\" \/>Fino ad arrivare alla fine, lo stato terreno e polveroso dell\u2019oblio.<\/span><\/span><\/p>\n<p class=\"font_7 wixui-rich-text__text\"><span class=\"color_15 wixui-rich-text__text\"><span class=\"wixui-rich-text__text\">In questo profumo il tempo ha un corpo di quiete e ne rappresenta la sublimazione, la forte luce iniziale ti trasporta sulle rive del grande fiume, radicato, spirituale e malinconico. Quasi a dimenticarsi del perch\u00e8 di questo viaggio, racchiuso in una spirale di emozioni, l\u2019uomo \u00e8 ancora l\u00ec, nel suo obl\u00eco. Il colore marrone della materia che lo contiene rappresenta la terra, il radicamento dell\u2019uomo, l\u2019immagine, ricavata da una casuale formazione della lavorazione del ferro racconta la visione astratta dell\u2019obl\u00eco. Vorrei che le persone si perdessero in questo profumo, come in un labirinto dove non ci sono appigli, vorrei che ognuno si lasciasse andare, non ricordare niente, che si lasciasse solo trasportare, come su un battello, nella notte, senza luci, sul grande fiume, dove non si vedono le sponde; la bellezza dell\u2019odore della natura e il silenzio della notte. L\u2019obl\u00eco raggiunge una sorta di beatitudine dello spirito. Il profumo diventa odore psichico e ti trasporta in un limbo, in un labirinto di polvere, dove tutto si dimentica. <\/span><\/span><span class=\"color_15 wixui-rich-text__text\"><span class=\"wixui-rich-text__text\">Pace e dimenticanza, beatitudine e meditazione.<\/span><\/span><\/p>\n<p class=\"font_7 wixui-rich-text__text\"><span class=\"color_15 wixui-rich-text__text\"><span class=\"wixui-rich-text__text\">Composizione: Iris, Incenso, Sandalo, Elicriso, Mate Tabacco, Palo Santo, Arancio.<\/span><\/span><\/p>\n","protected":false},"featured_media":80612,"comment_status":"open","ping_status":"closed","template":"","meta":{"_et_pb_use_builder":"","_et_pb_old_content":"","_et_gb_content_width":"","_themeisle_gutenberg_block_has_review":false},"product_brand":[],"product_cat":[4879,4857,4888,4891,4876,6765,4887,6787,4860],"product_tag":[],"class_list":{"0":"post-80610","1":"product","2":"type-product","3":"status-publish","4":"has-post-thumbnail","6":"product_cat-brands-en","7":"product_cat-fragrances","8":"product_cat-in-evidence","9":"product_cat-prodotti_luxury","10":"product_cat-marine-aquatic-ozone","11":"product_cat-meo-fusciuni-en","12":"product_cat-products","13":"product_cat-samples-en","14":"product_cat-unisex-fragrances","15":"pa_categoria_desc-unisex-perfumes","16":"pa_confezione_desc-original-packaging-no-tester","17":"pa_formato_filtro-100ml-en","18":"pa_formato_filtro-10ml-en","19":"pa_formato_filtro-2ml-en","20":"pa_produttore-meo-fusciuni-en","21":"pa_spedizione_gratuita-yes","22":"pa_tipo_filtro-parfum-en","24":"first","25":"instock","26":"shipping-taxable","27":"purchasable","28":"product-type-variable"},"yoast_head":"<!-- This site is optimized with the Yoast SEO plugin v27.5 - https:\/\/yoast.com\/product\/yoast-seo-wordpress\/ -->\n<title>MEO FUSCIUNI L&#039;OBLIO PARFUM SPRAY 100ML<\/title>\n<meta name=\"robots\" content=\"index, follow, max-snippet:-1, max-image-preview:large, max-video-preview:-1\" \/>\n<link rel=\"canonical\" href=\"https:\/\/www.profumixluxurybrands.it\/en\/brands\/meo-fusciuni-odor-93-parfum-spray-100ml-copia\/\" \/>\n<meta property=\"og:locale\" content=\"en_US\" \/>\n<meta property=\"og:type\" content=\"article\" \/>\n<meta property=\"og:title\" content=\"MEO FUSCIUNI L&#039;OBLIO PARFUM SPRAY 100ML\" \/>\n<meta property=\"og:description\" content=\"TRILOGIA DELLA MISTICA. Le note olfattive luminose e aspre aprono questo lavoro, una luce vibratile e intensa, come labirinto lucente. Nel cuore lo sguardo \u00e8 sereno, fluttua nel corpo liquido del grande fiume, nel silenzio, nell\u2019anima vegetale di questo lavoro.Fino ad arrivare alla fine, lo stato terreno e polveroso dell\u2019oblio. In questo profumo il tempo ha un corpo di quiete e ne rappresenta la sublimazione, la forte luce iniziale ti trasporta sulle rive del grande fiume, radicato, spirituale e malinconico. Quasi a dimenticarsi del perch\u00e8 di questo viaggio, racchiuso in una spirale di emozioni, l\u2019uomo \u00e8 ancora l\u00ec, nel suo obl\u00eco. Il colore marrone della materia che lo contiene rappresenta la terra, il radicamento dell\u2019uomo, l\u2019immagine, ricavata da una casuale formazione della lavorazione del ferro racconta la visione astratta dell\u2019obl\u00eco. Vorrei che le persone si perdessero in questo profumo, come in un labirinto dove non ci sono appigli, vorrei che ognuno si lasciasse andare, non ricordare niente, che si lasciasse solo trasportare, come su un battello, nella notte, senza luci, sul grande fiume, dove non si vedono le sponde; la bellezza dell\u2019odore della natura e il silenzio della notte. L\u2019obl\u00eco raggiunge una sorta di beatitudine dello spirito. Il profumo diventa odore psichico e ti trasporta in un limbo, in un labirinto di polvere, dove tutto si dimentica. Pace e dimenticanza, beatitudine e meditazione. Composizione: Iris, Incenso, Sandalo, Elicriso, Mate Tabacco, Palo Santo, Arancio.\" \/>\n<meta property=\"og:url\" content=\"https:\/\/www.profumixluxurybrands.it\/en\/brands\/meo-fusciuni-odor-93-parfum-spray-100ml-copia\/\" \/>\n<meta property=\"og:site_name\" content=\"Profumix Luxury Perfumes\" \/>\n<meta property=\"article:publisher\" content=\"https:\/\/www.facebook.com\/profumix\" \/>\n<meta property=\"article:modified_time\" content=\"2026-03-11T07:52:16+00:00\" \/>\n<meta property=\"og:image\" content=\"https:\/\/www.profumixluxurybrands.it\/wp-content\/uploads\/2024\/06\/meo_fusciuni_l_oblio_extrait_de_parfum_1.jpg\" \/>\n\t<meta property=\"og:image:width\" content=\"1500\" \/>\n\t<meta property=\"og:image:height\" content=\"1500\" \/>\n\t<meta property=\"og:image:type\" content=\"image\/jpeg\" \/>\n<meta name=\"twitter:card\" content=\"summary_large_image\" \/>\n<meta name=\"twitter:label1\" content=\"Est. reading time\" \/>\n\t<meta name=\"twitter:data1\" content=\"1 minute\" \/>\n<script type=\"application\/ld+json\" class=\"yoast-schema-graph\">{\"@context\":\"https:\\\/\\\/schema.org\",\"@graph\":[{\"@type\":\"WebPage\",\"@id\":\"https:\\\/\\\/www.profumixluxurybrands.it\\\/en\\\/brands\\\/meo-fusciuni-odor-93-parfum-spray-100ml-copia\\\/\",\"url\":\"https:\\\/\\\/www.profumixluxurybrands.it\\\/en\\\/brands\\\/meo-fusciuni-odor-93-parfum-spray-100ml-copia\\\/\",\"name\":\"MEO FUSCIUNI L'OBLIO PARFUM SPRAY 100ML\",\"isPartOf\":{\"@id\":\"https:\\\/\\\/www.profumixluxurybrands.it\\\/en\\\/#website\"},\"primaryImageOfPage\":{\"@id\":\"https:\\\/\\\/www.profumixluxurybrands.it\\\/en\\\/brands\\\/meo-fusciuni-odor-93-parfum-spray-100ml-copia\\\/#primaryimage\"},\"image\":{\"@id\":\"https:\\\/\\\/www.profumixluxurybrands.it\\\/en\\\/brands\\\/meo-fusciuni-odor-93-parfum-spray-100ml-copia\\\/#primaryimage\"},\"thumbnailUrl\":\"https:\\\/\\\/www.profumixluxurybrands.it\\\/wp-content\\\/uploads\\\/2024\\\/06\\\/meo_fusciuni_l_oblio_extrait_de_parfum_1.jpg\",\"datePublished\":\"2024-06-07T09:39:32+00:00\",\"dateModified\":\"2026-03-11T07:52:16+00:00\",\"breadcrumb\":{\"@id\":\"https:\\\/\\\/www.profumixluxurybrands.it\\\/en\\\/brands\\\/meo-fusciuni-odor-93-parfum-spray-100ml-copia\\\/#breadcrumb\"},\"inLanguage\":\"en-US\",\"potentialAction\":[{\"@type\":\"ReadAction\",\"target\":[\"https:\\\/\\\/www.profumixluxurybrands.it\\\/en\\\/brands\\\/meo-fusciuni-odor-93-parfum-spray-100ml-copia\\\/\"]}]},{\"@type\":\"ImageObject\",\"inLanguage\":\"en-US\",\"@id\":\"https:\\\/\\\/www.profumixluxurybrands.it\\\/en\\\/brands\\\/meo-fusciuni-odor-93-parfum-spray-100ml-copia\\\/#primaryimage\",\"url\":\"https:\\\/\\\/www.profumixluxurybrands.it\\\/wp-content\\\/uploads\\\/2024\\\/06\\\/meo_fusciuni_l_oblio_extrait_de_parfum_1.jpg\",\"contentUrl\":\"https:\\\/\\\/www.profumixluxurybrands.it\\\/wp-content\\\/uploads\\\/2024\\\/06\\\/meo_fusciuni_l_oblio_extrait_de_parfum_1.jpg\",\"width\":1500,\"height\":1500},{\"@type\":\"BreadcrumbList\",\"@id\":\"https:\\\/\\\/www.profumixluxurybrands.it\\\/en\\\/brands\\\/meo-fusciuni-odor-93-parfum-spray-100ml-copia\\\/#breadcrumb\",\"itemListElement\":[{\"@type\":\"ListItem\",\"position\":1,\"name\":\"Home\",\"item\":\"https:\\\/\\\/www.profumixluxurybrands.it\\\/en\\\/\"},{\"@type\":\"ListItem\",\"position\":2,\"name\":\"Shop\",\"item\":\"https:\\\/\\\/www.profumixluxurybrands.it\\\/en\\\/shop\\\/\"},{\"@type\":\"ListItem\",\"position\":3,\"name\":\"MEO FUSCIUNI L&#8217;OBLIO PARFUM SPRAY 100ML\"}]},{\"@type\":\"WebSite\",\"@id\":\"https:\\\/\\\/www.profumixluxurybrands.it\\\/en\\\/#website\",\"url\":\"https:\\\/\\\/www.profumixluxurybrands.it\\\/en\\\/\",\"name\":\"Profumix Luxury Perfumes\",\"description\":\"\",\"publisher\":{\"@id\":\"https:\\\/\\\/www.profumixluxurybrands.it\\\/en\\\/#organization\"},\"potentialAction\":[{\"@type\":\"SearchAction\",\"target\":{\"@type\":\"EntryPoint\",\"urlTemplate\":\"https:\\\/\\\/www.profumixluxurybrands.it\\\/en\\\/?s={search_term_string}\"},\"query-input\":{\"@type\":\"PropertyValueSpecification\",\"valueRequired\":true,\"valueName\":\"search_term_string\"}}],\"inLanguage\":\"en-US\"},{\"@type\":\"Organization\",\"@id\":\"https:\\\/\\\/www.profumixluxurybrands.it\\\/en\\\/#organization\",\"name\":\"Profumix Luxury Perfumes\",\"url\":\"https:\\\/\\\/www.profumixluxurybrands.it\\\/en\\\/\",\"logo\":{\"@type\":\"ImageObject\",\"inLanguage\":\"en-US\",\"@id\":\"https:\\\/\\\/www.profumixluxurybrands.it\\\/en\\\/#\\\/schema\\\/logo\\\/image\\\/\",\"url\":\"https:\\\/\\\/www.profumixluxurybrands.it\\\/wp-content\\\/uploads\\\/2022\\\/09\\\/logo-profumixluxury-ev.png\",\"contentUrl\":\"https:\\\/\\\/www.profumixluxurybrands.it\\\/wp-content\\\/uploads\\\/2022\\\/09\\\/logo-profumixluxury-ev.png\",\"width\":374,\"height\":176,\"caption\":\"Profumix Luxury Perfumes\"},\"image\":{\"@id\":\"https:\\\/\\\/www.profumixluxurybrands.it\\\/en\\\/#\\\/schema\\\/logo\\\/image\\\/\"},\"sameAs\":[\"https:\\\/\\\/www.facebook.com\\\/profumix\",\"https:\\\/\\\/www.instagram.com\\\/profumix_luxury_brands\\\/\"]}]}<\/script>\n<!-- \/ Yoast SEO plugin. -->","yoast_head_json":{"title":"MEO FUSCIUNI L'OBLIO PARFUM SPRAY 100ML","robots":{"index":"index","follow":"follow","max-snippet":"max-snippet:-1","max-image-preview":"max-image-preview:large","max-video-preview":"max-video-preview:-1"},"canonical":"https:\/\/www.profumixluxurybrands.it\/en\/brands\/meo-fusciuni-odor-93-parfum-spray-100ml-copia\/","og_locale":"en_US","og_type":"article","og_title":"MEO FUSCIUNI L'OBLIO PARFUM SPRAY 100ML","og_description":"TRILOGIA DELLA MISTICA. Le note olfattive luminose e aspre aprono questo lavoro, una luce vibratile e intensa, come labirinto lucente. Nel cuore lo sguardo \u00e8 sereno, fluttua nel corpo liquido del grande fiume, nel silenzio, nell\u2019anima vegetale di questo lavoro.Fino ad arrivare alla fine, lo stato terreno e polveroso dell\u2019oblio. In questo profumo il tempo ha un corpo di quiete e ne rappresenta la sublimazione, la forte luce iniziale ti trasporta sulle rive del grande fiume, radicato, spirituale e malinconico. Quasi a dimenticarsi del perch\u00e8 di questo viaggio, racchiuso in una spirale di emozioni, l\u2019uomo \u00e8 ancora l\u00ec, nel suo obl\u00eco. Il colore marrone della materia che lo contiene rappresenta la terra, il radicamento dell\u2019uomo, l\u2019immagine, ricavata da una casuale formazione della lavorazione del ferro racconta la visione astratta dell\u2019obl\u00eco. Vorrei che le persone si perdessero in questo profumo, come in un labirinto dove non ci sono appigli, vorrei che ognuno si lasciasse andare, non ricordare niente, che si lasciasse solo trasportare, come su un battello, nella notte, senza luci, sul grande fiume, dove non si vedono le sponde; la bellezza dell\u2019odore della natura e il silenzio della notte. L\u2019obl\u00eco raggiunge una sorta di beatitudine dello spirito. Il profumo diventa odore psichico e ti trasporta in un limbo, in un labirinto di polvere, dove tutto si dimentica. Pace e dimenticanza, beatitudine e meditazione. Composizione: Iris, Incenso, Sandalo, Elicriso, Mate Tabacco, Palo Santo, Arancio.","og_url":"https:\/\/www.profumixluxurybrands.it\/en\/brands\/meo-fusciuni-odor-93-parfum-spray-100ml-copia\/","og_site_name":"Profumix Luxury Perfumes","article_publisher":"https:\/\/www.facebook.com\/profumix","article_modified_time":"2026-03-11T07:52:16+00:00","og_image":[{"width":1500,"height":1500,"url":"https:\/\/www.profumixluxurybrands.it\/wp-content\/uploads\/2024\/06\/meo_fusciuni_l_oblio_extrait_de_parfum_1.jpg","type":"image\/jpeg"}],"twitter_card":"summary_large_image","twitter_misc":{"Est. reading time":"1 minute"},"schema":{"@context":"https:\/\/schema.org","@graph":[{"@type":"WebPage","@id":"https:\/\/www.profumixluxurybrands.it\/en\/brands\/meo-fusciuni-odor-93-parfum-spray-100ml-copia\/","url":"https:\/\/www.profumixluxurybrands.it\/en\/brands\/meo-fusciuni-odor-93-parfum-spray-100ml-copia\/","name":"MEO FUSCIUNI L'OBLIO PARFUM SPRAY 100ML","isPartOf":{"@id":"https:\/\/www.profumixluxurybrands.it\/en\/#website"},"primaryImageOfPage":{"@id":"https:\/\/www.profumixluxurybrands.it\/en\/brands\/meo-fusciuni-odor-93-parfum-spray-100ml-copia\/#primaryimage"},"image":{"@id":"https:\/\/www.profumixluxurybrands.it\/en\/brands\/meo-fusciuni-odor-93-parfum-spray-100ml-copia\/#primaryimage"},"thumbnailUrl":"https:\/\/www.profumixluxurybrands.it\/wp-content\/uploads\/2024\/06\/meo_fusciuni_l_oblio_extrait_de_parfum_1.jpg","datePublished":"2024-06-07T09:39:32+00:00","dateModified":"2026-03-11T07:52:16+00:00","breadcrumb":{"@id":"https:\/\/www.profumixluxurybrands.it\/en\/brands\/meo-fusciuni-odor-93-parfum-spray-100ml-copia\/#breadcrumb"},"inLanguage":"en-US","potentialAction":[{"@type":"ReadAction","target":["https:\/\/www.profumixluxurybrands.it\/en\/brands\/meo-fusciuni-odor-93-parfum-spray-100ml-copia\/"]}]},{"@type":"ImageObject","inLanguage":"en-US","@id":"https:\/\/www.profumixluxurybrands.it\/en\/brands\/meo-fusciuni-odor-93-parfum-spray-100ml-copia\/#primaryimage","url":"https:\/\/www.profumixluxurybrands.it\/wp-content\/uploads\/2024\/06\/meo_fusciuni_l_oblio_extrait_de_parfum_1.jpg","contentUrl":"https:\/\/www.profumixluxurybrands.it\/wp-content\/uploads\/2024\/06\/meo_fusciuni_l_oblio_extrait_de_parfum_1.jpg","width":1500,"height":1500},{"@type":"BreadcrumbList","@id":"https:\/\/www.profumixluxurybrands.it\/en\/brands\/meo-fusciuni-odor-93-parfum-spray-100ml-copia\/#breadcrumb","itemListElement":[{"@type":"ListItem","position":1,"name":"Home","item":"https:\/\/www.profumixluxurybrands.it\/en\/"},{"@type":"ListItem","position":2,"name":"Shop","item":"https:\/\/www.profumixluxurybrands.it\/en\/shop\/"},{"@type":"ListItem","position":3,"name":"MEO FUSCIUNI L&#8217;OBLIO PARFUM SPRAY 100ML"}]},{"@type":"WebSite","@id":"https:\/\/www.profumixluxurybrands.it\/en\/#website","url":"https:\/\/www.profumixluxurybrands.it\/en\/","name":"Profumix Luxury Perfumes","description":"","publisher":{"@id":"https:\/\/www.profumixluxurybrands.it\/en\/#organization"},"potentialAction":[{"@type":"SearchAction","target":{"@type":"EntryPoint","urlTemplate":"https:\/\/www.profumixluxurybrands.it\/en\/?s={search_term_string}"},"query-input":{"@type":"PropertyValueSpecification","valueRequired":true,"valueName":"search_term_string"}}],"inLanguage":"en-US"},{"@type":"Organization","@id":"https:\/\/www.profumixluxurybrands.it\/en\/#organization","name":"Profumix Luxury Perfumes","url":"https:\/\/www.profumixluxurybrands.it\/en\/","logo":{"@type":"ImageObject","inLanguage":"en-US","@id":"https:\/\/www.profumixluxurybrands.it\/en\/#\/schema\/logo\/image\/","url":"https:\/\/www.profumixluxurybrands.it\/wp-content\/uploads\/2022\/09\/logo-profumixluxury-ev.png","contentUrl":"https:\/\/www.profumixluxurybrands.it\/wp-content\/uploads\/2022\/09\/logo-profumixluxury-ev.png","width":374,"height":176,"caption":"Profumix Luxury Perfumes"},"image":{"@id":"https:\/\/www.profumixluxurybrands.it\/en\/#\/schema\/logo\/image\/"},"sameAs":["https:\/\/www.facebook.com\/profumix","https:\/\/www.instagram.com\/profumix_luxury_brands\/"]}]}},"_links":{"self":[{"href":"https:\/\/www.profumixluxurybrands.it\/en\/wp-json\/wp\/v2\/product\/80610","targetHints":{"allow":["GET"]}}],"collection":[{"href":"https:\/\/www.profumixluxurybrands.it\/en\/wp-json\/wp\/v2\/product"}],"about":[{"href":"https:\/\/www.profumixluxurybrands.it\/en\/wp-json\/wp\/v2\/types\/product"}],"replies":[{"embeddable":true,"href":"https:\/\/www.profumixluxurybrands.it\/en\/wp-json\/wp\/v2\/comments?post=80610"}],"wp:featuredmedia":[{"embeddable":true,"href":"https:\/\/www.profumixluxurybrands.it\/en\/wp-json\/wp\/v2\/media\/80612"}],"wp:attachment":[{"href":"https:\/\/www.profumixluxurybrands.it\/en\/wp-json\/wp\/v2\/media?parent=80610"}],"wp:term":[{"taxonomy":"product_brand","embeddable":true,"href":"https:\/\/www.profumixluxurybrands.it\/en\/wp-json\/wp\/v2\/product_brand?post=80610"},{"taxonomy":"product_cat","embeddable":true,"href":"https:\/\/www.profumixluxurybrands.it\/en\/wp-json\/wp\/v2\/product_cat?post=80610"},{"taxonomy":"product_tag","embeddable":true,"href":"https:\/\/www.profumixluxurybrands.it\/en\/wp-json\/wp\/v2\/product_tag?post=80610"}],"curies":[{"name":"wp","href":"https:\/\/api.w.org\/{rel}","templated":true}]}}