{"id":80579,"date":"2024-06-06T12:46:08","date_gmt":"2024-06-06T10:46:08","guid":{"rendered":"https:\/\/www.profumixluxurybrands.it\/?post_type=product&#038;p=80579"},"modified":"2024-06-07T11:28:18","modified_gmt":"2024-06-07T09:28:18","slug":"giardini-di-toscana-blu-mare-eau-de-parfum-spray-100ml-copia-copia","status":"publish","type":"product","link":"https:\/\/www.profumixluxurybrands.it\/en\/brands\/giardini-di-toscana-blu-mare-eau-de-parfum-spray-100ml-copia-copia\/","title":{"rendered":"MEO FUSCIUNI 2 #NOTA DI VIAGGIO (Shukran&#8230;) EAU DE PARFUM SPRAY 100ML"},"content":{"rendered":"<p class=\"font_8 wixui-rich-text__text\"><span class=\"color_13 wixui-rich-text__text\"><span class=\"wixui-rich-text__text\">\u201cTutto inizia dal sentire,<\/span><\/span><\/p>\n<p class=\"font_8 wixui-rich-text__text\"><span class=\"color_13 wixui-rich-text__text\"><span class=\"wixui-rich-text__text\">l\u2019ascolto attento dell\u2019emozione olfattiva durante il viaggio,<\/span><\/span><\/p>\n<p class=\"font_8 wixui-rich-text__text\"><span class=\"color_13 wixui-rich-text__text\"><span class=\"wixui-rich-text__text\">nel mondo attorno e dentro me.<\/span><\/span><\/p>\n<p class=\"font_8 wixui-rich-text__text\"><span class=\"color_13 wixui-rich-text__text\"><span class=\"wixui-rich-text__text\">Cos\u00ec inizia il mio lavoro,<\/span><\/span><\/p>\n<p class=\"font_8 wixui-rich-text__text\"><span class=\"color_13 wixui-rich-text__text\"><span class=\"wixui-rich-text__text\">cos\u00ec prende forma nel mio cammino la nascita di un profumo\u201d.<\/span><\/span><\/p>\n<p>&#8220;Il profumo \u00e8 un&#8217;anima che disegna la nostra ombra&#8221;<\/p>\n<p>Meo Fusciuni<\/p>\n","protected":false},"excerpt":{"rendered":"<p class=\"font_7 wixui-rich-text__text\"><span class=\"wixui-rich-text__text\"><span class=\"color_15 wixui-rich-text__text\">TRILOGIA DEL VIAGGIO.<\/span><\/span><\/p>\n<p class=\"font_8 wixui-rich-text__text\"><span class=\"wixui-rich-text__text\"><span class=\"color_15 wixui-rich-text__text\">Il secondo viaggio si svolge in Marocco, l\u2019incanto \u00e8 l\u2019incontro con questa terra, all\u2019arrivo dopo un lungo viaggio dalla Turchia fino a qui. &#8220;Ebrezza, leggero navigo, tra i colori e i profumi, tra il mare e la sabbia&#8221;. Raccontare l&#8217;amore per un luogo, la leggerezza di un popolo e di un luogo magico dove si incontrano gioia e attesa, dove nasce la cura del tempo, il tempo per un t\u00e8 alla menta. Da tutto questo nasce Shukran, una fragranza che celebra l\u2019incontro della Menta con il Tabacco.<\/span><\/span><\/p>\n<p class=\"font_8 wixui-rich-text__text\"><span class=\"wixui-rich-text__text\"><span class=\"color_15 wixui-rich-text__text\">Questo \u00e8 quello che voglio trasmettere di questa terra che mi ha accolto come nomade alla ricerca di me stesso. Il mio cuore, i miei pensieri sono gi\u00e0 in Marocco, nella terra che ho gi\u00e0 vissuto tante volte, ma ogni volta \u00e8 come nuova, nascosta. Rileggo alcuni passi dei miei maestri, mi chiedo inevitabilmente il senso di ogni cosa, di ogni scelta; questo \u00e8 il tempo dei dubbi, a volte fondamentali per un cammino. Il Marocco nasconde come una tela tantissime sfumature, l\u2019essere in sintonia \u00e8 riuscire a intravederle e viverle, lasciarsi cadere, nell\u2019attesa che il tempo passi, sempre pi\u00f9 lentamente.<\/span><\/span><\/p>\n<p class=\"font_8 wixui-rich-text__text\"><span class=\"wixui-rich-text__text\"><span class=\"color_15 wixui-rich-text__text\">Composizione: Menta nana marocchina, Eucalipto, Verbena, Lemongrass, Listsea Cubeba, Limone, Camomilla marocchina, Tabacco, Sandalo.<\/span><\/span><\/p>\n","protected":false},"featured_media":80581,"comment_status":"open","ping_status":"closed","template":"","meta":{"_et_pb_use_builder":"","_et_pb_old_content":"","_et_gb_content_width":"","_themeisle_gutenberg_block_has_review":false},"product_brand":[],"product_cat":[4879,4857,4888,4891,4876,6765,4887,6787,4860],"product_tag":[],"class_list":{"0":"post-80579","1":"product","2":"type-product","3":"status-publish","4":"has-post-thumbnail","6":"product_cat-brands-en","7":"product_cat-fragrances","8":"product_cat-in-evidence","9":"product_cat-prodotti_luxury","10":"product_cat-marine-aquatic-ozone","11":"product_cat-meo-fusciuni-en","12":"product_cat-products","13":"product_cat-samples-en","14":"product_cat-unisex-fragrances","15":"pa_categoria_desc-unisex-perfumes","16":"pa_confezione_desc-original-packaging-no-tester","17":"pa_formato_filtro-100ml-en","18":"pa_formato_filtro-2ml-en","19":"pa_produttore-meo-fusciuni-en","20":"pa_spedizione_gratuita-yes","21":"pa_tipo_filtro-spray-eau-de-parfum","23":"first","24":"instock","25":"shipping-taxable","26":"purchasable","27":"product-type-variable"},"yoast_head":"<!-- This site is optimized with the Yoast SEO plugin v27.4 - https:\/\/yoast.com\/product\/yoast-seo-wordpress\/ -->\n<title>MEO FUSCIUNI 2 #NOTA DI VIAGGIO (Shukran...) EAU DE PARFUM SPRAY 100ML<\/title>\n<meta name=\"robots\" content=\"index, follow, max-snippet:-1, max-image-preview:large, max-video-preview:-1\" \/>\n<link rel=\"canonical\" href=\"https:\/\/www.profumixluxurybrands.it\/en\/brands\/giardini-di-toscana-blu-mare-eau-de-parfum-spray-100ml-copia-copia\/\" \/>\n<meta property=\"og:locale\" content=\"en_US\" \/>\n<meta property=\"og:type\" content=\"article\" \/>\n<meta property=\"og:title\" content=\"MEO FUSCIUNI 2 #NOTA DI VIAGGIO (Shukran...) EAU DE PARFUM SPRAY 100ML\" \/>\n<meta property=\"og:description\" content=\"TRILOGIA DEL VIAGGIO. Il secondo viaggio si svolge in Marocco, l\u2019incanto \u00e8 l\u2019incontro con questa terra, all\u2019arrivo dopo un lungo viaggio dalla Turchia fino a qui. &quot;Ebrezza, leggero navigo, tra i colori e i profumi, tra il mare e la sabbia&quot;. Raccontare l&#039;amore per un luogo, la leggerezza di un popolo e di un luogo magico dove si incontrano gioia e attesa, dove nasce la cura del tempo, il tempo per un t\u00e8 alla menta. Da tutto questo nasce Shukran, una fragranza che celebra l\u2019incontro della Menta con il Tabacco. Questo \u00e8 quello che voglio trasmettere di questa terra che mi ha accolto come nomade alla ricerca di me stesso. Il mio cuore, i miei pensieri sono gi\u00e0 in Marocco, nella terra che ho gi\u00e0 vissuto tante volte, ma ogni volta \u00e8 come nuova, nascosta. Rileggo alcuni passi dei miei maestri, mi chiedo inevitabilmente il senso di ogni cosa, di ogni scelta; questo \u00e8 il tempo dei dubbi, a volte fondamentali per un cammino. Il Marocco nasconde come una tela tantissime sfumature, l\u2019essere in sintonia \u00e8 riuscire a intravederle e viverle, lasciarsi cadere, nell\u2019attesa che il tempo passi, sempre pi\u00f9 lentamente. Composizione: Menta nana marocchina, Eucalipto, Verbena, Lemongrass, Listsea Cubeba, Limone, Camomilla marocchina, Tabacco, Sandalo.\" \/>\n<meta property=\"og:url\" content=\"https:\/\/www.profumixluxurybrands.it\/en\/brands\/giardini-di-toscana-blu-mare-eau-de-parfum-spray-100ml-copia-copia\/\" \/>\n<meta property=\"og:site_name\" content=\"Profumix Luxury Perfumes\" \/>\n<meta property=\"article:publisher\" content=\"https:\/\/www.facebook.com\/profumix\" \/>\n<meta property=\"article:modified_time\" content=\"2024-06-07T09:28:18+00:00\" \/>\n<meta property=\"og:image\" content=\"https:\/\/www.profumixluxurybrands.it\/wp-content\/uploads\/2024\/06\/meo_fusciuni_2_nota_di_viaggio_shukran_eau_de_parfum_1.jpg\" \/>\n\t<meta property=\"og:image:width\" content=\"1500\" \/>\n\t<meta property=\"og:image:height\" content=\"1500\" \/>\n\t<meta property=\"og:image:type\" content=\"image\/jpeg\" \/>\n<meta name=\"twitter:card\" content=\"summary_large_image\" \/>\n<meta name=\"twitter:label1\" content=\"Est. reading time\" \/>\n\t<meta name=\"twitter:data1\" content=\"1 minute\" \/>\n<script type=\"application\/ld+json\" class=\"yoast-schema-graph\">{\"@context\":\"https:\\\/\\\/schema.org\",\"@graph\":[{\"@type\":\"WebPage\",\"@id\":\"https:\\\/\\\/www.profumixluxurybrands.it\\\/en\\\/brands\\\/giardini-di-toscana-blu-mare-eau-de-parfum-spray-100ml-copia-copia\\\/\",\"url\":\"https:\\\/\\\/www.profumixluxurybrands.it\\\/en\\\/brands\\\/giardini-di-toscana-blu-mare-eau-de-parfum-spray-100ml-copia-copia\\\/\",\"name\":\"MEO FUSCIUNI 2 #NOTA DI VIAGGIO (Shukran...) EAU DE PARFUM SPRAY 100ML\",\"isPartOf\":{\"@id\":\"https:\\\/\\\/www.profumixluxurybrands.it\\\/en\\\/#website\"},\"primaryImageOfPage\":{\"@id\":\"https:\\\/\\\/www.profumixluxurybrands.it\\\/en\\\/brands\\\/giardini-di-toscana-blu-mare-eau-de-parfum-spray-100ml-copia-copia\\\/#primaryimage\"},\"image\":{\"@id\":\"https:\\\/\\\/www.profumixluxurybrands.it\\\/en\\\/brands\\\/giardini-di-toscana-blu-mare-eau-de-parfum-spray-100ml-copia-copia\\\/#primaryimage\"},\"thumbnailUrl\":\"https:\\\/\\\/www.profumixluxurybrands.it\\\/wp-content\\\/uploads\\\/2024\\\/06\\\/meo_fusciuni_2_nota_di_viaggio_shukran_eau_de_parfum_1.jpg\",\"datePublished\":\"2024-06-06T10:46:08+00:00\",\"dateModified\":\"2024-06-07T09:28:18+00:00\",\"breadcrumb\":{\"@id\":\"https:\\\/\\\/www.profumixluxurybrands.it\\\/en\\\/brands\\\/giardini-di-toscana-blu-mare-eau-de-parfum-spray-100ml-copia-copia\\\/#breadcrumb\"},\"inLanguage\":\"en-US\",\"potentialAction\":[{\"@type\":\"ReadAction\",\"target\":[\"https:\\\/\\\/www.profumixluxurybrands.it\\\/en\\\/brands\\\/giardini-di-toscana-blu-mare-eau-de-parfum-spray-100ml-copia-copia\\\/\"]}]},{\"@type\":\"ImageObject\",\"inLanguage\":\"en-US\",\"@id\":\"https:\\\/\\\/www.profumixluxurybrands.it\\\/en\\\/brands\\\/giardini-di-toscana-blu-mare-eau-de-parfum-spray-100ml-copia-copia\\\/#primaryimage\",\"url\":\"https:\\\/\\\/www.profumixluxurybrands.it\\\/wp-content\\\/uploads\\\/2024\\\/06\\\/meo_fusciuni_2_nota_di_viaggio_shukran_eau_de_parfum_1.jpg\",\"contentUrl\":\"https:\\\/\\\/www.profumixluxurybrands.it\\\/wp-content\\\/uploads\\\/2024\\\/06\\\/meo_fusciuni_2_nota_di_viaggio_shukran_eau_de_parfum_1.jpg\",\"width\":1500,\"height\":1500},{\"@type\":\"BreadcrumbList\",\"@id\":\"https:\\\/\\\/www.profumixluxurybrands.it\\\/en\\\/brands\\\/giardini-di-toscana-blu-mare-eau-de-parfum-spray-100ml-copia-copia\\\/#breadcrumb\",\"itemListElement\":[{\"@type\":\"ListItem\",\"position\":1,\"name\":\"Home\",\"item\":\"https:\\\/\\\/www.profumixluxurybrands.it\\\/en\\\/\"},{\"@type\":\"ListItem\",\"position\":2,\"name\":\"Shop\",\"item\":\"https:\\\/\\\/www.profumixluxurybrands.it\\\/en\\\/shop\\\/\"},{\"@type\":\"ListItem\",\"position\":3,\"name\":\"MEO FUSCIUNI\",\"item\":\"https:\\\/\\\/www.profumixluxurybrands.it\\\/en\\\/produttore\\\/meo-fusciuni-en\\\/\"},{\"@type\":\"ListItem\",\"position\":4,\"name\":\"MEO FUSCIUNI 2 #NOTA DI VIAGGIO (Shukran&#8230;) EAU DE PARFUM SPRAY 100ML\"}]},{\"@type\":\"WebSite\",\"@id\":\"https:\\\/\\\/www.profumixluxurybrands.it\\\/en\\\/#website\",\"url\":\"https:\\\/\\\/www.profumixluxurybrands.it\\\/en\\\/\",\"name\":\"Profumix Luxury Perfumes\",\"description\":\"\",\"publisher\":{\"@id\":\"https:\\\/\\\/www.profumixluxurybrands.it\\\/en\\\/#organization\"},\"potentialAction\":[{\"@type\":\"SearchAction\",\"target\":{\"@type\":\"EntryPoint\",\"urlTemplate\":\"https:\\\/\\\/www.profumixluxurybrands.it\\\/en\\\/?s={search_term_string}\"},\"query-input\":{\"@type\":\"PropertyValueSpecification\",\"valueRequired\":true,\"valueName\":\"search_term_string\"}}],\"inLanguage\":\"en-US\"},{\"@type\":\"Organization\",\"@id\":\"https:\\\/\\\/www.profumixluxurybrands.it\\\/en\\\/#organization\",\"name\":\"Profumix Luxury Perfumes\",\"url\":\"https:\\\/\\\/www.profumixluxurybrands.it\\\/en\\\/\",\"logo\":{\"@type\":\"ImageObject\",\"inLanguage\":\"en-US\",\"@id\":\"https:\\\/\\\/www.profumixluxurybrands.it\\\/en\\\/#\\\/schema\\\/logo\\\/image\\\/\",\"url\":\"https:\\\/\\\/www.profumixluxurybrands.it\\\/wp-content\\\/uploads\\\/2022\\\/09\\\/logo-profumixluxury-ev.png\",\"contentUrl\":\"https:\\\/\\\/www.profumixluxurybrands.it\\\/wp-content\\\/uploads\\\/2022\\\/09\\\/logo-profumixluxury-ev.png\",\"width\":374,\"height\":176,\"caption\":\"Profumix Luxury Perfumes\"},\"image\":{\"@id\":\"https:\\\/\\\/www.profumixluxurybrands.it\\\/en\\\/#\\\/schema\\\/logo\\\/image\\\/\"},\"sameAs\":[\"https:\\\/\\\/www.facebook.com\\\/profumix\",\"https:\\\/\\\/www.instagram.com\\\/profumix_luxury_brands\\\/\"]}]}<\/script>\n<!-- \/ Yoast SEO plugin. -->","yoast_head_json":{"title":"MEO FUSCIUNI 2 #NOTA DI VIAGGIO (Shukran...) EAU DE PARFUM SPRAY 100ML","robots":{"index":"index","follow":"follow","max-snippet":"max-snippet:-1","max-image-preview":"max-image-preview:large","max-video-preview":"max-video-preview:-1"},"canonical":"https:\/\/www.profumixluxurybrands.it\/en\/brands\/giardini-di-toscana-blu-mare-eau-de-parfum-spray-100ml-copia-copia\/","og_locale":"en_US","og_type":"article","og_title":"MEO FUSCIUNI 2 #NOTA DI VIAGGIO (Shukran...) EAU DE PARFUM SPRAY 100ML","og_description":"TRILOGIA DEL VIAGGIO. Il secondo viaggio si svolge in Marocco, l\u2019incanto \u00e8 l\u2019incontro con questa terra, all\u2019arrivo dopo un lungo viaggio dalla Turchia fino a qui. \"Ebrezza, leggero navigo, tra i colori e i profumi, tra il mare e la sabbia\". Raccontare l'amore per un luogo, la leggerezza di un popolo e di un luogo magico dove si incontrano gioia e attesa, dove nasce la cura del tempo, il tempo per un t\u00e8 alla menta. Da tutto questo nasce Shukran, una fragranza che celebra l\u2019incontro della Menta con il Tabacco. Questo \u00e8 quello che voglio trasmettere di questa terra che mi ha accolto come nomade alla ricerca di me stesso. Il mio cuore, i miei pensieri sono gi\u00e0 in Marocco, nella terra che ho gi\u00e0 vissuto tante volte, ma ogni volta \u00e8 come nuova, nascosta. Rileggo alcuni passi dei miei maestri, mi chiedo inevitabilmente il senso di ogni cosa, di ogni scelta; questo \u00e8 il tempo dei dubbi, a volte fondamentali per un cammino. Il Marocco nasconde come una tela tantissime sfumature, l\u2019essere in sintonia \u00e8 riuscire a intravederle e viverle, lasciarsi cadere, nell\u2019attesa che il tempo passi, sempre pi\u00f9 lentamente. Composizione: Menta nana marocchina, Eucalipto, Verbena, Lemongrass, Listsea Cubeba, Limone, Camomilla marocchina, Tabacco, Sandalo.","og_url":"https:\/\/www.profumixluxurybrands.it\/en\/brands\/giardini-di-toscana-blu-mare-eau-de-parfum-spray-100ml-copia-copia\/","og_site_name":"Profumix Luxury Perfumes","article_publisher":"https:\/\/www.facebook.com\/profumix","article_modified_time":"2024-06-07T09:28:18+00:00","og_image":[{"width":1500,"height":1500,"url":"https:\/\/www.profumixluxurybrands.it\/wp-content\/uploads\/2024\/06\/meo_fusciuni_2_nota_di_viaggio_shukran_eau_de_parfum_1.jpg","type":"image\/jpeg"}],"twitter_card":"summary_large_image","twitter_misc":{"Est. reading time":"1 minute"},"schema":{"@context":"https:\/\/schema.org","@graph":[{"@type":"WebPage","@id":"https:\/\/www.profumixluxurybrands.it\/en\/brands\/giardini-di-toscana-blu-mare-eau-de-parfum-spray-100ml-copia-copia\/","url":"https:\/\/www.profumixluxurybrands.it\/en\/brands\/giardini-di-toscana-blu-mare-eau-de-parfum-spray-100ml-copia-copia\/","name":"MEO FUSCIUNI 2 #NOTA DI VIAGGIO (Shukran...) EAU DE PARFUM SPRAY 100ML","isPartOf":{"@id":"https:\/\/www.profumixluxurybrands.it\/en\/#website"},"primaryImageOfPage":{"@id":"https:\/\/www.profumixluxurybrands.it\/en\/brands\/giardini-di-toscana-blu-mare-eau-de-parfum-spray-100ml-copia-copia\/#primaryimage"},"image":{"@id":"https:\/\/www.profumixluxurybrands.it\/en\/brands\/giardini-di-toscana-blu-mare-eau-de-parfum-spray-100ml-copia-copia\/#primaryimage"},"thumbnailUrl":"https:\/\/www.profumixluxurybrands.it\/wp-content\/uploads\/2024\/06\/meo_fusciuni_2_nota_di_viaggio_shukran_eau_de_parfum_1.jpg","datePublished":"2024-06-06T10:46:08+00:00","dateModified":"2024-06-07T09:28:18+00:00","breadcrumb":{"@id":"https:\/\/www.profumixluxurybrands.it\/en\/brands\/giardini-di-toscana-blu-mare-eau-de-parfum-spray-100ml-copia-copia\/#breadcrumb"},"inLanguage":"en-US","potentialAction":[{"@type":"ReadAction","target":["https:\/\/www.profumixluxurybrands.it\/en\/brands\/giardini-di-toscana-blu-mare-eau-de-parfum-spray-100ml-copia-copia\/"]}]},{"@type":"ImageObject","inLanguage":"en-US","@id":"https:\/\/www.profumixluxurybrands.it\/en\/brands\/giardini-di-toscana-blu-mare-eau-de-parfum-spray-100ml-copia-copia\/#primaryimage","url":"https:\/\/www.profumixluxurybrands.it\/wp-content\/uploads\/2024\/06\/meo_fusciuni_2_nota_di_viaggio_shukran_eau_de_parfum_1.jpg","contentUrl":"https:\/\/www.profumixluxurybrands.it\/wp-content\/uploads\/2024\/06\/meo_fusciuni_2_nota_di_viaggio_shukran_eau_de_parfum_1.jpg","width":1500,"height":1500},{"@type":"BreadcrumbList","@id":"https:\/\/www.profumixluxurybrands.it\/en\/brands\/giardini-di-toscana-blu-mare-eau-de-parfum-spray-100ml-copia-copia\/#breadcrumb","itemListElement":[{"@type":"ListItem","position":1,"name":"Home","item":"https:\/\/www.profumixluxurybrands.it\/en\/"},{"@type":"ListItem","position":2,"name":"Shop","item":"https:\/\/www.profumixluxurybrands.it\/en\/shop\/"},{"@type":"ListItem","position":3,"name":"MEO FUSCIUNI","item":"https:\/\/www.profumixluxurybrands.it\/en\/produttore\/meo-fusciuni-en\/"},{"@type":"ListItem","position":4,"name":"MEO FUSCIUNI 2 #NOTA DI VIAGGIO (Shukran&#8230;) EAU DE PARFUM SPRAY 100ML"}]},{"@type":"WebSite","@id":"https:\/\/www.profumixluxurybrands.it\/en\/#website","url":"https:\/\/www.profumixluxurybrands.it\/en\/","name":"Profumix Luxury Perfumes","description":"","publisher":{"@id":"https:\/\/www.profumixluxurybrands.it\/en\/#organization"},"potentialAction":[{"@type":"SearchAction","target":{"@type":"EntryPoint","urlTemplate":"https:\/\/www.profumixluxurybrands.it\/en\/?s={search_term_string}"},"query-input":{"@type":"PropertyValueSpecification","valueRequired":true,"valueName":"search_term_string"}}],"inLanguage":"en-US"},{"@type":"Organization","@id":"https:\/\/www.profumixluxurybrands.it\/en\/#organization","name":"Profumix Luxury Perfumes","url":"https:\/\/www.profumixluxurybrands.it\/en\/","logo":{"@type":"ImageObject","inLanguage":"en-US","@id":"https:\/\/www.profumixluxurybrands.it\/en\/#\/schema\/logo\/image\/","url":"https:\/\/www.profumixluxurybrands.it\/wp-content\/uploads\/2022\/09\/logo-profumixluxury-ev.png","contentUrl":"https:\/\/www.profumixluxurybrands.it\/wp-content\/uploads\/2022\/09\/logo-profumixluxury-ev.png","width":374,"height":176,"caption":"Profumix Luxury Perfumes"},"image":{"@id":"https:\/\/www.profumixluxurybrands.it\/en\/#\/schema\/logo\/image\/"},"sameAs":["https:\/\/www.facebook.com\/profumix","https:\/\/www.instagram.com\/profumix_luxury_brands\/"]}]}},"_links":{"self":[{"href":"https:\/\/www.profumixluxurybrands.it\/en\/wp-json\/wp\/v2\/product\/80579","targetHints":{"allow":["GET"]}}],"collection":[{"href":"https:\/\/www.profumixluxurybrands.it\/en\/wp-json\/wp\/v2\/product"}],"about":[{"href":"https:\/\/www.profumixluxurybrands.it\/en\/wp-json\/wp\/v2\/types\/product"}],"replies":[{"embeddable":true,"href":"https:\/\/www.profumixluxurybrands.it\/en\/wp-json\/wp\/v2\/comments?post=80579"}],"wp:featuredmedia":[{"embeddable":true,"href":"https:\/\/www.profumixluxurybrands.it\/en\/wp-json\/wp\/v2\/media\/80581"}],"wp:attachment":[{"href":"https:\/\/www.profumixluxurybrands.it\/en\/wp-json\/wp\/v2\/media?parent=80579"}],"wp:term":[{"taxonomy":"product_brand","embeddable":true,"href":"https:\/\/www.profumixluxurybrands.it\/en\/wp-json\/wp\/v2\/product_brand?post=80579"},{"taxonomy":"product_cat","embeddable":true,"href":"https:\/\/www.profumixluxurybrands.it\/en\/wp-json\/wp\/v2\/product_cat?post=80579"},{"taxonomy":"product_tag","embeddable":true,"href":"https:\/\/www.profumixluxurybrands.it\/en\/wp-json\/wp\/v2\/product_tag?post=80579"}],"curies":[{"name":"wp","href":"https:\/\/api.w.org\/{rel}","templated":true}]}}