{"id":80575,"date":"2024-06-06T12:40:45","date_gmt":"2024-06-06T10:40:45","guid":{"rendered":"https:\/\/www.profumixluxurybrands.it\/?post_type=product&#038;p=80575"},"modified":"2024-06-07T11:26:49","modified_gmt":"2024-06-07T09:26:49","slug":"giardini-di-toscana-blu-mare-eau-de-parfum-spray-100ml-copia","status":"publish","type":"product","link":"https:\/\/www.profumixluxurybrands.it\/en\/brands\/giardini-di-toscana-blu-mare-eau-de-parfum-spray-100ml-copia\/","title":{"rendered":"MEO FUSCIUNI 1 #NOTA DI VIAGGIO (Rites de passage) EAU DE PARFUM SPRAY 100ML"},"content":{"rendered":"<p class=\"font_8 wixui-rich-text__text\"><span class=\"color_13 wixui-rich-text__text\"><span class=\"wixui-rich-text__text\">\u201cTutto inizia dal sentire,<\/span><\/span><\/p>\n<p class=\"font_8 wixui-rich-text__text\"><span class=\"color_13 wixui-rich-text__text\"><span class=\"wixui-rich-text__text\">l\u2019ascolto attento dell\u2019emozione olfattiva durante il viaggio,<\/span><\/span><\/p>\n<p class=\"font_8 wixui-rich-text__text\"><span class=\"color_13 wixui-rich-text__text\"><span class=\"wixui-rich-text__text\">nel mondo attorno e dentro me.<\/span><\/span><\/p>\n<p class=\"font_8 wixui-rich-text__text\"><span class=\"color_13 wixui-rich-text__text\"><span class=\"wixui-rich-text__text\">Cos\u00ec inizia il mio lavoro,<\/span><\/span><\/p>\n<p class=\"font_8 wixui-rich-text__text\"><span class=\"color_13 wixui-rich-text__text\"><span class=\"wixui-rich-text__text\">cos\u00ec prende forma nel mio cammino la nascita di un profumo\u201d.<\/span><\/span><\/p>\n<p>&#8220;Il profumo \u00e8 un&#8217;anima che disegna la nostra ombra&#8221;<\/p>\n<p>Meo Fusciuni<\/p>\n","protected":false},"excerpt":{"rendered":"<p class=\"font_7 wixui-rich-text__text\"><span class=\"wixui-rich-text__text\"><span class=\"color_15 wixui-rich-text__text\">TRILOGIA DEL VIAGGIO.<\/span><\/span><\/p>\n<p class=\"font_7 wixui-rich-text__text\"><span class=\"wixui-rich-text__text\"><span class=\"color_15 wixui-rich-text__text\"><br class=\"wixui-rich-text__text\" \/><\/span><\/span><span class=\"wixui-rich-text__text\"><span class=\"color_15 wixui-rich-text__text\">Il primo profumo nasce a Istanbul, nella Porta d&#8217;Oriente, la magia dei bazar, la nostalgia del ritorno e la gioia di luoghi sacri. All&#8217;interno della sua mescolanza il profumo prende corpo. Le note, dapprima intime, diventano triplice corpo del profumo, base, cuore, testa. E nella memoria che continua a non negarsi verso l&#8217;oriente, verso una porta, dove il mondo terreno e spirituale ha deciso di dover passare, nella porta che dona, dove lo sguardo \u00e8 amaro e speziato. Le terre, come uomini, aprono al tempo la loro cura, nella preghiera e nel rito che dalla mano si spande verso il corpo. Io viaggio in me stesso, l\u2019amore del tempo, la mescolanza \u00e8 essenza, resinoide respiro. Il profumo scorre, fluisce da me, oggi che \u00e8 desiderio, domani che \u00e8 ricordo. Passaggio e nostalgia.<\/span><\/span><\/p>\n<p class=\"font_7 wixui-rich-text__text\"><br class=\"wixui-rich-text__text\" \/><span class=\"wixui-rich-text__text\"><span class=\"color_15 wixui-rich-text__text\">\u201cLa mia anima si riempie, <br class=\"wixui-rich-text__text\" \/>quando parlo con le parole di questo luogo, <br class=\"wixui-rich-text__text\" \/>sento la corteccia del mio cuore vibrare <br class=\"wixui-rich-text__text\" \/>e non necessitare di aggettivi terreni, <br class=\"wixui-rich-text__text\" \/>ma solo del suo profumo\u201d<\/span><\/span><\/p>\n<p class=\"font_7 wixui-rich-text__text\"><br class=\"wixui-rich-text__text\" \/><span class=\"wixui-rich-text__text\"><span class=\"color_15 wixui-rich-text__text\">Composizione: Geranio, Incenso, Pepe Nero, Legno di Rosa, Vetiver, Patchouli, Gelsomino, Sandalo, Pompelmo, Benzoino, Bergamotto, Ylang-Ylang. <\/span><\/span><\/p>\n","protected":false},"featured_media":80577,"comment_status":"open","ping_status":"closed","template":"","meta":{"_et_pb_use_builder":"","_et_pb_old_content":"","_et_gb_content_width":"","_themeisle_gutenberg_block_has_review":false},"product_brand":[],"product_cat":[4879,4857,4888,4891,4876,6765,4887,6787,4860],"product_tag":[],"class_list":{"0":"post-80575","1":"product","2":"type-product","3":"status-publish","4":"has-post-thumbnail","6":"product_cat-brands-en","7":"product_cat-fragrances","8":"product_cat-in-evidence","9":"product_cat-prodotti_luxury","10":"product_cat-marine-aquatic-ozone","11":"product_cat-meo-fusciuni-en","12":"product_cat-products","13":"product_cat-samples-en","14":"product_cat-unisex-fragrances","15":"pa_categoria_desc-unisex-perfumes","16":"pa_confezione_desc-original-packaging-no-tester","17":"pa_formato_filtro-100ml-en","18":"pa_formato_filtro-2ml-en","19":"pa_produttore-meo-fusciuni-en","20":"pa_spedizione_gratuita-yes","21":"pa_tipo_filtro-spray-eau-de-parfum","23":"first","24":"instock","25":"shipping-taxable","26":"purchasable","27":"product-type-variable"},"yoast_head":"<!-- This site is optimized with the Yoast SEO plugin v27.6 - https:\/\/yoast.com\/product\/yoast-seo-wordpress\/ -->\n<title>MEO FUSCIUNI 1 #NOTA DI VIAGGIO (Rites de passage) EAU DE PARFUM SPRAY 100ML<\/title>\n<meta name=\"robots\" content=\"index, follow, max-snippet:-1, max-image-preview:large, max-video-preview:-1\" \/>\n<link rel=\"canonical\" href=\"https:\/\/www.profumixluxurybrands.it\/en\/brands\/giardini-di-toscana-blu-mare-eau-de-parfum-spray-100ml-copia\/\" \/>\n<meta property=\"og:locale\" content=\"en_US\" \/>\n<meta property=\"og:type\" content=\"article\" \/>\n<meta property=\"og:title\" content=\"MEO FUSCIUNI 1 #NOTA DI VIAGGIO (Rites de passage) EAU DE PARFUM SPRAY 100ML\" \/>\n<meta property=\"og:description\" content=\"TRILOGIA DEL VIAGGIO. Il primo profumo nasce a Istanbul, nella Porta d&#039;Oriente, la magia dei bazar, la nostalgia del ritorno e la gioia di luoghi sacri. All&#039;interno della sua mescolanza il profumo prende corpo. Le note, dapprima intime, diventano triplice corpo del profumo, base, cuore, testa. E nella memoria che continua a non negarsi verso l&#039;oriente, verso una porta, dove il mondo terreno e spirituale ha deciso di dover passare, nella porta che dona, dove lo sguardo \u00e8 amaro e speziato. Le terre, come uomini, aprono al tempo la loro cura, nella preghiera e nel rito che dalla mano si spande verso il corpo. Io viaggio in me stesso, l\u2019amore del tempo, la mescolanza \u00e8 essenza, resinoide respiro. Il profumo scorre, fluisce da me, oggi che \u00e8 desiderio, domani che \u00e8 ricordo. Passaggio e nostalgia. \u201cLa mia anima si riempie, quando parlo con le parole di questo luogo, sento la corteccia del mio cuore vibrare e non necessitare di aggettivi terreni, ma solo del suo profumo\u201d Composizione: Geranio, Incenso, Pepe Nero, Legno di Rosa, Vetiver, Patchouli, Gelsomino, Sandalo, Pompelmo, Benzoino, Bergamotto, Ylang-Ylang.\" \/>\n<meta property=\"og:url\" content=\"https:\/\/www.profumixluxurybrands.it\/en\/brands\/giardini-di-toscana-blu-mare-eau-de-parfum-spray-100ml-copia\/\" \/>\n<meta property=\"og:site_name\" content=\"Profumix Luxury Perfumes\" \/>\n<meta property=\"article:publisher\" content=\"https:\/\/www.facebook.com\/profumix\" \/>\n<meta property=\"article:modified_time\" content=\"2024-06-07T09:26:49+00:00\" \/>\n<meta property=\"og:image\" content=\"https:\/\/www.profumixluxurybrands.it\/wp-content\/uploads\/2024\/06\/meo_fusciuni_1_nota_di_viaggio_rites_de_passage_eau_de_parfum_1.jpg\" \/>\n\t<meta property=\"og:image:width\" content=\"1500\" \/>\n\t<meta property=\"og:image:height\" content=\"1500\" \/>\n\t<meta property=\"og:image:type\" content=\"image\/jpeg\" \/>\n<meta name=\"twitter:card\" content=\"summary_large_image\" \/>\n<meta name=\"twitter:label1\" content=\"Est. reading time\" \/>\n\t<meta name=\"twitter:data1\" content=\"1 minute\" \/>\n<script type=\"application\/ld+json\" class=\"yoast-schema-graph\">{\"@context\":\"https:\\\/\\\/schema.org\",\"@graph\":[{\"@type\":\"WebPage\",\"@id\":\"https:\\\/\\\/www.profumixluxurybrands.it\\\/en\\\/brands\\\/giardini-di-toscana-blu-mare-eau-de-parfum-spray-100ml-copia\\\/\",\"url\":\"https:\\\/\\\/www.profumixluxurybrands.it\\\/en\\\/brands\\\/giardini-di-toscana-blu-mare-eau-de-parfum-spray-100ml-copia\\\/\",\"name\":\"MEO FUSCIUNI 1 #NOTA DI VIAGGIO (Rites de passage) EAU DE PARFUM SPRAY 100ML\",\"isPartOf\":{\"@id\":\"https:\\\/\\\/www.profumixluxurybrands.it\\\/en\\\/#website\"},\"primaryImageOfPage\":{\"@id\":\"https:\\\/\\\/www.profumixluxurybrands.it\\\/en\\\/brands\\\/giardini-di-toscana-blu-mare-eau-de-parfum-spray-100ml-copia\\\/#primaryimage\"},\"image\":{\"@id\":\"https:\\\/\\\/www.profumixluxurybrands.it\\\/en\\\/brands\\\/giardini-di-toscana-blu-mare-eau-de-parfum-spray-100ml-copia\\\/#primaryimage\"},\"thumbnailUrl\":\"https:\\\/\\\/www.profumixluxurybrands.it\\\/wp-content\\\/uploads\\\/2024\\\/06\\\/meo_fusciuni_1_nota_di_viaggio_rites_de_passage_eau_de_parfum_1.jpg\",\"datePublished\":\"2024-06-06T10:40:45+00:00\",\"dateModified\":\"2024-06-07T09:26:49+00:00\",\"breadcrumb\":{\"@id\":\"https:\\\/\\\/www.profumixluxurybrands.it\\\/en\\\/brands\\\/giardini-di-toscana-blu-mare-eau-de-parfum-spray-100ml-copia\\\/#breadcrumb\"},\"inLanguage\":\"en-US\",\"potentialAction\":[{\"@type\":\"ReadAction\",\"target\":[\"https:\\\/\\\/www.profumixluxurybrands.it\\\/en\\\/brands\\\/giardini-di-toscana-blu-mare-eau-de-parfum-spray-100ml-copia\\\/\"]}]},{\"@type\":\"ImageObject\",\"inLanguage\":\"en-US\",\"@id\":\"https:\\\/\\\/www.profumixluxurybrands.it\\\/en\\\/brands\\\/giardini-di-toscana-blu-mare-eau-de-parfum-spray-100ml-copia\\\/#primaryimage\",\"url\":\"https:\\\/\\\/www.profumixluxurybrands.it\\\/wp-content\\\/uploads\\\/2024\\\/06\\\/meo_fusciuni_1_nota_di_viaggio_rites_de_passage_eau_de_parfum_1.jpg\",\"contentUrl\":\"https:\\\/\\\/www.profumixluxurybrands.it\\\/wp-content\\\/uploads\\\/2024\\\/06\\\/meo_fusciuni_1_nota_di_viaggio_rites_de_passage_eau_de_parfum_1.jpg\",\"width\":1500,\"height\":1500},{\"@type\":\"BreadcrumbList\",\"@id\":\"https:\\\/\\\/www.profumixluxurybrands.it\\\/en\\\/brands\\\/giardini-di-toscana-blu-mare-eau-de-parfum-spray-100ml-copia\\\/#breadcrumb\",\"itemListElement\":[{\"@type\":\"ListItem\",\"position\":1,\"name\":\"Home\",\"item\":\"https:\\\/\\\/www.profumixluxurybrands.it\\\/en\\\/home-2\\\/\"},{\"@type\":\"ListItem\",\"position\":2,\"name\":\"Shop\",\"item\":\"https:\\\/\\\/www.profumixluxurybrands.it\\\/en\\\/shop\\\/\"},{\"@type\":\"ListItem\",\"position\":3,\"name\":\"MEO FUSCIUNI 1 #NOTA DI VIAGGIO (Rites de passage) EAU DE PARFUM SPRAY 100ML\"}]},{\"@type\":\"WebSite\",\"@id\":\"https:\\\/\\\/www.profumixluxurybrands.it\\\/en\\\/#website\",\"url\":\"https:\\\/\\\/www.profumixluxurybrands.it\\\/en\\\/\",\"name\":\"Profumix Luxury Perfumes\",\"description\":\"\",\"publisher\":{\"@id\":\"https:\\\/\\\/www.profumixluxurybrands.it\\\/en\\\/#organization\"},\"potentialAction\":[{\"@type\":\"SearchAction\",\"target\":{\"@type\":\"EntryPoint\",\"urlTemplate\":\"https:\\\/\\\/www.profumixluxurybrands.it\\\/en\\\/?s={search_term_string}\"},\"query-input\":{\"@type\":\"PropertyValueSpecification\",\"valueRequired\":true,\"valueName\":\"search_term_string\"}}],\"inLanguage\":\"en-US\"},{\"@type\":\"Organization\",\"@id\":\"https:\\\/\\\/www.profumixluxurybrands.it\\\/en\\\/#organization\",\"name\":\"Profumix Luxury Perfumes\",\"url\":\"https:\\\/\\\/www.profumixluxurybrands.it\\\/en\\\/\",\"logo\":{\"@type\":\"ImageObject\",\"inLanguage\":\"en-US\",\"@id\":\"https:\\\/\\\/www.profumixluxurybrands.it\\\/en\\\/#\\\/schema\\\/logo\\\/image\\\/\",\"url\":\"https:\\\/\\\/www.profumixluxurybrands.it\\\/wp-content\\\/uploads\\\/2022\\\/09\\\/logo-profumixluxury-ev.png\",\"contentUrl\":\"https:\\\/\\\/www.profumixluxurybrands.it\\\/wp-content\\\/uploads\\\/2022\\\/09\\\/logo-profumixluxury-ev.png\",\"width\":374,\"height\":176,\"caption\":\"Profumix Luxury Perfumes\"},\"image\":{\"@id\":\"https:\\\/\\\/www.profumixluxurybrands.it\\\/en\\\/#\\\/schema\\\/logo\\\/image\\\/\"},\"sameAs\":[\"https:\\\/\\\/www.facebook.com\\\/profumix\",\"https:\\\/\\\/www.instagram.com\\\/profumix_luxury_brands\\\/\"]}]}<\/script>\n<!-- \/ Yoast SEO plugin. -->","yoast_head_json":{"title":"MEO FUSCIUNI 1 #NOTA DI VIAGGIO (Rites de passage) EAU DE PARFUM SPRAY 100ML","robots":{"index":"index","follow":"follow","max-snippet":"max-snippet:-1","max-image-preview":"max-image-preview:large","max-video-preview":"max-video-preview:-1"},"canonical":"https:\/\/www.profumixluxurybrands.it\/en\/brands\/giardini-di-toscana-blu-mare-eau-de-parfum-spray-100ml-copia\/","og_locale":"en_US","og_type":"article","og_title":"MEO FUSCIUNI 1 #NOTA DI VIAGGIO (Rites de passage) EAU DE PARFUM SPRAY 100ML","og_description":"TRILOGIA DEL VIAGGIO. Il primo profumo nasce a Istanbul, nella Porta d'Oriente, la magia dei bazar, la nostalgia del ritorno e la gioia di luoghi sacri. All'interno della sua mescolanza il profumo prende corpo. Le note, dapprima intime, diventano triplice corpo del profumo, base, cuore, testa. E nella memoria che continua a non negarsi verso l'oriente, verso una porta, dove il mondo terreno e spirituale ha deciso di dover passare, nella porta che dona, dove lo sguardo \u00e8 amaro e speziato. Le terre, come uomini, aprono al tempo la loro cura, nella preghiera e nel rito che dalla mano si spande verso il corpo. Io viaggio in me stesso, l\u2019amore del tempo, la mescolanza \u00e8 essenza, resinoide respiro. Il profumo scorre, fluisce da me, oggi che \u00e8 desiderio, domani che \u00e8 ricordo. Passaggio e nostalgia. \u201cLa mia anima si riempie, quando parlo con le parole di questo luogo, sento la corteccia del mio cuore vibrare e non necessitare di aggettivi terreni, ma solo del suo profumo\u201d Composizione: Geranio, Incenso, Pepe Nero, Legno di Rosa, Vetiver, Patchouli, Gelsomino, Sandalo, Pompelmo, Benzoino, Bergamotto, Ylang-Ylang.","og_url":"https:\/\/www.profumixluxurybrands.it\/en\/brands\/giardini-di-toscana-blu-mare-eau-de-parfum-spray-100ml-copia\/","og_site_name":"Profumix Luxury Perfumes","article_publisher":"https:\/\/www.facebook.com\/profumix","article_modified_time":"2024-06-07T09:26:49+00:00","og_image":[{"width":1500,"height":1500,"url":"https:\/\/www.profumixluxurybrands.it\/wp-content\/uploads\/2024\/06\/meo_fusciuni_1_nota_di_viaggio_rites_de_passage_eau_de_parfum_1.jpg","type":"image\/jpeg"}],"twitter_card":"summary_large_image","twitter_misc":{"Est. reading time":"1 minute"},"schema":{"@context":"https:\/\/schema.org","@graph":[{"@type":"WebPage","@id":"https:\/\/www.profumixluxurybrands.it\/en\/brands\/giardini-di-toscana-blu-mare-eau-de-parfum-spray-100ml-copia\/","url":"https:\/\/www.profumixluxurybrands.it\/en\/brands\/giardini-di-toscana-blu-mare-eau-de-parfum-spray-100ml-copia\/","name":"MEO FUSCIUNI 1 #NOTA DI VIAGGIO (Rites de passage) EAU DE PARFUM SPRAY 100ML","isPartOf":{"@id":"https:\/\/www.profumixluxurybrands.it\/en\/#website"},"primaryImageOfPage":{"@id":"https:\/\/www.profumixluxurybrands.it\/en\/brands\/giardini-di-toscana-blu-mare-eau-de-parfum-spray-100ml-copia\/#primaryimage"},"image":{"@id":"https:\/\/www.profumixluxurybrands.it\/en\/brands\/giardini-di-toscana-blu-mare-eau-de-parfum-spray-100ml-copia\/#primaryimage"},"thumbnailUrl":"https:\/\/www.profumixluxurybrands.it\/wp-content\/uploads\/2024\/06\/meo_fusciuni_1_nota_di_viaggio_rites_de_passage_eau_de_parfum_1.jpg","datePublished":"2024-06-06T10:40:45+00:00","dateModified":"2024-06-07T09:26:49+00:00","breadcrumb":{"@id":"https:\/\/www.profumixluxurybrands.it\/en\/brands\/giardini-di-toscana-blu-mare-eau-de-parfum-spray-100ml-copia\/#breadcrumb"},"inLanguage":"en-US","potentialAction":[{"@type":"ReadAction","target":["https:\/\/www.profumixluxurybrands.it\/en\/brands\/giardini-di-toscana-blu-mare-eau-de-parfum-spray-100ml-copia\/"]}]},{"@type":"ImageObject","inLanguage":"en-US","@id":"https:\/\/www.profumixluxurybrands.it\/en\/brands\/giardini-di-toscana-blu-mare-eau-de-parfum-spray-100ml-copia\/#primaryimage","url":"https:\/\/www.profumixluxurybrands.it\/wp-content\/uploads\/2024\/06\/meo_fusciuni_1_nota_di_viaggio_rites_de_passage_eau_de_parfum_1.jpg","contentUrl":"https:\/\/www.profumixluxurybrands.it\/wp-content\/uploads\/2024\/06\/meo_fusciuni_1_nota_di_viaggio_rites_de_passage_eau_de_parfum_1.jpg","width":1500,"height":1500},{"@type":"BreadcrumbList","@id":"https:\/\/www.profumixluxurybrands.it\/en\/brands\/giardini-di-toscana-blu-mare-eau-de-parfum-spray-100ml-copia\/#breadcrumb","itemListElement":[{"@type":"ListItem","position":1,"name":"Home","item":"https:\/\/www.profumixluxurybrands.it\/en\/home-2\/"},{"@type":"ListItem","position":2,"name":"Shop","item":"https:\/\/www.profumixluxurybrands.it\/en\/shop\/"},{"@type":"ListItem","position":3,"name":"MEO FUSCIUNI 1 #NOTA DI VIAGGIO (Rites de passage) EAU DE PARFUM SPRAY 100ML"}]},{"@type":"WebSite","@id":"https:\/\/www.profumixluxurybrands.it\/en\/#website","url":"https:\/\/www.profumixluxurybrands.it\/en\/","name":"Profumix Luxury Perfumes","description":"","publisher":{"@id":"https:\/\/www.profumixluxurybrands.it\/en\/#organization"},"potentialAction":[{"@type":"SearchAction","target":{"@type":"EntryPoint","urlTemplate":"https:\/\/www.profumixluxurybrands.it\/en\/?s={search_term_string}"},"query-input":{"@type":"PropertyValueSpecification","valueRequired":true,"valueName":"search_term_string"}}],"inLanguage":"en-US"},{"@type":"Organization","@id":"https:\/\/www.profumixluxurybrands.it\/en\/#organization","name":"Profumix Luxury Perfumes","url":"https:\/\/www.profumixluxurybrands.it\/en\/","logo":{"@type":"ImageObject","inLanguage":"en-US","@id":"https:\/\/www.profumixluxurybrands.it\/en\/#\/schema\/logo\/image\/","url":"https:\/\/www.profumixluxurybrands.it\/wp-content\/uploads\/2022\/09\/logo-profumixluxury-ev.png","contentUrl":"https:\/\/www.profumixluxurybrands.it\/wp-content\/uploads\/2022\/09\/logo-profumixluxury-ev.png","width":374,"height":176,"caption":"Profumix Luxury Perfumes"},"image":{"@id":"https:\/\/www.profumixluxurybrands.it\/en\/#\/schema\/logo\/image\/"},"sameAs":["https:\/\/www.facebook.com\/profumix","https:\/\/www.instagram.com\/profumix_luxury_brands\/"]}]}},"_links":{"self":[{"href":"https:\/\/www.profumixluxurybrands.it\/en\/wp-json\/wp\/v2\/product\/80575","targetHints":{"allow":["GET"]}}],"collection":[{"href":"https:\/\/www.profumixluxurybrands.it\/en\/wp-json\/wp\/v2\/product"}],"about":[{"href":"https:\/\/www.profumixluxurybrands.it\/en\/wp-json\/wp\/v2\/types\/product"}],"replies":[{"embeddable":true,"href":"https:\/\/www.profumixluxurybrands.it\/en\/wp-json\/wp\/v2\/comments?post=80575"}],"wp:featuredmedia":[{"embeddable":true,"href":"https:\/\/www.profumixluxurybrands.it\/en\/wp-json\/wp\/v2\/media\/80577"}],"wp:attachment":[{"href":"https:\/\/www.profumixluxurybrands.it\/en\/wp-json\/wp\/v2\/media?parent=80575"}],"wp:term":[{"taxonomy":"product_brand","embeddable":true,"href":"https:\/\/www.profumixluxurybrands.it\/en\/wp-json\/wp\/v2\/product_brand?post=80575"},{"taxonomy":"product_cat","embeddable":true,"href":"https:\/\/www.profumixluxurybrands.it\/en\/wp-json\/wp\/v2\/product_cat?post=80575"},{"taxonomy":"product_tag","embeddable":true,"href":"https:\/\/www.profumixluxurybrands.it\/en\/wp-json\/wp\/v2\/product_tag?post=80575"}],"curies":[{"name":"wp","href":"https:\/\/api.w.org\/{rel}","templated":true}]}}