{"id":80351,"date":"2024-05-24T09:20:42","date_gmt":"2024-05-24T07:20:42","guid":{"rendered":"https:\/\/www.profumixluxurybrands.it\/?post_type=product&#038;p=80351"},"modified":"2024-05-24T09:24:11","modified_gmt":"2024-05-24T07:24:11","slug":"nishane-favonius-50ml-spray-extrait-de-parfum-copia","status":"publish","type":"product","link":"https:\/\/www.profumixluxurybrands.it\/en\/brands\/nishane-favonius-50ml-spray-extrait-de-parfum-copia\/","title":{"rendered":"NISHANE TUBEROZA X 50ML SPRAY EXTRAIT DE PARFUM"},"content":{"rendered":"","protected":false},"excerpt":{"rendered":"<p>Nishane&#8217;s Tuber\u00f3za X is the new take on Tuber\u00f3za&#8217;s global success. Entrusted to the talent of Master Perfumer Dominique Ropion, Tuber\u00f3za X by Nishane pays homage to the captivating scent of tuberose flowers swaying under a starry sky. Built around an exquisite Indian tuberose absolute from Laboratoires Monique R\u00e9my, Tuber\u00f3za X is more plant-based than its previous version, its green here tinged with a bright purple accord while the sensual character of this supreme flower remains bold from fruity and narcotic accents of Ylang-Ylang.<\/p>\n<p>Top Notes: Mandarin, Ylang Ylang<\/p>\n<p>Heart Notes: Lipstick, Indian Tuberose, Violet<\/p>\n<p>Base Notes: Musk, Velvet, Amber, Sandalwood<\/p>\n","protected":false},"featured_media":80353,"comment_status":"open","ping_status":"closed","template":"","meta":{"_et_pb_use_builder":"","_et_pb_old_content":"","_et_gb_content_width":"","_themeisle_gutenberg_block_has_review":false},"product_brand":[],"product_cat":[4879,4857,4888,4891,5142,4865,4887,4860],"product_tag":[],"class_list":{"0":"post-80351","1":"product","2":"type-product","3":"status-publish","4":"has-post-thumbnail","6":"product_cat-brands-en","7":"product_cat-fragrances","8":"product_cat-in-evidence","9":"product_cat-prodotti_luxury","10":"product_cat-nishane-en","11":"product_cat-olfactory-families","12":"product_cat-products","13":"product_cat-unisex-fragrances","14":"pa_categoria_desc-unisex-perfumes","15":"pa_confezione_desc-original-package-no-tester","16":"pa_formato_filtro-50ml-en","17":"pa_produttore-nishane-en","18":"pa_spedizione_gratuita-yes","19":"pa_tipo_filtro-extrait-de-parfum","21":"first","22":"instock","23":"shipping-taxable","24":"purchasable","25":"product-type-simple"},"yoast_head":"<!-- This site is optimized with the Yoast SEO plugin v27.5 - https:\/\/yoast.com\/product\/yoast-seo-wordpress\/ -->\n<title>NISHANE TUBEROZA X 50ML SPRAY EXTRAIT DE PARFUM<\/title>\n<meta name=\"robots\" content=\"index, follow, max-snippet:-1, max-image-preview:large, max-video-preview:-1\" \/>\n<link rel=\"canonical\" href=\"https:\/\/www.profumixluxurybrands.it\/en\/brands\/nishane-favonius-50ml-spray-extrait-de-parfum-copia\/\" \/>\n<meta property=\"og:locale\" content=\"en_US\" \/>\n<meta property=\"og:type\" content=\"article\" \/>\n<meta property=\"og:title\" content=\"NISHANE TUBEROZA X 50ML SPRAY EXTRAIT DE PARFUM\" \/>\n<meta property=\"og:description\" content=\"Nishane&#039;s Tuber\u00f3za X is the new take on Tuber\u00f3za&#039;s global success. Entrusted to the talent of Master Perfumer Dominique Ropion, Tuber\u00f3za X by Nishane pays homage to the captivating scent of tuberose flowers swaying under a starry sky. Built around an exquisite Indian tuberose absolute from Laboratoires Monique R\u00e9my, Tuber\u00f3za X is more plant-based than its previous version, its green here tinged with a bright purple accord while the sensual character of this supreme flower remains bold from fruity and narcotic accents of Ylang-Ylang.  Top Notes: Mandarin, Ylang Ylang  Heart Notes: Lipstick, Indian Tuberose, Violet  Base Notes: Musk, Velvet, Amber, Sandalwood\" \/>\n<meta property=\"og:url\" content=\"https:\/\/www.profumixluxurybrands.it\/en\/brands\/nishane-favonius-50ml-spray-extrait-de-parfum-copia\/\" \/>\n<meta property=\"og:site_name\" content=\"Profumix Luxury Perfumes\" \/>\n<meta property=\"article:publisher\" content=\"https:\/\/www.facebook.com\/profumix\" \/>\n<meta property=\"article:modified_time\" content=\"2024-05-24T07:24:11+00:00\" \/>\n<meta property=\"og:image\" content=\"https:\/\/www.profumixluxurybrands.it\/wp-content\/uploads\/2024\/05\/tuberoza-x-extrait-de-parfum.jpg\" \/>\n\t<meta property=\"og:image:width\" content=\"900\" \/>\n\t<meta property=\"og:image:height\" content=\"900\" \/>\n\t<meta property=\"og:image:type\" content=\"image\/jpeg\" \/>\n<meta name=\"twitter:card\" content=\"summary_large_image\" \/>\n<meta name=\"twitter:label1\" content=\"Est. reading time\" \/>\n\t<meta name=\"twitter:data1\" content=\"1 minute\" \/>\n<script type=\"application\/ld+json\" class=\"yoast-schema-graph\">{\"@context\":\"https:\\\/\\\/schema.org\",\"@graph\":[{\"@type\":\"WebPage\",\"@id\":\"https:\\\/\\\/www.profumixluxurybrands.it\\\/en\\\/brands\\\/nishane-favonius-50ml-spray-extrait-de-parfum-copia\\\/\",\"url\":\"https:\\\/\\\/www.profumixluxurybrands.it\\\/en\\\/brands\\\/nishane-favonius-50ml-spray-extrait-de-parfum-copia\\\/\",\"name\":\"NISHANE TUBEROZA X 50ML SPRAY EXTRAIT DE PARFUM\",\"isPartOf\":{\"@id\":\"https:\\\/\\\/www.profumixluxurybrands.it\\\/en\\\/#website\"},\"primaryImageOfPage\":{\"@id\":\"https:\\\/\\\/www.profumixluxurybrands.it\\\/en\\\/brands\\\/nishane-favonius-50ml-spray-extrait-de-parfum-copia\\\/#primaryimage\"},\"image\":{\"@id\":\"https:\\\/\\\/www.profumixluxurybrands.it\\\/en\\\/brands\\\/nishane-favonius-50ml-spray-extrait-de-parfum-copia\\\/#primaryimage\"},\"thumbnailUrl\":\"https:\\\/\\\/www.profumixluxurybrands.it\\\/wp-content\\\/uploads\\\/2024\\\/05\\\/tuberoza-x-extrait-de-parfum.jpg\",\"datePublished\":\"2024-05-24T07:20:42+00:00\",\"dateModified\":\"2024-05-24T07:24:11+00:00\",\"breadcrumb\":{\"@id\":\"https:\\\/\\\/www.profumixluxurybrands.it\\\/en\\\/brands\\\/nishane-favonius-50ml-spray-extrait-de-parfum-copia\\\/#breadcrumb\"},\"inLanguage\":\"en-US\",\"potentialAction\":[{\"@type\":\"ReadAction\",\"target\":[\"https:\\\/\\\/www.profumixluxurybrands.it\\\/en\\\/brands\\\/nishane-favonius-50ml-spray-extrait-de-parfum-copia\\\/\"]}]},{\"@type\":\"ImageObject\",\"inLanguage\":\"en-US\",\"@id\":\"https:\\\/\\\/www.profumixluxurybrands.it\\\/en\\\/brands\\\/nishane-favonius-50ml-spray-extrait-de-parfum-copia\\\/#primaryimage\",\"url\":\"https:\\\/\\\/www.profumixluxurybrands.it\\\/wp-content\\\/uploads\\\/2024\\\/05\\\/tuberoza-x-extrait-de-parfum.jpg\",\"contentUrl\":\"https:\\\/\\\/www.profumixluxurybrands.it\\\/wp-content\\\/uploads\\\/2024\\\/05\\\/tuberoza-x-extrait-de-parfum.jpg\",\"width\":900,\"height\":900},{\"@type\":\"BreadcrumbList\",\"@id\":\"https:\\\/\\\/www.profumixluxurybrands.it\\\/en\\\/brands\\\/nishane-favonius-50ml-spray-extrait-de-parfum-copia\\\/#breadcrumb\",\"itemListElement\":[{\"@type\":\"ListItem\",\"position\":1,\"name\":\"Home\",\"item\":\"https:\\\/\\\/www.profumixluxurybrands.it\\\/en\\\/\"},{\"@type\":\"ListItem\",\"position\":2,\"name\":\"Shop\",\"item\":\"https:\\\/\\\/www.profumixluxurybrands.it\\\/en\\\/shop\\\/\"},{\"@type\":\"ListItem\",\"position\":3,\"name\":\"NISHANE TUBEROZA X 50ML SPRAY EXTRAIT DE PARFUM\"}]},{\"@type\":\"WebSite\",\"@id\":\"https:\\\/\\\/www.profumixluxurybrands.it\\\/en\\\/#website\",\"url\":\"https:\\\/\\\/www.profumixluxurybrands.it\\\/en\\\/\",\"name\":\"Profumix Luxury Perfumes\",\"description\":\"\",\"publisher\":{\"@id\":\"https:\\\/\\\/www.profumixluxurybrands.it\\\/en\\\/#organization\"},\"potentialAction\":[{\"@type\":\"SearchAction\",\"target\":{\"@type\":\"EntryPoint\",\"urlTemplate\":\"https:\\\/\\\/www.profumixluxurybrands.it\\\/en\\\/?s={search_term_string}\"},\"query-input\":{\"@type\":\"PropertyValueSpecification\",\"valueRequired\":true,\"valueName\":\"search_term_string\"}}],\"inLanguage\":\"en-US\"},{\"@type\":\"Organization\",\"@id\":\"https:\\\/\\\/www.profumixluxurybrands.it\\\/en\\\/#organization\",\"name\":\"Profumix Luxury Perfumes\",\"url\":\"https:\\\/\\\/www.profumixluxurybrands.it\\\/en\\\/\",\"logo\":{\"@type\":\"ImageObject\",\"inLanguage\":\"en-US\",\"@id\":\"https:\\\/\\\/www.profumixluxurybrands.it\\\/en\\\/#\\\/schema\\\/logo\\\/image\\\/\",\"url\":\"https:\\\/\\\/www.profumixluxurybrands.it\\\/wp-content\\\/uploads\\\/2022\\\/09\\\/logo-profumixluxury-ev.png\",\"contentUrl\":\"https:\\\/\\\/www.profumixluxurybrands.it\\\/wp-content\\\/uploads\\\/2022\\\/09\\\/logo-profumixluxury-ev.png\",\"width\":374,\"height\":176,\"caption\":\"Profumix Luxury Perfumes\"},\"image\":{\"@id\":\"https:\\\/\\\/www.profumixluxurybrands.it\\\/en\\\/#\\\/schema\\\/logo\\\/image\\\/\"},\"sameAs\":[\"https:\\\/\\\/www.facebook.com\\\/profumix\",\"https:\\\/\\\/www.instagram.com\\\/profumix_luxury_brands\\\/\"]}]}<\/script>\n<!-- \/ Yoast SEO plugin. -->","yoast_head_json":{"title":"NISHANE TUBEROZA X 50ML SPRAY EXTRAIT DE PARFUM","robots":{"index":"index","follow":"follow","max-snippet":"max-snippet:-1","max-image-preview":"max-image-preview:large","max-video-preview":"max-video-preview:-1"},"canonical":"https:\/\/www.profumixluxurybrands.it\/en\/brands\/nishane-favonius-50ml-spray-extrait-de-parfum-copia\/","og_locale":"en_US","og_type":"article","og_title":"NISHANE TUBEROZA X 50ML SPRAY EXTRAIT DE PARFUM","og_description":"Nishane's Tuber\u00f3za X is the new take on Tuber\u00f3za's global success. Entrusted to the talent of Master Perfumer Dominique Ropion, Tuber\u00f3za X by Nishane pays homage to the captivating scent of tuberose flowers swaying under a starry sky. Built around an exquisite Indian tuberose absolute from Laboratoires Monique R\u00e9my, Tuber\u00f3za X is more plant-based than its previous version, its green here tinged with a bright purple accord while the sensual character of this supreme flower remains bold from fruity and narcotic accents of Ylang-Ylang.  Top Notes: Mandarin, Ylang Ylang  Heart Notes: Lipstick, Indian Tuberose, Violet  Base Notes: Musk, Velvet, Amber, Sandalwood","og_url":"https:\/\/www.profumixluxurybrands.it\/en\/brands\/nishane-favonius-50ml-spray-extrait-de-parfum-copia\/","og_site_name":"Profumix Luxury Perfumes","article_publisher":"https:\/\/www.facebook.com\/profumix","article_modified_time":"2024-05-24T07:24:11+00:00","og_image":[{"width":900,"height":900,"url":"https:\/\/www.profumixluxurybrands.it\/wp-content\/uploads\/2024\/05\/tuberoza-x-extrait-de-parfum.jpg","type":"image\/jpeg"}],"twitter_card":"summary_large_image","twitter_misc":{"Est. reading time":"1 minute"},"schema":{"@context":"https:\/\/schema.org","@graph":[{"@type":"WebPage","@id":"https:\/\/www.profumixluxurybrands.it\/en\/brands\/nishane-favonius-50ml-spray-extrait-de-parfum-copia\/","url":"https:\/\/www.profumixluxurybrands.it\/en\/brands\/nishane-favonius-50ml-spray-extrait-de-parfum-copia\/","name":"NISHANE TUBEROZA X 50ML SPRAY EXTRAIT DE PARFUM","isPartOf":{"@id":"https:\/\/www.profumixluxurybrands.it\/en\/#website"},"primaryImageOfPage":{"@id":"https:\/\/www.profumixluxurybrands.it\/en\/brands\/nishane-favonius-50ml-spray-extrait-de-parfum-copia\/#primaryimage"},"image":{"@id":"https:\/\/www.profumixluxurybrands.it\/en\/brands\/nishane-favonius-50ml-spray-extrait-de-parfum-copia\/#primaryimage"},"thumbnailUrl":"https:\/\/www.profumixluxurybrands.it\/wp-content\/uploads\/2024\/05\/tuberoza-x-extrait-de-parfum.jpg","datePublished":"2024-05-24T07:20:42+00:00","dateModified":"2024-05-24T07:24:11+00:00","breadcrumb":{"@id":"https:\/\/www.profumixluxurybrands.it\/en\/brands\/nishane-favonius-50ml-spray-extrait-de-parfum-copia\/#breadcrumb"},"inLanguage":"en-US","potentialAction":[{"@type":"ReadAction","target":["https:\/\/www.profumixluxurybrands.it\/en\/brands\/nishane-favonius-50ml-spray-extrait-de-parfum-copia\/"]}]},{"@type":"ImageObject","inLanguage":"en-US","@id":"https:\/\/www.profumixluxurybrands.it\/en\/brands\/nishane-favonius-50ml-spray-extrait-de-parfum-copia\/#primaryimage","url":"https:\/\/www.profumixluxurybrands.it\/wp-content\/uploads\/2024\/05\/tuberoza-x-extrait-de-parfum.jpg","contentUrl":"https:\/\/www.profumixluxurybrands.it\/wp-content\/uploads\/2024\/05\/tuberoza-x-extrait-de-parfum.jpg","width":900,"height":900},{"@type":"BreadcrumbList","@id":"https:\/\/www.profumixluxurybrands.it\/en\/brands\/nishane-favonius-50ml-spray-extrait-de-parfum-copia\/#breadcrumb","itemListElement":[{"@type":"ListItem","position":1,"name":"Home","item":"https:\/\/www.profumixluxurybrands.it\/en\/"},{"@type":"ListItem","position":2,"name":"Shop","item":"https:\/\/www.profumixluxurybrands.it\/en\/shop\/"},{"@type":"ListItem","position":3,"name":"NISHANE TUBEROZA X 50ML SPRAY EXTRAIT DE PARFUM"}]},{"@type":"WebSite","@id":"https:\/\/www.profumixluxurybrands.it\/en\/#website","url":"https:\/\/www.profumixluxurybrands.it\/en\/","name":"Profumix Luxury Perfumes","description":"","publisher":{"@id":"https:\/\/www.profumixluxurybrands.it\/en\/#organization"},"potentialAction":[{"@type":"SearchAction","target":{"@type":"EntryPoint","urlTemplate":"https:\/\/www.profumixluxurybrands.it\/en\/?s={search_term_string}"},"query-input":{"@type":"PropertyValueSpecification","valueRequired":true,"valueName":"search_term_string"}}],"inLanguage":"en-US"},{"@type":"Organization","@id":"https:\/\/www.profumixluxurybrands.it\/en\/#organization","name":"Profumix Luxury Perfumes","url":"https:\/\/www.profumixluxurybrands.it\/en\/","logo":{"@type":"ImageObject","inLanguage":"en-US","@id":"https:\/\/www.profumixluxurybrands.it\/en\/#\/schema\/logo\/image\/","url":"https:\/\/www.profumixluxurybrands.it\/wp-content\/uploads\/2022\/09\/logo-profumixluxury-ev.png","contentUrl":"https:\/\/www.profumixluxurybrands.it\/wp-content\/uploads\/2022\/09\/logo-profumixluxury-ev.png","width":374,"height":176,"caption":"Profumix Luxury Perfumes"},"image":{"@id":"https:\/\/www.profumixluxurybrands.it\/en\/#\/schema\/logo\/image\/"},"sameAs":["https:\/\/www.facebook.com\/profumix","https:\/\/www.instagram.com\/profumix_luxury_brands\/"]}]}},"_links":{"self":[{"href":"https:\/\/www.profumixluxurybrands.it\/en\/wp-json\/wp\/v2\/product\/80351","targetHints":{"allow":["GET"]}}],"collection":[{"href":"https:\/\/www.profumixluxurybrands.it\/en\/wp-json\/wp\/v2\/product"}],"about":[{"href":"https:\/\/www.profumixluxurybrands.it\/en\/wp-json\/wp\/v2\/types\/product"}],"replies":[{"embeddable":true,"href":"https:\/\/www.profumixluxurybrands.it\/en\/wp-json\/wp\/v2\/comments?post=80351"}],"wp:featuredmedia":[{"embeddable":true,"href":"https:\/\/www.profumixluxurybrands.it\/en\/wp-json\/wp\/v2\/media\/80353"}],"wp:attachment":[{"href":"https:\/\/www.profumixluxurybrands.it\/en\/wp-json\/wp\/v2\/media?parent=80351"}],"wp:term":[{"taxonomy":"product_brand","embeddable":true,"href":"https:\/\/www.profumixluxurybrands.it\/en\/wp-json\/wp\/v2\/product_brand?post=80351"},{"taxonomy":"product_cat","embeddable":true,"href":"https:\/\/www.profumixluxurybrands.it\/en\/wp-json\/wp\/v2\/product_cat?post=80351"},{"taxonomy":"product_tag","embeddable":true,"href":"https:\/\/www.profumixluxurybrands.it\/en\/wp-json\/wp\/v2\/product_tag?post=80351"}],"curies":[{"name":"wp","href":"https:\/\/api.w.org\/{rel}","templated":true}]}}