{"id":79936,"date":"2024-05-04T09:52:51","date_gmt":"2024-05-04T07:52:51","guid":{"rendered":"https:\/\/www.profumixluxurybrands.it\/?post_type=product&#038;p=79936"},"modified":"2025-12-13T16:49:58","modified_gmt":"2025-12-13T15:49:58","slug":"theodoros-kalotinis-sexiest-fougere-extrait-de-parfum-50ml-spray-copia","status":"publish","type":"product","link":"https:\/\/www.profumixluxurybrands.it\/en\/brands\/theodoros-kalotinis-sexiest-fougere-extrait-de-parfum-50ml-spray-copia\/","title":{"rendered":"THEODOROS KALOTINIS CR\u00c8ME BR\u00dbL\u00c9E EXTRAIT DE PARFUM 50ML SPRAY"},"content":{"rendered":"","protected":false},"excerpt":{"rendered":"<p><span class=\"HwtZe\" lang=\"it\"><span class=\"jCAhz ChMk0b\"><span class=\"ryNqvb\">CR\u00c8ME BR\u00dbL\u00c9E<\/span><\/span><\/span><\/p>\n<p><span class=\"HwtZe\" lang=\"it\"><span class=\"jCAhz ChMk0b\"><span class=\"ryNqvb\">Inspired by the perfumer&#8217;s love for the most famous French dessert, this journey of inspiration began in the high elegance of an important Parisian pastry shop.<\/span><\/span> <span class=\"jCAhz ChMk0b\"><span class=\"ryNqvb\">A skilled pastry chef came up with the idea of creating a delicious cr\u00e8me br\u00fbl\u00e9e for the perfumer by adding coconut milk, giving the scent a rich taste and smell.<\/span><\/span> <span class=\"jCAhz ChMk0b\"><span class=\"ryNqvb\">The attractive aroma and delicious taste ignited the perfumer&#8217;s imagination, leading him to create this aromatic masterpiece.<\/span><\/span> <\/span><\/p>\n<p><span class=\"HwtZe\" lang=\"it\"><span class=\"jCAhz ChMk0b\"><span class=\"ryNqvb\">Made with precision and passion, CR\u00c8ME BR\u00dbL\u00c9E may show simplicity in its aromatic notes but hides a complex blend of precious ingredients.<\/span><\/span> <span class=\"jCAhz ChMk0b\"><span class=\"ryNqvb\">At its heart lies a creamy union of coconut milk and vanilla, while at the top, caramelized sugar ignites emotions just like the fire that burns sugar and releases the sensual smell of caramelized sweetness.<\/span><\/span> <span class=\"jCAhz ChMk0b\"><span class=\"ryNqvb\">Created right under the iconic Eiffel Tower, with the perfumer&#8217;s innovative idea of taking the perfumery workshop with him, packed into a suitcase, allowing him freedom of inspiration.<\/span><\/span> <span class=\"jCAhz ChMk0b\"><span class=\"ryNqvb\">Be prepared to receive endless questions about the divine essence you wear.<\/span><\/span><\/span><\/p>\n<p>NOTES: Vanilla Cream, Burnt Sugar, Coconut Milk.<\/p>\n","protected":false},"featured_media":79938,"comment_status":"open","ping_status":"closed","template":"","meta":{"_et_pb_use_builder":"","_et_pb_old_content":"","_et_gb_content_width":"","_themeisle_gutenberg_block_has_review":false},"product_brand":[],"product_cat":[4879,4857,4891,6787,5048,4860],"product_tag":[],"class_list":{"0":"post-79936","1":"product","2":"type-product","3":"status-publish","4":"has-post-thumbnail","6":"product_cat-brands-en","7":"product_cat-fragrances","8":"product_cat-prodotti_luxury","9":"product_cat-samples-en","10":"product_cat-theodoros-kalotinis-en","11":"product_cat-unisex-fragrances","12":"pa_categoria_desc-unisex-perfumes","13":"pa_confezione_desc-original-packaging-no-tester-blister","14":"pa_formato_filtro-2ml-en","15":"pa_formato_filtro-50ml-en","16":"pa_produttore-theodoros-kalotinis","17":"pa_spedizione_gratuita-yes","18":"pa_tipo_filtro-extrait-de-parfum","20":"first","21":"instock","22":"shipping-taxable","23":"purchasable","24":"product-type-variable"},"yoast_head":"<!-- This site is optimized with the Yoast SEO plugin v27.5 - https:\/\/yoast.com\/product\/yoast-seo-wordpress\/ -->\n<title>THEODOROS KALOTINIS CR\u00c8ME BR\u00dbL\u00c9E EXTRAIT DE PARFUM 50ML SPRAY<\/title>\n<meta name=\"robots\" content=\"index, follow, max-snippet:-1, max-image-preview:large, max-video-preview:-1\" \/>\n<link rel=\"canonical\" href=\"https:\/\/www.profumixluxurybrands.it\/en\/brands\/theodoros-kalotinis-sexiest-fougere-extrait-de-parfum-50ml-spray-copia\/\" \/>\n<meta property=\"og:locale\" content=\"en_US\" \/>\n<meta property=\"og:type\" content=\"article\" \/>\n<meta property=\"og:title\" content=\"THEODOROS KALOTINIS CR\u00c8ME BR\u00dbL\u00c9E EXTRAIT DE PARFUM 50ML SPRAY\" \/>\n<meta property=\"og:description\" content=\"CR\u00c8ME BR\u00dbL\u00c9E Inspired by the perfumer&#039;s love for the most famous French dessert, this journey of inspiration began in the high elegance of an important Parisian pastry shop. A skilled pastry chef came up with the idea of creating a delicious cr\u00e8me br\u00fbl\u00e9e for the perfumer by adding coconut milk, giving the scent a rich taste and smell. The attractive aroma and delicious taste ignited the perfumer&#039;s imagination, leading him to create this aromatic masterpiece.  Made with precision and passion, CR\u00c8ME BR\u00dbL\u00c9E may show simplicity in its aromatic notes but hides a complex blend of precious ingredients. At its heart lies a creamy union of coconut milk and vanilla, while at the top, caramelized sugar ignites emotions just like the fire that burns sugar and releases the sensual smell of caramelized sweetness. Created right under the iconic Eiffel Tower, with the perfumer&#039;s innovative idea of taking the perfumery workshop with him, packed into a suitcase, allowing him freedom of inspiration. Be prepared to receive endless questions about the divine essence you wear. NOTES: Vanilla Cream, Burnt Sugar, Coconut Milk.\" \/>\n<meta property=\"og:url\" content=\"https:\/\/www.profumixluxurybrands.it\/en\/brands\/theodoros-kalotinis-sexiest-fougere-extrait-de-parfum-50ml-spray-copia\/\" \/>\n<meta property=\"og:site_name\" content=\"Profumix Luxury Perfumes\" \/>\n<meta property=\"article:publisher\" content=\"https:\/\/www.facebook.com\/profumix\" \/>\n<meta property=\"article:modified_time\" content=\"2025-12-13T15:49:58+00:00\" \/>\n<meta property=\"og:image\" content=\"https:\/\/www.profumixluxurybrands.it\/wp-content\/uploads\/2024\/05\/cremebrulee.jpg\" \/>\n\t<meta property=\"og:image:width\" content=\"1800\" \/>\n\t<meta property=\"og:image:height\" content=\"1800\" \/>\n\t<meta property=\"og:image:type\" content=\"image\/jpeg\" \/>\n<meta name=\"twitter:card\" content=\"summary_large_image\" \/>\n<meta name=\"twitter:label1\" content=\"Est. reading time\" \/>\n\t<meta name=\"twitter:data1\" content=\"1 minute\" \/>\n<script type=\"application\/ld+json\" class=\"yoast-schema-graph\">{\"@context\":\"https:\\\/\\\/schema.org\",\"@graph\":[{\"@type\":\"WebPage\",\"@id\":\"https:\\\/\\\/www.profumixluxurybrands.it\\\/en\\\/brands\\\/theodoros-kalotinis-sexiest-fougere-extrait-de-parfum-50ml-spray-copia\\\/\",\"url\":\"https:\\\/\\\/www.profumixluxurybrands.it\\\/en\\\/brands\\\/theodoros-kalotinis-sexiest-fougere-extrait-de-parfum-50ml-spray-copia\\\/\",\"name\":\"THEODOROS KALOTINIS CR\u00c8ME BR\u00dbL\u00c9E EXTRAIT DE PARFUM 50ML SPRAY\",\"isPartOf\":{\"@id\":\"https:\\\/\\\/www.profumixluxurybrands.it\\\/en\\\/#website\"},\"primaryImageOfPage\":{\"@id\":\"https:\\\/\\\/www.profumixluxurybrands.it\\\/en\\\/brands\\\/theodoros-kalotinis-sexiest-fougere-extrait-de-parfum-50ml-spray-copia\\\/#primaryimage\"},\"image\":{\"@id\":\"https:\\\/\\\/www.profumixluxurybrands.it\\\/en\\\/brands\\\/theodoros-kalotinis-sexiest-fougere-extrait-de-parfum-50ml-spray-copia\\\/#primaryimage\"},\"thumbnailUrl\":\"https:\\\/\\\/www.profumixluxurybrands.it\\\/wp-content\\\/uploads\\\/2024\\\/05\\\/cremebrulee.jpg\",\"datePublished\":\"2024-05-04T07:52:51+00:00\",\"dateModified\":\"2025-12-13T15:49:58+00:00\",\"breadcrumb\":{\"@id\":\"https:\\\/\\\/www.profumixluxurybrands.it\\\/en\\\/brands\\\/theodoros-kalotinis-sexiest-fougere-extrait-de-parfum-50ml-spray-copia\\\/#breadcrumb\"},\"inLanguage\":\"en-US\",\"potentialAction\":[{\"@type\":\"ReadAction\",\"target\":[\"https:\\\/\\\/www.profumixluxurybrands.it\\\/en\\\/brands\\\/theodoros-kalotinis-sexiest-fougere-extrait-de-parfum-50ml-spray-copia\\\/\"]}]},{\"@type\":\"ImageObject\",\"inLanguage\":\"en-US\",\"@id\":\"https:\\\/\\\/www.profumixluxurybrands.it\\\/en\\\/brands\\\/theodoros-kalotinis-sexiest-fougere-extrait-de-parfum-50ml-spray-copia\\\/#primaryimage\",\"url\":\"https:\\\/\\\/www.profumixluxurybrands.it\\\/wp-content\\\/uploads\\\/2024\\\/05\\\/cremebrulee.jpg\",\"contentUrl\":\"https:\\\/\\\/www.profumixluxurybrands.it\\\/wp-content\\\/uploads\\\/2024\\\/05\\\/cremebrulee.jpg\",\"width\":1800,\"height\":1800},{\"@type\":\"BreadcrumbList\",\"@id\":\"https:\\\/\\\/www.profumixluxurybrands.it\\\/en\\\/brands\\\/theodoros-kalotinis-sexiest-fougere-extrait-de-parfum-50ml-spray-copia\\\/#breadcrumb\",\"itemListElement\":[{\"@type\":\"ListItem\",\"position\":1,\"name\":\"Home\",\"item\":\"https:\\\/\\\/www.profumixluxurybrands.it\\\/en\\\/\"},{\"@type\":\"ListItem\",\"position\":2,\"name\":\"Shop\",\"item\":\"https:\\\/\\\/www.profumixluxurybrands.it\\\/en\\\/shop\\\/\"},{\"@type\":\"ListItem\",\"position\":3,\"name\":\"THEODOROS KALOTINIS CR\u00c8ME BR\u00dbL\u00c9E EXTRAIT DE PARFUM 50ML SPRAY\"}]},{\"@type\":\"WebSite\",\"@id\":\"https:\\\/\\\/www.profumixluxurybrands.it\\\/en\\\/#website\",\"url\":\"https:\\\/\\\/www.profumixluxurybrands.it\\\/en\\\/\",\"name\":\"Profumix Luxury Perfumes\",\"description\":\"\",\"publisher\":{\"@id\":\"https:\\\/\\\/www.profumixluxurybrands.it\\\/en\\\/#organization\"},\"potentialAction\":[{\"@type\":\"SearchAction\",\"target\":{\"@type\":\"EntryPoint\",\"urlTemplate\":\"https:\\\/\\\/www.profumixluxurybrands.it\\\/en\\\/?s={search_term_string}\"},\"query-input\":{\"@type\":\"PropertyValueSpecification\",\"valueRequired\":true,\"valueName\":\"search_term_string\"}}],\"inLanguage\":\"en-US\"},{\"@type\":\"Organization\",\"@id\":\"https:\\\/\\\/www.profumixluxurybrands.it\\\/en\\\/#organization\",\"name\":\"Profumix Luxury Perfumes\",\"url\":\"https:\\\/\\\/www.profumixluxurybrands.it\\\/en\\\/\",\"logo\":{\"@type\":\"ImageObject\",\"inLanguage\":\"en-US\",\"@id\":\"https:\\\/\\\/www.profumixluxurybrands.it\\\/en\\\/#\\\/schema\\\/logo\\\/image\\\/\",\"url\":\"https:\\\/\\\/www.profumixluxurybrands.it\\\/wp-content\\\/uploads\\\/2022\\\/09\\\/logo-profumixluxury-ev.png\",\"contentUrl\":\"https:\\\/\\\/www.profumixluxurybrands.it\\\/wp-content\\\/uploads\\\/2022\\\/09\\\/logo-profumixluxury-ev.png\",\"width\":374,\"height\":176,\"caption\":\"Profumix Luxury Perfumes\"},\"image\":{\"@id\":\"https:\\\/\\\/www.profumixluxurybrands.it\\\/en\\\/#\\\/schema\\\/logo\\\/image\\\/\"},\"sameAs\":[\"https:\\\/\\\/www.facebook.com\\\/profumix\",\"https:\\\/\\\/www.instagram.com\\\/profumix_luxury_brands\\\/\"]}]}<\/script>\n<!-- \/ Yoast SEO plugin. -->","yoast_head_json":{"title":"THEODOROS KALOTINIS CR\u00c8ME BR\u00dbL\u00c9E EXTRAIT DE PARFUM 50ML SPRAY","robots":{"index":"index","follow":"follow","max-snippet":"max-snippet:-1","max-image-preview":"max-image-preview:large","max-video-preview":"max-video-preview:-1"},"canonical":"https:\/\/www.profumixluxurybrands.it\/en\/brands\/theodoros-kalotinis-sexiest-fougere-extrait-de-parfum-50ml-spray-copia\/","og_locale":"en_US","og_type":"article","og_title":"THEODOROS KALOTINIS CR\u00c8ME BR\u00dbL\u00c9E EXTRAIT DE PARFUM 50ML SPRAY","og_description":"CR\u00c8ME BR\u00dbL\u00c9E Inspired by the perfumer's love for the most famous French dessert, this journey of inspiration began in the high elegance of an important Parisian pastry shop. A skilled pastry chef came up with the idea of creating a delicious cr\u00e8me br\u00fbl\u00e9e for the perfumer by adding coconut milk, giving the scent a rich taste and smell. The attractive aroma and delicious taste ignited the perfumer's imagination, leading him to create this aromatic masterpiece.  Made with precision and passion, CR\u00c8ME BR\u00dbL\u00c9E may show simplicity in its aromatic notes but hides a complex blend of precious ingredients. At its heart lies a creamy union of coconut milk and vanilla, while at the top, caramelized sugar ignites emotions just like the fire that burns sugar and releases the sensual smell of caramelized sweetness. Created right under the iconic Eiffel Tower, with the perfumer's innovative idea of taking the perfumery workshop with him, packed into a suitcase, allowing him freedom of inspiration. Be prepared to receive endless questions about the divine essence you wear. NOTES: Vanilla Cream, Burnt Sugar, Coconut Milk.","og_url":"https:\/\/www.profumixluxurybrands.it\/en\/brands\/theodoros-kalotinis-sexiest-fougere-extrait-de-parfum-50ml-spray-copia\/","og_site_name":"Profumix Luxury Perfumes","article_publisher":"https:\/\/www.facebook.com\/profumix","article_modified_time":"2025-12-13T15:49:58+00:00","og_image":[{"width":1800,"height":1800,"url":"https:\/\/www.profumixluxurybrands.it\/wp-content\/uploads\/2024\/05\/cremebrulee.jpg","type":"image\/jpeg"}],"twitter_card":"summary_large_image","twitter_misc":{"Est. reading time":"1 minute"},"schema":{"@context":"https:\/\/schema.org","@graph":[{"@type":"WebPage","@id":"https:\/\/www.profumixluxurybrands.it\/en\/brands\/theodoros-kalotinis-sexiest-fougere-extrait-de-parfum-50ml-spray-copia\/","url":"https:\/\/www.profumixluxurybrands.it\/en\/brands\/theodoros-kalotinis-sexiest-fougere-extrait-de-parfum-50ml-spray-copia\/","name":"THEODOROS KALOTINIS CR\u00c8ME BR\u00dbL\u00c9E EXTRAIT DE PARFUM 50ML SPRAY","isPartOf":{"@id":"https:\/\/www.profumixluxurybrands.it\/en\/#website"},"primaryImageOfPage":{"@id":"https:\/\/www.profumixluxurybrands.it\/en\/brands\/theodoros-kalotinis-sexiest-fougere-extrait-de-parfum-50ml-spray-copia\/#primaryimage"},"image":{"@id":"https:\/\/www.profumixluxurybrands.it\/en\/brands\/theodoros-kalotinis-sexiest-fougere-extrait-de-parfum-50ml-spray-copia\/#primaryimage"},"thumbnailUrl":"https:\/\/www.profumixluxurybrands.it\/wp-content\/uploads\/2024\/05\/cremebrulee.jpg","datePublished":"2024-05-04T07:52:51+00:00","dateModified":"2025-12-13T15:49:58+00:00","breadcrumb":{"@id":"https:\/\/www.profumixluxurybrands.it\/en\/brands\/theodoros-kalotinis-sexiest-fougere-extrait-de-parfum-50ml-spray-copia\/#breadcrumb"},"inLanguage":"en-US","potentialAction":[{"@type":"ReadAction","target":["https:\/\/www.profumixluxurybrands.it\/en\/brands\/theodoros-kalotinis-sexiest-fougere-extrait-de-parfum-50ml-spray-copia\/"]}]},{"@type":"ImageObject","inLanguage":"en-US","@id":"https:\/\/www.profumixluxurybrands.it\/en\/brands\/theodoros-kalotinis-sexiest-fougere-extrait-de-parfum-50ml-spray-copia\/#primaryimage","url":"https:\/\/www.profumixluxurybrands.it\/wp-content\/uploads\/2024\/05\/cremebrulee.jpg","contentUrl":"https:\/\/www.profumixluxurybrands.it\/wp-content\/uploads\/2024\/05\/cremebrulee.jpg","width":1800,"height":1800},{"@type":"BreadcrumbList","@id":"https:\/\/www.profumixluxurybrands.it\/en\/brands\/theodoros-kalotinis-sexiest-fougere-extrait-de-parfum-50ml-spray-copia\/#breadcrumb","itemListElement":[{"@type":"ListItem","position":1,"name":"Home","item":"https:\/\/www.profumixluxurybrands.it\/en\/"},{"@type":"ListItem","position":2,"name":"Shop","item":"https:\/\/www.profumixluxurybrands.it\/en\/shop\/"},{"@type":"ListItem","position":3,"name":"THEODOROS KALOTINIS CR\u00c8ME BR\u00dbL\u00c9E EXTRAIT DE PARFUM 50ML SPRAY"}]},{"@type":"WebSite","@id":"https:\/\/www.profumixluxurybrands.it\/en\/#website","url":"https:\/\/www.profumixluxurybrands.it\/en\/","name":"Profumix Luxury Perfumes","description":"","publisher":{"@id":"https:\/\/www.profumixluxurybrands.it\/en\/#organization"},"potentialAction":[{"@type":"SearchAction","target":{"@type":"EntryPoint","urlTemplate":"https:\/\/www.profumixluxurybrands.it\/en\/?s={search_term_string}"},"query-input":{"@type":"PropertyValueSpecification","valueRequired":true,"valueName":"search_term_string"}}],"inLanguage":"en-US"},{"@type":"Organization","@id":"https:\/\/www.profumixluxurybrands.it\/en\/#organization","name":"Profumix Luxury Perfumes","url":"https:\/\/www.profumixluxurybrands.it\/en\/","logo":{"@type":"ImageObject","inLanguage":"en-US","@id":"https:\/\/www.profumixluxurybrands.it\/en\/#\/schema\/logo\/image\/","url":"https:\/\/www.profumixluxurybrands.it\/wp-content\/uploads\/2022\/09\/logo-profumixluxury-ev.png","contentUrl":"https:\/\/www.profumixluxurybrands.it\/wp-content\/uploads\/2022\/09\/logo-profumixluxury-ev.png","width":374,"height":176,"caption":"Profumix Luxury Perfumes"},"image":{"@id":"https:\/\/www.profumixluxurybrands.it\/en\/#\/schema\/logo\/image\/"},"sameAs":["https:\/\/www.facebook.com\/profumix","https:\/\/www.instagram.com\/profumix_luxury_brands\/"]}]}},"_links":{"self":[{"href":"https:\/\/www.profumixluxurybrands.it\/en\/wp-json\/wp\/v2\/product\/79936","targetHints":{"allow":["GET"]}}],"collection":[{"href":"https:\/\/www.profumixluxurybrands.it\/en\/wp-json\/wp\/v2\/product"}],"about":[{"href":"https:\/\/www.profumixluxurybrands.it\/en\/wp-json\/wp\/v2\/types\/product"}],"replies":[{"embeddable":true,"href":"https:\/\/www.profumixluxurybrands.it\/en\/wp-json\/wp\/v2\/comments?post=79936"}],"wp:featuredmedia":[{"embeddable":true,"href":"https:\/\/www.profumixluxurybrands.it\/en\/wp-json\/wp\/v2\/media\/79938"}],"wp:attachment":[{"href":"https:\/\/www.profumixluxurybrands.it\/en\/wp-json\/wp\/v2\/media?parent=79936"}],"wp:term":[{"taxonomy":"product_brand","embeddable":true,"href":"https:\/\/www.profumixluxurybrands.it\/en\/wp-json\/wp\/v2\/product_brand?post=79936"},{"taxonomy":"product_cat","embeddable":true,"href":"https:\/\/www.profumixluxurybrands.it\/en\/wp-json\/wp\/v2\/product_cat?post=79936"},{"taxonomy":"product_tag","embeddable":true,"href":"https:\/\/www.profumixluxurybrands.it\/en\/wp-json\/wp\/v2\/product_tag?post=79936"}],"curies":[{"name":"wp","href":"https:\/\/api.w.org\/{rel}","templated":true}]}}