{"id":79478,"date":"2024-04-15T11:58:36","date_gmt":"2024-04-15T09:58:36","guid":{"rendered":"https:\/\/www.profumixluxurybrands.it\/?post_type=product&#038;p=79478"},"modified":"2024-04-15T12:03:43","modified_gmt":"2024-04-15T10:03:43","slug":"regalien-istanbul-antidote-80ml-spray-extrait-de-parfum-copia","status":"publish","type":"product","link":"https:\/\/www.profumixluxurybrands.it\/en\/brands\/regalien-istanbul-antidote-80ml-spray-extrait-de-parfum-copia\/","title":{"rendered":"REGALIEN ISTANBUL OTTOMAN BATH RITUALS DEM 80ML SPRAY EXTRAIT DE PARFUM"},"content":{"rendered":"<p><span class=\"HwtZe\" lang=\"it\"><span class=\"jCAhz ChMk0b\"><span class=\"ryNqvb\">Honey tobacco wonderfully inviting and hypnotic&#8230;.<\/span><\/span> <span class=\"jCAhz ChMk0b\"><span class=\"ryNqvb\">Pure sun of angelic harmony, clear and simple aromas, fresh, bright, spicy and sweet are well mixed to awaken the olfactory senses and its vibrant aroma brightens up your day.<\/span><\/span> <span class=\"jCAhz ChMk0b\"><span class=\"ryNqvb\">Some people will love it, some will hate it, but it will always leave an impression.<\/span><\/span><\/span><\/p>\n<p>Top notes are geranium, nutmeg and rose leaf;<\/p>\n<p>middle notes are honey, jasmine, mimosa and sage;<\/p>\n<p>base notes are tobacco, vanilla, amber, musk and patchouli.<\/p>\n","protected":false},"excerpt":{"rendered":"<div class=\"lRu31\" dir=\"ltr\">\n<p><span class=\"HwtZe\" lang=\"it\"><span class=\"jCAhz ChMk0b\"><span class=\"ryNqvb\">T\u00e8 accuratamente selezionati;<\/span><\/span> <span class=\"jCAhz ChMk0b\"><span class=\"ryNqvb\">Il profumo leggendario in cui si trasforma se combinato con patchouli, ambra e muschio.<\/span><\/span> <span class=\"jCAhz ChMk0b\"><span class=\"ryNqvb\">\u00c8 il momento di coccolarsi con il TEA, che \u00e8 parte integrante della nostra tradizione.<\/span><\/span> <span class=\"jCAhz ChMk0b\"><span class=\"ryNqvb\">DEM con la sensazione di serenit\u00e0 che si stabilir\u00e0 nella vostra mente con il tintinnio delle tazze di porcellana e il suono rilassante dell&#8217;acqua che scorre dal lavabo accanto sul pavimento di marmo;<\/span><\/span> <span class=\"jCAhz ChMk0b\"><span class=\"ryNqvb\">La danza della purificazione che viene dalla terra sulla tua pelle&#8230;<\/span><\/span><\/span><\/p>\n<div class=\"OvtS8d\"><\/div>\n<div id=\"ow1471\">Famiglia olfattiva: Speziata\/Aromatica.<\/div>\n<\/div>\n<div dir=\"ltr\"><\/div>\n<div dir=\"ltr\">Note di testa: Bergamotto, Neroli, pepe rosa, t\u00e8 bianco;<\/div>\n<div dir=\"ltr\">NOte di cuore: t\u00e8 verde, t\u00e8 nero, zenzero;<\/div>\n<div dir=\"ltr\">Note di fondo: Ambra, Patchouli, Muschio.<\/div>\n<div class=\"UdTY9 WdefRb\" aria-hidden=\"true\" data-location=\"2\">\n<div class=\"kO6q6e\"><\/div>\n<\/div>\n","protected":false},"featured_media":79480,"comment_status":"open","ping_status":"closed","template":"","meta":{"_et_pb_use_builder":"","_et_pb_old_content":"","_et_gb_content_width":"","_themeisle_gutenberg_block_has_review":false},"product_brand":[],"product_cat":[4868,4879,4857,4891,4887,4964,4864,4860],"product_tag":[],"class_list":{"0":"post-79478","1":"product","2":"type-product","3":"status-publish","4":"has-post-thumbnail","6":"product_cat-aromatic","7":"product_cat-brands-en","8":"product_cat-fragrances","9":"product_cat-prodotti_luxury","10":"product_cat-products","11":"product_cat-regalien-istanbul-en","12":"product_cat-spicy","13":"product_cat-unisex-fragrances","14":"pa_categoria_desc-unisex-perfumes","15":"pa_confezione_desc-original-blister-box-no-tester","16":"pa_formato_filtro-80ml-en","17":"pa_produttore-regalien-istanbul","18":"pa_spedizione_gratuita-yes","19":"pa_tipo_filtro-extrait-de-parfum","21":"first","22":"instock","23":"shipping-taxable","24":"purchasable","25":"product-type-simple"},"yoast_head":"<!-- This site is optimized with the Yoast SEO plugin v27.4 - https:\/\/yoast.com\/product\/yoast-seo-wordpress\/ -->\n<title>REGALIEN ISTANBUL OTTOMAN BATH RITUALS DEM 80ML SPRAY EXTRAIT DE PARFUM<\/title>\n<meta name=\"robots\" content=\"index, follow, max-snippet:-1, max-image-preview:large, max-video-preview:-1\" \/>\n<link rel=\"canonical\" href=\"https:\/\/www.profumixluxurybrands.it\/en\/brands\/regalien-istanbul-antidote-80ml-spray-extrait-de-parfum-copia\/\" \/>\n<meta property=\"og:locale\" content=\"en_US\" \/>\n<meta property=\"og:type\" content=\"article\" \/>\n<meta property=\"og:title\" content=\"REGALIEN ISTANBUL OTTOMAN BATH RITUALS DEM 80ML SPRAY EXTRAIT DE PARFUM\" \/>\n<meta property=\"og:description\" content=\"T\u00e8 accuratamente selezionati; Il profumo leggendario in cui si trasforma se combinato con patchouli, ambra e muschio. \u00c8 il momento di coccolarsi con il TEA, che \u00e8 parte integrante della nostra tradizione. DEM con la sensazione di serenit\u00e0 che si stabilir\u00e0 nella vostra mente con il tintinnio delle tazze di porcellana e il suono rilassante dell&#039;acqua che scorre dal lavabo accanto sul pavimento di marmo; La danza della purificazione che viene dalla terra sulla tua pelle...  Famiglia olfattiva: Speziata\/Aromatica.   Note di testa: Bergamotto, Neroli, pepe rosa, t\u00e8 bianco; NOte di cuore: t\u00e8 verde, t\u00e8 nero, zenzero; Note di fondo: Ambra, Patchouli, Muschio.\" \/>\n<meta property=\"og:url\" content=\"https:\/\/www.profumixluxurybrands.it\/en\/brands\/regalien-istanbul-antidote-80ml-spray-extrait-de-parfum-copia\/\" \/>\n<meta property=\"og:site_name\" content=\"Profumix Luxury Perfumes\" \/>\n<meta property=\"article:publisher\" content=\"https:\/\/www.facebook.com\/profumix\" \/>\n<meta property=\"article:modified_time\" content=\"2024-04-15T10:03:43+00:00\" \/>\n<meta property=\"og:image\" content=\"https:\/\/www.profumixluxurybrands.it\/wp-content\/uploads\/2024\/04\/DEM.jpg\" \/>\n\t<meta property=\"og:image:width\" content=\"1800\" \/>\n\t<meta property=\"og:image:height\" content=\"1800\" \/>\n\t<meta property=\"og:image:type\" content=\"image\/jpeg\" \/>\n<meta name=\"twitter:card\" content=\"summary_large_image\" \/>\n<meta name=\"twitter:label1\" content=\"Est. reading time\" \/>\n\t<meta name=\"twitter:data1\" content=\"1 minute\" \/>\n<script type=\"application\/ld+json\" class=\"yoast-schema-graph\">{\"@context\":\"https:\\\/\\\/schema.org\",\"@graph\":[{\"@type\":\"WebPage\",\"@id\":\"https:\\\/\\\/www.profumixluxurybrands.it\\\/en\\\/brands\\\/regalien-istanbul-antidote-80ml-spray-extrait-de-parfum-copia\\\/\",\"url\":\"https:\\\/\\\/www.profumixluxurybrands.it\\\/en\\\/brands\\\/regalien-istanbul-antidote-80ml-spray-extrait-de-parfum-copia\\\/\",\"name\":\"REGALIEN ISTANBUL OTTOMAN BATH RITUALS DEM 80ML SPRAY EXTRAIT DE PARFUM\",\"isPartOf\":{\"@id\":\"https:\\\/\\\/www.profumixluxurybrands.it\\\/en\\\/#website\"},\"primaryImageOfPage\":{\"@id\":\"https:\\\/\\\/www.profumixluxurybrands.it\\\/en\\\/brands\\\/regalien-istanbul-antidote-80ml-spray-extrait-de-parfum-copia\\\/#primaryimage\"},\"image\":{\"@id\":\"https:\\\/\\\/www.profumixluxurybrands.it\\\/en\\\/brands\\\/regalien-istanbul-antidote-80ml-spray-extrait-de-parfum-copia\\\/#primaryimage\"},\"thumbnailUrl\":\"https:\\\/\\\/www.profumixluxurybrands.it\\\/wp-content\\\/uploads\\\/2024\\\/04\\\/DEM.jpg\",\"datePublished\":\"2024-04-15T09:58:36+00:00\",\"dateModified\":\"2024-04-15T10:03:43+00:00\",\"breadcrumb\":{\"@id\":\"https:\\\/\\\/www.profumixluxurybrands.it\\\/en\\\/brands\\\/regalien-istanbul-antidote-80ml-spray-extrait-de-parfum-copia\\\/#breadcrumb\"},\"inLanguage\":\"en-US\",\"potentialAction\":[{\"@type\":\"ReadAction\",\"target\":[\"https:\\\/\\\/www.profumixluxurybrands.it\\\/en\\\/brands\\\/regalien-istanbul-antidote-80ml-spray-extrait-de-parfum-copia\\\/\"]}]},{\"@type\":\"ImageObject\",\"inLanguage\":\"en-US\",\"@id\":\"https:\\\/\\\/www.profumixluxurybrands.it\\\/en\\\/brands\\\/regalien-istanbul-antidote-80ml-spray-extrait-de-parfum-copia\\\/#primaryimage\",\"url\":\"https:\\\/\\\/www.profumixluxurybrands.it\\\/wp-content\\\/uploads\\\/2024\\\/04\\\/DEM.jpg\",\"contentUrl\":\"https:\\\/\\\/www.profumixluxurybrands.it\\\/wp-content\\\/uploads\\\/2024\\\/04\\\/DEM.jpg\",\"width\":1800,\"height\":1800},{\"@type\":\"BreadcrumbList\",\"@id\":\"https:\\\/\\\/www.profumixluxurybrands.it\\\/en\\\/brands\\\/regalien-istanbul-antidote-80ml-spray-extrait-de-parfum-copia\\\/#breadcrumb\",\"itemListElement\":[{\"@type\":\"ListItem\",\"position\":1,\"name\":\"Home\",\"item\":\"https:\\\/\\\/www.profumixluxurybrands.it\\\/en\\\/\"},{\"@type\":\"ListItem\",\"position\":2,\"name\":\"Shop\",\"item\":\"https:\\\/\\\/www.profumixluxurybrands.it\\\/en\\\/shop\\\/\"},{\"@type\":\"ListItem\",\"position\":3,\"name\":\"REGALIEN ISTANBUL OTTOMAN BATH RITUALS DEM 80ML SPRAY EXTRAIT DE PARFUM\"}]},{\"@type\":\"WebSite\",\"@id\":\"https:\\\/\\\/www.profumixluxurybrands.it\\\/en\\\/#website\",\"url\":\"https:\\\/\\\/www.profumixluxurybrands.it\\\/en\\\/\",\"name\":\"Profumix Luxury Perfumes\",\"description\":\"\",\"publisher\":{\"@id\":\"https:\\\/\\\/www.profumixluxurybrands.it\\\/en\\\/#organization\"},\"potentialAction\":[{\"@type\":\"SearchAction\",\"target\":{\"@type\":\"EntryPoint\",\"urlTemplate\":\"https:\\\/\\\/www.profumixluxurybrands.it\\\/en\\\/?s={search_term_string}\"},\"query-input\":{\"@type\":\"PropertyValueSpecification\",\"valueRequired\":true,\"valueName\":\"search_term_string\"}}],\"inLanguage\":\"en-US\"},{\"@type\":\"Organization\",\"@id\":\"https:\\\/\\\/www.profumixluxurybrands.it\\\/en\\\/#organization\",\"name\":\"Profumix Luxury Perfumes\",\"url\":\"https:\\\/\\\/www.profumixluxurybrands.it\\\/en\\\/\",\"logo\":{\"@type\":\"ImageObject\",\"inLanguage\":\"en-US\",\"@id\":\"https:\\\/\\\/www.profumixluxurybrands.it\\\/en\\\/#\\\/schema\\\/logo\\\/image\\\/\",\"url\":\"https:\\\/\\\/www.profumixluxurybrands.it\\\/wp-content\\\/uploads\\\/2022\\\/09\\\/logo-profumixluxury-ev.png\",\"contentUrl\":\"https:\\\/\\\/www.profumixluxurybrands.it\\\/wp-content\\\/uploads\\\/2022\\\/09\\\/logo-profumixluxury-ev.png\",\"width\":374,\"height\":176,\"caption\":\"Profumix Luxury Perfumes\"},\"image\":{\"@id\":\"https:\\\/\\\/www.profumixluxurybrands.it\\\/en\\\/#\\\/schema\\\/logo\\\/image\\\/\"},\"sameAs\":[\"https:\\\/\\\/www.facebook.com\\\/profumix\",\"https:\\\/\\\/www.instagram.com\\\/profumix_luxury_brands\\\/\"]}]}<\/script>\n<!-- \/ Yoast SEO plugin. -->","yoast_head_json":{"title":"REGALIEN ISTANBUL OTTOMAN BATH RITUALS DEM 80ML SPRAY EXTRAIT DE PARFUM","robots":{"index":"index","follow":"follow","max-snippet":"max-snippet:-1","max-image-preview":"max-image-preview:large","max-video-preview":"max-video-preview:-1"},"canonical":"https:\/\/www.profumixluxurybrands.it\/en\/brands\/regalien-istanbul-antidote-80ml-spray-extrait-de-parfum-copia\/","og_locale":"en_US","og_type":"article","og_title":"REGALIEN ISTANBUL OTTOMAN BATH RITUALS DEM 80ML SPRAY EXTRAIT DE PARFUM","og_description":"T\u00e8 accuratamente selezionati; Il profumo leggendario in cui si trasforma se combinato con patchouli, ambra e muschio. \u00c8 il momento di coccolarsi con il TEA, che \u00e8 parte integrante della nostra tradizione. DEM con la sensazione di serenit\u00e0 che si stabilir\u00e0 nella vostra mente con il tintinnio delle tazze di porcellana e il suono rilassante dell'acqua che scorre dal lavabo accanto sul pavimento di marmo; La danza della purificazione che viene dalla terra sulla tua pelle...  Famiglia olfattiva: Speziata\/Aromatica.   Note di testa: Bergamotto, Neroli, pepe rosa, t\u00e8 bianco; NOte di cuore: t\u00e8 verde, t\u00e8 nero, zenzero; Note di fondo: Ambra, Patchouli, Muschio.","og_url":"https:\/\/www.profumixluxurybrands.it\/en\/brands\/regalien-istanbul-antidote-80ml-spray-extrait-de-parfum-copia\/","og_site_name":"Profumix Luxury Perfumes","article_publisher":"https:\/\/www.facebook.com\/profumix","article_modified_time":"2024-04-15T10:03:43+00:00","og_image":[{"width":1800,"height":1800,"url":"https:\/\/www.profumixluxurybrands.it\/wp-content\/uploads\/2024\/04\/DEM.jpg","type":"image\/jpeg"}],"twitter_card":"summary_large_image","twitter_misc":{"Est. reading time":"1 minute"},"schema":{"@context":"https:\/\/schema.org","@graph":[{"@type":"WebPage","@id":"https:\/\/www.profumixluxurybrands.it\/en\/brands\/regalien-istanbul-antidote-80ml-spray-extrait-de-parfum-copia\/","url":"https:\/\/www.profumixluxurybrands.it\/en\/brands\/regalien-istanbul-antidote-80ml-spray-extrait-de-parfum-copia\/","name":"REGALIEN ISTANBUL OTTOMAN BATH RITUALS DEM 80ML SPRAY EXTRAIT DE PARFUM","isPartOf":{"@id":"https:\/\/www.profumixluxurybrands.it\/en\/#website"},"primaryImageOfPage":{"@id":"https:\/\/www.profumixluxurybrands.it\/en\/brands\/regalien-istanbul-antidote-80ml-spray-extrait-de-parfum-copia\/#primaryimage"},"image":{"@id":"https:\/\/www.profumixluxurybrands.it\/en\/brands\/regalien-istanbul-antidote-80ml-spray-extrait-de-parfum-copia\/#primaryimage"},"thumbnailUrl":"https:\/\/www.profumixluxurybrands.it\/wp-content\/uploads\/2024\/04\/DEM.jpg","datePublished":"2024-04-15T09:58:36+00:00","dateModified":"2024-04-15T10:03:43+00:00","breadcrumb":{"@id":"https:\/\/www.profumixluxurybrands.it\/en\/brands\/regalien-istanbul-antidote-80ml-spray-extrait-de-parfum-copia\/#breadcrumb"},"inLanguage":"en-US","potentialAction":[{"@type":"ReadAction","target":["https:\/\/www.profumixluxurybrands.it\/en\/brands\/regalien-istanbul-antidote-80ml-spray-extrait-de-parfum-copia\/"]}]},{"@type":"ImageObject","inLanguage":"en-US","@id":"https:\/\/www.profumixluxurybrands.it\/en\/brands\/regalien-istanbul-antidote-80ml-spray-extrait-de-parfum-copia\/#primaryimage","url":"https:\/\/www.profumixluxurybrands.it\/wp-content\/uploads\/2024\/04\/DEM.jpg","contentUrl":"https:\/\/www.profumixluxurybrands.it\/wp-content\/uploads\/2024\/04\/DEM.jpg","width":1800,"height":1800},{"@type":"BreadcrumbList","@id":"https:\/\/www.profumixluxurybrands.it\/en\/brands\/regalien-istanbul-antidote-80ml-spray-extrait-de-parfum-copia\/#breadcrumb","itemListElement":[{"@type":"ListItem","position":1,"name":"Home","item":"https:\/\/www.profumixluxurybrands.it\/en\/"},{"@type":"ListItem","position":2,"name":"Shop","item":"https:\/\/www.profumixluxurybrands.it\/en\/shop\/"},{"@type":"ListItem","position":3,"name":"REGALIEN ISTANBUL OTTOMAN BATH RITUALS DEM 80ML SPRAY EXTRAIT DE PARFUM"}]},{"@type":"WebSite","@id":"https:\/\/www.profumixluxurybrands.it\/en\/#website","url":"https:\/\/www.profumixluxurybrands.it\/en\/","name":"Profumix Luxury Perfumes","description":"","publisher":{"@id":"https:\/\/www.profumixluxurybrands.it\/en\/#organization"},"potentialAction":[{"@type":"SearchAction","target":{"@type":"EntryPoint","urlTemplate":"https:\/\/www.profumixluxurybrands.it\/en\/?s={search_term_string}"},"query-input":{"@type":"PropertyValueSpecification","valueRequired":true,"valueName":"search_term_string"}}],"inLanguage":"en-US"},{"@type":"Organization","@id":"https:\/\/www.profumixluxurybrands.it\/en\/#organization","name":"Profumix Luxury Perfumes","url":"https:\/\/www.profumixluxurybrands.it\/en\/","logo":{"@type":"ImageObject","inLanguage":"en-US","@id":"https:\/\/www.profumixluxurybrands.it\/en\/#\/schema\/logo\/image\/","url":"https:\/\/www.profumixluxurybrands.it\/wp-content\/uploads\/2022\/09\/logo-profumixluxury-ev.png","contentUrl":"https:\/\/www.profumixluxurybrands.it\/wp-content\/uploads\/2022\/09\/logo-profumixluxury-ev.png","width":374,"height":176,"caption":"Profumix Luxury Perfumes"},"image":{"@id":"https:\/\/www.profumixluxurybrands.it\/en\/#\/schema\/logo\/image\/"},"sameAs":["https:\/\/www.facebook.com\/profumix","https:\/\/www.instagram.com\/profumix_luxury_brands\/"]}]}},"_links":{"self":[{"href":"https:\/\/www.profumixluxurybrands.it\/en\/wp-json\/wp\/v2\/product\/79478","targetHints":{"allow":["GET"]}}],"collection":[{"href":"https:\/\/www.profumixluxurybrands.it\/en\/wp-json\/wp\/v2\/product"}],"about":[{"href":"https:\/\/www.profumixluxurybrands.it\/en\/wp-json\/wp\/v2\/types\/product"}],"replies":[{"embeddable":true,"href":"https:\/\/www.profumixluxurybrands.it\/en\/wp-json\/wp\/v2\/comments?post=79478"}],"wp:featuredmedia":[{"embeddable":true,"href":"https:\/\/www.profumixluxurybrands.it\/en\/wp-json\/wp\/v2\/media\/79480"}],"wp:attachment":[{"href":"https:\/\/www.profumixluxurybrands.it\/en\/wp-json\/wp\/v2\/media?parent=79478"}],"wp:term":[{"taxonomy":"product_brand","embeddable":true,"href":"https:\/\/www.profumixluxurybrands.it\/en\/wp-json\/wp\/v2\/product_brand?post=79478"},{"taxonomy":"product_cat","embeddable":true,"href":"https:\/\/www.profumixluxurybrands.it\/en\/wp-json\/wp\/v2\/product_cat?post=79478"},{"taxonomy":"product_tag","embeddable":true,"href":"https:\/\/www.profumixluxurybrands.it\/en\/wp-json\/wp\/v2\/product_tag?post=79478"}],"curies":[{"name":"wp","href":"https:\/\/api.w.org\/{rel}","templated":true}]}}