{"id":74877,"date":"2023-07-22T09:17:02","date_gmt":"2023-07-22T07:17:02","guid":{"rendered":"https:\/\/www.profumixluxurybrands.it\/?post_type=product&#038;p=74877"},"modified":"2024-05-16T11:08:23","modified_gmt":"2024-05-16T09:08:23","slug":"nishane-wulong-cha-x-50ml-spray-extrait-de-parfum","status":"publish","type":"product","link":"https:\/\/www.profumixluxurybrands.it\/en\/brands\/nishane-wulong-cha-x-50ml-spray-extrait-de-parfum\/","title":{"rendered":"NISHANE W\u016aL\u00d3NG CH\u00c1 X 50ML SPRAY EXTRAIT DE PARFUM"},"content":{"rendered":"<p><span class=\"HwtZe\" lang=\"it\"><span class=\"jCAhz ChMk0b\"><span class=\"ryNqvb\">Included in the first ever NISHANE collection launched globally in the year 2015, W\u016aL\u00d3NG CH\u00c1 has reached a huge fanbase worldwide thanks to the journey it takes the wearer to the serene tea gardens of Far East, where the delicate notes of oolong tea leaves and Mediterranean fig fill the air.<\/span><\/span> <span class=\"jCAhz ChMk0b\"><span class=\"ryNqvb\">The original W\u016aL\u00d3NG CH\u00c1 has been celebrated especially because of its robust power of refreshing notes.<\/span><\/span> <span class=\"jCAhz ChMk0b\"><span class=\"ryNqvb\">However, W\u016aL\u00d3NG CH\u00c1 X is designed to mute the sharp edges of the original formula and enhance it with the addition of florals namely magnolia.<\/span><\/span> <\/span><\/p>\n","protected":false},"excerpt":{"rendered":"<p><span class=\"HwtZe\" lang=\"it\"><span class=\"jCAhz ChMk0b\"><span class=\"ryNqvb\">This fragrance opens with a burst of zesty citrus notes of bergamot, orange, mandarin, and yuzu transporting the wearer to the sunny shores of the Mediterranean.<\/span><\/span> <span class=\"jCAhz ChMk0b\"><span class=\"ryNqvb\">As the scent settles, the heart notes of magnolia, thyme oil and green tea weave a magical spell around you, evoking the tranquil stillness of a teatime.<\/span><\/span> <span class=\"jCAhz ChMk0b\"><span class=\"ryNqvb\">Finally, the base notes of musk and fig provide a warm and grounding finish to this fragrance that will keep the wearer feeling fresh and revitalized all day long.<\/span><\/span> <span class=\"jCAhz ChMk0b\"><span class=\"ryNqvb\">W\u016aL\u00d3NG CH\u00c1 X is a perfect choice for those who seek a refreshing and uplifting fragrance that can be worn all year round.<\/span><\/span><\/span><\/p>\n","protected":false},"featured_media":74879,"comment_status":"open","ping_status":"closed","template":"","meta":{"_et_pb_use_builder":"","_et_pb_old_content":"","_et_gb_content_width":"","_themeisle_gutenberg_block_has_review":false},"product_brand":[],"product_cat":[4879,4857,4888,4891,5142,4865,4887,4860],"product_tag":[],"class_list":{"0":"post-74877","1":"product","2":"type-product","3":"status-publish","4":"has-post-thumbnail","6":"product_cat-brands-en","7":"product_cat-fragrances","8":"product_cat-in-evidence","9":"product_cat-prodotti_luxury","10":"product_cat-nishane-en","11":"product_cat-olfactory-families","12":"product_cat-products","13":"product_cat-unisex-fragrances","14":"pa_categoria_desc-unisex-perfumes","15":"pa_confezione_desc-original-package-no-tester","16":"pa_formato_filtro-50ml-en","17":"pa_produttore-nishane-en","18":"pa_spedizione_gratuita-yes","19":"pa_tipo_filtro-extrait-de-parfum","21":"first","22":"instock","23":"shipping-taxable","24":"purchasable","25":"product-type-simple"},"yoast_head":"<!-- This site is optimized with the Yoast SEO plugin v27.5 - https:\/\/yoast.com\/product\/yoast-seo-wordpress\/ -->\n<title>NISHANE W\u016aL\u00d3NG CH\u00c1 X 50ML SPRAY EXTRAIT DE PARFUM<\/title>\n<meta name=\"robots\" content=\"index, follow, max-snippet:-1, max-image-preview:large, max-video-preview:-1\" \/>\n<link rel=\"canonical\" href=\"https:\/\/www.profumixluxurybrands.it\/en\/brands\/nishane-wulong-cha-x-50ml-spray-extrait-de-parfum\/\" \/>\n<meta property=\"og:locale\" content=\"en_US\" \/>\n<meta property=\"og:type\" content=\"article\" \/>\n<meta property=\"og:title\" content=\"NISHANE W\u016aL\u00d3NG CH\u00c1 X 50ML SPRAY EXTRAIT DE PARFUM\" \/>\n<meta property=\"og:description\" content=\"This fragrance opens with a burst of zesty citrus notes of bergamot, orange, mandarin, and yuzu transporting the wearer to the sunny shores of the Mediterranean. As the scent settles, the heart notes of magnolia, thyme oil and green tea weave a magical spell around you, evoking the tranquil stillness of a teatime. Finally, the base notes of musk and fig provide a warm and grounding finish to this fragrance that will keep the wearer feeling fresh and revitalized all day long. W\u016aL\u00d3NG CH\u00c1 X is a perfect choice for those who seek a refreshing and uplifting fragrance that can be worn all year round.\" \/>\n<meta property=\"og:url\" content=\"https:\/\/www.profumixluxurybrands.it\/en\/brands\/nishane-wulong-cha-x-50ml-spray-extrait-de-parfum\/\" \/>\n<meta property=\"og:site_name\" content=\"Profumix Luxury Perfumes\" \/>\n<meta property=\"article:publisher\" content=\"https:\/\/www.facebook.com\/profumix\" \/>\n<meta property=\"article:modified_time\" content=\"2024-05-16T09:08:23+00:00\" \/>\n<meta property=\"og:image\" content=\"https:\/\/www.profumixluxurybrands.it\/wp-content\/uploads\/2023\/07\/WULONG-CHA-X-Collection-Packshot.jpg\" \/>\n\t<meta property=\"og:image:width\" content=\"1500\" \/>\n\t<meta property=\"og:image:height\" content=\"1500\" \/>\n\t<meta property=\"og:image:type\" content=\"image\/jpeg\" \/>\n<meta name=\"twitter:card\" content=\"summary_large_image\" \/>\n<meta name=\"twitter:label1\" content=\"Est. reading time\" \/>\n\t<meta name=\"twitter:data1\" content=\"1 minute\" \/>\n<script type=\"application\/ld+json\" class=\"yoast-schema-graph\">{\"@context\":\"https:\\\/\\\/schema.org\",\"@graph\":[{\"@type\":\"WebPage\",\"@id\":\"https:\\\/\\\/www.profumixluxurybrands.it\\\/en\\\/brands\\\/nishane-wulong-cha-x-50ml-spray-extrait-de-parfum\\\/\",\"url\":\"https:\\\/\\\/www.profumixluxurybrands.it\\\/en\\\/brands\\\/nishane-wulong-cha-x-50ml-spray-extrait-de-parfum\\\/\",\"name\":\"NISHANE W\u016aL\u00d3NG CH\u00c1 X 50ML SPRAY EXTRAIT DE PARFUM\",\"isPartOf\":{\"@id\":\"https:\\\/\\\/www.profumixluxurybrands.it\\\/en\\\/#website\"},\"primaryImageOfPage\":{\"@id\":\"https:\\\/\\\/www.profumixluxurybrands.it\\\/en\\\/brands\\\/nishane-wulong-cha-x-50ml-spray-extrait-de-parfum\\\/#primaryimage\"},\"image\":{\"@id\":\"https:\\\/\\\/www.profumixluxurybrands.it\\\/en\\\/brands\\\/nishane-wulong-cha-x-50ml-spray-extrait-de-parfum\\\/#primaryimage\"},\"thumbnailUrl\":\"https:\\\/\\\/www.profumixluxurybrands.it\\\/wp-content\\\/uploads\\\/2023\\\/07\\\/WULONG-CHA-X-Collection-Packshot.jpg\",\"datePublished\":\"2023-07-22T07:17:02+00:00\",\"dateModified\":\"2024-05-16T09:08:23+00:00\",\"breadcrumb\":{\"@id\":\"https:\\\/\\\/www.profumixluxurybrands.it\\\/en\\\/brands\\\/nishane-wulong-cha-x-50ml-spray-extrait-de-parfum\\\/#breadcrumb\"},\"inLanguage\":\"en-US\",\"potentialAction\":[{\"@type\":\"ReadAction\",\"target\":[\"https:\\\/\\\/www.profumixluxurybrands.it\\\/en\\\/brands\\\/nishane-wulong-cha-x-50ml-spray-extrait-de-parfum\\\/\"]}]},{\"@type\":\"ImageObject\",\"inLanguage\":\"en-US\",\"@id\":\"https:\\\/\\\/www.profumixluxurybrands.it\\\/en\\\/brands\\\/nishane-wulong-cha-x-50ml-spray-extrait-de-parfum\\\/#primaryimage\",\"url\":\"https:\\\/\\\/www.profumixluxurybrands.it\\\/wp-content\\\/uploads\\\/2023\\\/07\\\/WULONG-CHA-X-Collection-Packshot.jpg\",\"contentUrl\":\"https:\\\/\\\/www.profumixluxurybrands.it\\\/wp-content\\\/uploads\\\/2023\\\/07\\\/WULONG-CHA-X-Collection-Packshot.jpg\",\"width\":1500,\"height\":1500},{\"@type\":\"BreadcrumbList\",\"@id\":\"https:\\\/\\\/www.profumixluxurybrands.it\\\/en\\\/brands\\\/nishane-wulong-cha-x-50ml-spray-extrait-de-parfum\\\/#breadcrumb\",\"itemListElement\":[{\"@type\":\"ListItem\",\"position\":1,\"name\":\"Home\",\"item\":\"https:\\\/\\\/www.profumixluxurybrands.it\\\/en\\\/\"},{\"@type\":\"ListItem\",\"position\":2,\"name\":\"Shop\",\"item\":\"https:\\\/\\\/www.profumixluxurybrands.it\\\/en\\\/shop\\\/\"},{\"@type\":\"ListItem\",\"position\":3,\"name\":\"NISHANE W\u016aL\u00d3NG CH\u00c1 X 50ML SPRAY EXTRAIT DE PARFUM\"}]},{\"@type\":\"WebSite\",\"@id\":\"https:\\\/\\\/www.profumixluxurybrands.it\\\/en\\\/#website\",\"url\":\"https:\\\/\\\/www.profumixluxurybrands.it\\\/en\\\/\",\"name\":\"Profumix Luxury Perfumes\",\"description\":\"\",\"publisher\":{\"@id\":\"https:\\\/\\\/www.profumixluxurybrands.it\\\/en\\\/#organization\"},\"potentialAction\":[{\"@type\":\"SearchAction\",\"target\":{\"@type\":\"EntryPoint\",\"urlTemplate\":\"https:\\\/\\\/www.profumixluxurybrands.it\\\/en\\\/?s={search_term_string}\"},\"query-input\":{\"@type\":\"PropertyValueSpecification\",\"valueRequired\":true,\"valueName\":\"search_term_string\"}}],\"inLanguage\":\"en-US\"},{\"@type\":\"Organization\",\"@id\":\"https:\\\/\\\/www.profumixluxurybrands.it\\\/en\\\/#organization\",\"name\":\"Profumix Luxury Perfumes\",\"url\":\"https:\\\/\\\/www.profumixluxurybrands.it\\\/en\\\/\",\"logo\":{\"@type\":\"ImageObject\",\"inLanguage\":\"en-US\",\"@id\":\"https:\\\/\\\/www.profumixluxurybrands.it\\\/en\\\/#\\\/schema\\\/logo\\\/image\\\/\",\"url\":\"https:\\\/\\\/www.profumixluxurybrands.it\\\/wp-content\\\/uploads\\\/2022\\\/09\\\/logo-profumixluxury-ev.png\",\"contentUrl\":\"https:\\\/\\\/www.profumixluxurybrands.it\\\/wp-content\\\/uploads\\\/2022\\\/09\\\/logo-profumixluxury-ev.png\",\"width\":374,\"height\":176,\"caption\":\"Profumix Luxury Perfumes\"},\"image\":{\"@id\":\"https:\\\/\\\/www.profumixluxurybrands.it\\\/en\\\/#\\\/schema\\\/logo\\\/image\\\/\"},\"sameAs\":[\"https:\\\/\\\/www.facebook.com\\\/profumix\",\"https:\\\/\\\/www.instagram.com\\\/profumix_luxury_brands\\\/\"]}]}<\/script>\n<!-- \/ Yoast SEO plugin. -->","yoast_head_json":{"title":"NISHANE W\u016aL\u00d3NG CH\u00c1 X 50ML SPRAY EXTRAIT DE PARFUM","robots":{"index":"index","follow":"follow","max-snippet":"max-snippet:-1","max-image-preview":"max-image-preview:large","max-video-preview":"max-video-preview:-1"},"canonical":"https:\/\/www.profumixluxurybrands.it\/en\/brands\/nishane-wulong-cha-x-50ml-spray-extrait-de-parfum\/","og_locale":"en_US","og_type":"article","og_title":"NISHANE W\u016aL\u00d3NG CH\u00c1 X 50ML SPRAY EXTRAIT DE PARFUM","og_description":"This fragrance opens with a burst of zesty citrus notes of bergamot, orange, mandarin, and yuzu transporting the wearer to the sunny shores of the Mediterranean. As the scent settles, the heart notes of magnolia, thyme oil and green tea weave a magical spell around you, evoking the tranquil stillness of a teatime. Finally, the base notes of musk and fig provide a warm and grounding finish to this fragrance that will keep the wearer feeling fresh and revitalized all day long. W\u016aL\u00d3NG CH\u00c1 X is a perfect choice for those who seek a refreshing and uplifting fragrance that can be worn all year round.","og_url":"https:\/\/www.profumixluxurybrands.it\/en\/brands\/nishane-wulong-cha-x-50ml-spray-extrait-de-parfum\/","og_site_name":"Profumix Luxury Perfumes","article_publisher":"https:\/\/www.facebook.com\/profumix","article_modified_time":"2024-05-16T09:08:23+00:00","og_image":[{"width":1500,"height":1500,"url":"https:\/\/www.profumixluxurybrands.it\/wp-content\/uploads\/2023\/07\/WULONG-CHA-X-Collection-Packshot.jpg","type":"image\/jpeg"}],"twitter_card":"summary_large_image","twitter_misc":{"Est. reading time":"1 minute"},"schema":{"@context":"https:\/\/schema.org","@graph":[{"@type":"WebPage","@id":"https:\/\/www.profumixluxurybrands.it\/en\/brands\/nishane-wulong-cha-x-50ml-spray-extrait-de-parfum\/","url":"https:\/\/www.profumixluxurybrands.it\/en\/brands\/nishane-wulong-cha-x-50ml-spray-extrait-de-parfum\/","name":"NISHANE W\u016aL\u00d3NG CH\u00c1 X 50ML SPRAY EXTRAIT DE PARFUM","isPartOf":{"@id":"https:\/\/www.profumixluxurybrands.it\/en\/#website"},"primaryImageOfPage":{"@id":"https:\/\/www.profumixluxurybrands.it\/en\/brands\/nishane-wulong-cha-x-50ml-spray-extrait-de-parfum\/#primaryimage"},"image":{"@id":"https:\/\/www.profumixluxurybrands.it\/en\/brands\/nishane-wulong-cha-x-50ml-spray-extrait-de-parfum\/#primaryimage"},"thumbnailUrl":"https:\/\/www.profumixluxurybrands.it\/wp-content\/uploads\/2023\/07\/WULONG-CHA-X-Collection-Packshot.jpg","datePublished":"2023-07-22T07:17:02+00:00","dateModified":"2024-05-16T09:08:23+00:00","breadcrumb":{"@id":"https:\/\/www.profumixluxurybrands.it\/en\/brands\/nishane-wulong-cha-x-50ml-spray-extrait-de-parfum\/#breadcrumb"},"inLanguage":"en-US","potentialAction":[{"@type":"ReadAction","target":["https:\/\/www.profumixluxurybrands.it\/en\/brands\/nishane-wulong-cha-x-50ml-spray-extrait-de-parfum\/"]}]},{"@type":"ImageObject","inLanguage":"en-US","@id":"https:\/\/www.profumixluxurybrands.it\/en\/brands\/nishane-wulong-cha-x-50ml-spray-extrait-de-parfum\/#primaryimage","url":"https:\/\/www.profumixluxurybrands.it\/wp-content\/uploads\/2023\/07\/WULONG-CHA-X-Collection-Packshot.jpg","contentUrl":"https:\/\/www.profumixluxurybrands.it\/wp-content\/uploads\/2023\/07\/WULONG-CHA-X-Collection-Packshot.jpg","width":1500,"height":1500},{"@type":"BreadcrumbList","@id":"https:\/\/www.profumixluxurybrands.it\/en\/brands\/nishane-wulong-cha-x-50ml-spray-extrait-de-parfum\/#breadcrumb","itemListElement":[{"@type":"ListItem","position":1,"name":"Home","item":"https:\/\/www.profumixluxurybrands.it\/en\/"},{"@type":"ListItem","position":2,"name":"Shop","item":"https:\/\/www.profumixluxurybrands.it\/en\/shop\/"},{"@type":"ListItem","position":3,"name":"NISHANE W\u016aL\u00d3NG CH\u00c1 X 50ML SPRAY EXTRAIT DE PARFUM"}]},{"@type":"WebSite","@id":"https:\/\/www.profumixluxurybrands.it\/en\/#website","url":"https:\/\/www.profumixluxurybrands.it\/en\/","name":"Profumix Luxury Perfumes","description":"","publisher":{"@id":"https:\/\/www.profumixluxurybrands.it\/en\/#organization"},"potentialAction":[{"@type":"SearchAction","target":{"@type":"EntryPoint","urlTemplate":"https:\/\/www.profumixluxurybrands.it\/en\/?s={search_term_string}"},"query-input":{"@type":"PropertyValueSpecification","valueRequired":true,"valueName":"search_term_string"}}],"inLanguage":"en-US"},{"@type":"Organization","@id":"https:\/\/www.profumixluxurybrands.it\/en\/#organization","name":"Profumix Luxury Perfumes","url":"https:\/\/www.profumixluxurybrands.it\/en\/","logo":{"@type":"ImageObject","inLanguage":"en-US","@id":"https:\/\/www.profumixluxurybrands.it\/en\/#\/schema\/logo\/image\/","url":"https:\/\/www.profumixluxurybrands.it\/wp-content\/uploads\/2022\/09\/logo-profumixluxury-ev.png","contentUrl":"https:\/\/www.profumixluxurybrands.it\/wp-content\/uploads\/2022\/09\/logo-profumixluxury-ev.png","width":374,"height":176,"caption":"Profumix Luxury Perfumes"},"image":{"@id":"https:\/\/www.profumixluxurybrands.it\/en\/#\/schema\/logo\/image\/"},"sameAs":["https:\/\/www.facebook.com\/profumix","https:\/\/www.instagram.com\/profumix_luxury_brands\/"]}]}},"_links":{"self":[{"href":"https:\/\/www.profumixluxurybrands.it\/en\/wp-json\/wp\/v2\/product\/74877","targetHints":{"allow":["GET"]}}],"collection":[{"href":"https:\/\/www.profumixluxurybrands.it\/en\/wp-json\/wp\/v2\/product"}],"about":[{"href":"https:\/\/www.profumixluxurybrands.it\/en\/wp-json\/wp\/v2\/types\/product"}],"replies":[{"embeddable":true,"href":"https:\/\/www.profumixluxurybrands.it\/en\/wp-json\/wp\/v2\/comments?post=74877"}],"wp:featuredmedia":[{"embeddable":true,"href":"https:\/\/www.profumixluxurybrands.it\/en\/wp-json\/wp\/v2\/media\/74879"}],"wp:attachment":[{"href":"https:\/\/www.profumixluxurybrands.it\/en\/wp-json\/wp\/v2\/media?parent=74877"}],"wp:term":[{"taxonomy":"product_brand","embeddable":true,"href":"https:\/\/www.profumixluxurybrands.it\/en\/wp-json\/wp\/v2\/product_brand?post=74877"},{"taxonomy":"product_cat","embeddable":true,"href":"https:\/\/www.profumixluxurybrands.it\/en\/wp-json\/wp\/v2\/product_cat?post=74877"},{"taxonomy":"product_tag","embeddable":true,"href":"https:\/\/www.profumixluxurybrands.it\/en\/wp-json\/wp\/v2\/product_tag?post=74877"}],"curies":[{"name":"wp","href":"https:\/\/api.w.org\/{rel}","templated":true}]}}