{"id":73491,"date":"2023-04-20T16:14:20","date_gmt":"2023-04-20T14:14:20","guid":{"rendered":"https:\/\/www.profumixluxurybrands.it\/?post_type=product&#038;p=73491"},"modified":"2023-04-20T16:18:16","modified_gmt":"2023-04-20T14:18:16","slug":"la-maison-de-la-vanille-arty-positano-vanille-fleur-doranger-30ml-spray-eau-de-parfum","status":"publish","type":"product","link":"https:\/\/www.profumixluxurybrands.it\/en\/brands\/la-maison-de-la-vanille-arty-positano-vanille-fleur-doranger-30ml-spray-eau-de-parfum\/","title":{"rendered":"LA MAISON DE LA VANILLE &#8211; ARTY POSITANO VANILLE FLEUR D&#8217;ORANGER 30ML SPRAY EAU DE PARFUM"},"content":{"rendered":"<div class=\"lRu31\"><span class=\"HwtZe\" lang=\"it\"><span class=\"jCAhz ChMk0b\"><span class=\"ryNqvb\">Like an artist who dares to play with different styles, the ARTY POSITANO eau de parfum is the composition of Mediterranean perfumes mixed with vanilla.<\/span><\/span> <\/span><\/div>\n<div class=\"lRu31\"><span class=\"HwtZe\" lang=\"it\"><span class=\"jCAhz ChMk0b\"><span class=\"ryNqvb\">Magnificent mandarin, bold and essential bergamot and sweet rosemary give a surprising spontaneity to the calm orange blossom.<\/span><\/span> <span class=\"jCAhz ChMk0b\"><span class=\"ryNqvb\">Then the delicious, sensual, vanilla with its amber-scented blend takes over, settling on the skin with a lasting effect.<\/span><\/span><\/span><\/div>\n<div class=\"lRu31\"><span class=\"HwtZe\" lang=\"it\"> <span class=\"jCAhz ChMk0b\"><span class=\"ryNqvb\">Top note: Bergamot \u2013 Rosemary<\/span><\/span> <\/span><\/div>\n<div class=\"lRu31\"><span class=\"HwtZe\" lang=\"it\"><span class=\"jCAhz ChMk0b\"><span class=\"ryNqvb\">Heart note: orange blossom<\/span><\/span> <\/span><\/div>\n<div class=\"lRu31\"><span class=\"HwtZe\" lang=\"it\"><span class=\"jCAhz ChMk0b\"><span class=\"ryNqvb\">Base note: Vanilla \u2013 Amber \u2013 Biscuit<\/span><\/span><\/span><\/div>\n<div class=\"UdTY9 WdefRb\" aria-hidden=\"true\" data-location=\"2\">\n<div class=\"kO6q6e\"><\/div>\n<\/div>\n<div class=\"VO9ucd\">\n<div class=\"aJIq1d\" data-language-code=\"it\" data-language-name=\"Italiano\" data-text=\"Raffinatezza estrema! L'opulenta eau de parfum NUIT A SALZBOURG \u00e8 una composizione di spezie, vaniglia e tabacco. Profondamente voluttuoso e allo stesso tempo maschile e femminile, si ispira sia a un club per gentiluomini che a una sala da t\u00e8 austriaca. Questa fragranza eccezionale contiene una potente miscela di vaniglia e fave tonka. NUIT A SALZBOURG \u00e8 un profumo no gender che pu\u00f2 essere indossato sia da uomini che da donne. Note di testa: cannella \u2013 chiodi di garofano \u2013 arancia candita Nota di cuore: Amyris \u2013 Tabacco Nota di fondo: Fava Tonka \u2013 Ambra \u2013 Vaniglia\" data-crosslingual-hint=\"\" data-location=\"2\" data-enable-toggle-playback-speed=\"true\" data-results-count=\"1\" data-result-index=\"1\">\n<div class=\"m0Qfkd\"><\/div>\n<\/div>\n<\/div>\n","protected":false},"excerpt":{"rendered":"<div class=\"lRu31\"><span class=\"HwtZe\" lang=\"it\"><span class=\"jCAhz ChMk0b\"><span class=\"ryNqvb\">Like an artist who dares to play with different styles, the ARTY POSITANO eau de parfum is the composition of Mediterranean perfumes mixed with vanilla.<\/span><\/span> <\/span><\/div>\n<div class=\"lRu31\"><span class=\"HwtZe\" lang=\"it\"><span class=\"jCAhz ChMk0b\"><span class=\"ryNqvb\">Magnificent mandarin, bold and essential bergamot and sweet rosemary give a surprising spontaneity to the calm orange blossom.<\/span><\/span> <span class=\"jCAhz ChMk0b\"><span class=\"ryNqvb\">Then the delicious, sensual, vanilla with its amber-scented blend takes over, settling on the skin with a lasting effect.<\/span><\/span><\/span><\/div>\n<div class=\"lRu31\"><span class=\"HwtZe\" lang=\"it\"> <span class=\"jCAhz ChMk0b\"><span class=\"ryNqvb\">Top note: Bergamot \u2013 Rosemary<\/span><\/span> <\/span><\/div>\n<div class=\"lRu31\"><span class=\"HwtZe\" lang=\"it\"><span class=\"jCAhz ChMk0b\"><span class=\"ryNqvb\">Heart note: orange blossom<\/span><\/span> <\/span><\/div>\n<div class=\"lRu31\"><span class=\"HwtZe\" lang=\"it\"><span class=\"jCAhz ChMk0b\"><span class=\"ryNqvb\">Base note: Vanilla \u2013 Amber \u2013 Biscuit<\/span><\/span><\/span><\/div>\n<div class=\"UdTY9 WdefRb\" aria-hidden=\"true\" data-location=\"2\">\n<div class=\"kO6q6e\"><\/div>\n<\/div>\n<div class=\"VO9ucd\">\n<div class=\"aJIq1d\" data-language-code=\"it\" data-language-name=\"Italiano\" data-text=\"Raffinatezza estrema! L'opulenta eau de parfum NUIT A SALZBOURG \u00e8 una composizione di spezie, vaniglia e tabacco. Profondamente voluttuoso e allo stesso tempo maschile e femminile, si ispira sia a un club per gentiluomini che a una sala da t\u00e8 austriaca. Questa fragranza eccezionale contiene una potente miscela di vaniglia e fave tonka. NUIT A SALZBOURG \u00e8 un profumo no gender che pu\u00f2 essere indossato sia da uomini che da donne. Note di testa: cannella \u2013 chiodi di garofano \u2013 arancia candita Nota di cuore: Amyris \u2013 Tabacco Nota di fondo: Fava Tonka \u2013 Ambra \u2013 Vaniglia\" data-crosslingual-hint=\"\" data-location=\"2\" data-enable-toggle-playback-speed=\"true\" data-results-count=\"1\" data-result-index=\"1\">\n<div class=\"m0Qfkd\"><\/div>\n<\/div>\n<\/div>\n","protected":false},"featured_media":73493,"comment_status":"open","ping_status":"closed","template":"","meta":{"_et_pb_use_builder":"","_et_pb_old_content":"","_et_gb_content_width":"","_themeisle_gutenberg_block_has_review":false},"product_brand":[],"product_cat":[4874,4888,5255,4865,4887],"product_tag":[],"class_list":{"0":"post-73491","1":"product","2":"type-product","3":"status-publish","4":"has-post-thumbnail","6":"product_cat-gourmand-en","7":"product_cat-in-evidence","8":"product_cat-la-maison-de-la-vanille-en","9":"product_cat-olfactory-families","10":"product_cat-products","11":"pa_produttore-la-maison-de-la-vanille","12":"pa_spedizione_gratuita-no-en","14":"first","15":"instock","16":"shipping-taxable","17":"purchasable","18":"product-type-simple"},"yoast_head":"<!-- This site is optimized with the Yoast SEO plugin v27.5 - https:\/\/yoast.com\/product\/yoast-seo-wordpress\/ -->\n<title>LA MAISON DE LA VANILLE - ARTY POSITANO VANILLE FLEUR D&#039;ORANGER 30ML SPRAY EAU DE PARFUM<\/title>\n<meta name=\"robots\" content=\"index, follow, max-snippet:-1, max-image-preview:large, max-video-preview:-1\" \/>\n<link rel=\"canonical\" href=\"https:\/\/www.profumixluxurybrands.it\/en\/brands\/la-maison-de-la-vanille-arty-positano-vanille-fleur-doranger-30ml-spray-eau-de-parfum\/\" \/>\n<meta property=\"og:locale\" content=\"en_US\" \/>\n<meta property=\"og:type\" content=\"article\" \/>\n<meta property=\"og:title\" content=\"LA MAISON DE LA VANILLE - ARTY POSITANO VANILLE FLEUR D&#039;ORANGER 30ML SPRAY EAU DE PARFUM\" \/>\n<meta property=\"og:description\" content=\"Like an artist who dares to play with different styles, the ARTY POSITANO eau de parfum is the composition of Mediterranean perfumes mixed with vanilla.  Magnificent mandarin, bold and essential bergamot and sweet rosemary give a surprising spontaneity to the calm orange blossom. Then the delicious, sensual, vanilla with its amber-scented blend takes over, settling on the skin with a lasting effect.  Top note: Bergamot \u2013 Rosemary  Heart note: orange blossom  Base note: Vanilla \u2013 Amber \u2013 Biscuit\" \/>\n<meta property=\"og:url\" content=\"https:\/\/www.profumixluxurybrands.it\/en\/brands\/la-maison-de-la-vanille-arty-positano-vanille-fleur-doranger-30ml-spray-eau-de-parfum\/\" \/>\n<meta property=\"og:site_name\" content=\"Profumix Luxury Perfumes\" \/>\n<meta property=\"article:publisher\" content=\"https:\/\/www.facebook.com\/profumix\" \/>\n<meta property=\"article:modified_time\" content=\"2023-04-20T14:18:16+00:00\" \/>\n<meta property=\"og:image\" content=\"https:\/\/www.profumixluxurybrands.it\/wp-content\/uploads\/2023\/04\/arty-positano-edp-30-ml.png\" \/>\n\t<meta property=\"og:image:width\" content=\"1500\" \/>\n\t<meta property=\"og:image:height\" content=\"1500\" \/>\n\t<meta property=\"og:image:type\" content=\"image\/png\" \/>\n<meta name=\"twitter:card\" content=\"summary_large_image\" \/>\n<meta name=\"twitter:label1\" content=\"Est. reading time\" \/>\n\t<meta name=\"twitter:data1\" content=\"1 minute\" \/>\n<script type=\"application\/ld+json\" class=\"yoast-schema-graph\">{\"@context\":\"https:\\\/\\\/schema.org\",\"@graph\":[{\"@type\":\"WebPage\",\"@id\":\"https:\\\/\\\/www.profumixluxurybrands.it\\\/en\\\/brands\\\/la-maison-de-la-vanille-arty-positano-vanille-fleur-doranger-30ml-spray-eau-de-parfum\\\/\",\"url\":\"https:\\\/\\\/www.profumixluxurybrands.it\\\/en\\\/brands\\\/la-maison-de-la-vanille-arty-positano-vanille-fleur-doranger-30ml-spray-eau-de-parfum\\\/\",\"name\":\"LA MAISON DE LA VANILLE - ARTY POSITANO VANILLE FLEUR D'ORANGER 30ML SPRAY EAU DE PARFUM\",\"isPartOf\":{\"@id\":\"https:\\\/\\\/www.profumixluxurybrands.it\\\/en\\\/#website\"},\"primaryImageOfPage\":{\"@id\":\"https:\\\/\\\/www.profumixluxurybrands.it\\\/en\\\/brands\\\/la-maison-de-la-vanille-arty-positano-vanille-fleur-doranger-30ml-spray-eau-de-parfum\\\/#primaryimage\"},\"image\":{\"@id\":\"https:\\\/\\\/www.profumixluxurybrands.it\\\/en\\\/brands\\\/la-maison-de-la-vanille-arty-positano-vanille-fleur-doranger-30ml-spray-eau-de-parfum\\\/#primaryimage\"},\"thumbnailUrl\":\"https:\\\/\\\/www.profumixluxurybrands.it\\\/wp-content\\\/uploads\\\/2023\\\/04\\\/arty-positano-edp-30-ml.png\",\"datePublished\":\"2023-04-20T14:14:20+00:00\",\"dateModified\":\"2023-04-20T14:18:16+00:00\",\"breadcrumb\":{\"@id\":\"https:\\\/\\\/www.profumixluxurybrands.it\\\/en\\\/brands\\\/la-maison-de-la-vanille-arty-positano-vanille-fleur-doranger-30ml-spray-eau-de-parfum\\\/#breadcrumb\"},\"inLanguage\":\"en-US\",\"potentialAction\":[{\"@type\":\"ReadAction\",\"target\":[\"https:\\\/\\\/www.profumixluxurybrands.it\\\/en\\\/brands\\\/la-maison-de-la-vanille-arty-positano-vanille-fleur-doranger-30ml-spray-eau-de-parfum\\\/\"]}]},{\"@type\":\"ImageObject\",\"inLanguage\":\"en-US\",\"@id\":\"https:\\\/\\\/www.profumixluxurybrands.it\\\/en\\\/brands\\\/la-maison-de-la-vanille-arty-positano-vanille-fleur-doranger-30ml-spray-eau-de-parfum\\\/#primaryimage\",\"url\":\"https:\\\/\\\/www.profumixluxurybrands.it\\\/wp-content\\\/uploads\\\/2023\\\/04\\\/arty-positano-edp-30-ml.png\",\"contentUrl\":\"https:\\\/\\\/www.profumixluxurybrands.it\\\/wp-content\\\/uploads\\\/2023\\\/04\\\/arty-positano-edp-30-ml.png\",\"width\":1500,\"height\":1500},{\"@type\":\"BreadcrumbList\",\"@id\":\"https:\\\/\\\/www.profumixluxurybrands.it\\\/en\\\/brands\\\/la-maison-de-la-vanille-arty-positano-vanille-fleur-doranger-30ml-spray-eau-de-parfum\\\/#breadcrumb\",\"itemListElement\":[{\"@type\":\"ListItem\",\"position\":1,\"name\":\"Home\",\"item\":\"https:\\\/\\\/www.profumixluxurybrands.it\\\/en\\\/\"},{\"@type\":\"ListItem\",\"position\":2,\"name\":\"Shop\",\"item\":\"https:\\\/\\\/www.profumixluxurybrands.it\\\/en\\\/shop\\\/\"},{\"@type\":\"ListItem\",\"position\":3,\"name\":\"LA MAISON DE LA VANILLE\",\"item\":\"https:\\\/\\\/www.profumixluxurybrands.it\\\/en\\\/produttore\\\/la-maison-de-la-vanille\\\/\"},{\"@type\":\"ListItem\",\"position\":4,\"name\":\"LA MAISON DE LA VANILLE &#8211; ARTY POSITANO VANILLE FLEUR D&#8217;ORANGER 30ML SPRAY EAU DE PARFUM\"}]},{\"@type\":\"WebSite\",\"@id\":\"https:\\\/\\\/www.profumixluxurybrands.it\\\/en\\\/#website\",\"url\":\"https:\\\/\\\/www.profumixluxurybrands.it\\\/en\\\/\",\"name\":\"Profumix Luxury Perfumes\",\"description\":\"\",\"publisher\":{\"@id\":\"https:\\\/\\\/www.profumixluxurybrands.it\\\/en\\\/#organization\"},\"potentialAction\":[{\"@type\":\"SearchAction\",\"target\":{\"@type\":\"EntryPoint\",\"urlTemplate\":\"https:\\\/\\\/www.profumixluxurybrands.it\\\/en\\\/?s={search_term_string}\"},\"query-input\":{\"@type\":\"PropertyValueSpecification\",\"valueRequired\":true,\"valueName\":\"search_term_string\"}}],\"inLanguage\":\"en-US\"},{\"@type\":\"Organization\",\"@id\":\"https:\\\/\\\/www.profumixluxurybrands.it\\\/en\\\/#organization\",\"name\":\"Profumix Luxury Perfumes\",\"url\":\"https:\\\/\\\/www.profumixluxurybrands.it\\\/en\\\/\",\"logo\":{\"@type\":\"ImageObject\",\"inLanguage\":\"en-US\",\"@id\":\"https:\\\/\\\/www.profumixluxurybrands.it\\\/en\\\/#\\\/schema\\\/logo\\\/image\\\/\",\"url\":\"https:\\\/\\\/www.profumixluxurybrands.it\\\/wp-content\\\/uploads\\\/2022\\\/09\\\/logo-profumixluxury-ev.png\",\"contentUrl\":\"https:\\\/\\\/www.profumixluxurybrands.it\\\/wp-content\\\/uploads\\\/2022\\\/09\\\/logo-profumixluxury-ev.png\",\"width\":374,\"height\":176,\"caption\":\"Profumix Luxury Perfumes\"},\"image\":{\"@id\":\"https:\\\/\\\/www.profumixluxurybrands.it\\\/en\\\/#\\\/schema\\\/logo\\\/image\\\/\"},\"sameAs\":[\"https:\\\/\\\/www.facebook.com\\\/profumix\",\"https:\\\/\\\/www.instagram.com\\\/profumix_luxury_brands\\\/\"]}]}<\/script>\n<!-- \/ Yoast SEO plugin. -->","yoast_head_json":{"title":"LA MAISON DE LA VANILLE - ARTY POSITANO VANILLE FLEUR D'ORANGER 30ML SPRAY EAU DE PARFUM","robots":{"index":"index","follow":"follow","max-snippet":"max-snippet:-1","max-image-preview":"max-image-preview:large","max-video-preview":"max-video-preview:-1"},"canonical":"https:\/\/www.profumixluxurybrands.it\/en\/brands\/la-maison-de-la-vanille-arty-positano-vanille-fleur-doranger-30ml-spray-eau-de-parfum\/","og_locale":"en_US","og_type":"article","og_title":"LA MAISON DE LA VANILLE - ARTY POSITANO VANILLE FLEUR D'ORANGER 30ML SPRAY EAU DE PARFUM","og_description":"Like an artist who dares to play with different styles, the ARTY POSITANO eau de parfum is the composition of Mediterranean perfumes mixed with vanilla.  Magnificent mandarin, bold and essential bergamot and sweet rosemary give a surprising spontaneity to the calm orange blossom. Then the delicious, sensual, vanilla with its amber-scented blend takes over, settling on the skin with a lasting effect.  Top note: Bergamot \u2013 Rosemary  Heart note: orange blossom  Base note: Vanilla \u2013 Amber \u2013 Biscuit","og_url":"https:\/\/www.profumixluxurybrands.it\/en\/brands\/la-maison-de-la-vanille-arty-positano-vanille-fleur-doranger-30ml-spray-eau-de-parfum\/","og_site_name":"Profumix Luxury Perfumes","article_publisher":"https:\/\/www.facebook.com\/profumix","article_modified_time":"2023-04-20T14:18:16+00:00","og_image":[{"width":1500,"height":1500,"url":"https:\/\/www.profumixluxurybrands.it\/wp-content\/uploads\/2023\/04\/arty-positano-edp-30-ml.png","type":"image\/png"}],"twitter_card":"summary_large_image","twitter_misc":{"Est. reading time":"1 minute"},"schema":{"@context":"https:\/\/schema.org","@graph":[{"@type":"WebPage","@id":"https:\/\/www.profumixluxurybrands.it\/en\/brands\/la-maison-de-la-vanille-arty-positano-vanille-fleur-doranger-30ml-spray-eau-de-parfum\/","url":"https:\/\/www.profumixluxurybrands.it\/en\/brands\/la-maison-de-la-vanille-arty-positano-vanille-fleur-doranger-30ml-spray-eau-de-parfum\/","name":"LA MAISON DE LA VANILLE - ARTY POSITANO VANILLE FLEUR D'ORANGER 30ML SPRAY EAU DE PARFUM","isPartOf":{"@id":"https:\/\/www.profumixluxurybrands.it\/en\/#website"},"primaryImageOfPage":{"@id":"https:\/\/www.profumixluxurybrands.it\/en\/brands\/la-maison-de-la-vanille-arty-positano-vanille-fleur-doranger-30ml-spray-eau-de-parfum\/#primaryimage"},"image":{"@id":"https:\/\/www.profumixluxurybrands.it\/en\/brands\/la-maison-de-la-vanille-arty-positano-vanille-fleur-doranger-30ml-spray-eau-de-parfum\/#primaryimage"},"thumbnailUrl":"https:\/\/www.profumixluxurybrands.it\/wp-content\/uploads\/2023\/04\/arty-positano-edp-30-ml.png","datePublished":"2023-04-20T14:14:20+00:00","dateModified":"2023-04-20T14:18:16+00:00","breadcrumb":{"@id":"https:\/\/www.profumixluxurybrands.it\/en\/brands\/la-maison-de-la-vanille-arty-positano-vanille-fleur-doranger-30ml-spray-eau-de-parfum\/#breadcrumb"},"inLanguage":"en-US","potentialAction":[{"@type":"ReadAction","target":["https:\/\/www.profumixluxurybrands.it\/en\/brands\/la-maison-de-la-vanille-arty-positano-vanille-fleur-doranger-30ml-spray-eau-de-parfum\/"]}]},{"@type":"ImageObject","inLanguage":"en-US","@id":"https:\/\/www.profumixluxurybrands.it\/en\/brands\/la-maison-de-la-vanille-arty-positano-vanille-fleur-doranger-30ml-spray-eau-de-parfum\/#primaryimage","url":"https:\/\/www.profumixluxurybrands.it\/wp-content\/uploads\/2023\/04\/arty-positano-edp-30-ml.png","contentUrl":"https:\/\/www.profumixluxurybrands.it\/wp-content\/uploads\/2023\/04\/arty-positano-edp-30-ml.png","width":1500,"height":1500},{"@type":"BreadcrumbList","@id":"https:\/\/www.profumixluxurybrands.it\/en\/brands\/la-maison-de-la-vanille-arty-positano-vanille-fleur-doranger-30ml-spray-eau-de-parfum\/#breadcrumb","itemListElement":[{"@type":"ListItem","position":1,"name":"Home","item":"https:\/\/www.profumixluxurybrands.it\/en\/"},{"@type":"ListItem","position":2,"name":"Shop","item":"https:\/\/www.profumixluxurybrands.it\/en\/shop\/"},{"@type":"ListItem","position":3,"name":"LA MAISON DE LA VANILLE","item":"https:\/\/www.profumixluxurybrands.it\/en\/produttore\/la-maison-de-la-vanille\/"},{"@type":"ListItem","position":4,"name":"LA MAISON DE LA VANILLE &#8211; ARTY POSITANO VANILLE FLEUR D&#8217;ORANGER 30ML SPRAY EAU DE PARFUM"}]},{"@type":"WebSite","@id":"https:\/\/www.profumixluxurybrands.it\/en\/#website","url":"https:\/\/www.profumixluxurybrands.it\/en\/","name":"Profumix Luxury Perfumes","description":"","publisher":{"@id":"https:\/\/www.profumixluxurybrands.it\/en\/#organization"},"potentialAction":[{"@type":"SearchAction","target":{"@type":"EntryPoint","urlTemplate":"https:\/\/www.profumixluxurybrands.it\/en\/?s={search_term_string}"},"query-input":{"@type":"PropertyValueSpecification","valueRequired":true,"valueName":"search_term_string"}}],"inLanguage":"en-US"},{"@type":"Organization","@id":"https:\/\/www.profumixluxurybrands.it\/en\/#organization","name":"Profumix Luxury Perfumes","url":"https:\/\/www.profumixluxurybrands.it\/en\/","logo":{"@type":"ImageObject","inLanguage":"en-US","@id":"https:\/\/www.profumixluxurybrands.it\/en\/#\/schema\/logo\/image\/","url":"https:\/\/www.profumixluxurybrands.it\/wp-content\/uploads\/2022\/09\/logo-profumixluxury-ev.png","contentUrl":"https:\/\/www.profumixluxurybrands.it\/wp-content\/uploads\/2022\/09\/logo-profumixluxury-ev.png","width":374,"height":176,"caption":"Profumix Luxury Perfumes"},"image":{"@id":"https:\/\/www.profumixluxurybrands.it\/en\/#\/schema\/logo\/image\/"},"sameAs":["https:\/\/www.facebook.com\/profumix","https:\/\/www.instagram.com\/profumix_luxury_brands\/"]}]}},"_links":{"self":[{"href":"https:\/\/www.profumixluxurybrands.it\/en\/wp-json\/wp\/v2\/product\/73491","targetHints":{"allow":["GET"]}}],"collection":[{"href":"https:\/\/www.profumixluxurybrands.it\/en\/wp-json\/wp\/v2\/product"}],"about":[{"href":"https:\/\/www.profumixluxurybrands.it\/en\/wp-json\/wp\/v2\/types\/product"}],"replies":[{"embeddable":true,"href":"https:\/\/www.profumixluxurybrands.it\/en\/wp-json\/wp\/v2\/comments?post=73491"}],"wp:featuredmedia":[{"embeddable":true,"href":"https:\/\/www.profumixluxurybrands.it\/en\/wp-json\/wp\/v2\/media\/73493"}],"wp:attachment":[{"href":"https:\/\/www.profumixluxurybrands.it\/en\/wp-json\/wp\/v2\/media?parent=73491"}],"wp:term":[{"taxonomy":"product_brand","embeddable":true,"href":"https:\/\/www.profumixluxurybrands.it\/en\/wp-json\/wp\/v2\/product_brand?post=73491"},{"taxonomy":"product_cat","embeddable":true,"href":"https:\/\/www.profumixluxurybrands.it\/en\/wp-json\/wp\/v2\/product_cat?post=73491"},{"taxonomy":"product_tag","embeddable":true,"href":"https:\/\/www.profumixluxurybrands.it\/en\/wp-json\/wp\/v2\/product_tag?post=73491"}],"curies":[{"name":"wp","href":"https:\/\/api.w.org\/{rel}","templated":true}]}}