{"id":72632,"date":"2023-02-23T12:35:52","date_gmt":"2023-02-23T11:35:52","guid":{"rendered":"https:\/\/www.profumixluxurybrands.it\/?post_type=product&#038;p=72632"},"modified":"2026-03-26T14:06:22","modified_gmt":"2026-03-26T13:06:22","slug":"toskovat-things-we-never-shared-extrait-de-memoire-spray-60ml","status":"publish","type":"product","link":"https:\/\/www.profumixluxurybrands.it\/en\/brands\/toskovat-things-we-never-shared-extrait-de-memoire-spray-60ml\/","title":{"rendered":"TOSKOVAT THINGS WE NEVER SHARED EXTRAIT DE MEMOIRE SPRAY 60ML"},"content":{"rendered":"<div class=\"lRu31\"><span class=\"HwtZe\" lang=\"it\"> <span class=\"jCAhz ChMk0b\"><span class=\"ryNqvb\">Today I remembered the week before Christmas.<\/span><\/span> <span class=\"jCAhz ChMk0b\"><span class=\"ryNqvb\">Sunday 18.12.<\/span><\/span> <span class=\"jCAhz ChMk0b\"><span class=\"ryNqvb\">Waiting at the train station in Paris years ago for a promise made 6 months earlier in Vienna.<\/span><\/span> <span class=\"jCAhz ChMk0b\"><span class=\"ryNqvb\">People around me from the fair, flowers given, drinks drunk, sweet moments shared&#8230; Sweet little words.<\/span><\/span> <span class=\"jCAhz ChMk0b\"><span class=\"ryNqvb\">We also had so many plans.<\/span><\/span> <span class=\"jCAhz ChMk0b\"><span class=\"ryNqvb\">We talked about so much in such a short time.<\/span><\/span> <span class=\"jCAhz ChMk0b\"><span class=\"ryNqvb\">And still said too little.<\/span><\/span> <span class=\"jCAhz ChMk0b\"><span class=\"ryNqvb\">You gave me all of you, I gave you all that was left of me.<\/span><\/span> <span class=\"jCAhz ChMk0b\"><span class=\"ryNqvb\">A toddler is crying on a bench to my right, his hands touching a hot cocoa cup for the first time.<\/span><\/span> <span class=\"jCAhz ChMk0b\"><span class=\"ryNqvb\">I am cold, too.<\/span><\/span> <span class=\"jCAhz ChMk0b\"><span class=\"ryNqvb\">My hands are cracked, and yours are absent.<\/span><\/span> <span class=\"jCAhz ChMk0b\"><span class=\"ryNqvb\">I put some sun cream on to remember the better days.<\/span><\/span> <span class=\"jCAhz ChMk0b\"><span class=\"ryNqvb\">Maybe next year.<\/span><\/span><\/span><\/div>\n<div class=\"UdTY9 WdefRb\" aria-hidden=\"true\" data-location=\"2\">\n<div class=\"kO6q6e\"><\/div>\n<\/div>\n<div class=\"VO9ucd\">\n<div class=\"aJIq1d\" data-language-code=\"it\" data-language-name=\"Italiano\" data-text=\"Note di testa: advocaat, mandarino, vin brul\u00e8, narciso, giacinto Note di cuore: torta sacher, amaretto al ribes nero, confettura di prugne, cornetto al miele, panettone alle mandorle e arancia candita, veleno Note di fondo: tabacco da pipa, mirra, legno di sandalo, nardo, balsamo di abete, legno di ebano, vapore di cioccolata calda, caramelle al latte, crema per le mani, gocce di neve Oggi mi sono ricordata della settimana prima di Natale. domenica 18.12. Aspettando alla stazione dei treni di Parigi, anni fa, una promessa fatta 6 mesi prima a Vienna. Persone intorno a me provenienti dalla fiera, fiori regalati, bevute bevute, dolci momenti condivisi... Dolci paroline. Avevamo anche cos\u00ec tanti progetti. Abbiamo parlato di cos\u00ec tanto in cos\u00ec poco tempo. E ancora detto troppo poco. Mi hai dato tutto di te, ti ho dato tutto ci\u00f2 che era rimasto di me. Un bambino piange su una panchina alla mia destra, le sue mani toccano per la prima volta una tazza di cioccolata calda. Anch'io ho freddo. Le mie mani sono screpolate e le tue sono assenti. Mi metto un po' di crema solare per ricordare i giorni migliori. Forse l'anno prossimo.\" data-crosslingual-hint=\"\" data-location=\"2\" data-enable-toggle-playback-speed=\"true\" data-results-count=\"1\" data-result-index=\"1\">\n<div class=\"m0Qfkd\"><\/div>\n<\/div>\n<\/div>\n","protected":false},"excerpt":{"rendered":"<p><span class=\"HwtZe\" lang=\"it\"><span class=\"jCAhz ChMk0b\"><span class=\"ryNqvb\">Top notes: advocaat, mandarin, mulled wine, narcissus, hyacinth;<\/span><\/span><\/span><\/p>\n<p><span class=\"HwtZe\" lang=\"it\"><span class=\"jCAhz ChMk0b\"><span class=\"ryNqvb\">Heart notes: sacher cake, blackcurrant amaretto, plum jam, honey croissant, almond and candied orange panettone, poison;<\/span><\/span><\/span><\/p>\n<p><span class=\"HwtZe\" lang=\"it\"><span class=\"jCAhz ChMk0b\"><span class=\"ryNqvb\">Base notes: pipe tobacco, myrrh, sandalwood, nard, fir balm, ebony wood, hot chocolate vapor, milk candies, hand cream, snow drops.<\/span><\/span><\/span><\/p>\n","protected":false},"featured_media":72634,"comment_status":"open","ping_status":"closed","template":"","meta":{"_et_pb_use_builder":"","_et_pb_old_content":"","_et_gb_content_width":"","_themeisle_gutenberg_block_has_review":false},"product_brand":[],"product_cat":[4879,4857,4865,6787,5037,4860],"product_tag":[],"class_list":{"0":"post-72632","1":"product","2":"type-product","3":"status-publish","4":"has-post-thumbnail","6":"product_cat-brands-en","7":"product_cat-fragrances","8":"product_cat-olfactory-families","9":"product_cat-samples-en","10":"product_cat-toskovat-en","11":"product_cat-unisex-fragrances","12":"pa_categoria_desc-unisex-perfumes","13":"pa_confezione_desc-original-blister-package","14":"pa_formato_filtro-2ml-en","15":"pa_formato_filtro-60ml-en","16":"pa_produttore-toskovat-en","17":"pa_spedizione_gratuita-yes","18":"pa_tipo_filtro-extrait-de-parfum","20":"first","21":"instock","22":"shipping-taxable","23":"purchasable","24":"product-type-variable"},"yoast_head":"<!-- This site is optimized with the Yoast SEO plugin v27.3 - https:\/\/yoast.com\/product\/yoast-seo-wordpress\/ -->\n<title>TOSKOVAT THINGS WE NEVER SHARED EXTRAIT DE MEMOIRE SPRAY 60ML<\/title>\n<meta name=\"robots\" content=\"index, follow, max-snippet:-1, max-image-preview:large, max-video-preview:-1\" \/>\n<link rel=\"canonical\" href=\"https:\/\/www.profumixluxurybrands.it\/en\/brands\/toskovat-things-we-never-shared-extrait-de-memoire-spray-60ml\/\" \/>\n<meta property=\"og:locale\" content=\"en_US\" \/>\n<meta property=\"og:type\" content=\"article\" \/>\n<meta property=\"og:title\" content=\"TOSKOVAT THINGS WE NEVER SHARED EXTRAIT DE MEMOIRE SPRAY 60ML\" \/>\n<meta property=\"og:description\" content=\"Top notes: advocaat, mandarin, mulled wine, narcissus, hyacinth; Heart notes: sacher cake, blackcurrant amaretto, plum jam, honey croissant, almond and candied orange panettone, poison; Base notes: pipe tobacco, myrrh, sandalwood, nard, fir balm, ebony wood, hot chocolate vapor, milk candies, hand cream, snow drops.\" \/>\n<meta property=\"og:url\" content=\"https:\/\/www.profumixluxurybrands.it\/en\/brands\/toskovat-things-we-never-shared-extrait-de-memoire-spray-60ml\/\" \/>\n<meta property=\"og:site_name\" content=\"Profumix Luxury Perfumes\" \/>\n<meta property=\"article:publisher\" content=\"https:\/\/www.facebook.com\/profumix\" \/>\n<meta property=\"article:modified_time\" content=\"2026-03-26T13:06:22+00:00\" \/>\n<meta property=\"og:image\" content=\"https:\/\/www.profumixluxurybrands.it\/wp-content\/uploads\/2023\/02\/twns-clean-bottle-scaled-1.jpg\" \/>\n\t<meta property=\"og:image:width\" content=\"1400\" \/>\n\t<meta property=\"og:image:height\" content=\"1400\" \/>\n\t<meta property=\"og:image:type\" content=\"image\/jpeg\" \/>\n<meta name=\"twitter:card\" content=\"summary_large_image\" \/>\n<meta name=\"twitter:label1\" content=\"Est. reading time\" \/>\n\t<meta name=\"twitter:data1\" content=\"1 minute\" \/>\n<script type=\"application\/ld+json\" class=\"yoast-schema-graph\">{\"@context\":\"https:\\\/\\\/schema.org\",\"@graph\":[{\"@type\":\"WebPage\",\"@id\":\"https:\\\/\\\/www.profumixluxurybrands.it\\\/en\\\/brands\\\/toskovat-things-we-never-shared-extrait-de-memoire-spray-60ml\\\/\",\"url\":\"https:\\\/\\\/www.profumixluxurybrands.it\\\/en\\\/brands\\\/toskovat-things-we-never-shared-extrait-de-memoire-spray-60ml\\\/\",\"name\":\"TOSKOVAT THINGS WE NEVER SHARED EXTRAIT DE MEMOIRE SPRAY 60ML\",\"isPartOf\":{\"@id\":\"https:\\\/\\\/www.profumixluxurybrands.it\\\/en\\\/#website\"},\"primaryImageOfPage\":{\"@id\":\"https:\\\/\\\/www.profumixluxurybrands.it\\\/en\\\/brands\\\/toskovat-things-we-never-shared-extrait-de-memoire-spray-60ml\\\/#primaryimage\"},\"image\":{\"@id\":\"https:\\\/\\\/www.profumixluxurybrands.it\\\/en\\\/brands\\\/toskovat-things-we-never-shared-extrait-de-memoire-spray-60ml\\\/#primaryimage\"},\"thumbnailUrl\":\"https:\\\/\\\/www.profumixluxurybrands.it\\\/wp-content\\\/uploads\\\/2023\\\/02\\\/twns-clean-bottle-scaled-1.jpg\",\"datePublished\":\"2023-02-23T11:35:52+00:00\",\"dateModified\":\"2026-03-26T13:06:22+00:00\",\"breadcrumb\":{\"@id\":\"https:\\\/\\\/www.profumixluxurybrands.it\\\/en\\\/brands\\\/toskovat-things-we-never-shared-extrait-de-memoire-spray-60ml\\\/#breadcrumb\"},\"inLanguage\":\"en-US\",\"potentialAction\":[{\"@type\":\"ReadAction\",\"target\":[\"https:\\\/\\\/www.profumixluxurybrands.it\\\/en\\\/brands\\\/toskovat-things-we-never-shared-extrait-de-memoire-spray-60ml\\\/\"]}]},{\"@type\":\"ImageObject\",\"inLanguage\":\"en-US\",\"@id\":\"https:\\\/\\\/www.profumixluxurybrands.it\\\/en\\\/brands\\\/toskovat-things-we-never-shared-extrait-de-memoire-spray-60ml\\\/#primaryimage\",\"url\":\"https:\\\/\\\/www.profumixluxurybrands.it\\\/wp-content\\\/uploads\\\/2023\\\/02\\\/twns-clean-bottle-scaled-1.jpg\",\"contentUrl\":\"https:\\\/\\\/www.profumixluxurybrands.it\\\/wp-content\\\/uploads\\\/2023\\\/02\\\/twns-clean-bottle-scaled-1.jpg\",\"width\":1400,\"height\":1400},{\"@type\":\"BreadcrumbList\",\"@id\":\"https:\\\/\\\/www.profumixluxurybrands.it\\\/en\\\/brands\\\/toskovat-things-we-never-shared-extrait-de-memoire-spray-60ml\\\/#breadcrumb\",\"itemListElement\":[{\"@type\":\"ListItem\",\"position\":1,\"name\":\"Home\",\"item\":\"https:\\\/\\\/www.profumixluxurybrands.it\\\/en\\\/\"},{\"@type\":\"ListItem\",\"position\":2,\"name\":\"Shop\",\"item\":\"https:\\\/\\\/www.profumixluxurybrands.it\\\/en\\\/shop\\\/\"},{\"@type\":\"ListItem\",\"position\":3,\"name\":\"TOSKOVAT\",\"item\":\"https:\\\/\\\/www.profumixluxurybrands.it\\\/en\\\/produttore\\\/toskovat-en\\\/\"},{\"@type\":\"ListItem\",\"position\":4,\"name\":\"TOSKOVAT THINGS WE NEVER SHARED EXTRAIT DE MEMOIRE SPRAY 60ML\"}]},{\"@type\":\"WebSite\",\"@id\":\"https:\\\/\\\/www.profumixluxurybrands.it\\\/en\\\/#website\",\"url\":\"https:\\\/\\\/www.profumixluxurybrands.it\\\/en\\\/\",\"name\":\"Profumix Luxury Perfumes\",\"description\":\"\",\"publisher\":{\"@id\":\"https:\\\/\\\/www.profumixluxurybrands.it\\\/en\\\/#organization\"},\"potentialAction\":[{\"@type\":\"SearchAction\",\"target\":{\"@type\":\"EntryPoint\",\"urlTemplate\":\"https:\\\/\\\/www.profumixluxurybrands.it\\\/en\\\/?s={search_term_string}\"},\"query-input\":{\"@type\":\"PropertyValueSpecification\",\"valueRequired\":true,\"valueName\":\"search_term_string\"}}],\"inLanguage\":\"en-US\"},{\"@type\":\"Organization\",\"@id\":\"https:\\\/\\\/www.profumixluxurybrands.it\\\/en\\\/#organization\",\"name\":\"Profumix Luxury Perfumes\",\"url\":\"https:\\\/\\\/www.profumixluxurybrands.it\\\/en\\\/\",\"logo\":{\"@type\":\"ImageObject\",\"inLanguage\":\"en-US\",\"@id\":\"https:\\\/\\\/www.profumixluxurybrands.it\\\/en\\\/#\\\/schema\\\/logo\\\/image\\\/\",\"url\":\"https:\\\/\\\/www.profumixluxurybrands.it\\\/wp-content\\\/uploads\\\/2022\\\/09\\\/logo-profumixluxury-ev.png\",\"contentUrl\":\"https:\\\/\\\/www.profumixluxurybrands.it\\\/wp-content\\\/uploads\\\/2022\\\/09\\\/logo-profumixluxury-ev.png\",\"width\":374,\"height\":176,\"caption\":\"Profumix Luxury Perfumes\"},\"image\":{\"@id\":\"https:\\\/\\\/www.profumixluxurybrands.it\\\/en\\\/#\\\/schema\\\/logo\\\/image\\\/\"},\"sameAs\":[\"https:\\\/\\\/www.facebook.com\\\/profumix\",\"https:\\\/\\\/www.instagram.com\\\/profumix_luxury_brands\\\/\"]}]}<\/script>\n<!-- \/ Yoast SEO plugin. -->","yoast_head_json":{"title":"TOSKOVAT THINGS WE NEVER SHARED EXTRAIT DE MEMOIRE SPRAY 60ML","robots":{"index":"index","follow":"follow","max-snippet":"max-snippet:-1","max-image-preview":"max-image-preview:large","max-video-preview":"max-video-preview:-1"},"canonical":"https:\/\/www.profumixluxurybrands.it\/en\/brands\/toskovat-things-we-never-shared-extrait-de-memoire-spray-60ml\/","og_locale":"en_US","og_type":"article","og_title":"TOSKOVAT THINGS WE NEVER SHARED EXTRAIT DE MEMOIRE SPRAY 60ML","og_description":"Top notes: advocaat, mandarin, mulled wine, narcissus, hyacinth; Heart notes: sacher cake, blackcurrant amaretto, plum jam, honey croissant, almond and candied orange panettone, poison; Base notes: pipe tobacco, myrrh, sandalwood, nard, fir balm, ebony wood, hot chocolate vapor, milk candies, hand cream, snow drops.","og_url":"https:\/\/www.profumixluxurybrands.it\/en\/brands\/toskovat-things-we-never-shared-extrait-de-memoire-spray-60ml\/","og_site_name":"Profumix Luxury Perfumes","article_publisher":"https:\/\/www.facebook.com\/profumix","article_modified_time":"2026-03-26T13:06:22+00:00","og_image":[{"width":1400,"height":1400,"url":"https:\/\/www.profumixluxurybrands.it\/wp-content\/uploads\/2023\/02\/twns-clean-bottle-scaled-1.jpg","type":"image\/jpeg"}],"twitter_card":"summary_large_image","twitter_misc":{"Est. reading time":"1 minute"},"schema":{"@context":"https:\/\/schema.org","@graph":[{"@type":"WebPage","@id":"https:\/\/www.profumixluxurybrands.it\/en\/brands\/toskovat-things-we-never-shared-extrait-de-memoire-spray-60ml\/","url":"https:\/\/www.profumixluxurybrands.it\/en\/brands\/toskovat-things-we-never-shared-extrait-de-memoire-spray-60ml\/","name":"TOSKOVAT THINGS WE NEVER SHARED EXTRAIT DE MEMOIRE SPRAY 60ML","isPartOf":{"@id":"https:\/\/www.profumixluxurybrands.it\/en\/#website"},"primaryImageOfPage":{"@id":"https:\/\/www.profumixluxurybrands.it\/en\/brands\/toskovat-things-we-never-shared-extrait-de-memoire-spray-60ml\/#primaryimage"},"image":{"@id":"https:\/\/www.profumixluxurybrands.it\/en\/brands\/toskovat-things-we-never-shared-extrait-de-memoire-spray-60ml\/#primaryimage"},"thumbnailUrl":"https:\/\/www.profumixluxurybrands.it\/wp-content\/uploads\/2023\/02\/twns-clean-bottle-scaled-1.jpg","datePublished":"2023-02-23T11:35:52+00:00","dateModified":"2026-03-26T13:06:22+00:00","breadcrumb":{"@id":"https:\/\/www.profumixluxurybrands.it\/en\/brands\/toskovat-things-we-never-shared-extrait-de-memoire-spray-60ml\/#breadcrumb"},"inLanguage":"en-US","potentialAction":[{"@type":"ReadAction","target":["https:\/\/www.profumixluxurybrands.it\/en\/brands\/toskovat-things-we-never-shared-extrait-de-memoire-spray-60ml\/"]}]},{"@type":"ImageObject","inLanguage":"en-US","@id":"https:\/\/www.profumixluxurybrands.it\/en\/brands\/toskovat-things-we-never-shared-extrait-de-memoire-spray-60ml\/#primaryimage","url":"https:\/\/www.profumixluxurybrands.it\/wp-content\/uploads\/2023\/02\/twns-clean-bottle-scaled-1.jpg","contentUrl":"https:\/\/www.profumixluxurybrands.it\/wp-content\/uploads\/2023\/02\/twns-clean-bottle-scaled-1.jpg","width":1400,"height":1400},{"@type":"BreadcrumbList","@id":"https:\/\/www.profumixluxurybrands.it\/en\/brands\/toskovat-things-we-never-shared-extrait-de-memoire-spray-60ml\/#breadcrumb","itemListElement":[{"@type":"ListItem","position":1,"name":"Home","item":"https:\/\/www.profumixluxurybrands.it\/en\/"},{"@type":"ListItem","position":2,"name":"Shop","item":"https:\/\/www.profumixluxurybrands.it\/en\/shop\/"},{"@type":"ListItem","position":3,"name":"TOSKOVAT","item":"https:\/\/www.profumixluxurybrands.it\/en\/produttore\/toskovat-en\/"},{"@type":"ListItem","position":4,"name":"TOSKOVAT THINGS WE NEVER SHARED EXTRAIT DE MEMOIRE SPRAY 60ML"}]},{"@type":"WebSite","@id":"https:\/\/www.profumixluxurybrands.it\/en\/#website","url":"https:\/\/www.profumixluxurybrands.it\/en\/","name":"Profumix Luxury Perfumes","description":"","publisher":{"@id":"https:\/\/www.profumixluxurybrands.it\/en\/#organization"},"potentialAction":[{"@type":"SearchAction","target":{"@type":"EntryPoint","urlTemplate":"https:\/\/www.profumixluxurybrands.it\/en\/?s={search_term_string}"},"query-input":{"@type":"PropertyValueSpecification","valueRequired":true,"valueName":"search_term_string"}}],"inLanguage":"en-US"},{"@type":"Organization","@id":"https:\/\/www.profumixluxurybrands.it\/en\/#organization","name":"Profumix Luxury Perfumes","url":"https:\/\/www.profumixluxurybrands.it\/en\/","logo":{"@type":"ImageObject","inLanguage":"en-US","@id":"https:\/\/www.profumixluxurybrands.it\/en\/#\/schema\/logo\/image\/","url":"https:\/\/www.profumixluxurybrands.it\/wp-content\/uploads\/2022\/09\/logo-profumixluxury-ev.png","contentUrl":"https:\/\/www.profumixluxurybrands.it\/wp-content\/uploads\/2022\/09\/logo-profumixluxury-ev.png","width":374,"height":176,"caption":"Profumix Luxury Perfumes"},"image":{"@id":"https:\/\/www.profumixluxurybrands.it\/en\/#\/schema\/logo\/image\/"},"sameAs":["https:\/\/www.facebook.com\/profumix","https:\/\/www.instagram.com\/profumix_luxury_brands\/"]}]}},"_links":{"self":[{"href":"https:\/\/www.profumixluxurybrands.it\/en\/wp-json\/wp\/v2\/product\/72632","targetHints":{"allow":["GET"]}}],"collection":[{"href":"https:\/\/www.profumixluxurybrands.it\/en\/wp-json\/wp\/v2\/product"}],"about":[{"href":"https:\/\/www.profumixluxurybrands.it\/en\/wp-json\/wp\/v2\/types\/product"}],"replies":[{"embeddable":true,"href":"https:\/\/www.profumixluxurybrands.it\/en\/wp-json\/wp\/v2\/comments?post=72632"}],"wp:featuredmedia":[{"embeddable":true,"href":"https:\/\/www.profumixluxurybrands.it\/en\/wp-json\/wp\/v2\/media\/72634"}],"wp:attachment":[{"href":"https:\/\/www.profumixluxurybrands.it\/en\/wp-json\/wp\/v2\/media?parent=72632"}],"wp:term":[{"taxonomy":"product_brand","embeddable":true,"href":"https:\/\/www.profumixluxurybrands.it\/en\/wp-json\/wp\/v2\/product_brand?post=72632"},{"taxonomy":"product_cat","embeddable":true,"href":"https:\/\/www.profumixluxurybrands.it\/en\/wp-json\/wp\/v2\/product_cat?post=72632"},{"taxonomy":"product_tag","embeddable":true,"href":"https:\/\/www.profumixluxurybrands.it\/en\/wp-json\/wp\/v2\/product_tag?post=72632"}],"curies":[{"name":"wp","href":"https:\/\/api.w.org\/{rel}","templated":true}]}}