{"id":72508,"date":"2023-02-10T09:22:52","date_gmt":"2023-02-10T08:22:52","guid":{"rendered":"https:\/\/www.profumixluxurybrands.it\/?post_type=product&#038;p=72508"},"modified":"2023-03-24T19:08:01","modified_gmt":"2023-03-24T18:08:01","slug":"liquides-imaginaires-eau-sanguine-dom-rosa-millesime-eau-de-parfum-spray-100ml","status":"publish","type":"product","link":"https:\/\/www.profumixluxurybrands.it\/en\/brands\/liquides-imaginaires-eau-sanguine-dom-rosa-millesime-eau-de-parfum-spray-100ml\/","title":{"rendered":"LIQUIDES IMAGINAIRES EAU SANGUINE DOM ROSA Millesim\u00e8 EAU DE PARFUM SPRAY 100ML"},"content":{"rendered":"<p><span class=\"HwtZe\" lang=\"it\"><span class=\"jCAhz ChMk0b\"><span class=\"ryNqvb\">Limited edition packaging for the anniversary and higher concentration of juice.<\/span><\/span><\/span><\/p>\n<p>Dom Rosa Mill\u00e9sim\u00e9 is an intoxicating perfume with a sparkling and sensitive character, an intoxication of festive pleasures.<\/p>\n<p><em><strong>DOM &#8211; has a meaning denoting rank and\/or status\/an allusion to Dom Perignon, a prestigious cuv\u00e9e, an elite lot, which are the top positions of the producer.<\/strong><\/em><\/p>\n<p><em><strong>PINK \u2013 rose flower, the shade of Ros\u00e9 champagne.<\/strong><\/em><\/p>\n<p><em><strong>MILLESIME (fr. a great vintage) &#8211; in the wine industry, refers to a vintage wine; a particular vintage and place from which the quality of the wine is superb.<\/strong><\/em><\/p>\n<p>&nbsp;<\/p>\n","protected":false},"excerpt":{"rendered":"<p>Dom Rosa Mill\u00e9sim\u00e9 by Liquides Imaginaires, was born in a celebratory Limited Edition to celebrate the 10th anniversary of one of the most loved fragrances of the maison.<\/p>\n<p>The rose bushes are grown on the vine at the end of each row for a reason. It may seem like a nice addition, but in reality they warn the winemaker of the presence of diseases or parasites that often attack the vines&#8230; Both roses and vines are susceptible to the same fungal diseases. Roses, however, show signs before the vines and thus can act as an early warning. As soon as a disease is detected in the roses, the proper treatment can be applied to save the crops\u2026 It was in Burgundy that French monks realized that rose bushes planted near vines would show signs of disease before the vines did. Since then, a rose has sacrificed its beauty in the name of saving the vines&#8230;<\/p>\n<p><strong>Top Notes: Sparkling Champagne Accord, Grapefruit, Pear Accord<\/strong><\/p>\n<p><strong>Heart Notes:<\/strong> Playful Damask Rose, Cloves, Incense<\/p>\n<p><strong>Base Notes: Wood Accord, Cedarwood, Vetiver, Guaiac Wood<\/strong><\/p>\n","protected":false},"featured_media":72510,"comment_status":"open","ping_status":"closed","template":"","meta":{"_et_pb_use_builder":"","_et_pb_old_content":"","_et_gb_content_width":"","_themeisle_gutenberg_block_has_review":false},"product_brand":[],"product_cat":[4879,4857,4888,5235,4891,4887,4860],"product_tag":[],"class_list":{"0":"post-72508","1":"product","2":"type-product","3":"status-publish","4":"has-post-thumbnail","6":"product_cat-brands-en","7":"product_cat-fragrances","8":"product_cat-in-evidence","9":"product_cat-liquides-imaginaires-en","10":"product_cat-prodotti_luxury","11":"product_cat-products","12":"product_cat-unisex-fragrances","13":"pa_categoria_desc-unisex-perfumes","14":"pa_confezione_desc-original-packaging-no-tester","15":"pa_formato_filtro-100ml-en","16":"pa_produttore-liquides-imaginaires","17":"pa_spedizione_gratuita-yes","18":"pa_tipo_filtro-parfum-en","20":"first","21":"instock","22":"shipping-taxable","23":"purchasable","24":"product-type-simple"},"yoast_head":"<!-- This site is optimized with the Yoast SEO plugin v27.5 - https:\/\/yoast.com\/product\/yoast-seo-wordpress\/ -->\n<title>LIQUIDES IMAGINAIRES EAU SANGUINE DOM ROSA Millesim\u00e8 EAU DE PARFUM SPRAY 100ML<\/title>\n<meta name=\"robots\" content=\"index, follow, max-snippet:-1, max-image-preview:large, max-video-preview:-1\" \/>\n<link rel=\"canonical\" href=\"https:\/\/www.profumixluxurybrands.it\/en\/brands\/liquides-imaginaires-eau-sanguine-dom-rosa-millesime-eau-de-parfum-spray-100ml\/\" \/>\n<meta property=\"og:locale\" content=\"en_US\" \/>\n<meta property=\"og:type\" content=\"article\" \/>\n<meta property=\"og:title\" content=\"LIQUIDES IMAGINAIRES EAU SANGUINE DOM ROSA Millesim\u00e8 EAU DE PARFUM SPRAY 100ML\" \/>\n<meta property=\"og:description\" content=\"Dom Rosa Mill\u00e9sim\u00e9 by Liquides Imaginaires, was born in a celebratory Limited Edition to celebrate the 10th anniversary of one of the most loved fragrances of the maison. The rose bushes are grown on the vine at the end of each row for a reason. It may seem like a nice addition, but in reality they warn the winemaker of the presence of diseases or parasites that often attack the vines... Both roses and vines are susceptible to the same fungal diseases. Roses, however, show signs before the vines and thus can act as an early warning. As soon as a disease is detected in the roses, the proper treatment can be applied to save the crops\u2026 It was in Burgundy that French monks realized that rose bushes planted near vines would show signs of disease before the vines did. Since then, a rose has sacrificed its beauty in the name of saving the vines... Top Notes: Sparkling Champagne Accord, Grapefruit, Pear Accord Heart Notes: Playful Damask Rose, Cloves, Incense Base Notes: Wood Accord, Cedarwood, Vetiver, Guaiac Wood\" \/>\n<meta property=\"og:url\" content=\"https:\/\/www.profumixluxurybrands.it\/en\/brands\/liquides-imaginaires-eau-sanguine-dom-rosa-millesime-eau-de-parfum-spray-100ml\/\" \/>\n<meta property=\"og:site_name\" content=\"Profumix Luxury Perfumes\" \/>\n<meta property=\"article:publisher\" content=\"https:\/\/www.facebook.com\/profumix\" \/>\n<meta property=\"article:modified_time\" content=\"2023-03-24T18:08:01+00:00\" \/>\n<meta property=\"og:image\" content=\"https:\/\/www.profumixluxurybrands.it\/wp-content\/uploads\/2023\/02\/DOMROSA_MILLESIME.jpg\" \/>\n\t<meta property=\"og:image:width\" content=\"1400\" \/>\n\t<meta property=\"og:image:height\" content=\"1400\" \/>\n\t<meta property=\"og:image:type\" content=\"image\/jpeg\" \/>\n<meta name=\"twitter:card\" content=\"summary_large_image\" \/>\n<meta name=\"twitter:label1\" content=\"Est. reading time\" \/>\n\t<meta name=\"twitter:data1\" content=\"1 minute\" \/>\n<script type=\"application\/ld+json\" class=\"yoast-schema-graph\">{\"@context\":\"https:\\\/\\\/schema.org\",\"@graph\":[{\"@type\":\"WebPage\",\"@id\":\"https:\\\/\\\/www.profumixluxurybrands.it\\\/en\\\/brands\\\/liquides-imaginaires-eau-sanguine-dom-rosa-millesime-eau-de-parfum-spray-100ml\\\/\",\"url\":\"https:\\\/\\\/www.profumixluxurybrands.it\\\/en\\\/brands\\\/liquides-imaginaires-eau-sanguine-dom-rosa-millesime-eau-de-parfum-spray-100ml\\\/\",\"name\":\"LIQUIDES IMAGINAIRES EAU SANGUINE DOM ROSA Millesim\u00e8 EAU DE PARFUM SPRAY 100ML\",\"isPartOf\":{\"@id\":\"https:\\\/\\\/www.profumixluxurybrands.it\\\/en\\\/#website\"},\"primaryImageOfPage\":{\"@id\":\"https:\\\/\\\/www.profumixluxurybrands.it\\\/en\\\/brands\\\/liquides-imaginaires-eau-sanguine-dom-rosa-millesime-eau-de-parfum-spray-100ml\\\/#primaryimage\"},\"image\":{\"@id\":\"https:\\\/\\\/www.profumixluxurybrands.it\\\/en\\\/brands\\\/liquides-imaginaires-eau-sanguine-dom-rosa-millesime-eau-de-parfum-spray-100ml\\\/#primaryimage\"},\"thumbnailUrl\":\"https:\\\/\\\/www.profumixluxurybrands.it\\\/wp-content\\\/uploads\\\/2023\\\/02\\\/DOMROSA_MILLESIME.jpg\",\"datePublished\":\"2023-02-10T08:22:52+00:00\",\"dateModified\":\"2023-03-24T18:08:01+00:00\",\"breadcrumb\":{\"@id\":\"https:\\\/\\\/www.profumixluxurybrands.it\\\/en\\\/brands\\\/liquides-imaginaires-eau-sanguine-dom-rosa-millesime-eau-de-parfum-spray-100ml\\\/#breadcrumb\"},\"inLanguage\":\"en-US\",\"potentialAction\":[{\"@type\":\"ReadAction\",\"target\":[\"https:\\\/\\\/www.profumixluxurybrands.it\\\/en\\\/brands\\\/liquides-imaginaires-eau-sanguine-dom-rosa-millesime-eau-de-parfum-spray-100ml\\\/\"]}]},{\"@type\":\"ImageObject\",\"inLanguage\":\"en-US\",\"@id\":\"https:\\\/\\\/www.profumixluxurybrands.it\\\/en\\\/brands\\\/liquides-imaginaires-eau-sanguine-dom-rosa-millesime-eau-de-parfum-spray-100ml\\\/#primaryimage\",\"url\":\"https:\\\/\\\/www.profumixluxurybrands.it\\\/wp-content\\\/uploads\\\/2023\\\/02\\\/DOMROSA_MILLESIME.jpg\",\"contentUrl\":\"https:\\\/\\\/www.profumixluxurybrands.it\\\/wp-content\\\/uploads\\\/2023\\\/02\\\/DOMROSA_MILLESIME.jpg\",\"width\":1400,\"height\":1400},{\"@type\":\"BreadcrumbList\",\"@id\":\"https:\\\/\\\/www.profumixluxurybrands.it\\\/en\\\/brands\\\/liquides-imaginaires-eau-sanguine-dom-rosa-millesime-eau-de-parfum-spray-100ml\\\/#breadcrumb\",\"itemListElement\":[{\"@type\":\"ListItem\",\"position\":1,\"name\":\"Home\",\"item\":\"https:\\\/\\\/www.profumixluxurybrands.it\\\/en\\\/\"},{\"@type\":\"ListItem\",\"position\":2,\"name\":\"Shop\",\"item\":\"https:\\\/\\\/www.profumixluxurybrands.it\\\/en\\\/shop\\\/\"},{\"@type\":\"ListItem\",\"position\":3,\"name\":\"LIQUIDES IMAGINAIRES EAU SANGUINE DOM ROSA Millesim\u00e8 EAU DE PARFUM SPRAY 100ML\"}]},{\"@type\":\"WebSite\",\"@id\":\"https:\\\/\\\/www.profumixluxurybrands.it\\\/en\\\/#website\",\"url\":\"https:\\\/\\\/www.profumixluxurybrands.it\\\/en\\\/\",\"name\":\"Profumix Luxury Perfumes\",\"description\":\"\",\"publisher\":{\"@id\":\"https:\\\/\\\/www.profumixluxurybrands.it\\\/en\\\/#organization\"},\"potentialAction\":[{\"@type\":\"SearchAction\",\"target\":{\"@type\":\"EntryPoint\",\"urlTemplate\":\"https:\\\/\\\/www.profumixluxurybrands.it\\\/en\\\/?s={search_term_string}\"},\"query-input\":{\"@type\":\"PropertyValueSpecification\",\"valueRequired\":true,\"valueName\":\"search_term_string\"}}],\"inLanguage\":\"en-US\"},{\"@type\":\"Organization\",\"@id\":\"https:\\\/\\\/www.profumixluxurybrands.it\\\/en\\\/#organization\",\"name\":\"Profumix Luxury Perfumes\",\"url\":\"https:\\\/\\\/www.profumixluxurybrands.it\\\/en\\\/\",\"logo\":{\"@type\":\"ImageObject\",\"inLanguage\":\"en-US\",\"@id\":\"https:\\\/\\\/www.profumixluxurybrands.it\\\/en\\\/#\\\/schema\\\/logo\\\/image\\\/\",\"url\":\"https:\\\/\\\/www.profumixluxurybrands.it\\\/wp-content\\\/uploads\\\/2022\\\/09\\\/logo-profumixluxury-ev.png\",\"contentUrl\":\"https:\\\/\\\/www.profumixluxurybrands.it\\\/wp-content\\\/uploads\\\/2022\\\/09\\\/logo-profumixluxury-ev.png\",\"width\":374,\"height\":176,\"caption\":\"Profumix Luxury Perfumes\"},\"image\":{\"@id\":\"https:\\\/\\\/www.profumixluxurybrands.it\\\/en\\\/#\\\/schema\\\/logo\\\/image\\\/\"},\"sameAs\":[\"https:\\\/\\\/www.facebook.com\\\/profumix\",\"https:\\\/\\\/www.instagram.com\\\/profumix_luxury_brands\\\/\"]}]}<\/script>\n<!-- \/ Yoast SEO plugin. -->","yoast_head_json":{"title":"LIQUIDES IMAGINAIRES EAU SANGUINE DOM ROSA Millesim\u00e8 EAU DE PARFUM SPRAY 100ML","robots":{"index":"index","follow":"follow","max-snippet":"max-snippet:-1","max-image-preview":"max-image-preview:large","max-video-preview":"max-video-preview:-1"},"canonical":"https:\/\/www.profumixluxurybrands.it\/en\/brands\/liquides-imaginaires-eau-sanguine-dom-rosa-millesime-eau-de-parfum-spray-100ml\/","og_locale":"en_US","og_type":"article","og_title":"LIQUIDES IMAGINAIRES EAU SANGUINE DOM ROSA Millesim\u00e8 EAU DE PARFUM SPRAY 100ML","og_description":"Dom Rosa Mill\u00e9sim\u00e9 by Liquides Imaginaires, was born in a celebratory Limited Edition to celebrate the 10th anniversary of one of the most loved fragrances of the maison. The rose bushes are grown on the vine at the end of each row for a reason. It may seem like a nice addition, but in reality they warn the winemaker of the presence of diseases or parasites that often attack the vines... Both roses and vines are susceptible to the same fungal diseases. Roses, however, show signs before the vines and thus can act as an early warning. As soon as a disease is detected in the roses, the proper treatment can be applied to save the crops\u2026 It was in Burgundy that French monks realized that rose bushes planted near vines would show signs of disease before the vines did. Since then, a rose has sacrificed its beauty in the name of saving the vines... Top Notes: Sparkling Champagne Accord, Grapefruit, Pear Accord Heart Notes: Playful Damask Rose, Cloves, Incense Base Notes: Wood Accord, Cedarwood, Vetiver, Guaiac Wood","og_url":"https:\/\/www.profumixluxurybrands.it\/en\/brands\/liquides-imaginaires-eau-sanguine-dom-rosa-millesime-eau-de-parfum-spray-100ml\/","og_site_name":"Profumix Luxury Perfumes","article_publisher":"https:\/\/www.facebook.com\/profumix","article_modified_time":"2023-03-24T18:08:01+00:00","og_image":[{"width":1400,"height":1400,"url":"https:\/\/www.profumixluxurybrands.it\/wp-content\/uploads\/2023\/02\/DOMROSA_MILLESIME.jpg","type":"image\/jpeg"}],"twitter_card":"summary_large_image","twitter_misc":{"Est. reading time":"1 minute"},"schema":{"@context":"https:\/\/schema.org","@graph":[{"@type":"WebPage","@id":"https:\/\/www.profumixluxurybrands.it\/en\/brands\/liquides-imaginaires-eau-sanguine-dom-rosa-millesime-eau-de-parfum-spray-100ml\/","url":"https:\/\/www.profumixluxurybrands.it\/en\/brands\/liquides-imaginaires-eau-sanguine-dom-rosa-millesime-eau-de-parfum-spray-100ml\/","name":"LIQUIDES IMAGINAIRES EAU SANGUINE DOM ROSA Millesim\u00e8 EAU DE PARFUM SPRAY 100ML","isPartOf":{"@id":"https:\/\/www.profumixluxurybrands.it\/en\/#website"},"primaryImageOfPage":{"@id":"https:\/\/www.profumixluxurybrands.it\/en\/brands\/liquides-imaginaires-eau-sanguine-dom-rosa-millesime-eau-de-parfum-spray-100ml\/#primaryimage"},"image":{"@id":"https:\/\/www.profumixluxurybrands.it\/en\/brands\/liquides-imaginaires-eau-sanguine-dom-rosa-millesime-eau-de-parfum-spray-100ml\/#primaryimage"},"thumbnailUrl":"https:\/\/www.profumixluxurybrands.it\/wp-content\/uploads\/2023\/02\/DOMROSA_MILLESIME.jpg","datePublished":"2023-02-10T08:22:52+00:00","dateModified":"2023-03-24T18:08:01+00:00","breadcrumb":{"@id":"https:\/\/www.profumixluxurybrands.it\/en\/brands\/liquides-imaginaires-eau-sanguine-dom-rosa-millesime-eau-de-parfum-spray-100ml\/#breadcrumb"},"inLanguage":"en-US","potentialAction":[{"@type":"ReadAction","target":["https:\/\/www.profumixluxurybrands.it\/en\/brands\/liquides-imaginaires-eau-sanguine-dom-rosa-millesime-eau-de-parfum-spray-100ml\/"]}]},{"@type":"ImageObject","inLanguage":"en-US","@id":"https:\/\/www.profumixluxurybrands.it\/en\/brands\/liquides-imaginaires-eau-sanguine-dom-rosa-millesime-eau-de-parfum-spray-100ml\/#primaryimage","url":"https:\/\/www.profumixluxurybrands.it\/wp-content\/uploads\/2023\/02\/DOMROSA_MILLESIME.jpg","contentUrl":"https:\/\/www.profumixluxurybrands.it\/wp-content\/uploads\/2023\/02\/DOMROSA_MILLESIME.jpg","width":1400,"height":1400},{"@type":"BreadcrumbList","@id":"https:\/\/www.profumixluxurybrands.it\/en\/brands\/liquides-imaginaires-eau-sanguine-dom-rosa-millesime-eau-de-parfum-spray-100ml\/#breadcrumb","itemListElement":[{"@type":"ListItem","position":1,"name":"Home","item":"https:\/\/www.profumixluxurybrands.it\/en\/"},{"@type":"ListItem","position":2,"name":"Shop","item":"https:\/\/www.profumixluxurybrands.it\/en\/shop\/"},{"@type":"ListItem","position":3,"name":"LIQUIDES IMAGINAIRES EAU SANGUINE DOM ROSA Millesim\u00e8 EAU DE PARFUM SPRAY 100ML"}]},{"@type":"WebSite","@id":"https:\/\/www.profumixluxurybrands.it\/en\/#website","url":"https:\/\/www.profumixluxurybrands.it\/en\/","name":"Profumix Luxury Perfumes","description":"","publisher":{"@id":"https:\/\/www.profumixluxurybrands.it\/en\/#organization"},"potentialAction":[{"@type":"SearchAction","target":{"@type":"EntryPoint","urlTemplate":"https:\/\/www.profumixluxurybrands.it\/en\/?s={search_term_string}"},"query-input":{"@type":"PropertyValueSpecification","valueRequired":true,"valueName":"search_term_string"}}],"inLanguage":"en-US"},{"@type":"Organization","@id":"https:\/\/www.profumixluxurybrands.it\/en\/#organization","name":"Profumix Luxury Perfumes","url":"https:\/\/www.profumixluxurybrands.it\/en\/","logo":{"@type":"ImageObject","inLanguage":"en-US","@id":"https:\/\/www.profumixluxurybrands.it\/en\/#\/schema\/logo\/image\/","url":"https:\/\/www.profumixluxurybrands.it\/wp-content\/uploads\/2022\/09\/logo-profumixluxury-ev.png","contentUrl":"https:\/\/www.profumixluxurybrands.it\/wp-content\/uploads\/2022\/09\/logo-profumixluxury-ev.png","width":374,"height":176,"caption":"Profumix Luxury Perfumes"},"image":{"@id":"https:\/\/www.profumixluxurybrands.it\/en\/#\/schema\/logo\/image\/"},"sameAs":["https:\/\/www.facebook.com\/profumix","https:\/\/www.instagram.com\/profumix_luxury_brands\/"]}]}},"_links":{"self":[{"href":"https:\/\/www.profumixluxurybrands.it\/en\/wp-json\/wp\/v2\/product\/72508","targetHints":{"allow":["GET"]}}],"collection":[{"href":"https:\/\/www.profumixluxurybrands.it\/en\/wp-json\/wp\/v2\/product"}],"about":[{"href":"https:\/\/www.profumixluxurybrands.it\/en\/wp-json\/wp\/v2\/types\/product"}],"replies":[{"embeddable":true,"href":"https:\/\/www.profumixluxurybrands.it\/en\/wp-json\/wp\/v2\/comments?post=72508"}],"wp:featuredmedia":[{"embeddable":true,"href":"https:\/\/www.profumixluxurybrands.it\/en\/wp-json\/wp\/v2\/media\/72510"}],"wp:attachment":[{"href":"https:\/\/www.profumixluxurybrands.it\/en\/wp-json\/wp\/v2\/media?parent=72508"}],"wp:term":[{"taxonomy":"product_brand","embeddable":true,"href":"https:\/\/www.profumixluxurybrands.it\/en\/wp-json\/wp\/v2\/product_brand?post=72508"},{"taxonomy":"product_cat","embeddable":true,"href":"https:\/\/www.profumixluxurybrands.it\/en\/wp-json\/wp\/v2\/product_cat?post=72508"},{"taxonomy":"product_tag","embeddable":true,"href":"https:\/\/www.profumixluxurybrands.it\/en\/wp-json\/wp\/v2\/product_tag?post=72508"}],"curies":[{"name":"wp","href":"https:\/\/api.w.org\/{rel}","templated":true}]}}