{"id":70347,"date":"2021-04-26T10:38:51","date_gmt":"2021-04-26T08:38:51","guid":{"rendered":"https:\/\/www.profumixluxurybrands.it\/brands\/testament-london-exclusive-cosmology-50ml-spray-extrait-de-parfum\/"},"modified":"2025-11-18T18:06:16","modified_gmt":"2025-11-18T17:06:16","slug":"testament-london-exclusive-cosmology-50ml-spray-extrait-de-parfum","status":"publish","type":"product","link":"https:\/\/www.profumixluxurybrands.it\/en\/brands\/testament-london-exclusive-cosmology-50ml-spray-extrait-de-parfum\/","title":{"rendered":"TESTAMENT LONDON EXCLUSIVE COSMOLOGY 65ML SPRAY EXTRAIT DE PARFUM"},"content":{"rendered":"<p>Cosmology di Testament London \u00e8 una fragranza del gruppo Ambrato Floreale unisex.<\/p>\n<p>NOTE DI BASE: Anice, rosa, lampone, camomilla, prugna.<br \/>\nNOTE DI CUORE: Gelsomino, mughetto, tuberosa, ylang ylang, eliotropio, chiodi di garofano.<br \/>\nNOTE DI FONDO: Muschio, muschio, note animali, cocco, fava tonka, vaniglia.<\/p>\n<p>Una galassia di stelle sensuali<\/p>\n<p>La cosmologia riguarda l&#8217;infinit\u00e0 dell&#8217;Universo e gli infiniti limiti che possiamo avere quando desideriamo qualcosa o qualcuno. La cosmologia rappresenta l&#8217;abbondanza: abbondanza di sentimenti, forza, ricchezza e ricchezza, ma soprattutto di gioia. Una fragranza molto intensa e potente, capace di esaltare il proprio umore oltre le nuvole. \u00c8 un&#8217;esperienza davvero opulenta di fiori erotici, intrisi di frutti maturi, simbolo di fertilit\u00e0 e vita. L&#8217;atmosfera corroborante e sensuale di questa creazione di fragranza rimane con te per sempre, poich\u00e9 ti fa sognare di raggiungere le stelle.<\/p>\n<p>Questa fragranza parla del potere del desiderio e dell&#8217;abbondanza.<\/p>\n<p>Una composizione in un mix di fiori immersi nella frutta matura, simbolo di fertilit\u00e0 e vita. La base \u00e8 composta da note orientali muschiose, animali e dolci.<\/p>\n<p>La nostra casa \u00e8 orgogliosa di uno scontro tra artigianato moderno e tradizionale e idee di profumeria orientale e occidentale, nonch\u00e9 ispirazioni, che sono prese sia dai sogni che dalla realt\u00e0.<\/p>\n<p>Miguel Matos descrive la sua creazione: &#8220;La cosmologia \u00e8 una delle fragranze pi\u00f9 intense che abbia mai realizzato, \u00e8 anche molto sensuale e lussuosa. Volevo creare qualcosa di molto potente e di grande impatto, ma mantenendo lo stile elegante con un tocco retr\u00f2 e un&#8217;atmosfera moderna allo stesso tempo. \u00c8 una composizione opulenta dove tuberosa e mughetto risplendono attraverso un velo di frutti, principalmente prugna e lampone. La base con note dolci e animali rappresenta la bestia sexy che c&#8217;\u00e8 dentro &#8220;.<\/p>\n<p>La famosissima influencer rumena, Alina Ceusan, si prende il merito di aver progettato e &#8220;battezzato&#8221; questo profumo.<br \/>\nUlteriori informazioni su questo testo di origine<\/p>\n","protected":false},"excerpt":{"rendered":"<p>Cosmology by Testament London is a fragrance from the Amber Floral group for women and men.<\/p>\n<p>BASE NOTES: Anise, rose, raspberry, chamomile, plum.<br \/>\nHEART NOTES: Jasmine, lily of the valley, tuberose, ylang ylang, heliotrope, cloves.<br \/>\nBASE NOTES: Musk, musk, animal notes, coconut, tonka bean, vanilla.<\/p>\n<p>A galaxy of sensual stars<\/p>\n<p>Cosmology is about the infinity of the Universe and the infinite limits we can have when we desire something or someone. Cosmology represents abundance: an abundance of feelings, strength, wealth, and wealth, but most of all, an abundance of joy. A very intense and powerful fragrance, capable of enhancing one&#8217;s mood beyond the clouds. It is a truly opulent experience of erotic flowers, soaked in ripe fruits, a symbol of fertility and life. The invigorating and sensual atmosphere of this fragrance creation stays with you forever, as it makes you dream of reaching for the stars.<\/p>\n<p>This fragrance speaks to the power of desire and abundance.<\/p>\n<p>A composition in a mix of flowers immersed in ripe fruit, a symbol of fertility and life. The base is composed of oriental musky, animal and sweet notes.<\/p>\n<p>Our house prides itself on a clash of modern and traditional craftsmanship and Eastern and Western perfumery ideas, as well as inspirations, which are taken from both dreams and reality.<\/p>\n<p>Miguel Matos describes his creation: &#8220;Cosmology is one of the most intense fragrances I&#8217;ve ever made, it&#8217;s also very sensual and luxurious. I wanted to create something very powerful and impactful, but keeping the sleek style with a retro touch and a modern vibe at the same time. It is an opulent composition where tuberose and lily of the valley shine through a veil of fruits, mainly plum and raspberry. The base with sweet and animal notes represents the sexy beast inside.&#8221;<\/p>\n<p>The very famous Romanian influencer, Alina Ceusan, takes credit for designing and &#8220;baptizing&#8221; this perfume.<br \/>\nLearn more about this source text<\/p>\n","protected":false},"featured_media":79792,"comment_status":"open","ping_status":"closed","template":"","meta":{"_et_pb_use_builder":"","_et_pb_old_content":"","_et_gb_content_width":"","_themeisle_gutenberg_block_has_review":false},"product_brand":[],"product_cat":[4867,4871,4857,4891,6716,4887,6787,5066,4860],"product_tag":[],"class_list":{"0":"post-70347","1":"product","2":"type-product","3":"status-publish","4":"has-post-thumbnail","6":"product_cat-amber-oriental","7":"product_cat-floral-flowered","8":"product_cat-fragrances","9":"product_cat-prodotti_luxury","10":"product_cat-outlet-en","11":"product_cat-products","12":"product_cat-samples-en","13":"product_cat-testament-london-en","14":"product_cat-unisex-fragrances","15":"pa_categoria_desc-unisex-perfumes","16":"pa_formato_filtro-2ml-en","17":"pa_formato_filtro-65ml-en-2","18":"pa_produttore-testament-london","19":"pa_spedizione_gratuita-yes","20":"pa_tipo_filtro-extrait-de-parfum","22":"first","23":"instock","24":"sale","25":"shipping-taxable","26":"purchasable","27":"product-type-variable"},"yoast_head":"<!-- This site is optimized with the Yoast SEO plugin v27.5 - https:\/\/yoast.com\/product\/yoast-seo-wordpress\/ -->\n<title>TESTAMENT LONDON EXCLUSIVE COSMOLOGY 65ML SPRAY EXTRAIT DE PARFUM<\/title>\n<meta name=\"robots\" content=\"index, follow, max-snippet:-1, max-image-preview:large, max-video-preview:-1\" \/>\n<link rel=\"canonical\" href=\"https:\/\/www.profumixluxurybrands.it\/en\/brands\/testament-london-exclusive-cosmology-50ml-spray-extrait-de-parfum\/\" \/>\n<meta property=\"og:locale\" content=\"en_US\" \/>\n<meta property=\"og:type\" content=\"article\" \/>\n<meta property=\"og:title\" content=\"TESTAMENT LONDON EXCLUSIVE COSMOLOGY 65ML SPRAY EXTRAIT DE PARFUM\" \/>\n<meta property=\"og:description\" content=\"Cosmology by Testament London is a fragrance from the Amber Floral group for women and men. BASE NOTES: Anise, rose, raspberry, chamomile, plum. HEART NOTES: Jasmine, lily of the valley, tuberose, ylang ylang, heliotrope, cloves. BASE NOTES: Musk, musk, animal notes, coconut, tonka bean, vanilla. A galaxy of sensual stars Cosmology is about the infinity of the Universe and the infinite limits we can have when we desire something or someone. Cosmology represents abundance: an abundance of feelings, strength, wealth, and wealth, but most of all, an abundance of joy. A very intense and powerful fragrance, capable of enhancing one&#039;s mood beyond the clouds. It is a truly opulent experience of erotic flowers, soaked in ripe fruits, a symbol of fertility and life. The invigorating and sensual atmosphere of this fragrance creation stays with you forever, as it makes you dream of reaching for the stars. This fragrance speaks to the power of desire and abundance. A composition in a mix of flowers immersed in ripe fruit, a symbol of fertility and life. The base is composed of oriental musky, animal and sweet notes. Our house prides itself on a clash of modern and traditional craftsmanship and Eastern and Western perfumery ideas, as well as inspirations, which are taken from both dreams and reality. Miguel Matos describes his creation: &quot;Cosmology is one of the most intense fragrances I&#039;ve ever made, it&#039;s also very sensual and luxurious. I wanted to create something very powerful and impactful, but keeping the sleek style with a retro touch and a modern vibe at the same time. It is an opulent composition where tuberose and lily of the valley shine through a veil of fruits, mainly plum and raspberry. The base with sweet and animal notes represents the sexy beast inside.&quot; The very famous Romanian influencer, Alina Ceusan, takes credit for designing and &quot;baptizing&quot; this perfume. Learn more about this source text\" \/>\n<meta property=\"og:url\" content=\"https:\/\/www.profumixluxurybrands.it\/en\/brands\/testament-london-exclusive-cosmology-50ml-spray-extrait-de-parfum\/\" \/>\n<meta property=\"og:site_name\" content=\"Profumix Luxury Perfumes\" \/>\n<meta property=\"article:publisher\" content=\"https:\/\/www.facebook.com\/profumix\" \/>\n<meta property=\"article:modified_time\" content=\"2025-11-18T17:06:16+00:00\" \/>\n<meta property=\"og:image\" content=\"https:\/\/www.profumixluxurybrands.it\/wp-content\/uploads\/2021\/04\/cosmology-2.jpg\" \/>\n\t<meta property=\"og:image:width\" content=\"1400\" \/>\n\t<meta property=\"og:image:height\" content=\"1400\" \/>\n\t<meta property=\"og:image:type\" content=\"image\/jpeg\" \/>\n<meta name=\"twitter:card\" content=\"summary_large_image\" \/>\n<meta name=\"twitter:label1\" content=\"Est. reading time\" \/>\n\t<meta name=\"twitter:data1\" content=\"1 minute\" \/>\n<script type=\"application\/ld+json\" class=\"yoast-schema-graph\">{\"@context\":\"https:\\\/\\\/schema.org\",\"@graph\":[{\"@type\":\"WebPage\",\"@id\":\"https:\\\/\\\/www.profumixluxurybrands.it\\\/en\\\/brands\\\/testament-london-exclusive-cosmology-50ml-spray-extrait-de-parfum\\\/\",\"url\":\"https:\\\/\\\/www.profumixluxurybrands.it\\\/en\\\/brands\\\/testament-london-exclusive-cosmology-50ml-spray-extrait-de-parfum\\\/\",\"name\":\"TESTAMENT LONDON EXCLUSIVE COSMOLOGY 65ML SPRAY EXTRAIT DE PARFUM\",\"isPartOf\":{\"@id\":\"https:\\\/\\\/www.profumixluxurybrands.it\\\/en\\\/#website\"},\"primaryImageOfPage\":{\"@id\":\"https:\\\/\\\/www.profumixluxurybrands.it\\\/en\\\/brands\\\/testament-london-exclusive-cosmology-50ml-spray-extrait-de-parfum\\\/#primaryimage\"},\"image\":{\"@id\":\"https:\\\/\\\/www.profumixluxurybrands.it\\\/en\\\/brands\\\/testament-london-exclusive-cosmology-50ml-spray-extrait-de-parfum\\\/#primaryimage\"},\"thumbnailUrl\":\"https:\\\/\\\/www.profumixluxurybrands.it\\\/wp-content\\\/uploads\\\/2021\\\/04\\\/cosmology-2.jpg\",\"datePublished\":\"2021-04-26T08:38:51+00:00\",\"dateModified\":\"2025-11-18T17:06:16+00:00\",\"breadcrumb\":{\"@id\":\"https:\\\/\\\/www.profumixluxurybrands.it\\\/en\\\/brands\\\/testament-london-exclusive-cosmology-50ml-spray-extrait-de-parfum\\\/#breadcrumb\"},\"inLanguage\":\"en-US\",\"potentialAction\":[{\"@type\":\"ReadAction\",\"target\":[\"https:\\\/\\\/www.profumixluxurybrands.it\\\/en\\\/brands\\\/testament-london-exclusive-cosmology-50ml-spray-extrait-de-parfum\\\/\"]}]},{\"@type\":\"ImageObject\",\"inLanguage\":\"en-US\",\"@id\":\"https:\\\/\\\/www.profumixluxurybrands.it\\\/en\\\/brands\\\/testament-london-exclusive-cosmology-50ml-spray-extrait-de-parfum\\\/#primaryimage\",\"url\":\"https:\\\/\\\/www.profumixluxurybrands.it\\\/wp-content\\\/uploads\\\/2021\\\/04\\\/cosmology-2.jpg\",\"contentUrl\":\"https:\\\/\\\/www.profumixluxurybrands.it\\\/wp-content\\\/uploads\\\/2021\\\/04\\\/cosmology-2.jpg\",\"width\":1400,\"height\":1400},{\"@type\":\"BreadcrumbList\",\"@id\":\"https:\\\/\\\/www.profumixluxurybrands.it\\\/en\\\/brands\\\/testament-london-exclusive-cosmology-50ml-spray-extrait-de-parfum\\\/#breadcrumb\",\"itemListElement\":[{\"@type\":\"ListItem\",\"position\":1,\"name\":\"Home\",\"item\":\"https:\\\/\\\/www.profumixluxurybrands.it\\\/en\\\/\"},{\"@type\":\"ListItem\",\"position\":2,\"name\":\"Shop\",\"item\":\"https:\\\/\\\/www.profumixluxurybrands.it\\\/en\\\/shop\\\/\"},{\"@type\":\"ListItem\",\"position\":3,\"name\":\"TESTAMENT LONDON EXCLUSIVE COSMOLOGY 65ML SPRAY EXTRAIT DE PARFUM\"}]},{\"@type\":\"WebSite\",\"@id\":\"https:\\\/\\\/www.profumixluxurybrands.it\\\/en\\\/#website\",\"url\":\"https:\\\/\\\/www.profumixluxurybrands.it\\\/en\\\/\",\"name\":\"Profumix Luxury Perfumes\",\"description\":\"\",\"publisher\":{\"@id\":\"https:\\\/\\\/www.profumixluxurybrands.it\\\/en\\\/#organization\"},\"potentialAction\":[{\"@type\":\"SearchAction\",\"target\":{\"@type\":\"EntryPoint\",\"urlTemplate\":\"https:\\\/\\\/www.profumixluxurybrands.it\\\/en\\\/?s={search_term_string}\"},\"query-input\":{\"@type\":\"PropertyValueSpecification\",\"valueRequired\":true,\"valueName\":\"search_term_string\"}}],\"inLanguage\":\"en-US\"},{\"@type\":\"Organization\",\"@id\":\"https:\\\/\\\/www.profumixluxurybrands.it\\\/en\\\/#organization\",\"name\":\"Profumix Luxury Perfumes\",\"url\":\"https:\\\/\\\/www.profumixluxurybrands.it\\\/en\\\/\",\"logo\":{\"@type\":\"ImageObject\",\"inLanguage\":\"en-US\",\"@id\":\"https:\\\/\\\/www.profumixluxurybrands.it\\\/en\\\/#\\\/schema\\\/logo\\\/image\\\/\",\"url\":\"https:\\\/\\\/www.profumixluxurybrands.it\\\/wp-content\\\/uploads\\\/2022\\\/09\\\/logo-profumixluxury-ev.png\",\"contentUrl\":\"https:\\\/\\\/www.profumixluxurybrands.it\\\/wp-content\\\/uploads\\\/2022\\\/09\\\/logo-profumixluxury-ev.png\",\"width\":374,\"height\":176,\"caption\":\"Profumix Luxury Perfumes\"},\"image\":{\"@id\":\"https:\\\/\\\/www.profumixluxurybrands.it\\\/en\\\/#\\\/schema\\\/logo\\\/image\\\/\"},\"sameAs\":[\"https:\\\/\\\/www.facebook.com\\\/profumix\",\"https:\\\/\\\/www.instagram.com\\\/profumix_luxury_brands\\\/\"]}]}<\/script>\n<!-- \/ Yoast SEO plugin. -->","yoast_head_json":{"title":"TESTAMENT LONDON EXCLUSIVE COSMOLOGY 65ML SPRAY EXTRAIT DE PARFUM","robots":{"index":"index","follow":"follow","max-snippet":"max-snippet:-1","max-image-preview":"max-image-preview:large","max-video-preview":"max-video-preview:-1"},"canonical":"https:\/\/www.profumixluxurybrands.it\/en\/brands\/testament-london-exclusive-cosmology-50ml-spray-extrait-de-parfum\/","og_locale":"en_US","og_type":"article","og_title":"TESTAMENT LONDON EXCLUSIVE COSMOLOGY 65ML SPRAY EXTRAIT DE PARFUM","og_description":"Cosmology by Testament London is a fragrance from the Amber Floral group for women and men. BASE NOTES: Anise, rose, raspberry, chamomile, plum. HEART NOTES: Jasmine, lily of the valley, tuberose, ylang ylang, heliotrope, cloves. BASE NOTES: Musk, musk, animal notes, coconut, tonka bean, vanilla. A galaxy of sensual stars Cosmology is about the infinity of the Universe and the infinite limits we can have when we desire something or someone. Cosmology represents abundance: an abundance of feelings, strength, wealth, and wealth, but most of all, an abundance of joy. A very intense and powerful fragrance, capable of enhancing one's mood beyond the clouds. It is a truly opulent experience of erotic flowers, soaked in ripe fruits, a symbol of fertility and life. The invigorating and sensual atmosphere of this fragrance creation stays with you forever, as it makes you dream of reaching for the stars. This fragrance speaks to the power of desire and abundance. A composition in a mix of flowers immersed in ripe fruit, a symbol of fertility and life. The base is composed of oriental musky, animal and sweet notes. Our house prides itself on a clash of modern and traditional craftsmanship and Eastern and Western perfumery ideas, as well as inspirations, which are taken from both dreams and reality. Miguel Matos describes his creation: \"Cosmology is one of the most intense fragrances I've ever made, it's also very sensual and luxurious. I wanted to create something very powerful and impactful, but keeping the sleek style with a retro touch and a modern vibe at the same time. It is an opulent composition where tuberose and lily of the valley shine through a veil of fruits, mainly plum and raspberry. The base with sweet and animal notes represents the sexy beast inside.\" The very famous Romanian influencer, Alina Ceusan, takes credit for designing and \"baptizing\" this perfume. Learn more about this source text","og_url":"https:\/\/www.profumixluxurybrands.it\/en\/brands\/testament-london-exclusive-cosmology-50ml-spray-extrait-de-parfum\/","og_site_name":"Profumix Luxury Perfumes","article_publisher":"https:\/\/www.facebook.com\/profumix","article_modified_time":"2025-11-18T17:06:16+00:00","og_image":[{"width":1400,"height":1400,"url":"https:\/\/www.profumixluxurybrands.it\/wp-content\/uploads\/2021\/04\/cosmology-2.jpg","type":"image\/jpeg"}],"twitter_card":"summary_large_image","twitter_misc":{"Est. reading time":"1 minute"},"schema":{"@context":"https:\/\/schema.org","@graph":[{"@type":"WebPage","@id":"https:\/\/www.profumixluxurybrands.it\/en\/brands\/testament-london-exclusive-cosmology-50ml-spray-extrait-de-parfum\/","url":"https:\/\/www.profumixluxurybrands.it\/en\/brands\/testament-london-exclusive-cosmology-50ml-spray-extrait-de-parfum\/","name":"TESTAMENT LONDON EXCLUSIVE COSMOLOGY 65ML SPRAY EXTRAIT DE PARFUM","isPartOf":{"@id":"https:\/\/www.profumixluxurybrands.it\/en\/#website"},"primaryImageOfPage":{"@id":"https:\/\/www.profumixluxurybrands.it\/en\/brands\/testament-london-exclusive-cosmology-50ml-spray-extrait-de-parfum\/#primaryimage"},"image":{"@id":"https:\/\/www.profumixluxurybrands.it\/en\/brands\/testament-london-exclusive-cosmology-50ml-spray-extrait-de-parfum\/#primaryimage"},"thumbnailUrl":"https:\/\/www.profumixluxurybrands.it\/wp-content\/uploads\/2021\/04\/cosmology-2.jpg","datePublished":"2021-04-26T08:38:51+00:00","dateModified":"2025-11-18T17:06:16+00:00","breadcrumb":{"@id":"https:\/\/www.profumixluxurybrands.it\/en\/brands\/testament-london-exclusive-cosmology-50ml-spray-extrait-de-parfum\/#breadcrumb"},"inLanguage":"en-US","potentialAction":[{"@type":"ReadAction","target":["https:\/\/www.profumixluxurybrands.it\/en\/brands\/testament-london-exclusive-cosmology-50ml-spray-extrait-de-parfum\/"]}]},{"@type":"ImageObject","inLanguage":"en-US","@id":"https:\/\/www.profumixluxurybrands.it\/en\/brands\/testament-london-exclusive-cosmology-50ml-spray-extrait-de-parfum\/#primaryimage","url":"https:\/\/www.profumixluxurybrands.it\/wp-content\/uploads\/2021\/04\/cosmology-2.jpg","contentUrl":"https:\/\/www.profumixluxurybrands.it\/wp-content\/uploads\/2021\/04\/cosmology-2.jpg","width":1400,"height":1400},{"@type":"BreadcrumbList","@id":"https:\/\/www.profumixluxurybrands.it\/en\/brands\/testament-london-exclusive-cosmology-50ml-spray-extrait-de-parfum\/#breadcrumb","itemListElement":[{"@type":"ListItem","position":1,"name":"Home","item":"https:\/\/www.profumixluxurybrands.it\/en\/"},{"@type":"ListItem","position":2,"name":"Shop","item":"https:\/\/www.profumixluxurybrands.it\/en\/shop\/"},{"@type":"ListItem","position":3,"name":"TESTAMENT LONDON EXCLUSIVE COSMOLOGY 65ML SPRAY EXTRAIT DE PARFUM"}]},{"@type":"WebSite","@id":"https:\/\/www.profumixluxurybrands.it\/en\/#website","url":"https:\/\/www.profumixluxurybrands.it\/en\/","name":"Profumix Luxury Perfumes","description":"","publisher":{"@id":"https:\/\/www.profumixluxurybrands.it\/en\/#organization"},"potentialAction":[{"@type":"SearchAction","target":{"@type":"EntryPoint","urlTemplate":"https:\/\/www.profumixluxurybrands.it\/en\/?s={search_term_string}"},"query-input":{"@type":"PropertyValueSpecification","valueRequired":true,"valueName":"search_term_string"}}],"inLanguage":"en-US"},{"@type":"Organization","@id":"https:\/\/www.profumixluxurybrands.it\/en\/#organization","name":"Profumix Luxury Perfumes","url":"https:\/\/www.profumixluxurybrands.it\/en\/","logo":{"@type":"ImageObject","inLanguage":"en-US","@id":"https:\/\/www.profumixluxurybrands.it\/en\/#\/schema\/logo\/image\/","url":"https:\/\/www.profumixluxurybrands.it\/wp-content\/uploads\/2022\/09\/logo-profumixluxury-ev.png","contentUrl":"https:\/\/www.profumixluxurybrands.it\/wp-content\/uploads\/2022\/09\/logo-profumixluxury-ev.png","width":374,"height":176,"caption":"Profumix Luxury Perfumes"},"image":{"@id":"https:\/\/www.profumixluxurybrands.it\/en\/#\/schema\/logo\/image\/"},"sameAs":["https:\/\/www.facebook.com\/profumix","https:\/\/www.instagram.com\/profumix_luxury_brands\/"]}]}},"_links":{"self":[{"href":"https:\/\/www.profumixluxurybrands.it\/en\/wp-json\/wp\/v2\/product\/70347","targetHints":{"allow":["GET"]}}],"collection":[{"href":"https:\/\/www.profumixluxurybrands.it\/en\/wp-json\/wp\/v2\/product"}],"about":[{"href":"https:\/\/www.profumixluxurybrands.it\/en\/wp-json\/wp\/v2\/types\/product"}],"replies":[{"embeddable":true,"href":"https:\/\/www.profumixluxurybrands.it\/en\/wp-json\/wp\/v2\/comments?post=70347"}],"wp:featuredmedia":[{"embeddable":true,"href":"https:\/\/www.profumixluxurybrands.it\/en\/wp-json\/wp\/v2\/media\/79792"}],"wp:attachment":[{"href":"https:\/\/www.profumixluxurybrands.it\/en\/wp-json\/wp\/v2\/media?parent=70347"}],"wp:term":[{"taxonomy":"product_brand","embeddable":true,"href":"https:\/\/www.profumixluxurybrands.it\/en\/wp-json\/wp\/v2\/product_brand?post=70347"},{"taxonomy":"product_cat","embeddable":true,"href":"https:\/\/www.profumixluxurybrands.it\/en\/wp-json\/wp\/v2\/product_cat?post=70347"},{"taxonomy":"product_tag","embeddable":true,"href":"https:\/\/www.profumixluxurybrands.it\/en\/wp-json\/wp\/v2\/product_tag?post=70347"}],"curies":[{"name":"wp","href":"https:\/\/api.w.org\/{rel}","templated":true}]}}