{"id":70234,"date":"2021-09-02T09:48:17","date_gmt":"2021-09-02T07:48:17","guid":{"rendered":"https:\/\/www.profumixluxurybrands.it\/brands\/testament-london-collection-exotic-leather-50ml-spray-extrait-de-parfum\/"},"modified":"2025-07-16T12:45:56","modified_gmt":"2025-07-16T10:45:56","slug":"testament-london-collection-exotic-leather-50ml-spray-extrait-de-parfum","status":"publish","type":"product","link":"https:\/\/www.profumixluxurybrands.it\/en\/brands\/testament-london-collection-exotic-leather-50ml-spray-extrait-de-parfum\/","title":{"rendered":"TESTAMENT LONDON COLLECTION EXOTIC LEATHER 65ML SPRAY EXTRAIT DE PARFUM"},"content":{"rendered":"<p>Exotic Leather di Testament London \u00e8 una fragranza del gruppo Cuoio unisex.<\/p>\n<p>NOTE DI BASE: Bergamotto, Mandarino, Zafferano &amp; Ananas.<br \/>\nNOTE DI CUORE: Cocco, Cuoio &amp; Gelsomino.<br \/>\nNOTE DI FONDO: Muschio, Ambra &amp; Vaniglia.<\/p>\n<p>La Santissima Trinit\u00e0 della sensualit\u00e0<br \/>\nProprio come un film muto in cui le immagini parlano e niente di pi\u00f9, la nostra nuova creazione di fragranze, Exotic Leather \u00e8 stata creata per interpretare alcuni degli ingredienti pi\u00f9 desiderabili che gli appassionati di fragranze possano desiderare. Niente di troppo scuro ma famelico, ma allo stesso tempo cattivo e fresco che porta ad essere indossato da coloro che cadono per il fascino con estremit\u00e0 esilaranti. Una creazione di profumo pensata per tutte le persone di classe, sofisticate, pignoli, coraggiose che devono essere sorridete con apprezzamento senza fare alcuno sforzo. \u00c8 fresco ma ricco e audace, stupendo e senza tempo e facile da sentire da altre entit\u00e0 anche dallo spazio, perch\u00e9 \u00e8 divertente come shock e dolce, un po&#8217; cipriato, stimolante e ambizioso&#8230; ambiguo proprio come l&#8217;acqua dell&#8217;oceano.<br \/>\nEDIZIONE LIMITATA<\/p>\n","protected":false},"excerpt":{"rendered":"<p>Exotic Leather by Testament London is a fragrance from the Cuoio group for women and men.<\/p>\n<p>BASE NOTES: Bergamot, Mandarin, Saffron &amp; Pineapple.<br \/>\nHEART NOTES: Coconut, Leather &amp; Jasmine.<br \/>\nBASE NOTES: Musk, Amber &amp; Vanilla.<\/p>\n<div class=\"lRu31\" dir=\"ltr\">\n<p><span class=\"HwtZe\" lang=\"it\"><span class=\"jCAhz ChMk0b\"><span class=\"ryNqvb\">In a tapestry of ageless charm, &#8220;Exotic Leather&#8221; whispers stories of intrigue and grandeur.<\/span><\/span> <span class=\"jCAhz ChMk0b\"><span class=\"ryNqvb\">This isn&#8217;t just a fragrance;<\/span><\/span> <span class=\"jCAhz ChMk0b\"><span class=\"ryNqvb\">It&#8217;s a world where ancient adventures blend with modern elegance.<\/span><\/span> <span class=\"jCAhz ChMk0b\"><span class=\"ryNqvb\">The saga begins with echoes of distant lands, where saffron meets sweet fruits, weaving an aromatic charm.<\/span><\/span> <span class=\"jCAhz ChMk0b\"><span class=\"ryNqvb\">At the center is a dance of leather and jasmine, alluding to stories of passion under the moonlit skies.<\/span><\/span> <span class=\"jCAhz ChMk0b\"><span class=\"ryNqvb\">And while the final notes persist, they leave an opulent trail: memories of untold mysteries.<\/span><\/span><\/span><\/p>\n<div class=\"OvtS8d\"><\/div>\n<div id=\"ow1391\"><\/div>\n<\/div>\n<div class=\"UdTY9 WdefRb\" aria-hidden=\"true\" data-location=\"2\">\n<div class=\"kO6q6e\"><\/div>\n<\/div>\n","protected":false},"featured_media":79787,"comment_status":"open","ping_status":"closed","template":"","meta":{"_et_pb_use_builder":"","_et_pb_old_content":"","_et_gb_content_width":"","_themeisle_gutenberg_block_has_review":false},"product_brand":[],"product_cat":[4857,4870,4891,6716,4887,6787,5066,4860],"product_tag":[],"class_list":{"0":"post-70234","1":"product","2":"type-product","3":"status-publish","4":"has-post-thumbnail","6":"product_cat-fragrances","7":"product_cat-leathered","8":"product_cat-prodotti_luxury","9":"product_cat-outlet-en","10":"product_cat-products","11":"product_cat-samples-en","12":"product_cat-testament-london-en","13":"product_cat-unisex-fragrances","14":"pa_categoria_desc-unisex-perfumes","15":"pa_formato_filtro-2ml-en","16":"pa_formato_filtro-65ml-en-2","17":"pa_produttore-testament-london","18":"pa_spedizione_gratuita-yes","19":"pa_tipo_filtro-extrait-de-parfum","21":"first","22":"instock","23":"sale","24":"shipping-taxable","25":"purchasable","26":"product-type-variable"},"yoast_head":"<!-- This site is optimized with the Yoast SEO plugin v27.5 - https:\/\/yoast.com\/product\/yoast-seo-wordpress\/ -->\n<title>TESTAMENT LONDON COLLECTION EXOTIC LEATHER 65ML SPRAY EXTRAIT DE PARFUM<\/title>\n<meta name=\"robots\" content=\"index, follow, max-snippet:-1, max-image-preview:large, max-video-preview:-1\" \/>\n<link rel=\"canonical\" href=\"https:\/\/www.profumixluxurybrands.it\/en\/brands\/testament-london-collection-exotic-leather-50ml-spray-extrait-de-parfum\/\" \/>\n<meta property=\"og:locale\" content=\"en_US\" \/>\n<meta property=\"og:type\" content=\"article\" \/>\n<meta property=\"og:title\" content=\"TESTAMENT LONDON COLLECTION EXOTIC LEATHER 65ML SPRAY EXTRAIT DE PARFUM\" \/>\n<meta property=\"og:description\" content=\"Exotic Leather by Testament London is a fragrance from the Cuoio group for women and men.  BASE NOTES: Bergamot, Mandarin, Saffron &amp; Pineapple. HEART NOTES: Coconut, Leather &amp; Jasmine. BASE NOTES: Musk, Amber &amp; Vanilla.   In a tapestry of ageless charm, &quot;Exotic Leather&quot; whispers stories of intrigue and grandeur. This isn&#039;t just a fragrance; It&#039;s a world where ancient adventures blend with modern elegance. The saga begins with echoes of distant lands, where saffron meets sweet fruits, weaving an aromatic charm. At the center is a dance of leather and jasmine, alluding to stories of passion under the moonlit skies. And while the final notes persist, they leave an opulent trail: memories of untold mysteries.\" \/>\n<meta property=\"og:url\" content=\"https:\/\/www.profumixluxurybrands.it\/en\/brands\/testament-london-collection-exotic-leather-50ml-spray-extrait-de-parfum\/\" \/>\n<meta property=\"og:site_name\" content=\"Profumix Luxury Perfumes\" \/>\n<meta property=\"article:publisher\" content=\"https:\/\/www.facebook.com\/profumix\" \/>\n<meta property=\"article:modified_time\" content=\"2025-07-16T10:45:56+00:00\" \/>\n<meta property=\"og:image\" content=\"https:\/\/www.profumixluxurybrands.it\/wp-content\/uploads\/2021\/09\/exoticleather.jpg\" \/>\n\t<meta property=\"og:image:width\" content=\"1500\" \/>\n\t<meta property=\"og:image:height\" content=\"1500\" \/>\n\t<meta property=\"og:image:type\" content=\"image\/jpeg\" \/>\n<meta name=\"twitter:card\" content=\"summary_large_image\" \/>\n<meta name=\"twitter:label1\" content=\"Est. reading time\" \/>\n\t<meta name=\"twitter:data1\" content=\"2 minutes\" \/>\n<script type=\"application\/ld+json\" class=\"yoast-schema-graph\">{\"@context\":\"https:\\\/\\\/schema.org\",\"@graph\":[{\"@type\":\"WebPage\",\"@id\":\"https:\\\/\\\/www.profumixluxurybrands.it\\\/en\\\/brands\\\/testament-london-collection-exotic-leather-50ml-spray-extrait-de-parfum\\\/\",\"url\":\"https:\\\/\\\/www.profumixluxurybrands.it\\\/en\\\/brands\\\/testament-london-collection-exotic-leather-50ml-spray-extrait-de-parfum\\\/\",\"name\":\"TESTAMENT LONDON COLLECTION EXOTIC LEATHER 65ML SPRAY EXTRAIT DE PARFUM\",\"isPartOf\":{\"@id\":\"https:\\\/\\\/www.profumixluxurybrands.it\\\/en\\\/#website\"},\"primaryImageOfPage\":{\"@id\":\"https:\\\/\\\/www.profumixluxurybrands.it\\\/en\\\/brands\\\/testament-london-collection-exotic-leather-50ml-spray-extrait-de-parfum\\\/#primaryimage\"},\"image\":{\"@id\":\"https:\\\/\\\/www.profumixluxurybrands.it\\\/en\\\/brands\\\/testament-london-collection-exotic-leather-50ml-spray-extrait-de-parfum\\\/#primaryimage\"},\"thumbnailUrl\":\"https:\\\/\\\/www.profumixluxurybrands.it\\\/wp-content\\\/uploads\\\/2021\\\/09\\\/exoticleather.jpg\",\"datePublished\":\"2021-09-02T07:48:17+00:00\",\"dateModified\":\"2025-07-16T10:45:56+00:00\",\"breadcrumb\":{\"@id\":\"https:\\\/\\\/www.profumixluxurybrands.it\\\/en\\\/brands\\\/testament-london-collection-exotic-leather-50ml-spray-extrait-de-parfum\\\/#breadcrumb\"},\"inLanguage\":\"en-US\",\"potentialAction\":[{\"@type\":\"ReadAction\",\"target\":[\"https:\\\/\\\/www.profumixluxurybrands.it\\\/en\\\/brands\\\/testament-london-collection-exotic-leather-50ml-spray-extrait-de-parfum\\\/\"]}]},{\"@type\":\"ImageObject\",\"inLanguage\":\"en-US\",\"@id\":\"https:\\\/\\\/www.profumixluxurybrands.it\\\/en\\\/brands\\\/testament-london-collection-exotic-leather-50ml-spray-extrait-de-parfum\\\/#primaryimage\",\"url\":\"https:\\\/\\\/www.profumixluxurybrands.it\\\/wp-content\\\/uploads\\\/2021\\\/09\\\/exoticleather.jpg\",\"contentUrl\":\"https:\\\/\\\/www.profumixluxurybrands.it\\\/wp-content\\\/uploads\\\/2021\\\/09\\\/exoticleather.jpg\",\"width\":1500,\"height\":1500},{\"@type\":\"BreadcrumbList\",\"@id\":\"https:\\\/\\\/www.profumixluxurybrands.it\\\/en\\\/brands\\\/testament-london-collection-exotic-leather-50ml-spray-extrait-de-parfum\\\/#breadcrumb\",\"itemListElement\":[{\"@type\":\"ListItem\",\"position\":1,\"name\":\"Home\",\"item\":\"https:\\\/\\\/www.profumixluxurybrands.it\\\/en\\\/\"},{\"@type\":\"ListItem\",\"position\":2,\"name\":\"Shop\",\"item\":\"https:\\\/\\\/www.profumixluxurybrands.it\\\/en\\\/shop\\\/\"},{\"@type\":\"ListItem\",\"position\":3,\"name\":\"TESTAMENT LONDON COLLECTION EXOTIC LEATHER 65ML SPRAY EXTRAIT DE PARFUM\"}]},{\"@type\":\"WebSite\",\"@id\":\"https:\\\/\\\/www.profumixluxurybrands.it\\\/en\\\/#website\",\"url\":\"https:\\\/\\\/www.profumixluxurybrands.it\\\/en\\\/\",\"name\":\"Profumix Luxury Perfumes\",\"description\":\"\",\"publisher\":{\"@id\":\"https:\\\/\\\/www.profumixluxurybrands.it\\\/en\\\/#organization\"},\"potentialAction\":[{\"@type\":\"SearchAction\",\"target\":{\"@type\":\"EntryPoint\",\"urlTemplate\":\"https:\\\/\\\/www.profumixluxurybrands.it\\\/en\\\/?s={search_term_string}\"},\"query-input\":{\"@type\":\"PropertyValueSpecification\",\"valueRequired\":true,\"valueName\":\"search_term_string\"}}],\"inLanguage\":\"en-US\"},{\"@type\":\"Organization\",\"@id\":\"https:\\\/\\\/www.profumixluxurybrands.it\\\/en\\\/#organization\",\"name\":\"Profumix Luxury Perfumes\",\"url\":\"https:\\\/\\\/www.profumixluxurybrands.it\\\/en\\\/\",\"logo\":{\"@type\":\"ImageObject\",\"inLanguage\":\"en-US\",\"@id\":\"https:\\\/\\\/www.profumixluxurybrands.it\\\/en\\\/#\\\/schema\\\/logo\\\/image\\\/\",\"url\":\"https:\\\/\\\/www.profumixluxurybrands.it\\\/wp-content\\\/uploads\\\/2022\\\/09\\\/logo-profumixluxury-ev.png\",\"contentUrl\":\"https:\\\/\\\/www.profumixluxurybrands.it\\\/wp-content\\\/uploads\\\/2022\\\/09\\\/logo-profumixluxury-ev.png\",\"width\":374,\"height\":176,\"caption\":\"Profumix Luxury Perfumes\"},\"image\":{\"@id\":\"https:\\\/\\\/www.profumixluxurybrands.it\\\/en\\\/#\\\/schema\\\/logo\\\/image\\\/\"},\"sameAs\":[\"https:\\\/\\\/www.facebook.com\\\/profumix\",\"https:\\\/\\\/www.instagram.com\\\/profumix_luxury_brands\\\/\"]}]}<\/script>\n<!-- \/ Yoast SEO plugin. -->","yoast_head_json":{"title":"TESTAMENT LONDON COLLECTION EXOTIC LEATHER 65ML SPRAY EXTRAIT DE PARFUM","robots":{"index":"index","follow":"follow","max-snippet":"max-snippet:-1","max-image-preview":"max-image-preview:large","max-video-preview":"max-video-preview:-1"},"canonical":"https:\/\/www.profumixluxurybrands.it\/en\/brands\/testament-london-collection-exotic-leather-50ml-spray-extrait-de-parfum\/","og_locale":"en_US","og_type":"article","og_title":"TESTAMENT LONDON COLLECTION EXOTIC LEATHER 65ML SPRAY EXTRAIT DE PARFUM","og_description":"Exotic Leather by Testament London is a fragrance from the Cuoio group for women and men.  BASE NOTES: Bergamot, Mandarin, Saffron &amp; Pineapple. HEART NOTES: Coconut, Leather &amp; Jasmine. BASE NOTES: Musk, Amber &amp; Vanilla.   In a tapestry of ageless charm, \"Exotic Leather\" whispers stories of intrigue and grandeur. This isn't just a fragrance; It's a world where ancient adventures blend with modern elegance. The saga begins with echoes of distant lands, where saffron meets sweet fruits, weaving an aromatic charm. At the center is a dance of leather and jasmine, alluding to stories of passion under the moonlit skies. And while the final notes persist, they leave an opulent trail: memories of untold mysteries.","og_url":"https:\/\/www.profumixluxurybrands.it\/en\/brands\/testament-london-collection-exotic-leather-50ml-spray-extrait-de-parfum\/","og_site_name":"Profumix Luxury Perfumes","article_publisher":"https:\/\/www.facebook.com\/profumix","article_modified_time":"2025-07-16T10:45:56+00:00","og_image":[{"width":1500,"height":1500,"url":"https:\/\/www.profumixluxurybrands.it\/wp-content\/uploads\/2021\/09\/exoticleather.jpg","type":"image\/jpeg"}],"twitter_card":"summary_large_image","twitter_misc":{"Est. reading time":"2 minutes"},"schema":{"@context":"https:\/\/schema.org","@graph":[{"@type":"WebPage","@id":"https:\/\/www.profumixluxurybrands.it\/en\/brands\/testament-london-collection-exotic-leather-50ml-spray-extrait-de-parfum\/","url":"https:\/\/www.profumixluxurybrands.it\/en\/brands\/testament-london-collection-exotic-leather-50ml-spray-extrait-de-parfum\/","name":"TESTAMENT LONDON COLLECTION EXOTIC LEATHER 65ML SPRAY EXTRAIT DE PARFUM","isPartOf":{"@id":"https:\/\/www.profumixluxurybrands.it\/en\/#website"},"primaryImageOfPage":{"@id":"https:\/\/www.profumixluxurybrands.it\/en\/brands\/testament-london-collection-exotic-leather-50ml-spray-extrait-de-parfum\/#primaryimage"},"image":{"@id":"https:\/\/www.profumixluxurybrands.it\/en\/brands\/testament-london-collection-exotic-leather-50ml-spray-extrait-de-parfum\/#primaryimage"},"thumbnailUrl":"https:\/\/www.profumixluxurybrands.it\/wp-content\/uploads\/2021\/09\/exoticleather.jpg","datePublished":"2021-09-02T07:48:17+00:00","dateModified":"2025-07-16T10:45:56+00:00","breadcrumb":{"@id":"https:\/\/www.profumixluxurybrands.it\/en\/brands\/testament-london-collection-exotic-leather-50ml-spray-extrait-de-parfum\/#breadcrumb"},"inLanguage":"en-US","potentialAction":[{"@type":"ReadAction","target":["https:\/\/www.profumixluxurybrands.it\/en\/brands\/testament-london-collection-exotic-leather-50ml-spray-extrait-de-parfum\/"]}]},{"@type":"ImageObject","inLanguage":"en-US","@id":"https:\/\/www.profumixluxurybrands.it\/en\/brands\/testament-london-collection-exotic-leather-50ml-spray-extrait-de-parfum\/#primaryimage","url":"https:\/\/www.profumixluxurybrands.it\/wp-content\/uploads\/2021\/09\/exoticleather.jpg","contentUrl":"https:\/\/www.profumixluxurybrands.it\/wp-content\/uploads\/2021\/09\/exoticleather.jpg","width":1500,"height":1500},{"@type":"BreadcrumbList","@id":"https:\/\/www.profumixluxurybrands.it\/en\/brands\/testament-london-collection-exotic-leather-50ml-spray-extrait-de-parfum\/#breadcrumb","itemListElement":[{"@type":"ListItem","position":1,"name":"Home","item":"https:\/\/www.profumixluxurybrands.it\/en\/"},{"@type":"ListItem","position":2,"name":"Shop","item":"https:\/\/www.profumixluxurybrands.it\/en\/shop\/"},{"@type":"ListItem","position":3,"name":"TESTAMENT LONDON COLLECTION EXOTIC LEATHER 65ML SPRAY EXTRAIT DE PARFUM"}]},{"@type":"WebSite","@id":"https:\/\/www.profumixluxurybrands.it\/en\/#website","url":"https:\/\/www.profumixluxurybrands.it\/en\/","name":"Profumix Luxury Perfumes","description":"","publisher":{"@id":"https:\/\/www.profumixluxurybrands.it\/en\/#organization"},"potentialAction":[{"@type":"SearchAction","target":{"@type":"EntryPoint","urlTemplate":"https:\/\/www.profumixluxurybrands.it\/en\/?s={search_term_string}"},"query-input":{"@type":"PropertyValueSpecification","valueRequired":true,"valueName":"search_term_string"}}],"inLanguage":"en-US"},{"@type":"Organization","@id":"https:\/\/www.profumixluxurybrands.it\/en\/#organization","name":"Profumix Luxury Perfumes","url":"https:\/\/www.profumixluxurybrands.it\/en\/","logo":{"@type":"ImageObject","inLanguage":"en-US","@id":"https:\/\/www.profumixluxurybrands.it\/en\/#\/schema\/logo\/image\/","url":"https:\/\/www.profumixluxurybrands.it\/wp-content\/uploads\/2022\/09\/logo-profumixluxury-ev.png","contentUrl":"https:\/\/www.profumixluxurybrands.it\/wp-content\/uploads\/2022\/09\/logo-profumixluxury-ev.png","width":374,"height":176,"caption":"Profumix Luxury Perfumes"},"image":{"@id":"https:\/\/www.profumixluxurybrands.it\/en\/#\/schema\/logo\/image\/"},"sameAs":["https:\/\/www.facebook.com\/profumix","https:\/\/www.instagram.com\/profumix_luxury_brands\/"]}]}},"_links":{"self":[{"href":"https:\/\/www.profumixluxurybrands.it\/en\/wp-json\/wp\/v2\/product\/70234","targetHints":{"allow":["GET"]}}],"collection":[{"href":"https:\/\/www.profumixluxurybrands.it\/en\/wp-json\/wp\/v2\/product"}],"about":[{"href":"https:\/\/www.profumixluxurybrands.it\/en\/wp-json\/wp\/v2\/types\/product"}],"replies":[{"embeddable":true,"href":"https:\/\/www.profumixluxurybrands.it\/en\/wp-json\/wp\/v2\/comments?post=70234"}],"wp:featuredmedia":[{"embeddable":true,"href":"https:\/\/www.profumixluxurybrands.it\/en\/wp-json\/wp\/v2\/media\/79787"}],"wp:attachment":[{"href":"https:\/\/www.profumixluxurybrands.it\/en\/wp-json\/wp\/v2\/media?parent=70234"}],"wp:term":[{"taxonomy":"product_brand","embeddable":true,"href":"https:\/\/www.profumixluxurybrands.it\/en\/wp-json\/wp\/v2\/product_brand?post=70234"},{"taxonomy":"product_cat","embeddable":true,"href":"https:\/\/www.profumixluxurybrands.it\/en\/wp-json\/wp\/v2\/product_cat?post=70234"},{"taxonomy":"product_tag","embeddable":true,"href":"https:\/\/www.profumixluxurybrands.it\/en\/wp-json\/wp\/v2\/product_tag?post=70234"}],"curies":[{"name":"wp","href":"https:\/\/api.w.org\/{rel}","templated":true}]}}