{"id":69784,"date":"2022-09-20T15:52:16","date_gmt":"2022-09-20T13:52:16","guid":{"rendered":"https:\/\/www.profumixluxurybrands.it\/brands\/jousset-parfums-accident-a-la-vanille-madeleine-de-proust-50ml-spray-le-parfum\/"},"modified":"2024-12-23T10:59:09","modified_gmt":"2024-12-23T09:59:09","slug":"jousset-parfums-accident-a-la-vanille-madeleine-de-proust-50ml-spray-le-parfum","status":"publish","type":"product","link":"https:\/\/www.profumixluxurybrands.it\/en\/brands\/jousset-parfums-accident-a-la-vanille-madeleine-de-proust-50ml-spray-le-parfum\/","title":{"rendered":"JOUSSET PARFUMS ACCIDENT A LA VANILLE MADELEINE DE PROUST 50ML SPRAY LE PARFUM"},"content":{"rendered":"<p>The owner of one of the most prestigious perfumeries breathes some notes into the ear of our perfumer. Jimmy takes a look at the brief and elaborates a soft scent of buttery madeleine stuffed with an irresistible peach jam and a pinch of grated coconut.<\/p>\n<p>This elaboration immediately reminds him of wonderful childhood memories. It was so vivid that it absolutely had to be produced for our perfumer&#8217;s return to France.<\/p>\n<p>After the agreement between the two owners, the French edition of Accident \u00c0 La Vanille takes shape and is proposed in its most prestigious presentation.<\/p>\n<p>The expression &#8220;Madeleine de Proust&#8221; qualifies any phenomenon that causes an impression of reminiscence. It can be anything that brings back or reactivates a memory, as a madeleine does to the narrator of &#8220;\u00c0 la recherche du temps perdu&#8221; in &#8220;Du c\u00f4t\u00e9 de chez Swann&#8221; (1913), the first volume of Marcel Proust&#8217;s novel.<\/p>\n<p>Top note: peach, apricot<br \/>\nHeart note: coconut<br \/>\nBase note: Madeleine, Butter, Vanilla<\/p>\n","protected":false},"excerpt":{"rendered":"<p>The owner of one of the most prestigious perfumeries breathes some notes into the ear of our perfumer. Jimmy takes a look at the brief and elaborates a soft scent of buttery madeleine stuffed with an irresistible peach jam and a pinch of grated coconut.<\/p>\n<p>This elaboration immediately reminds him of wonderful childhood memories. It was so vivid that it absolutely had to be produced for our perfumer&#8217;s return to France.<\/p>\n<p>After the agreement between the two owners, the French edition of Accident \u00c0 La Vanille takes shape and is proposed in its most prestigious presentation.<\/p>\n<p>The expression &#8220;Madeleine de Proust&#8221; qualifies any phenomenon that causes an impression of reminiscence. It can be anything that brings back or reactivates a memory, as a madeleine does to the narrator of &#8220;\u00c0 la recherche du temps perdu&#8221; in &#8220;Du c\u00f4t\u00e9 de chez Swann&#8221; (1913), the first volume of Marcel Proust&#8217;s novel.<\/p>\n<p>Top note: peach, apricot<br \/>\nHeart note: coconut<br \/>\nBase note: Madeleine, Butter, Vanilla<\/p>\n","protected":false},"featured_media":76688,"comment_status":"open","ping_status":"closed","template":"","meta":{"_et_pb_use_builder":"","_et_pb_old_content":"","_et_gb_content_width":"","_themeisle_gutenberg_block_has_review":false},"product_brand":[],"product_cat":[4879,4857,4874,4888,5268,4891,6213,4865,4887,4860],"product_tag":[],"class_list":{"0":"post-69784","1":"product","2":"type-product","3":"status-publish","4":"has-post-thumbnail","6":"product_cat-brands-en","7":"product_cat-fragrances","8":"product_cat-gourmand-en","9":"product_cat-in-evidence","10":"product_cat-jousset-parfums-en","11":"product_cat-prodotti_luxury","12":"product_cat-offerte-da-non-perdere-en","13":"product_cat-olfactory-families","14":"product_cat-products","15":"product_cat-unisex-fragrances","16":"pa_categoria_desc-unisex-perfumes","17":"pa_confezione_desc-original-packaging-no-tester","18":"pa_formato_filtro-50ml-en","19":"pa_spedizione_gratuita-no-en","20":"pa_tipo_filtro-parfum-en","22":"first","23":"instock","24":"shipping-taxable","25":"purchasable","26":"product-type-simple"},"yoast_head":"<!-- This site is optimized with the Yoast SEO plugin v27.5 - https:\/\/yoast.com\/product\/yoast-seo-wordpress\/ -->\n<title>JOUSSET PARFUMS ACCIDENT A LA VANILLE MADELEINE DE PROUST 50ML SPRAY LE PARFUM<\/title>\n<meta name=\"robots\" content=\"index, follow, max-snippet:-1, max-image-preview:large, max-video-preview:-1\" \/>\n<link rel=\"canonical\" href=\"https:\/\/www.profumixluxurybrands.it\/en\/brands\/jousset-parfums-accident-a-la-vanille-madeleine-de-proust-50ml-spray-le-parfum\/\" \/>\n<meta property=\"og:locale\" content=\"en_US\" \/>\n<meta property=\"og:type\" content=\"article\" \/>\n<meta property=\"og:title\" content=\"JOUSSET PARFUMS ACCIDENT A LA VANILLE MADELEINE DE PROUST 50ML SPRAY LE PARFUM\" \/>\n<meta property=\"og:description\" content=\"The owner of one of the most prestigious perfumeries breathes some notes into the ear of our perfumer. Jimmy takes a look at the brief and elaborates a soft scent of buttery madeleine stuffed with an irresistible peach jam and a pinch of grated coconut. This elaboration immediately reminds him of wonderful childhood memories. It was so vivid that it absolutely had to be produced for our perfumer&#039;s return to France. After the agreement between the two owners, the French edition of Accident \u00c0 La Vanille takes shape and is proposed in its most prestigious presentation. The expression &quot;Madeleine de Proust&quot; qualifies any phenomenon that causes an impression of reminiscence. It can be anything that brings back or reactivates a memory, as a madeleine does to the narrator of &quot;\u00c0 la recherche du temps perdu&quot; in &quot;Du c\u00f4t\u00e9 de chez Swann&quot; (1913), the first volume of Marcel Proust&#039;s novel. Top note: peach, apricot Heart note: coconut Base note: Madeleine, Butter, Vanilla\" \/>\n<meta property=\"og:url\" content=\"https:\/\/www.profumixluxurybrands.it\/en\/brands\/jousset-parfums-accident-a-la-vanille-madeleine-de-proust-50ml-spray-le-parfum\/\" \/>\n<meta property=\"og:site_name\" content=\"Profumix Luxury Perfumes\" \/>\n<meta property=\"article:publisher\" content=\"https:\/\/www.facebook.com\/profumix\" \/>\n<meta property=\"article:modified_time\" content=\"2024-12-23T09:59:09+00:00\" \/>\n<meta property=\"og:image\" content=\"https:\/\/www.profumixluxurybrands.it\/wp-content\/uploads\/2022\/09\/Madeleine_De_proust.jpg\" \/>\n\t<meta property=\"og:image:width\" content=\"1500\" \/>\n\t<meta property=\"og:image:height\" content=\"1500\" \/>\n\t<meta property=\"og:image:type\" content=\"image\/jpeg\" \/>\n<meta name=\"twitter:card\" content=\"summary_large_image\" \/>\n<meta name=\"twitter:label1\" content=\"Est. reading time\" \/>\n\t<meta name=\"twitter:data1\" content=\"1 minute\" \/>\n<script type=\"application\/ld+json\" class=\"yoast-schema-graph\">{\"@context\":\"https:\\\/\\\/schema.org\",\"@graph\":[{\"@type\":\"WebPage\",\"@id\":\"https:\\\/\\\/www.profumixluxurybrands.it\\\/en\\\/brands\\\/jousset-parfums-accident-a-la-vanille-madeleine-de-proust-50ml-spray-le-parfum\\\/\",\"url\":\"https:\\\/\\\/www.profumixluxurybrands.it\\\/en\\\/brands\\\/jousset-parfums-accident-a-la-vanille-madeleine-de-proust-50ml-spray-le-parfum\\\/\",\"name\":\"JOUSSET PARFUMS ACCIDENT A LA VANILLE MADELEINE DE PROUST 50ML SPRAY LE PARFUM\",\"isPartOf\":{\"@id\":\"https:\\\/\\\/www.profumixluxurybrands.it\\\/en\\\/#website\"},\"primaryImageOfPage\":{\"@id\":\"https:\\\/\\\/www.profumixluxurybrands.it\\\/en\\\/brands\\\/jousset-parfums-accident-a-la-vanille-madeleine-de-proust-50ml-spray-le-parfum\\\/#primaryimage\"},\"image\":{\"@id\":\"https:\\\/\\\/www.profumixluxurybrands.it\\\/en\\\/brands\\\/jousset-parfums-accident-a-la-vanille-madeleine-de-proust-50ml-spray-le-parfum\\\/#primaryimage\"},\"thumbnailUrl\":\"https:\\\/\\\/www.profumixluxurybrands.it\\\/wp-content\\\/uploads\\\/2022\\\/09\\\/Madeleine_De_proust.jpg\",\"datePublished\":\"2022-09-20T13:52:16+00:00\",\"dateModified\":\"2024-12-23T09:59:09+00:00\",\"breadcrumb\":{\"@id\":\"https:\\\/\\\/www.profumixluxurybrands.it\\\/en\\\/brands\\\/jousset-parfums-accident-a-la-vanille-madeleine-de-proust-50ml-spray-le-parfum\\\/#breadcrumb\"},\"inLanguage\":\"en-US\",\"potentialAction\":[{\"@type\":\"ReadAction\",\"target\":[\"https:\\\/\\\/www.profumixluxurybrands.it\\\/en\\\/brands\\\/jousset-parfums-accident-a-la-vanille-madeleine-de-proust-50ml-spray-le-parfum\\\/\"]}]},{\"@type\":\"ImageObject\",\"inLanguage\":\"en-US\",\"@id\":\"https:\\\/\\\/www.profumixluxurybrands.it\\\/en\\\/brands\\\/jousset-parfums-accident-a-la-vanille-madeleine-de-proust-50ml-spray-le-parfum\\\/#primaryimage\",\"url\":\"https:\\\/\\\/www.profumixluxurybrands.it\\\/wp-content\\\/uploads\\\/2022\\\/09\\\/Madeleine_De_proust.jpg\",\"contentUrl\":\"https:\\\/\\\/www.profumixluxurybrands.it\\\/wp-content\\\/uploads\\\/2022\\\/09\\\/Madeleine_De_proust.jpg\",\"width\":1500,\"height\":1500},{\"@type\":\"BreadcrumbList\",\"@id\":\"https:\\\/\\\/www.profumixluxurybrands.it\\\/en\\\/brands\\\/jousset-parfums-accident-a-la-vanille-madeleine-de-proust-50ml-spray-le-parfum\\\/#breadcrumb\",\"itemListElement\":[{\"@type\":\"ListItem\",\"position\":1,\"name\":\"Home\",\"item\":\"https:\\\/\\\/www.profumixluxurybrands.it\\\/en\\\/\"},{\"@type\":\"ListItem\",\"position\":2,\"name\":\"Shop\",\"item\":\"https:\\\/\\\/www.profumixluxurybrands.it\\\/en\\\/shop\\\/\"},{\"@type\":\"ListItem\",\"position\":3,\"name\":\"JOUSSET PARFUMS ACCIDENT A LA VANILLE MADELEINE DE PROUST 50ML SPRAY LE PARFUM\"}]},{\"@type\":\"WebSite\",\"@id\":\"https:\\\/\\\/www.profumixluxurybrands.it\\\/en\\\/#website\",\"url\":\"https:\\\/\\\/www.profumixluxurybrands.it\\\/en\\\/\",\"name\":\"Profumix Luxury Perfumes\",\"description\":\"\",\"publisher\":{\"@id\":\"https:\\\/\\\/www.profumixluxurybrands.it\\\/en\\\/#organization\"},\"potentialAction\":[{\"@type\":\"SearchAction\",\"target\":{\"@type\":\"EntryPoint\",\"urlTemplate\":\"https:\\\/\\\/www.profumixluxurybrands.it\\\/en\\\/?s={search_term_string}\"},\"query-input\":{\"@type\":\"PropertyValueSpecification\",\"valueRequired\":true,\"valueName\":\"search_term_string\"}}],\"inLanguage\":\"en-US\"},{\"@type\":\"Organization\",\"@id\":\"https:\\\/\\\/www.profumixluxurybrands.it\\\/en\\\/#organization\",\"name\":\"Profumix Luxury Perfumes\",\"url\":\"https:\\\/\\\/www.profumixluxurybrands.it\\\/en\\\/\",\"logo\":{\"@type\":\"ImageObject\",\"inLanguage\":\"en-US\",\"@id\":\"https:\\\/\\\/www.profumixluxurybrands.it\\\/en\\\/#\\\/schema\\\/logo\\\/image\\\/\",\"url\":\"https:\\\/\\\/www.profumixluxurybrands.it\\\/wp-content\\\/uploads\\\/2022\\\/09\\\/logo-profumixluxury-ev.png\",\"contentUrl\":\"https:\\\/\\\/www.profumixluxurybrands.it\\\/wp-content\\\/uploads\\\/2022\\\/09\\\/logo-profumixluxury-ev.png\",\"width\":374,\"height\":176,\"caption\":\"Profumix Luxury Perfumes\"},\"image\":{\"@id\":\"https:\\\/\\\/www.profumixluxurybrands.it\\\/en\\\/#\\\/schema\\\/logo\\\/image\\\/\"},\"sameAs\":[\"https:\\\/\\\/www.facebook.com\\\/profumix\",\"https:\\\/\\\/www.instagram.com\\\/profumix_luxury_brands\\\/\"]}]}<\/script>\n<!-- \/ Yoast SEO plugin. -->","yoast_head_json":{"title":"JOUSSET PARFUMS ACCIDENT A LA VANILLE MADELEINE DE PROUST 50ML SPRAY LE PARFUM","robots":{"index":"index","follow":"follow","max-snippet":"max-snippet:-1","max-image-preview":"max-image-preview:large","max-video-preview":"max-video-preview:-1"},"canonical":"https:\/\/www.profumixluxurybrands.it\/en\/brands\/jousset-parfums-accident-a-la-vanille-madeleine-de-proust-50ml-spray-le-parfum\/","og_locale":"en_US","og_type":"article","og_title":"JOUSSET PARFUMS ACCIDENT A LA VANILLE MADELEINE DE PROUST 50ML SPRAY LE PARFUM","og_description":"The owner of one of the most prestigious perfumeries breathes some notes into the ear of our perfumer. Jimmy takes a look at the brief and elaborates a soft scent of buttery madeleine stuffed with an irresistible peach jam and a pinch of grated coconut. This elaboration immediately reminds him of wonderful childhood memories. It was so vivid that it absolutely had to be produced for our perfumer's return to France. After the agreement between the two owners, the French edition of Accident \u00c0 La Vanille takes shape and is proposed in its most prestigious presentation. The expression \"Madeleine de Proust\" qualifies any phenomenon that causes an impression of reminiscence. It can be anything that brings back or reactivates a memory, as a madeleine does to the narrator of \"\u00c0 la recherche du temps perdu\" in \"Du c\u00f4t\u00e9 de chez Swann\" (1913), the first volume of Marcel Proust's novel. Top note: peach, apricot Heart note: coconut Base note: Madeleine, Butter, Vanilla","og_url":"https:\/\/www.profumixluxurybrands.it\/en\/brands\/jousset-parfums-accident-a-la-vanille-madeleine-de-proust-50ml-spray-le-parfum\/","og_site_name":"Profumix Luxury Perfumes","article_publisher":"https:\/\/www.facebook.com\/profumix","article_modified_time":"2024-12-23T09:59:09+00:00","og_image":[{"width":1500,"height":1500,"url":"https:\/\/www.profumixluxurybrands.it\/wp-content\/uploads\/2022\/09\/Madeleine_De_proust.jpg","type":"image\/jpeg"}],"twitter_card":"summary_large_image","twitter_misc":{"Est. reading time":"1 minute"},"schema":{"@context":"https:\/\/schema.org","@graph":[{"@type":"WebPage","@id":"https:\/\/www.profumixluxurybrands.it\/en\/brands\/jousset-parfums-accident-a-la-vanille-madeleine-de-proust-50ml-spray-le-parfum\/","url":"https:\/\/www.profumixluxurybrands.it\/en\/brands\/jousset-parfums-accident-a-la-vanille-madeleine-de-proust-50ml-spray-le-parfum\/","name":"JOUSSET PARFUMS ACCIDENT A LA VANILLE MADELEINE DE PROUST 50ML SPRAY LE PARFUM","isPartOf":{"@id":"https:\/\/www.profumixluxurybrands.it\/en\/#website"},"primaryImageOfPage":{"@id":"https:\/\/www.profumixluxurybrands.it\/en\/brands\/jousset-parfums-accident-a-la-vanille-madeleine-de-proust-50ml-spray-le-parfum\/#primaryimage"},"image":{"@id":"https:\/\/www.profumixluxurybrands.it\/en\/brands\/jousset-parfums-accident-a-la-vanille-madeleine-de-proust-50ml-spray-le-parfum\/#primaryimage"},"thumbnailUrl":"https:\/\/www.profumixluxurybrands.it\/wp-content\/uploads\/2022\/09\/Madeleine_De_proust.jpg","datePublished":"2022-09-20T13:52:16+00:00","dateModified":"2024-12-23T09:59:09+00:00","breadcrumb":{"@id":"https:\/\/www.profumixluxurybrands.it\/en\/brands\/jousset-parfums-accident-a-la-vanille-madeleine-de-proust-50ml-spray-le-parfum\/#breadcrumb"},"inLanguage":"en-US","potentialAction":[{"@type":"ReadAction","target":["https:\/\/www.profumixluxurybrands.it\/en\/brands\/jousset-parfums-accident-a-la-vanille-madeleine-de-proust-50ml-spray-le-parfum\/"]}]},{"@type":"ImageObject","inLanguage":"en-US","@id":"https:\/\/www.profumixluxurybrands.it\/en\/brands\/jousset-parfums-accident-a-la-vanille-madeleine-de-proust-50ml-spray-le-parfum\/#primaryimage","url":"https:\/\/www.profumixluxurybrands.it\/wp-content\/uploads\/2022\/09\/Madeleine_De_proust.jpg","contentUrl":"https:\/\/www.profumixluxurybrands.it\/wp-content\/uploads\/2022\/09\/Madeleine_De_proust.jpg","width":1500,"height":1500},{"@type":"BreadcrumbList","@id":"https:\/\/www.profumixluxurybrands.it\/en\/brands\/jousset-parfums-accident-a-la-vanille-madeleine-de-proust-50ml-spray-le-parfum\/#breadcrumb","itemListElement":[{"@type":"ListItem","position":1,"name":"Home","item":"https:\/\/www.profumixluxurybrands.it\/en\/"},{"@type":"ListItem","position":2,"name":"Shop","item":"https:\/\/www.profumixluxurybrands.it\/en\/shop\/"},{"@type":"ListItem","position":3,"name":"JOUSSET PARFUMS ACCIDENT A LA VANILLE MADELEINE DE PROUST 50ML SPRAY LE PARFUM"}]},{"@type":"WebSite","@id":"https:\/\/www.profumixluxurybrands.it\/en\/#website","url":"https:\/\/www.profumixluxurybrands.it\/en\/","name":"Profumix Luxury Perfumes","description":"","publisher":{"@id":"https:\/\/www.profumixluxurybrands.it\/en\/#organization"},"potentialAction":[{"@type":"SearchAction","target":{"@type":"EntryPoint","urlTemplate":"https:\/\/www.profumixluxurybrands.it\/en\/?s={search_term_string}"},"query-input":{"@type":"PropertyValueSpecification","valueRequired":true,"valueName":"search_term_string"}}],"inLanguage":"en-US"},{"@type":"Organization","@id":"https:\/\/www.profumixluxurybrands.it\/en\/#organization","name":"Profumix Luxury Perfumes","url":"https:\/\/www.profumixluxurybrands.it\/en\/","logo":{"@type":"ImageObject","inLanguage":"en-US","@id":"https:\/\/www.profumixluxurybrands.it\/en\/#\/schema\/logo\/image\/","url":"https:\/\/www.profumixluxurybrands.it\/wp-content\/uploads\/2022\/09\/logo-profumixluxury-ev.png","contentUrl":"https:\/\/www.profumixluxurybrands.it\/wp-content\/uploads\/2022\/09\/logo-profumixluxury-ev.png","width":374,"height":176,"caption":"Profumix Luxury Perfumes"},"image":{"@id":"https:\/\/www.profumixluxurybrands.it\/en\/#\/schema\/logo\/image\/"},"sameAs":["https:\/\/www.facebook.com\/profumix","https:\/\/www.instagram.com\/profumix_luxury_brands\/"]}]}},"_links":{"self":[{"href":"https:\/\/www.profumixluxurybrands.it\/en\/wp-json\/wp\/v2\/product\/69784","targetHints":{"allow":["GET"]}}],"collection":[{"href":"https:\/\/www.profumixluxurybrands.it\/en\/wp-json\/wp\/v2\/product"}],"about":[{"href":"https:\/\/www.profumixluxurybrands.it\/en\/wp-json\/wp\/v2\/types\/product"}],"replies":[{"embeddable":true,"href":"https:\/\/www.profumixluxurybrands.it\/en\/wp-json\/wp\/v2\/comments?post=69784"}],"wp:featuredmedia":[{"embeddable":true,"href":"https:\/\/www.profumixluxurybrands.it\/en\/wp-json\/wp\/v2\/media\/76688"}],"wp:attachment":[{"href":"https:\/\/www.profumixluxurybrands.it\/en\/wp-json\/wp\/v2\/media?parent=69784"}],"wp:term":[{"taxonomy":"product_brand","embeddable":true,"href":"https:\/\/www.profumixluxurybrands.it\/en\/wp-json\/wp\/v2\/product_brand?post=69784"},{"taxonomy":"product_cat","embeddable":true,"href":"https:\/\/www.profumixluxurybrands.it\/en\/wp-json\/wp\/v2\/product_cat?post=69784"},{"taxonomy":"product_tag","embeddable":true,"href":"https:\/\/www.profumixluxurybrands.it\/en\/wp-json\/wp\/v2\/product_tag?post=69784"}],"curies":[{"name":"wp","href":"https:\/\/api.w.org\/{rel}","templated":true}]}}