{"id":102001,"date":"2026-04-11T12:08:39","date_gmt":"2026-04-11T10:08:39","guid":{"rendered":"https:\/\/www.profumixluxurybrands.it\/?post_type=product&#038;p=102001"},"modified":"2026-04-11T12:12:46","modified_gmt":"2026-04-11T10:12:46","slug":"coqui-coqui-les-vetyvers-eau-de-parfum-spray-100ml","status":"publish","type":"product","link":"https:\/\/www.profumixluxurybrands.it\/en\/brands\/coqui-coqui-les-vetyvers-eau-de-parfum-spray-100ml\/","title":{"rendered":"COQUI COQUI LES VETYVERS EAU DE PARFUM SPRAY 100ML"},"content":{"rendered":"","protected":false},"excerpt":{"rendered":"<p><span class=\"HwtZe\" lang=\"it\"><span class=\"jCAhz ChMk0b\"><span class=\"ryNqvb\">COLLECTION: \u00celes de la Soci\u00e9t\u00e9<\/span><\/span><\/span><\/p>\n<p><span class=\"HwtZe\" lang=\"it\"><span class=\"jCAhz ChMk0b\"><span class=\"ryNqvb\">OLFACTORY FAMILY: Woody Floral<\/span><\/span><\/span><\/p>\n<p><span class=\"HwtZe\" lang=\"it\"><span class=\"jCAhz ChMk0b\"><span class=\"ryNqvb\">DESCRIPTION: This island cologne combines the freshness of Italian bergamot with the woody, velvety strength of earthy vetiver.<\/span><\/span> <span class=\"jCAhz ChMk0b\"><span class=\"ryNqvb\">A heart of rose and geranium is intertwined with tropical ylang-ylang flowers, black pepper and sandalwood to create an energetic and lasting harmony.<\/span><\/span> <span class=\"jCAhz ChMk0b\"><span class=\"ryNqvb\">For modern fl\u00e2neurs looking for sophistication and character, Les Vetyvers is a wild force of nature. <\/span><\/span><\/span><\/p>\n<p><span class=\"HwtZe\" lang=\"it\"><span class=\"jCAhz ChMk0b\"><span class=\"ryNqvb\">OLFACTORY PYRAMID: <\/span><\/span><\/span><\/p>\n<div class=\"lRu31\" dir=\"ltr\"><span class=\"HwtZe\" lang=\"it\"><span class=\"jCAhz ChMk0b\"><span class=\"ryNqvb\">Top notes: Bergamot, Rosemary<\/span><\/span><\/span><\/div>\n<div class=\"lRu31\" dir=\"ltr\"><span class=\"HwtZe\" lang=\"it\"><span class=\"jCAhz ChMk0b\"><span class=\"ryNqvb\">Heart notes: Rose, Geranium, Ylang-ylang, Black pepper <\/span><\/span><\/span><\/div>\n<div class=\"lRu31\" dir=\"ltr\">\n<p><span class=\"HwtZe\" lang=\"it\"><span class=\"jCAhz ChMk0b\"><span class=\"ryNqvb\">Base notes: Vetiver root, Sandalwood<\/span><\/span><\/span><\/p>\n<div class=\"pw1uU\" aria-hidden=\"true\"><\/div>\n<div class=\"pw1uU\" aria-hidden=\"true\"><\/div>\n<div class=\"OvtS8d\"><\/div>\n<div id=\"ow19\" class=\"NQSJo\"><\/div>\n<\/div>\n<div class=\"UdTY9 WdefRb\" aria-hidden=\"true\" data-location=\"2\">\n<div class=\"kO6q6e\"><\/div>\n<\/div>\n","protected":false},"featured_media":102002,"comment_status":"open","ping_status":"closed","template":"","meta":{"_et_pb_use_builder":"","_et_pb_old_content":"","_et_gb_content_width":"","_themeisle_gutenberg_block_has_review":false},"product_brand":[],"product_cat":[4879,7275,4871,4857,4888,4891,4887,4860,4875],"product_tag":[],"class_list":{"0":"post-102001","1":"product","2":"type-product","3":"status-publish","4":"has-post-thumbnail","6":"product_cat-brands-en","7":"product_cat-coqui-coqui","8":"product_cat-floral-flowered","9":"product_cat-fragrances","10":"product_cat-in-evidence","11":"product_cat-prodotti_luxury","12":"product_cat-products","13":"product_cat-unisex-fragrances","14":"product_cat-woody","15":"pa_categoria_desc-unisex-perfumes","16":"pa_confezione_desc-original-packaging-no-tester","17":"pa_formato_filtro-100ml-en","18":"pa_produttore-coqui-coqui","19":"pa_spedizione_gratuita-yes","20":"pa_tipo_filtro-spray-eau-de-parfum","22":"first","23":"instock","24":"shipping-taxable","25":"purchasable","26":"product-type-simple"},"yoast_head":"<!-- This site is optimized with the Yoast SEO plugin v27.3 - https:\/\/yoast.com\/product\/yoast-seo-wordpress\/ -->\n<title>COQUI COQUI LES VETYVERS EAU DE PARFUM SPRAY 100ML<\/title>\n<meta name=\"robots\" content=\"index, follow, max-snippet:-1, max-image-preview:large, max-video-preview:-1\" \/>\n<link rel=\"canonical\" href=\"https:\/\/www.profumixluxurybrands.it\/en\/brands\/coqui-coqui-les-vetyvers-eau-de-parfum-spray-100ml\/\" \/>\n<meta property=\"og:locale\" content=\"en_US\" \/>\n<meta property=\"og:type\" content=\"article\" \/>\n<meta property=\"og:title\" content=\"COQUI COQUI LES VETYVERS EAU DE PARFUM SPRAY 100ML\" \/>\n<meta property=\"og:description\" content=\"COLLECTION: \u00celes de la Soci\u00e9t\u00e9  OLFACTORY FAMILY: Woody Floral  DESCRIPTION: This island cologne combines the freshness of Italian bergamot with the woody, velvety strength of earthy vetiver. A heart of rose and geranium is intertwined with tropical ylang-ylang flowers, black pepper and sandalwood to create an energetic and lasting harmony. For modern fl\u00e2neurs looking for sophistication and character, Les Vetyvers is a wild force of nature.   OLFACTORY PYRAMID:  Top notes: Bergamot, Rosemary Heart notes: Rose, Geranium, Ylang-ylang, Black pepper    Base notes: Vetiver root, Sandalwood\" \/>\n<meta property=\"og:url\" content=\"https:\/\/www.profumixluxurybrands.it\/en\/brands\/coqui-coqui-les-vetyvers-eau-de-parfum-spray-100ml\/\" \/>\n<meta property=\"og:site_name\" content=\"Profumix Luxury Perfumes\" \/>\n<meta property=\"article:publisher\" content=\"https:\/\/www.facebook.com\/profumix\" \/>\n<meta property=\"article:modified_time\" content=\"2026-04-11T10:12:46+00:00\" \/>\n<meta property=\"og:image\" content=\"https:\/\/www.profumixluxurybrands.it\/wp-content\/uploads\/2026\/04\/LES_VETYVERS.jpg\" \/>\n\t<meta property=\"og:image:width\" content=\"1512\" \/>\n\t<meta property=\"og:image:height\" content=\"1512\" \/>\n\t<meta property=\"og:image:type\" content=\"image\/jpeg\" \/>\n<meta name=\"twitter:card\" content=\"summary_large_image\" \/>\n<meta name=\"twitter:label1\" content=\"Est. reading time\" \/>\n\t<meta name=\"twitter:data1\" content=\"1 minute\" \/>\n<script type=\"application\/ld+json\" class=\"yoast-schema-graph\">{\"@context\":\"https:\\\/\\\/schema.org\",\"@graph\":[{\"@type\":\"WebPage\",\"@id\":\"https:\\\/\\\/www.profumixluxurybrands.it\\\/en\\\/brands\\\/coqui-coqui-les-vetyvers-eau-de-parfum-spray-100ml\\\/\",\"url\":\"https:\\\/\\\/www.profumixluxurybrands.it\\\/en\\\/brands\\\/coqui-coqui-les-vetyvers-eau-de-parfum-spray-100ml\\\/\",\"name\":\"COQUI COQUI LES VETYVERS EAU DE PARFUM SPRAY 100ML\",\"isPartOf\":{\"@id\":\"https:\\\/\\\/www.profumixluxurybrands.it\\\/en\\\/#website\"},\"primaryImageOfPage\":{\"@id\":\"https:\\\/\\\/www.profumixluxurybrands.it\\\/en\\\/brands\\\/coqui-coqui-les-vetyvers-eau-de-parfum-spray-100ml\\\/#primaryimage\"},\"image\":{\"@id\":\"https:\\\/\\\/www.profumixluxurybrands.it\\\/en\\\/brands\\\/coqui-coqui-les-vetyvers-eau-de-parfum-spray-100ml\\\/#primaryimage\"},\"thumbnailUrl\":\"https:\\\/\\\/www.profumixluxurybrands.it\\\/wp-content\\\/uploads\\\/2026\\\/04\\\/LES_VETYVERS.jpg\",\"datePublished\":\"2026-04-11T10:08:39+00:00\",\"dateModified\":\"2026-04-11T10:12:46+00:00\",\"breadcrumb\":{\"@id\":\"https:\\\/\\\/www.profumixluxurybrands.it\\\/en\\\/brands\\\/coqui-coqui-les-vetyvers-eau-de-parfum-spray-100ml\\\/#breadcrumb\"},\"inLanguage\":\"en-US\",\"potentialAction\":[{\"@type\":\"ReadAction\",\"target\":[\"https:\\\/\\\/www.profumixluxurybrands.it\\\/en\\\/brands\\\/coqui-coqui-les-vetyvers-eau-de-parfum-spray-100ml\\\/\"]}]},{\"@type\":\"ImageObject\",\"inLanguage\":\"en-US\",\"@id\":\"https:\\\/\\\/www.profumixluxurybrands.it\\\/en\\\/brands\\\/coqui-coqui-les-vetyvers-eau-de-parfum-spray-100ml\\\/#primaryimage\",\"url\":\"https:\\\/\\\/www.profumixluxurybrands.it\\\/wp-content\\\/uploads\\\/2026\\\/04\\\/LES_VETYVERS.jpg\",\"contentUrl\":\"https:\\\/\\\/www.profumixluxurybrands.it\\\/wp-content\\\/uploads\\\/2026\\\/04\\\/LES_VETYVERS.jpg\",\"width\":1512,\"height\":1512},{\"@type\":\"BreadcrumbList\",\"@id\":\"https:\\\/\\\/www.profumixluxurybrands.it\\\/en\\\/brands\\\/coqui-coqui-les-vetyvers-eau-de-parfum-spray-100ml\\\/#breadcrumb\",\"itemListElement\":[{\"@type\":\"ListItem\",\"position\":1,\"name\":\"Home\",\"item\":\"https:\\\/\\\/www.profumixluxurybrands.it\\\/en\\\/\"},{\"@type\":\"ListItem\",\"position\":2,\"name\":\"Shop\",\"item\":\"https:\\\/\\\/www.profumixluxurybrands.it\\\/en\\\/shop\\\/\"},{\"@type\":\"ListItem\",\"position\":3,\"name\":\"COQUI COQUI LES VETYVERS EAU DE PARFUM SPRAY 100ML\"}]},{\"@type\":\"WebSite\",\"@id\":\"https:\\\/\\\/www.profumixluxurybrands.it\\\/en\\\/#website\",\"url\":\"https:\\\/\\\/www.profumixluxurybrands.it\\\/en\\\/\",\"name\":\"Profumix Luxury Perfumes\",\"description\":\"\",\"publisher\":{\"@id\":\"https:\\\/\\\/www.profumixluxurybrands.it\\\/en\\\/#organization\"},\"potentialAction\":[{\"@type\":\"SearchAction\",\"target\":{\"@type\":\"EntryPoint\",\"urlTemplate\":\"https:\\\/\\\/www.profumixluxurybrands.it\\\/en\\\/?s={search_term_string}\"},\"query-input\":{\"@type\":\"PropertyValueSpecification\",\"valueRequired\":true,\"valueName\":\"search_term_string\"}}],\"inLanguage\":\"en-US\"},{\"@type\":\"Organization\",\"@id\":\"https:\\\/\\\/www.profumixluxurybrands.it\\\/en\\\/#organization\",\"name\":\"Profumix Luxury Perfumes\",\"url\":\"https:\\\/\\\/www.profumixluxurybrands.it\\\/en\\\/\",\"logo\":{\"@type\":\"ImageObject\",\"inLanguage\":\"en-US\",\"@id\":\"https:\\\/\\\/www.profumixluxurybrands.it\\\/en\\\/#\\\/schema\\\/logo\\\/image\\\/\",\"url\":\"https:\\\/\\\/www.profumixluxurybrands.it\\\/wp-content\\\/uploads\\\/2022\\\/09\\\/logo-profumixluxury-ev.png\",\"contentUrl\":\"https:\\\/\\\/www.profumixluxurybrands.it\\\/wp-content\\\/uploads\\\/2022\\\/09\\\/logo-profumixluxury-ev.png\",\"width\":374,\"height\":176,\"caption\":\"Profumix Luxury Perfumes\"},\"image\":{\"@id\":\"https:\\\/\\\/www.profumixluxurybrands.it\\\/en\\\/#\\\/schema\\\/logo\\\/image\\\/\"},\"sameAs\":[\"https:\\\/\\\/www.facebook.com\\\/profumix\",\"https:\\\/\\\/www.instagram.com\\\/profumix_luxury_brands\\\/\"]}]}<\/script>\n<!-- \/ Yoast SEO plugin. -->","yoast_head_json":{"title":"COQUI COQUI LES VETYVERS EAU DE PARFUM SPRAY 100ML","robots":{"index":"index","follow":"follow","max-snippet":"max-snippet:-1","max-image-preview":"max-image-preview:large","max-video-preview":"max-video-preview:-1"},"canonical":"https:\/\/www.profumixluxurybrands.it\/en\/brands\/coqui-coqui-les-vetyvers-eau-de-parfum-spray-100ml\/","og_locale":"en_US","og_type":"article","og_title":"COQUI COQUI LES VETYVERS EAU DE PARFUM SPRAY 100ML","og_description":"COLLECTION: \u00celes de la Soci\u00e9t\u00e9  OLFACTORY FAMILY: Woody Floral  DESCRIPTION: This island cologne combines the freshness of Italian bergamot with the woody, velvety strength of earthy vetiver. A heart of rose and geranium is intertwined with tropical ylang-ylang flowers, black pepper and sandalwood to create an energetic and lasting harmony. For modern fl\u00e2neurs looking for sophistication and character, Les Vetyvers is a wild force of nature.   OLFACTORY PYRAMID:  Top notes: Bergamot, Rosemary Heart notes: Rose, Geranium, Ylang-ylang, Black pepper    Base notes: Vetiver root, Sandalwood","og_url":"https:\/\/www.profumixluxurybrands.it\/en\/brands\/coqui-coqui-les-vetyvers-eau-de-parfum-spray-100ml\/","og_site_name":"Profumix Luxury Perfumes","article_publisher":"https:\/\/www.facebook.com\/profumix","article_modified_time":"2026-04-11T10:12:46+00:00","og_image":[{"width":1512,"height":1512,"url":"https:\/\/www.profumixluxurybrands.it\/wp-content\/uploads\/2026\/04\/LES_VETYVERS.jpg","type":"image\/jpeg"}],"twitter_card":"summary_large_image","twitter_misc":{"Est. reading time":"1 minute"},"schema":{"@context":"https:\/\/schema.org","@graph":[{"@type":"WebPage","@id":"https:\/\/www.profumixluxurybrands.it\/en\/brands\/coqui-coqui-les-vetyvers-eau-de-parfum-spray-100ml\/","url":"https:\/\/www.profumixluxurybrands.it\/en\/brands\/coqui-coqui-les-vetyvers-eau-de-parfum-spray-100ml\/","name":"COQUI COQUI LES VETYVERS EAU DE PARFUM SPRAY 100ML","isPartOf":{"@id":"https:\/\/www.profumixluxurybrands.it\/en\/#website"},"primaryImageOfPage":{"@id":"https:\/\/www.profumixluxurybrands.it\/en\/brands\/coqui-coqui-les-vetyvers-eau-de-parfum-spray-100ml\/#primaryimage"},"image":{"@id":"https:\/\/www.profumixluxurybrands.it\/en\/brands\/coqui-coqui-les-vetyvers-eau-de-parfum-spray-100ml\/#primaryimage"},"thumbnailUrl":"https:\/\/www.profumixluxurybrands.it\/wp-content\/uploads\/2026\/04\/LES_VETYVERS.jpg","datePublished":"2026-04-11T10:08:39+00:00","dateModified":"2026-04-11T10:12:46+00:00","breadcrumb":{"@id":"https:\/\/www.profumixluxurybrands.it\/en\/brands\/coqui-coqui-les-vetyvers-eau-de-parfum-spray-100ml\/#breadcrumb"},"inLanguage":"en-US","potentialAction":[{"@type":"ReadAction","target":["https:\/\/www.profumixluxurybrands.it\/en\/brands\/coqui-coqui-les-vetyvers-eau-de-parfum-spray-100ml\/"]}]},{"@type":"ImageObject","inLanguage":"en-US","@id":"https:\/\/www.profumixluxurybrands.it\/en\/brands\/coqui-coqui-les-vetyvers-eau-de-parfum-spray-100ml\/#primaryimage","url":"https:\/\/www.profumixluxurybrands.it\/wp-content\/uploads\/2026\/04\/LES_VETYVERS.jpg","contentUrl":"https:\/\/www.profumixluxurybrands.it\/wp-content\/uploads\/2026\/04\/LES_VETYVERS.jpg","width":1512,"height":1512},{"@type":"BreadcrumbList","@id":"https:\/\/www.profumixluxurybrands.it\/en\/brands\/coqui-coqui-les-vetyvers-eau-de-parfum-spray-100ml\/#breadcrumb","itemListElement":[{"@type":"ListItem","position":1,"name":"Home","item":"https:\/\/www.profumixluxurybrands.it\/en\/"},{"@type":"ListItem","position":2,"name":"Shop","item":"https:\/\/www.profumixluxurybrands.it\/en\/shop\/"},{"@type":"ListItem","position":3,"name":"COQUI COQUI LES VETYVERS EAU DE PARFUM SPRAY 100ML"}]},{"@type":"WebSite","@id":"https:\/\/www.profumixluxurybrands.it\/en\/#website","url":"https:\/\/www.profumixluxurybrands.it\/en\/","name":"Profumix Luxury Perfumes","description":"","publisher":{"@id":"https:\/\/www.profumixluxurybrands.it\/en\/#organization"},"potentialAction":[{"@type":"SearchAction","target":{"@type":"EntryPoint","urlTemplate":"https:\/\/www.profumixluxurybrands.it\/en\/?s={search_term_string}"},"query-input":{"@type":"PropertyValueSpecification","valueRequired":true,"valueName":"search_term_string"}}],"inLanguage":"en-US"},{"@type":"Organization","@id":"https:\/\/www.profumixluxurybrands.it\/en\/#organization","name":"Profumix Luxury Perfumes","url":"https:\/\/www.profumixluxurybrands.it\/en\/","logo":{"@type":"ImageObject","inLanguage":"en-US","@id":"https:\/\/www.profumixluxurybrands.it\/en\/#\/schema\/logo\/image\/","url":"https:\/\/www.profumixluxurybrands.it\/wp-content\/uploads\/2022\/09\/logo-profumixluxury-ev.png","contentUrl":"https:\/\/www.profumixluxurybrands.it\/wp-content\/uploads\/2022\/09\/logo-profumixluxury-ev.png","width":374,"height":176,"caption":"Profumix Luxury Perfumes"},"image":{"@id":"https:\/\/www.profumixluxurybrands.it\/en\/#\/schema\/logo\/image\/"},"sameAs":["https:\/\/www.facebook.com\/profumix","https:\/\/www.instagram.com\/profumix_luxury_brands\/"]}]}},"_links":{"self":[{"href":"https:\/\/www.profumixluxurybrands.it\/en\/wp-json\/wp\/v2\/product\/102001","targetHints":{"allow":["GET"]}}],"collection":[{"href":"https:\/\/www.profumixluxurybrands.it\/en\/wp-json\/wp\/v2\/product"}],"about":[{"href":"https:\/\/www.profumixluxurybrands.it\/en\/wp-json\/wp\/v2\/types\/product"}],"replies":[{"embeddable":true,"href":"https:\/\/www.profumixluxurybrands.it\/en\/wp-json\/wp\/v2\/comments?post=102001"}],"wp:featuredmedia":[{"embeddable":true,"href":"https:\/\/www.profumixluxurybrands.it\/en\/wp-json\/wp\/v2\/media\/102002"}],"wp:attachment":[{"href":"https:\/\/www.profumixluxurybrands.it\/en\/wp-json\/wp\/v2\/media?parent=102001"}],"wp:term":[{"taxonomy":"product_brand","embeddable":true,"href":"https:\/\/www.profumixluxurybrands.it\/en\/wp-json\/wp\/v2\/product_brand?post=102001"},{"taxonomy":"product_cat","embeddable":true,"href":"https:\/\/www.profumixluxurybrands.it\/en\/wp-json\/wp\/v2\/product_cat?post=102001"},{"taxonomy":"product_tag","embeddable":true,"href":"https:\/\/www.profumixluxurybrands.it\/en\/wp-json\/wp\/v2\/product_tag?post=102001"}],"curies":[{"name":"wp","href":"https:\/\/api.w.org\/{rel}","templated":true}]}}