{"id":101997,"date":"2026-04-11T12:01:30","date_gmt":"2026-04-11T10:01:30","guid":{"rendered":"https:\/\/www.profumixluxurybrands.it\/?post_type=product&#038;p=101997"},"modified":"2026-04-11T12:07:08","modified_gmt":"2026-04-11T10:07:08","slug":"coqui-coqui-fleurs-des-iles-eau-de-parfum-spray-100ml","status":"publish","type":"product","link":"https:\/\/www.profumixluxurybrands.it\/en\/brands\/coqui-coqui-fleurs-des-iles-eau-de-parfum-spray-100ml\/","title":{"rendered":"COQUI COQUI FLEURS DES ILES EAU DE PARFUM SPRAY 100ML"},"content":{"rendered":"","protected":false},"excerpt":{"rendered":"<p><span class=\"HwtZe\" lang=\"it\"><span class=\"jCAhz ChMk0b\"><span class=\"ryNqvb\">COLLECTION: \u00celes de la Soci\u00e9t\u00e9<\/span><\/span><\/span><\/p>\n<p><span class=\"HwtZe\" lang=\"it\"><span class=\"jCAhz ChMk0b\"><span class=\"ryNqvb\">OLFACTORY FAMILY: Amber Floral<\/span><\/span><\/span><\/p>\n<p><span class=\"HwtZe\" lang=\"it\"><span class=\"jCAhz ChMk0b\"><span class=\"ryNqvb\">DESCRIPTION: Walking among the Polynesian islands, we are lucky enough to admire a unique variety of local flowers.<\/span><\/span> <span class=\"jCAhz ChMk0b\"><span class=\"ryNqvb\">The sunny floral note of the Mayflower conveys peace and well-being.<\/span><\/span> <span class=\"jCAhz ChMk0b\"><span class=\"ryNqvb\">The fruity opulence of Ylang Ylang brings overwhelming joy, while wild jasmine instills serenity.<\/span><\/span> <span class=\"jCAhz ChMk0b\"><span class=\"ryNqvb\">This unique floral bouquet evokes these positive emotions with an elegant and persistent trail that delights the senses and ensures that we never go unnoticed.<\/span><\/span> <span class=\"jCAhz JpY6Fd\"><span class=\"ryNqvb\">Thousands of flowers enclosed in a single fragrance.<\/span><\/span><\/span><\/p>\n<p><span class=\"HwtZe\" lang=\"it\"><span class=\"jCAhz ChMk0b\"><span class=\"ryNqvb\">OLFACTORY PYRAMID: <\/span><\/span><\/span><\/p>\n<p><span class=\"HwtZe\" lang=\"it\"><span class=\"jCAhz ChMk0b\"><span class=\"ryNqvb\">Top notes: Tropical fruit, pitaya, mandarin <\/span><\/span><\/span><\/p>\n<p><span class=\"HwtZe\" lang=\"it\"><span class=\"jCAhz ChMk0b\"><span class=\"ryNqvb\">Heart notes: Mayflower, Ylang Ylang, wild jasmine <\/span><\/span><\/span><\/p>\n<p><span class=\"HwtZe\" lang=\"it\"><span class=\"jCAhz ChMk0b\"><span class=\"ryNqvb\">Base notes: Patchouli, vanilla, benzoin, cinnamon<\/span><\/span><\/span><\/p>\n","protected":false},"featured_media":101998,"comment_status":"open","ping_status":"closed","template":"","meta":{"_et_pb_use_builder":"","_et_pb_old_content":"","_et_gb_content_width":"","_themeisle_gutenberg_block_has_review":false},"product_brand":[],"product_cat":[4867,4879,7275,4871,4857,4888,4891,4887,4860],"product_tag":[],"class_list":{"0":"post-101997","1":"product","2":"type-product","3":"status-publish","4":"has-post-thumbnail","6":"product_cat-amber-oriental","7":"product_cat-brands-en","8":"product_cat-coqui-coqui","9":"product_cat-floral-flowered","10":"product_cat-fragrances","11":"product_cat-in-evidence","12":"product_cat-prodotti_luxury","13":"product_cat-products","14":"product_cat-unisex-fragrances","15":"pa_categoria_desc-unisex-perfumes","16":"pa_confezione_desc-original-packaging-no-tester","17":"pa_formato_filtro-100ml-en","18":"pa_produttore-coqui-coqui","19":"pa_spedizione_gratuita-yes","20":"pa_tipo_filtro-spray-eau-de-parfum","22":"first","23":"instock","24":"shipping-taxable","25":"purchasable","26":"product-type-simple"},"yoast_head":"<!-- This site is optimized with the Yoast SEO plugin v27.3 - https:\/\/yoast.com\/product\/yoast-seo-wordpress\/ -->\n<title>COQUI COQUI FLEURS DES ILES EAU DE PARFUM SPRAY 100ML<\/title>\n<meta name=\"robots\" content=\"index, follow, max-snippet:-1, max-image-preview:large, max-video-preview:-1\" \/>\n<link rel=\"canonical\" href=\"https:\/\/www.profumixluxurybrands.it\/en\/brands\/coqui-coqui-fleurs-des-iles-eau-de-parfum-spray-100ml\/\" \/>\n<meta property=\"og:locale\" content=\"en_US\" \/>\n<meta property=\"og:type\" content=\"article\" \/>\n<meta property=\"og:title\" content=\"COQUI COQUI FLEURS DES ILES EAU DE PARFUM SPRAY 100ML\" \/>\n<meta property=\"og:description\" content=\"COLLECTION: \u00celes de la Soci\u00e9t\u00e9  OLFACTORY FAMILY: Amber Floral  DESCRIPTION: Walking among the Polynesian islands, we are lucky enough to admire a unique variety of local flowers. The sunny floral note of the Mayflower conveys peace and well-being. The fruity opulence of Ylang Ylang brings overwhelming joy, while wild jasmine instills serenity. This unique floral bouquet evokes these positive emotions with an elegant and persistent trail that delights the senses and ensures that we never go unnoticed. Thousands of flowers enclosed in a single fragrance.  OLFACTORY PYRAMID:   Top notes: Tropical fruit, pitaya, mandarin   Heart notes: Mayflower, Ylang Ylang, wild jasmine   Base notes: Patchouli, vanilla, benzoin, cinnamon\" \/>\n<meta property=\"og:url\" content=\"https:\/\/www.profumixluxurybrands.it\/en\/brands\/coqui-coqui-fleurs-des-iles-eau-de-parfum-spray-100ml\/\" \/>\n<meta property=\"og:site_name\" content=\"Profumix Luxury Perfumes\" \/>\n<meta property=\"article:publisher\" content=\"https:\/\/www.facebook.com\/profumix\" \/>\n<meta property=\"article:modified_time\" content=\"2026-04-11T10:07:08+00:00\" \/>\n<meta property=\"og:image\" content=\"https:\/\/www.profumixluxurybrands.it\/wp-content\/uploads\/2026\/04\/FLERS_DES_ILES.jpg\" \/>\n\t<meta property=\"og:image:width\" content=\"1512\" \/>\n\t<meta property=\"og:image:height\" content=\"1512\" \/>\n\t<meta property=\"og:image:type\" content=\"image\/jpeg\" \/>\n<meta name=\"twitter:card\" content=\"summary_large_image\" \/>\n<meta name=\"twitter:label1\" content=\"Est. reading time\" \/>\n\t<meta name=\"twitter:data1\" content=\"1 minute\" \/>\n<script type=\"application\/ld+json\" class=\"yoast-schema-graph\">{\"@context\":\"https:\\\/\\\/schema.org\",\"@graph\":[{\"@type\":\"WebPage\",\"@id\":\"https:\\\/\\\/www.profumixluxurybrands.it\\\/en\\\/brands\\\/coqui-coqui-fleurs-des-iles-eau-de-parfum-spray-100ml\\\/\",\"url\":\"https:\\\/\\\/www.profumixluxurybrands.it\\\/en\\\/brands\\\/coqui-coqui-fleurs-des-iles-eau-de-parfum-spray-100ml\\\/\",\"name\":\"COQUI COQUI FLEURS DES ILES EAU DE PARFUM SPRAY 100ML\",\"isPartOf\":{\"@id\":\"https:\\\/\\\/www.profumixluxurybrands.it\\\/en\\\/#website\"},\"primaryImageOfPage\":{\"@id\":\"https:\\\/\\\/www.profumixluxurybrands.it\\\/en\\\/brands\\\/coqui-coqui-fleurs-des-iles-eau-de-parfum-spray-100ml\\\/#primaryimage\"},\"image\":{\"@id\":\"https:\\\/\\\/www.profumixluxurybrands.it\\\/en\\\/brands\\\/coqui-coqui-fleurs-des-iles-eau-de-parfum-spray-100ml\\\/#primaryimage\"},\"thumbnailUrl\":\"https:\\\/\\\/www.profumixluxurybrands.it\\\/wp-content\\\/uploads\\\/2026\\\/04\\\/FLERS_DES_ILES.jpg\",\"datePublished\":\"2026-04-11T10:01:30+00:00\",\"dateModified\":\"2026-04-11T10:07:08+00:00\",\"breadcrumb\":{\"@id\":\"https:\\\/\\\/www.profumixluxurybrands.it\\\/en\\\/brands\\\/coqui-coqui-fleurs-des-iles-eau-de-parfum-spray-100ml\\\/#breadcrumb\"},\"inLanguage\":\"en-US\",\"potentialAction\":[{\"@type\":\"ReadAction\",\"target\":[\"https:\\\/\\\/www.profumixluxurybrands.it\\\/en\\\/brands\\\/coqui-coqui-fleurs-des-iles-eau-de-parfum-spray-100ml\\\/\"]}]},{\"@type\":\"ImageObject\",\"inLanguage\":\"en-US\",\"@id\":\"https:\\\/\\\/www.profumixluxurybrands.it\\\/en\\\/brands\\\/coqui-coqui-fleurs-des-iles-eau-de-parfum-spray-100ml\\\/#primaryimage\",\"url\":\"https:\\\/\\\/www.profumixluxurybrands.it\\\/wp-content\\\/uploads\\\/2026\\\/04\\\/FLERS_DES_ILES.jpg\",\"contentUrl\":\"https:\\\/\\\/www.profumixluxurybrands.it\\\/wp-content\\\/uploads\\\/2026\\\/04\\\/FLERS_DES_ILES.jpg\",\"width\":1512,\"height\":1512},{\"@type\":\"BreadcrumbList\",\"@id\":\"https:\\\/\\\/www.profumixluxurybrands.it\\\/en\\\/brands\\\/coqui-coqui-fleurs-des-iles-eau-de-parfum-spray-100ml\\\/#breadcrumb\",\"itemListElement\":[{\"@type\":\"ListItem\",\"position\":1,\"name\":\"Home\",\"item\":\"https:\\\/\\\/www.profumixluxurybrands.it\\\/en\\\/\"},{\"@type\":\"ListItem\",\"position\":2,\"name\":\"Shop\",\"item\":\"https:\\\/\\\/www.profumixluxurybrands.it\\\/en\\\/shop\\\/\"},{\"@type\":\"ListItem\",\"position\":3,\"name\":\"COQUI COQUI FLEURS DES ILES EAU DE PARFUM SPRAY 100ML\"}]},{\"@type\":\"WebSite\",\"@id\":\"https:\\\/\\\/www.profumixluxurybrands.it\\\/en\\\/#website\",\"url\":\"https:\\\/\\\/www.profumixluxurybrands.it\\\/en\\\/\",\"name\":\"Profumix Luxury Perfumes\",\"description\":\"\",\"publisher\":{\"@id\":\"https:\\\/\\\/www.profumixluxurybrands.it\\\/en\\\/#organization\"},\"potentialAction\":[{\"@type\":\"SearchAction\",\"target\":{\"@type\":\"EntryPoint\",\"urlTemplate\":\"https:\\\/\\\/www.profumixluxurybrands.it\\\/en\\\/?s={search_term_string}\"},\"query-input\":{\"@type\":\"PropertyValueSpecification\",\"valueRequired\":true,\"valueName\":\"search_term_string\"}}],\"inLanguage\":\"en-US\"},{\"@type\":\"Organization\",\"@id\":\"https:\\\/\\\/www.profumixluxurybrands.it\\\/en\\\/#organization\",\"name\":\"Profumix Luxury Perfumes\",\"url\":\"https:\\\/\\\/www.profumixluxurybrands.it\\\/en\\\/\",\"logo\":{\"@type\":\"ImageObject\",\"inLanguage\":\"en-US\",\"@id\":\"https:\\\/\\\/www.profumixluxurybrands.it\\\/en\\\/#\\\/schema\\\/logo\\\/image\\\/\",\"url\":\"https:\\\/\\\/www.profumixluxurybrands.it\\\/wp-content\\\/uploads\\\/2022\\\/09\\\/logo-profumixluxury-ev.png\",\"contentUrl\":\"https:\\\/\\\/www.profumixluxurybrands.it\\\/wp-content\\\/uploads\\\/2022\\\/09\\\/logo-profumixluxury-ev.png\",\"width\":374,\"height\":176,\"caption\":\"Profumix Luxury Perfumes\"},\"image\":{\"@id\":\"https:\\\/\\\/www.profumixluxurybrands.it\\\/en\\\/#\\\/schema\\\/logo\\\/image\\\/\"},\"sameAs\":[\"https:\\\/\\\/www.facebook.com\\\/profumix\",\"https:\\\/\\\/www.instagram.com\\\/profumix_luxury_brands\\\/\"]}]}<\/script>\n<!-- \/ Yoast SEO plugin. -->","yoast_head_json":{"title":"COQUI COQUI FLEURS DES ILES EAU DE PARFUM SPRAY 100ML","robots":{"index":"index","follow":"follow","max-snippet":"max-snippet:-1","max-image-preview":"max-image-preview:large","max-video-preview":"max-video-preview:-1"},"canonical":"https:\/\/www.profumixluxurybrands.it\/en\/brands\/coqui-coqui-fleurs-des-iles-eau-de-parfum-spray-100ml\/","og_locale":"en_US","og_type":"article","og_title":"COQUI COQUI FLEURS DES ILES EAU DE PARFUM SPRAY 100ML","og_description":"COLLECTION: \u00celes de la Soci\u00e9t\u00e9  OLFACTORY FAMILY: Amber Floral  DESCRIPTION: Walking among the Polynesian islands, we are lucky enough to admire a unique variety of local flowers. The sunny floral note of the Mayflower conveys peace and well-being. The fruity opulence of Ylang Ylang brings overwhelming joy, while wild jasmine instills serenity. This unique floral bouquet evokes these positive emotions with an elegant and persistent trail that delights the senses and ensures that we never go unnoticed. Thousands of flowers enclosed in a single fragrance.  OLFACTORY PYRAMID:   Top notes: Tropical fruit, pitaya, mandarin   Heart notes: Mayflower, Ylang Ylang, wild jasmine   Base notes: Patchouli, vanilla, benzoin, cinnamon","og_url":"https:\/\/www.profumixluxurybrands.it\/en\/brands\/coqui-coqui-fleurs-des-iles-eau-de-parfum-spray-100ml\/","og_site_name":"Profumix Luxury Perfumes","article_publisher":"https:\/\/www.facebook.com\/profumix","article_modified_time":"2026-04-11T10:07:08+00:00","og_image":[{"width":1512,"height":1512,"url":"https:\/\/www.profumixluxurybrands.it\/wp-content\/uploads\/2026\/04\/FLERS_DES_ILES.jpg","type":"image\/jpeg"}],"twitter_card":"summary_large_image","twitter_misc":{"Est. reading time":"1 minute"},"schema":{"@context":"https:\/\/schema.org","@graph":[{"@type":"WebPage","@id":"https:\/\/www.profumixluxurybrands.it\/en\/brands\/coqui-coqui-fleurs-des-iles-eau-de-parfum-spray-100ml\/","url":"https:\/\/www.profumixluxurybrands.it\/en\/brands\/coqui-coqui-fleurs-des-iles-eau-de-parfum-spray-100ml\/","name":"COQUI COQUI FLEURS DES ILES EAU DE PARFUM SPRAY 100ML","isPartOf":{"@id":"https:\/\/www.profumixluxurybrands.it\/en\/#website"},"primaryImageOfPage":{"@id":"https:\/\/www.profumixluxurybrands.it\/en\/brands\/coqui-coqui-fleurs-des-iles-eau-de-parfum-spray-100ml\/#primaryimage"},"image":{"@id":"https:\/\/www.profumixluxurybrands.it\/en\/brands\/coqui-coqui-fleurs-des-iles-eau-de-parfum-spray-100ml\/#primaryimage"},"thumbnailUrl":"https:\/\/www.profumixluxurybrands.it\/wp-content\/uploads\/2026\/04\/FLERS_DES_ILES.jpg","datePublished":"2026-04-11T10:01:30+00:00","dateModified":"2026-04-11T10:07:08+00:00","breadcrumb":{"@id":"https:\/\/www.profumixluxurybrands.it\/en\/brands\/coqui-coqui-fleurs-des-iles-eau-de-parfum-spray-100ml\/#breadcrumb"},"inLanguage":"en-US","potentialAction":[{"@type":"ReadAction","target":["https:\/\/www.profumixluxurybrands.it\/en\/brands\/coqui-coqui-fleurs-des-iles-eau-de-parfum-spray-100ml\/"]}]},{"@type":"ImageObject","inLanguage":"en-US","@id":"https:\/\/www.profumixluxurybrands.it\/en\/brands\/coqui-coqui-fleurs-des-iles-eau-de-parfum-spray-100ml\/#primaryimage","url":"https:\/\/www.profumixluxurybrands.it\/wp-content\/uploads\/2026\/04\/FLERS_DES_ILES.jpg","contentUrl":"https:\/\/www.profumixluxurybrands.it\/wp-content\/uploads\/2026\/04\/FLERS_DES_ILES.jpg","width":1512,"height":1512},{"@type":"BreadcrumbList","@id":"https:\/\/www.profumixluxurybrands.it\/en\/brands\/coqui-coqui-fleurs-des-iles-eau-de-parfum-spray-100ml\/#breadcrumb","itemListElement":[{"@type":"ListItem","position":1,"name":"Home","item":"https:\/\/www.profumixluxurybrands.it\/en\/"},{"@type":"ListItem","position":2,"name":"Shop","item":"https:\/\/www.profumixluxurybrands.it\/en\/shop\/"},{"@type":"ListItem","position":3,"name":"COQUI COQUI FLEURS DES ILES EAU DE PARFUM SPRAY 100ML"}]},{"@type":"WebSite","@id":"https:\/\/www.profumixluxurybrands.it\/en\/#website","url":"https:\/\/www.profumixluxurybrands.it\/en\/","name":"Profumix Luxury Perfumes","description":"","publisher":{"@id":"https:\/\/www.profumixluxurybrands.it\/en\/#organization"},"potentialAction":[{"@type":"SearchAction","target":{"@type":"EntryPoint","urlTemplate":"https:\/\/www.profumixluxurybrands.it\/en\/?s={search_term_string}"},"query-input":{"@type":"PropertyValueSpecification","valueRequired":true,"valueName":"search_term_string"}}],"inLanguage":"en-US"},{"@type":"Organization","@id":"https:\/\/www.profumixluxurybrands.it\/en\/#organization","name":"Profumix Luxury Perfumes","url":"https:\/\/www.profumixluxurybrands.it\/en\/","logo":{"@type":"ImageObject","inLanguage":"en-US","@id":"https:\/\/www.profumixluxurybrands.it\/en\/#\/schema\/logo\/image\/","url":"https:\/\/www.profumixluxurybrands.it\/wp-content\/uploads\/2022\/09\/logo-profumixluxury-ev.png","contentUrl":"https:\/\/www.profumixluxurybrands.it\/wp-content\/uploads\/2022\/09\/logo-profumixluxury-ev.png","width":374,"height":176,"caption":"Profumix Luxury Perfumes"},"image":{"@id":"https:\/\/www.profumixluxurybrands.it\/en\/#\/schema\/logo\/image\/"},"sameAs":["https:\/\/www.facebook.com\/profumix","https:\/\/www.instagram.com\/profumix_luxury_brands\/"]}]}},"_links":{"self":[{"href":"https:\/\/www.profumixluxurybrands.it\/en\/wp-json\/wp\/v2\/product\/101997","targetHints":{"allow":["GET"]}}],"collection":[{"href":"https:\/\/www.profumixluxurybrands.it\/en\/wp-json\/wp\/v2\/product"}],"about":[{"href":"https:\/\/www.profumixluxurybrands.it\/en\/wp-json\/wp\/v2\/types\/product"}],"replies":[{"embeddable":true,"href":"https:\/\/www.profumixluxurybrands.it\/en\/wp-json\/wp\/v2\/comments?post=101997"}],"wp:featuredmedia":[{"embeddable":true,"href":"https:\/\/www.profumixluxurybrands.it\/en\/wp-json\/wp\/v2\/media\/101998"}],"wp:attachment":[{"href":"https:\/\/www.profumixluxurybrands.it\/en\/wp-json\/wp\/v2\/media?parent=101997"}],"wp:term":[{"taxonomy":"product_brand","embeddable":true,"href":"https:\/\/www.profumixluxurybrands.it\/en\/wp-json\/wp\/v2\/product_brand?post=101997"},{"taxonomy":"product_cat","embeddable":true,"href":"https:\/\/www.profumixluxurybrands.it\/en\/wp-json\/wp\/v2\/product_cat?post=101997"},{"taxonomy":"product_tag","embeddable":true,"href":"https:\/\/www.profumixluxurybrands.it\/en\/wp-json\/wp\/v2\/product_tag?post=101997"}],"curies":[{"name":"wp","href":"https:\/\/api.w.org\/{rel}","templated":true}]}}