{"id":101991,"date":"2026-04-11T11:47:00","date_gmt":"2026-04-11T09:47:00","guid":{"rendered":"https:\/\/www.profumixluxurybrands.it\/?post_type=product&#038;p=101991"},"modified":"2026-04-11T11:51:27","modified_gmt":"2026-04-11T09:51:27","slug":"coqui-coqui-vancopam-eau-de-parfum-spray-100ml","status":"publish","type":"product","link":"https:\/\/www.profumixluxurybrands.it\/en\/brands\/coqui-coqui-vancopam-eau-de-parfum-spray-100ml\/","title":{"rendered":"COQUI COQUI VANCOPAM EAU DE PARFUM SPRAY 100ML"},"content":{"rendered":"","protected":false},"excerpt":{"rendered":"<p><span class=\"HwtZe\" lang=\"it\"><span class=\"jCAhz ChMk0b\"><span class=\"ryNqvb\">COLLECTION: \u00celes de la Soci\u00e9t\u00e9<\/span><\/span><\/span><\/p>\n<p><span class=\"HwtZe\" lang=\"it\"><span class=\"jCAhz ChMk0b\"><span class=\"ryNqvb\">OLFACTORY FAMILY: Floral Fruity<\/span><\/span><\/span><\/p>\n<p><span class=\"HwtZe\" lang=\"it\"><span class=\"jCAhz ChMk0b\"><span class=\"ryNqvb\">DESCRIPTION: A tribute to the beauty of tropical islands, Vancopam is a unique and irresistible fruity floral fragrance that combines peach blossom with creamy mango lassi, grapefruit juice with coconut milk and coastal wildflowers with a fresh sea breeze.<\/span><\/span><span class=\"jCAhz ChMk0b\"><span class=\"ryNqvb\"> Mono\u00ef: Inspired by the ancient ritual of infusing the tiare flower in coconut oil, Mono\u00ef by Coqui Coqui is a true elixir of sunshine and delicacy.<\/span><\/span> <span class=\"jCAhz ChMk0b\"><span class=\"ryNqvb\">This captivating scent is the very essence of the islands, a sensual and intoxicating caress that evokes the sun-kissed Polynesian beaches.<\/span><\/span> <span class=\"jCAhz ChMk0b\"><span class=\"ryNqvb\">It is the soul of Polynesia, an olfactory poetry that awakens the senses.<\/span><\/span> <span class=\"jCAhz ChMk0b\"><span class=\"ryNqvb\">Mono\u00ef is an ode to the beauty of the islands.<\/span><\/span> <span class=\"jCAhz ChMk0b\"><span class=\"ryNqvb\">Pure voluptuousness.<\/span><\/span><\/span><\/p>\n<p><span class=\"HwtZe\" lang=\"it\"><span class=\"jCAhz ChMk0b\"><span class=\"ryNqvb\">OLFACTORY PYRAMID: <\/span><\/span><\/span><\/p>\n<p><span class=\"HwtZe\" lang=\"it\"><span class=\"jCAhz ChMk0b\"><span class=\"ryNqvb\">Top notes: Peach, mango lassi, grapefruit <\/span><\/span><\/span><\/p>\n<p><span class=\"HwtZe\" lang=\"it\"><span class=\"jCAhz ChMk0b\"><span class=\"ryNqvb\">Heart notes: Ylang-ylang, coconut milk, sea breeze <\/span><\/span><\/span><\/p>\n<p><span class=\"HwtZe\" lang=\"it\"><span class=\"jCAhz ChMk0b\"><span class=\"ryNqvb\">Base notes: Vanilla, caramel<\/span><\/span><\/span><\/p>\n","protected":false},"featured_media":101992,"comment_status":"open","ping_status":"closed","template":"","meta":{"_et_pb_use_builder":"","_et_pb_old_content":"","_et_gb_content_width":"","_themeisle_gutenberg_block_has_review":false},"product_brand":[],"product_cat":[4879,7275,4871,4857,4873,4888,4891,4887,4860],"product_tag":[],"class_list":{"0":"post-101991","1":"product","2":"type-product","3":"status-publish","4":"has-post-thumbnail","6":"product_cat-brands-en","7":"product_cat-coqui-coqui","8":"product_cat-floral-flowered","9":"product_cat-fragrances","10":"product_cat-fruity","11":"product_cat-in-evidence","12":"product_cat-prodotti_luxury","13":"product_cat-products","14":"product_cat-unisex-fragrances","15":"pa_categoria_desc-unisex-perfumes","16":"pa_confezione_desc-original-packaging-no-tester","17":"pa_formato_filtro-100ml-en","18":"pa_produttore-coqui-coqui","19":"pa_spedizione_gratuita-yes","20":"pa_tipo_filtro-spray-eau-de-parfum","22":"first","23":"instock","24":"shipping-taxable","25":"purchasable","26":"product-type-simple"},"yoast_head":"<!-- This site is optimized with the Yoast SEO plugin v27.3 - https:\/\/yoast.com\/product\/yoast-seo-wordpress\/ -->\n<title>COQUI COQUI VANCOPAM EAU DE PARFUM SPRAY 100ML<\/title>\n<meta name=\"robots\" content=\"index, follow, max-snippet:-1, max-image-preview:large, max-video-preview:-1\" \/>\n<link rel=\"canonical\" href=\"https:\/\/www.profumixluxurybrands.it\/en\/brands\/coqui-coqui-vancopam-eau-de-parfum-spray-100ml\/\" \/>\n<meta property=\"og:locale\" content=\"en_US\" \/>\n<meta property=\"og:type\" content=\"article\" \/>\n<meta property=\"og:title\" content=\"COQUI COQUI VANCOPAM EAU DE PARFUM SPRAY 100ML\" \/>\n<meta property=\"og:description\" content=\"COLLECTION: \u00celes de la Soci\u00e9t\u00e9  OLFACTORY FAMILY: Floral Fruity  DESCRIPTION: A tribute to the beauty of tropical islands, Vancopam is a unique and irresistible fruity floral fragrance that combines peach blossom with creamy mango lassi, grapefruit juice with coconut milk and coastal wildflowers with a fresh sea breeze. Mono\u00ef: Inspired by the ancient ritual of infusing the tiare flower in coconut oil, Mono\u00ef by Coqui Coqui is a true elixir of sunshine and delicacy. This captivating scent is the very essence of the islands, a sensual and intoxicating caress that evokes the sun-kissed Polynesian beaches. It is the soul of Polynesia, an olfactory poetry that awakens the senses. Mono\u00ef is an ode to the beauty of the islands. Pure voluptuousness.  OLFACTORY PYRAMID:   Top notes: Peach, mango lassi, grapefruit   Heart notes: Ylang-ylang, coconut milk, sea breeze   Base notes: Vanilla, caramel\" \/>\n<meta property=\"og:url\" content=\"https:\/\/www.profumixluxurybrands.it\/en\/brands\/coqui-coqui-vancopam-eau-de-parfum-spray-100ml\/\" \/>\n<meta property=\"og:site_name\" content=\"Profumix Luxury Perfumes\" \/>\n<meta property=\"article:publisher\" content=\"https:\/\/www.facebook.com\/profumix\" \/>\n<meta property=\"article:modified_time\" content=\"2026-04-11T09:51:27+00:00\" \/>\n<meta property=\"og:image\" content=\"https:\/\/www.profumixluxurybrands.it\/wp-content\/uploads\/2026\/04\/VANCOPAM.jpg\" \/>\n\t<meta property=\"og:image:width\" content=\"1512\" \/>\n\t<meta property=\"og:image:height\" content=\"1512\" \/>\n\t<meta property=\"og:image:type\" content=\"image\/jpeg\" \/>\n<meta name=\"twitter:card\" content=\"summary_large_image\" \/>\n<meta name=\"twitter:label1\" content=\"Est. reading time\" \/>\n\t<meta name=\"twitter:data1\" content=\"1 minute\" \/>\n<script type=\"application\/ld+json\" class=\"yoast-schema-graph\">{\"@context\":\"https:\\\/\\\/schema.org\",\"@graph\":[{\"@type\":\"WebPage\",\"@id\":\"https:\\\/\\\/www.profumixluxurybrands.it\\\/en\\\/brands\\\/coqui-coqui-vancopam-eau-de-parfum-spray-100ml\\\/\",\"url\":\"https:\\\/\\\/www.profumixluxurybrands.it\\\/en\\\/brands\\\/coqui-coqui-vancopam-eau-de-parfum-spray-100ml\\\/\",\"name\":\"COQUI COQUI VANCOPAM EAU DE PARFUM SPRAY 100ML\",\"isPartOf\":{\"@id\":\"https:\\\/\\\/www.profumixluxurybrands.it\\\/en\\\/#website\"},\"primaryImageOfPage\":{\"@id\":\"https:\\\/\\\/www.profumixluxurybrands.it\\\/en\\\/brands\\\/coqui-coqui-vancopam-eau-de-parfum-spray-100ml\\\/#primaryimage\"},\"image\":{\"@id\":\"https:\\\/\\\/www.profumixluxurybrands.it\\\/en\\\/brands\\\/coqui-coqui-vancopam-eau-de-parfum-spray-100ml\\\/#primaryimage\"},\"thumbnailUrl\":\"https:\\\/\\\/www.profumixluxurybrands.it\\\/wp-content\\\/uploads\\\/2026\\\/04\\\/VANCOPAM.jpg\",\"datePublished\":\"2026-04-11T09:47:00+00:00\",\"dateModified\":\"2026-04-11T09:51:27+00:00\",\"breadcrumb\":{\"@id\":\"https:\\\/\\\/www.profumixluxurybrands.it\\\/en\\\/brands\\\/coqui-coqui-vancopam-eau-de-parfum-spray-100ml\\\/#breadcrumb\"},\"inLanguage\":\"en-US\",\"potentialAction\":[{\"@type\":\"ReadAction\",\"target\":[\"https:\\\/\\\/www.profumixluxurybrands.it\\\/en\\\/brands\\\/coqui-coqui-vancopam-eau-de-parfum-spray-100ml\\\/\"]}]},{\"@type\":\"ImageObject\",\"inLanguage\":\"en-US\",\"@id\":\"https:\\\/\\\/www.profumixluxurybrands.it\\\/en\\\/brands\\\/coqui-coqui-vancopam-eau-de-parfum-spray-100ml\\\/#primaryimage\",\"url\":\"https:\\\/\\\/www.profumixluxurybrands.it\\\/wp-content\\\/uploads\\\/2026\\\/04\\\/VANCOPAM.jpg\",\"contentUrl\":\"https:\\\/\\\/www.profumixluxurybrands.it\\\/wp-content\\\/uploads\\\/2026\\\/04\\\/VANCOPAM.jpg\",\"width\":1512,\"height\":1512},{\"@type\":\"BreadcrumbList\",\"@id\":\"https:\\\/\\\/www.profumixluxurybrands.it\\\/en\\\/brands\\\/coqui-coqui-vancopam-eau-de-parfum-spray-100ml\\\/#breadcrumb\",\"itemListElement\":[{\"@type\":\"ListItem\",\"position\":1,\"name\":\"Home\",\"item\":\"https:\\\/\\\/www.profumixluxurybrands.it\\\/en\\\/\"},{\"@type\":\"ListItem\",\"position\":2,\"name\":\"Shop\",\"item\":\"https:\\\/\\\/www.profumixluxurybrands.it\\\/en\\\/shop\\\/\"},{\"@type\":\"ListItem\",\"position\":3,\"name\":\"COQUI COQUI VANCOPAM EAU DE PARFUM SPRAY 100ML\"}]},{\"@type\":\"WebSite\",\"@id\":\"https:\\\/\\\/www.profumixluxurybrands.it\\\/en\\\/#website\",\"url\":\"https:\\\/\\\/www.profumixluxurybrands.it\\\/en\\\/\",\"name\":\"Profumix Luxury Perfumes\",\"description\":\"\",\"publisher\":{\"@id\":\"https:\\\/\\\/www.profumixluxurybrands.it\\\/en\\\/#organization\"},\"potentialAction\":[{\"@type\":\"SearchAction\",\"target\":{\"@type\":\"EntryPoint\",\"urlTemplate\":\"https:\\\/\\\/www.profumixluxurybrands.it\\\/en\\\/?s={search_term_string}\"},\"query-input\":{\"@type\":\"PropertyValueSpecification\",\"valueRequired\":true,\"valueName\":\"search_term_string\"}}],\"inLanguage\":\"en-US\"},{\"@type\":\"Organization\",\"@id\":\"https:\\\/\\\/www.profumixluxurybrands.it\\\/en\\\/#organization\",\"name\":\"Profumix Luxury Perfumes\",\"url\":\"https:\\\/\\\/www.profumixluxurybrands.it\\\/en\\\/\",\"logo\":{\"@type\":\"ImageObject\",\"inLanguage\":\"en-US\",\"@id\":\"https:\\\/\\\/www.profumixluxurybrands.it\\\/en\\\/#\\\/schema\\\/logo\\\/image\\\/\",\"url\":\"https:\\\/\\\/www.profumixluxurybrands.it\\\/wp-content\\\/uploads\\\/2022\\\/09\\\/logo-profumixluxury-ev.png\",\"contentUrl\":\"https:\\\/\\\/www.profumixluxurybrands.it\\\/wp-content\\\/uploads\\\/2022\\\/09\\\/logo-profumixluxury-ev.png\",\"width\":374,\"height\":176,\"caption\":\"Profumix Luxury Perfumes\"},\"image\":{\"@id\":\"https:\\\/\\\/www.profumixluxurybrands.it\\\/en\\\/#\\\/schema\\\/logo\\\/image\\\/\"},\"sameAs\":[\"https:\\\/\\\/www.facebook.com\\\/profumix\",\"https:\\\/\\\/www.instagram.com\\\/profumix_luxury_brands\\\/\"]}]}<\/script>\n<!-- \/ Yoast SEO plugin. -->","yoast_head_json":{"title":"COQUI COQUI VANCOPAM EAU DE PARFUM SPRAY 100ML","robots":{"index":"index","follow":"follow","max-snippet":"max-snippet:-1","max-image-preview":"max-image-preview:large","max-video-preview":"max-video-preview:-1"},"canonical":"https:\/\/www.profumixluxurybrands.it\/en\/brands\/coqui-coqui-vancopam-eau-de-parfum-spray-100ml\/","og_locale":"en_US","og_type":"article","og_title":"COQUI COQUI VANCOPAM EAU DE PARFUM SPRAY 100ML","og_description":"COLLECTION: \u00celes de la Soci\u00e9t\u00e9  OLFACTORY FAMILY: Floral Fruity  DESCRIPTION: A tribute to the beauty of tropical islands, Vancopam is a unique and irresistible fruity floral fragrance that combines peach blossom with creamy mango lassi, grapefruit juice with coconut milk and coastal wildflowers with a fresh sea breeze. Mono\u00ef: Inspired by the ancient ritual of infusing the tiare flower in coconut oil, Mono\u00ef by Coqui Coqui is a true elixir of sunshine and delicacy. This captivating scent is the very essence of the islands, a sensual and intoxicating caress that evokes the sun-kissed Polynesian beaches. It is the soul of Polynesia, an olfactory poetry that awakens the senses. Mono\u00ef is an ode to the beauty of the islands. Pure voluptuousness.  OLFACTORY PYRAMID:   Top notes: Peach, mango lassi, grapefruit   Heart notes: Ylang-ylang, coconut milk, sea breeze   Base notes: Vanilla, caramel","og_url":"https:\/\/www.profumixluxurybrands.it\/en\/brands\/coqui-coqui-vancopam-eau-de-parfum-spray-100ml\/","og_site_name":"Profumix Luxury Perfumes","article_publisher":"https:\/\/www.facebook.com\/profumix","article_modified_time":"2026-04-11T09:51:27+00:00","og_image":[{"width":1512,"height":1512,"url":"https:\/\/www.profumixluxurybrands.it\/wp-content\/uploads\/2026\/04\/VANCOPAM.jpg","type":"image\/jpeg"}],"twitter_card":"summary_large_image","twitter_misc":{"Est. reading time":"1 minute"},"schema":{"@context":"https:\/\/schema.org","@graph":[{"@type":"WebPage","@id":"https:\/\/www.profumixluxurybrands.it\/en\/brands\/coqui-coqui-vancopam-eau-de-parfum-spray-100ml\/","url":"https:\/\/www.profumixluxurybrands.it\/en\/brands\/coqui-coqui-vancopam-eau-de-parfum-spray-100ml\/","name":"COQUI COQUI VANCOPAM EAU DE PARFUM SPRAY 100ML","isPartOf":{"@id":"https:\/\/www.profumixluxurybrands.it\/en\/#website"},"primaryImageOfPage":{"@id":"https:\/\/www.profumixluxurybrands.it\/en\/brands\/coqui-coqui-vancopam-eau-de-parfum-spray-100ml\/#primaryimage"},"image":{"@id":"https:\/\/www.profumixluxurybrands.it\/en\/brands\/coqui-coqui-vancopam-eau-de-parfum-spray-100ml\/#primaryimage"},"thumbnailUrl":"https:\/\/www.profumixluxurybrands.it\/wp-content\/uploads\/2026\/04\/VANCOPAM.jpg","datePublished":"2026-04-11T09:47:00+00:00","dateModified":"2026-04-11T09:51:27+00:00","breadcrumb":{"@id":"https:\/\/www.profumixluxurybrands.it\/en\/brands\/coqui-coqui-vancopam-eau-de-parfum-spray-100ml\/#breadcrumb"},"inLanguage":"en-US","potentialAction":[{"@type":"ReadAction","target":["https:\/\/www.profumixluxurybrands.it\/en\/brands\/coqui-coqui-vancopam-eau-de-parfum-spray-100ml\/"]}]},{"@type":"ImageObject","inLanguage":"en-US","@id":"https:\/\/www.profumixluxurybrands.it\/en\/brands\/coqui-coqui-vancopam-eau-de-parfum-spray-100ml\/#primaryimage","url":"https:\/\/www.profumixluxurybrands.it\/wp-content\/uploads\/2026\/04\/VANCOPAM.jpg","contentUrl":"https:\/\/www.profumixluxurybrands.it\/wp-content\/uploads\/2026\/04\/VANCOPAM.jpg","width":1512,"height":1512},{"@type":"BreadcrumbList","@id":"https:\/\/www.profumixluxurybrands.it\/en\/brands\/coqui-coqui-vancopam-eau-de-parfum-spray-100ml\/#breadcrumb","itemListElement":[{"@type":"ListItem","position":1,"name":"Home","item":"https:\/\/www.profumixluxurybrands.it\/en\/"},{"@type":"ListItem","position":2,"name":"Shop","item":"https:\/\/www.profumixluxurybrands.it\/en\/shop\/"},{"@type":"ListItem","position":3,"name":"COQUI COQUI VANCOPAM EAU DE PARFUM SPRAY 100ML"}]},{"@type":"WebSite","@id":"https:\/\/www.profumixluxurybrands.it\/en\/#website","url":"https:\/\/www.profumixluxurybrands.it\/en\/","name":"Profumix Luxury Perfumes","description":"","publisher":{"@id":"https:\/\/www.profumixluxurybrands.it\/en\/#organization"},"potentialAction":[{"@type":"SearchAction","target":{"@type":"EntryPoint","urlTemplate":"https:\/\/www.profumixluxurybrands.it\/en\/?s={search_term_string}"},"query-input":{"@type":"PropertyValueSpecification","valueRequired":true,"valueName":"search_term_string"}}],"inLanguage":"en-US"},{"@type":"Organization","@id":"https:\/\/www.profumixluxurybrands.it\/en\/#organization","name":"Profumix Luxury Perfumes","url":"https:\/\/www.profumixluxurybrands.it\/en\/","logo":{"@type":"ImageObject","inLanguage":"en-US","@id":"https:\/\/www.profumixluxurybrands.it\/en\/#\/schema\/logo\/image\/","url":"https:\/\/www.profumixluxurybrands.it\/wp-content\/uploads\/2022\/09\/logo-profumixluxury-ev.png","contentUrl":"https:\/\/www.profumixluxurybrands.it\/wp-content\/uploads\/2022\/09\/logo-profumixluxury-ev.png","width":374,"height":176,"caption":"Profumix Luxury Perfumes"},"image":{"@id":"https:\/\/www.profumixluxurybrands.it\/en\/#\/schema\/logo\/image\/"},"sameAs":["https:\/\/www.facebook.com\/profumix","https:\/\/www.instagram.com\/profumix_luxury_brands\/"]}]}},"_links":{"self":[{"href":"https:\/\/www.profumixluxurybrands.it\/en\/wp-json\/wp\/v2\/product\/101991","targetHints":{"allow":["GET"]}}],"collection":[{"href":"https:\/\/www.profumixluxurybrands.it\/en\/wp-json\/wp\/v2\/product"}],"about":[{"href":"https:\/\/www.profumixluxurybrands.it\/en\/wp-json\/wp\/v2\/types\/product"}],"replies":[{"embeddable":true,"href":"https:\/\/www.profumixluxurybrands.it\/en\/wp-json\/wp\/v2\/comments?post=101991"}],"wp:featuredmedia":[{"embeddable":true,"href":"https:\/\/www.profumixluxurybrands.it\/en\/wp-json\/wp\/v2\/media\/101992"}],"wp:attachment":[{"href":"https:\/\/www.profumixluxurybrands.it\/en\/wp-json\/wp\/v2\/media?parent=101991"}],"wp:term":[{"taxonomy":"product_brand","embeddable":true,"href":"https:\/\/www.profumixluxurybrands.it\/en\/wp-json\/wp\/v2\/product_brand?post=101991"},{"taxonomy":"product_cat","embeddable":true,"href":"https:\/\/www.profumixluxurybrands.it\/en\/wp-json\/wp\/v2\/product_cat?post=101991"},{"taxonomy":"product_tag","embeddable":true,"href":"https:\/\/www.profumixluxurybrands.it\/en\/wp-json\/wp\/v2\/product_tag?post=101991"}],"curies":[{"name":"wp","href":"https:\/\/api.w.org\/{rel}","templated":true}]}}